{"id":2885,"date":"2023-03-31T09:53:03","date_gmt":"2023-03-31T07:53:03","guid":{"rendered":"https:\/\/webs.uab.cat\/edicio-web\/?page_id=2885"},"modified":"2025-11-28T16:47:15","modified_gmt":"2025-11-28T14:47:15","slug":"asset-enllac","status":"publish","type":"page","link":"https:\/\/webs.uab.cat\/webedit\/edicio-de-continguts\/manual\/asset-enllac\/","title":{"rendered":"L&#8217;asset enlla\u00e7"},"content":{"rendered":"\n<p>Farem servir l\u2019asset Enlla\u00e7 tant per crear enlla\u00e7os a webs externes o internes com per pujar documents.<\/p>\n\n\n\n<p>Quan creeu un enlla\u00e7, podeu escollir la definici\u00f3 que necessiteu:<\/p>\n\n\n<div class=\"wp-block-image\">\n<figure class=\"aligncenter size-full\"><img loading=\"lazy\" decoding=\"async\" width=\"506\" height=\"437\" src=\"https:\/\/webs.uab.cat\/webedit\/wp-content\/uploads\/sites\/667\/2025\/09\/asset-enllac-definicions.jpg\" alt=\"Captura de pantalla parcial del sel\u00b7lector de definici\u00f3 d'enlla\u00e7 a Oracle Webcenter Sites\" class=\"wp-image-4870\" srcset=\"https:\/\/webs.uab.cat\/webedit\/wp-content\/uploads\/sites\/667\/2025\/09\/asset-enllac-definicions.jpg 506w, https:\/\/webs.uab.cat\/webedit\/wp-content\/uploads\/sites\/667\/2025\/09\/asset-enllac-definicions-300x259.jpg 300w\" sizes=\"auto, (max-width: 506px) 100vw, 506px\" \/><\/figure>\n<\/div>\n\n\n<h2 class=\"wp-block-heading\">Definicions de l&#8217;asset enlla\u00e7<\/h2>\n\n\n\n<ul class=\"wp-block-list\">\n<li><strong><a href=\"https:\/\/webs.uab.cat\/webedit\/edicio-de-continguts\/manual\/enllac-intern\/\" data-type=\"page\" data-id=\"4925\">Intern<\/a>:<\/strong> Permet enlla\u00e7ar a una p\u00e0gina dins del propi arbre del site.<\/li>\n\n\n\n<li><strong><a href=\"https:\/\/webs.uab.cat\/webedit\/edicio-de-continguts\/manual\/enllac-extern\/\" data-type=\"page\" data-id=\"4909\">Extern<\/a>:<\/strong> Permet indicar una adre\u00e7a externa al nostre site i obrir-la en una finestra nova. Per SEO, s\u2019utilitza aquesta opci\u00f3 quan la p\u00e0gina externa \u00e9s fora de la web UAB, per evitar que l\u2019usuari surti del nostre portal.<\/li>\n\n\n\n<li><strong><a href=\"https:\/\/webs.uab.cat\/webedit\/edicio-de-continguts\/manual\/document\/\" data-type=\"page\" data-id=\"4868\">Document<\/a>:<\/strong> Permet pujar un fitxer.<\/li>\n<\/ul>\n\n\n\n<p>Els assets <strong>Enlla\u00e7<\/strong> s\u2019anomenen amb el prefix <strong>\u201cEN_\u201d<\/strong>.<\/p>\n","protected":false},"excerpt":{"rendered":"<p>Farem servir l\u2019asset Enlla\u00e7 tant per crear enlla\u00e7os a webs externes o internes com per pujar documents. Quan creeu un enlla\u00e7, podeu escollir la definici\u00f3 que necessiteu: Definicions de l&#8217;asset enlla\u00e7 Els assets Enlla\u00e7 s\u2019anomenen amb el prefix \u201cEN_\u201d.<\/p>\n","protected":false},"author":39,"featured_media":0,"parent":4525,"menu_order":0,"comment_status":"closed","ping_status":"closed","template":"","meta":{"footnotes":""},"class_list":["post-2885","page","type-page","status-publish","hentry"],"_links":{"self":[{"href":"https:\/\/webs.uab.cat\/webedit\/wp-json\/wp\/v2\/pages\/2885","targetHints":{"allow":["GET"]}}],"collection":[{"href":"https:\/\/webs.uab.cat\/webedit\/wp-json\/wp\/v2\/pages"}],"about":[{"href":"https:\/\/webs.uab.cat\/webedit\/wp-json\/wp\/v2\/types\/page"}],"author":[{"embeddable":true,"href":"https:\/\/webs.uab.cat\/webedit\/wp-json\/wp\/v2\/users\/39"}],"replies":[{"embeddable":true,"href":"https:\/\/webs.uab.cat\/webedit\/wp-json\/wp\/v2\/comments?post=2885"}],"version-history":[{"count":6,"href":"https:\/\/webs.uab.cat\/webedit\/wp-json\/wp\/v2\/pages\/2885\/revisions"}],"predecessor-version":[{"id":6041,"href":"https:\/\/webs.uab.cat\/webedit\/wp-json\/wp\/v2\/pages\/2885\/revisions\/6041"}],"up":[{"embeddable":true,"href":"https:\/\/webs.uab.cat\/webedit\/wp-json\/wp\/v2\/pages\/4525"}],"wp:attachment":[{"href":"https:\/\/webs.uab.cat\/webedit\/wp-json\/wp\/v2\/media?parent=2885"}],"curies":[{"name":"wp","href":"https:\/\/api.w.org\/{rel}","templated":true}]}}