{"id":2982,"date":"2023-03-31T12:48:55","date_gmt":"2023-03-31T10:48:55","guid":{"rendered":"https:\/\/webs.uab.cat\/edicio-web\/?page_id=2982"},"modified":"2025-12-18T16:19:21","modified_gmt":"2025-12-18T14:19:21","slug":"adreces-url-amigables","status":"publish","type":"page","link":"https:\/\/webs.uab.cat\/webedit\/edicio-de-continguts\/manual\/adreces-url-amigables\/","title":{"rendered":"Les adreces URL amigables"},"content":{"rendered":"\n<p>Els editors poden veure quina URL tindr\u00e0 una p\u00e0gina quan estigui publicada simplement clicant a la pestanya <strong>URL<\/strong> de l\u2019asset <strong>P\u00e0gina<\/strong> des de la vista d&#8217;Inspecci\u00f3 de l&#8217;asset (\u00e9s a dir, fora del mode d&#8217;edici\u00f3):<\/p>\n\n\n<div class=\"wp-block-image\">\n<figure class=\"aligncenter size-full\"><img loading=\"lazy\" decoding=\"async\" width=\"844\" height=\"363\" src=\"https:\/\/webs.uab.cat\/webedit\/wp-content\/uploads\/sites\/667\/2025\/11\/URLamigable.jpg\" alt=\"Captura de pantalla parcial de la pestanya URL d'una p\u00e0gina a Oracle Webcenter Sites\" class=\"wp-image-5408\" srcset=\"https:\/\/webs.uab.cat\/webedit\/wp-content\/uploads\/sites\/667\/2025\/11\/URLamigable.jpg 844w, https:\/\/webs.uab.cat\/webedit\/wp-content\/uploads\/sites\/667\/2025\/11\/URLamigable-300x129.jpg 300w, https:\/\/webs.uab.cat\/webedit\/wp-content\/uploads\/sites\/667\/2025\/11\/URLamigable-768x330.jpg 768w\" sizes=\"auto, (max-width: 844px) 100vw, 844px\" \/><\/figure>\n<\/div>\n\n\n<p>No us espanteu: <strong>Estado = 200<\/strong> ja \u00e9s el correcte! \u00c9s la resposta del servidor, que quan \u00e9s un \u201c200\u201d vol dir simplement que la p\u00e0gina existeix i que es podr\u00e0 mostrar correctament.<\/p>\n\n\n\n<p>En aquest exemple, doncs, la URL de la p\u00e0gina ser\u00e0:<\/p>\n\n\n\n<pre class=\"wp-block-code\"><code>https:&#47;&#47;www.uab.cat\/ca\/dep-curs\/organitzacio<\/code><\/pre>\n\n\n\n<p>Per veure-la a webedit mentre estem treballant, podem canviar <strong>www<\/strong> per <strong>webedit<\/strong> per previsualitzar la feina. O b\u00e9, encara m\u00e9s f\u00e0cil, sense haver de mirar cap URL: quan estem a l\u2019asset de la p\u00e0gina, cliquem al men\u00fa superior i escollim l\u2019opci\u00f3 <strong>VER &gt; Ver en Live mode<\/strong>:<\/p>\n\n\n<div class=\"wp-block-image\">\n<figure class=\"aligncenter size-full\"><img loading=\"lazy\" decoding=\"async\" width=\"844\" height=\"394\" src=\"https:\/\/webs.uab.cat\/webedit\/wp-content\/uploads\/sites\/667\/2025\/11\/URLlivemode.jpg\" alt=\"Captura de pantalla parcial de la pestanya URL d'una p\u00e0gina a Oracle Webcenter Sites amb la URL destacada\" class=\"wp-image-5409\" srcset=\"https:\/\/webs.uab.cat\/webedit\/wp-content\/uploads\/sites\/667\/2025\/11\/URLlivemode.jpg 844w, https:\/\/webs.uab.cat\/webedit\/wp-content\/uploads\/sites\/667\/2025\/11\/URLlivemode-300x140.jpg 300w, https:\/\/webs.uab.cat\/webedit\/wp-content\/uploads\/sites\/667\/2025\/11\/URLlivemode-768x359.jpg 768w\" sizes=\"auto, (max-width: 844px) 100vw, 844px\" \/><\/figure>\n<\/div>\n\n\n<p>Aquesta adre\u00e7a es configura autom\u00e0ticament, de manera que t\u00e9 l\u2019estructura seg\u00fcent:<\/p>\n\n\n\n<p><strong>https:\/\/www.uab.cat<\/strong> \u2192 totes les p\u00e0gines comencen aix\u00ed.<\/p>\n\n\n\n<p><strong>\/ca\/<\/strong> \u2192 carpeta de l\u2019idioma. En l\u2019arbre castell\u00e0 ser\u00e0 <strong>\/es\/<\/strong> i en l\u2019angl\u00e8s <strong>\/en\/<\/strong>.<\/p>\n\n\n\n<p><strong>\/dep-curs\/<\/strong> \u2192 carpeta que correspon al site. Per exemple, el departament de Dret Privat pot tenir la carpeta <strong>\/dret-privat\/<\/strong> i totes les p\u00e0gines estaran dins d\u2019aquesta carpeta.<\/p>\n\n\n\n<p><strong>\/organitzacio<\/strong> \u2192 aquesta part correspon al camp que els editors podeu personalitzar des de l\u2019asset <strong>P\u00e0gina<\/strong>, al camp que es diu <strong>\u201cPart final de la URL\u201d<\/strong>:<\/p>\n\n\n<div class=\"wp-block-image\">\n<figure class=\"aligncenter size-full\"><img loading=\"lazy\" decoding=\"async\" width=\"360\" height=\"74\" src=\"https:\/\/webs.uab.cat\/webedit\/wp-content\/uploads\/sites\/667\/2025\/11\/part-final-url.jpg\" alt=\"Captura de pantalla parcial de l'atribut &quot;Part final de la URL&quot; d'un asset p\u00e0gina a Oracle Webcenter Sites\" class=\"wp-image-5407\" srcset=\"https:\/\/webs.uab.cat\/webedit\/wp-content\/uploads\/sites\/667\/2025\/11\/part-final-url.jpg 360w, https:\/\/webs.uab.cat\/webedit\/wp-content\/uploads\/sites\/667\/2025\/11\/part-final-url-300x62.jpg 300w\" sizes=\"auto, (max-width: 360px) 100vw, 360px\" \/><\/figure>\n<\/div>\n\n\n<p class=\"wp-block-uab-alerta missatge alerta\">Aquest camp s\u2019ha d\u2019omplir correctament quan creem la p\u00e0gina. Un cop creada i guardada, el sistema ja genera la URL. <strong>Conv\u00e9 no editar m\u00e9s aquest camp<\/strong>, ja que podr\u00edem desconfigurar la p\u00e0gina a nivell de URL.<\/p>\n\n\n\n<h2 class=\"wp-block-heading\">El paper de la barra a la URL<\/h2>\n\n\n\n<p>La <strong>portada<\/strong> t\u00e9 una barra \u201c\/\u201d en aquest camp. <strong>Aix\u00f2 no s\u2019ha de canviar mai.<\/strong> Serveix perqu\u00e8 la portada tingui una adre\u00e7a ben senzilla: simplement ser\u00e0 el nom del site.<\/p>\n\n\n\n<p>En canvi, a les URL de les <strong>p\u00e0gines interiors<\/strong>, hi hem de posar paraules <strong>sense acabar en barra<\/strong>.<\/p>\n\n\n\n<p>Consells:<\/p>\n\n\n\n<ul class=\"wp-block-list\">\n<li>Si hem de posar m\u00e9s d\u2019una paraula, <strong>separarem cada paraula amb guions mitjos<\/strong>. <\/li>\n\n\n\n<li>Nom\u00e9s farem servir lletres en min\u00fascules. <\/li>\n\n\n\n<li>No farem servir ni guions baixos, ni espais, ni car\u00e0cters especials.<\/li>\n<\/ul>\n","protected":false},"excerpt":{"rendered":"<p>Els editors poden veure quina URL tindr\u00e0 una p\u00e0gina quan estigui publicada simplement clicant a la pestanya URL de l\u2019asset P\u00e0gina des de la vista d&#8217;Inspecci\u00f3 de l&#8217;asset (\u00e9s a dir, fora del mode d&#8217;edici\u00f3): No us espanteu: Estado = 200 ja \u00e9s el correcte! \u00c9s la resposta del servidor, que quan \u00e9s un \u201c200\u201d [&hellip;]<\/p>\n","protected":false},"author":39,"featured_media":0,"parent":4525,"menu_order":0,"comment_status":"closed","ping_status":"closed","template":"","meta":{"footnotes":""},"class_list":["post-2982","page","type-page","status-publish","hentry"],"_links":{"self":[{"href":"https:\/\/webs.uab.cat\/webedit\/wp-json\/wp\/v2\/pages\/2982","targetHints":{"allow":["GET"]}}],"collection":[{"href":"https:\/\/webs.uab.cat\/webedit\/wp-json\/wp\/v2\/pages"}],"about":[{"href":"https:\/\/webs.uab.cat\/webedit\/wp-json\/wp\/v2\/types\/page"}],"author":[{"embeddable":true,"href":"https:\/\/webs.uab.cat\/webedit\/wp-json\/wp\/v2\/users\/39"}],"replies":[{"embeddable":true,"href":"https:\/\/webs.uab.cat\/webedit\/wp-json\/wp\/v2\/comments?post=2982"}],"version-history":[{"count":10,"href":"https:\/\/webs.uab.cat\/webedit\/wp-json\/wp\/v2\/pages\/2982\/revisions"}],"predecessor-version":[{"id":7083,"href":"https:\/\/webs.uab.cat\/webedit\/wp-json\/wp\/v2\/pages\/2982\/revisions\/7083"}],"up":[{"embeddable":true,"href":"https:\/\/webs.uab.cat\/webedit\/wp-json\/wp\/v2\/pages\/4525"}],"wp:attachment":[{"href":"https:\/\/webs.uab.cat\/webedit\/wp-json\/wp\/v2\/media?parent=2982"}],"curies":[{"name":"wp","href":"https:\/\/api.w.org\/{rel}","templated":true}]}}