{"id":2993,"date":"2023-03-31T13:07:47","date_gmt":"2023-03-31T11:07:47","guid":{"rendered":"https:\/\/webs.uab.cat\/edicio-web\/?page_id=2993"},"modified":"2025-12-19T12:05:08","modified_gmt":"2025-12-19T10:05:08","slug":"previsualitzacio-canvis","status":"publish","type":"page","link":"https:\/\/webs.uab.cat\/webedit\/edicio-de-continguts\/manual\/previsualitzacio-canvis\/","title":{"rendered":"Previsualitzaci\u00f3 dels canvis"},"content":{"rendered":"\n<p>Recordeu que cal previsualitzar tots els canvis a l\u2019entorn de proves WEBEDIT abans de publicar res, aix\u00ed ens evitem ensurts innecessaris. <\/p>\n\n\n\n<p class=\"wp-block-uab-negatiu missatge\"><strong>No publiqueu cap asset si a WEBEDIT no es veu correctament.<\/strong><\/p>\n\n\n\n<div class=\"wp-block-media-text is-stacked-on-mobile is-vertically-aligned-center\" style=\"grid-template-columns:15% auto\"><figure class=\"wp-block-media-text__media\"><img loading=\"lazy\" decoding=\"async\" width=\"80\" height=\"82\" src=\"https:\/\/webs.uab.cat\/webedit\/wp-content\/uploads\/sites\/667\/2025\/07\/boto_previsualitzar_menu_asset.jpg\" alt=\"Captura de pantalla parcial del bot\u00f3 de previsualitzaci\u00f3 d'asset a Oracle Webcenter Sites\" class=\"wp-image-4649 size-full\"\/><\/figure><div class=\"wp-block-media-text__content\">\n<p class=\"has-small-font-size\">Per previsualitzar, cal anar a l\u2019asset de tipus P\u00e0gina que volem revisar i clicar el bot\u00f3 \u201cVista pr\u00e8via\u201d<\/p>\n<\/div><\/div>\n\n\n\n<p>Apareixer\u00e0 una p\u00e0gina amb men\u00fa esquerre que ens mostra la p\u00e0gina, per\u00f2 sempre recomanem clicar l\u2019opci\u00f3 \u201cView in live mode\u201d al men\u00fa superior, com es veu a la imatge seg\u00fcent:<\/p>\n\n\n<div class=\"wp-block-image\">\n<figure class=\"aligncenter size-full\"><img loading=\"lazy\" decoding=\"async\" width=\"500\" height=\"243\" src=\"https:\/\/webs.uab.cat\/webedit\/wp-content\/uploads\/sites\/667\/2025\/11\/view-live-mode.jpg\" alt=\"Captura de pantalla del men\u00fa Ver amb l'opci\u00f3 &quot;View in live mode&quot; destacada\" class=\"wp-image-5421\" srcset=\"https:\/\/webs.uab.cat\/webedit\/wp-content\/uploads\/sites\/667\/2025\/11\/view-live-mode.jpg 500w, https:\/\/webs.uab.cat\/webedit\/wp-content\/uploads\/sites\/667\/2025\/11\/view-live-mode-300x146.jpg 300w\" sizes=\"auto, (max-width: 500px) 100vw, 500px\" \/><\/figure>\n<\/div>\n\n\n<p>Tamb\u00e9 es pot mirar la p\u00e0gina al web p\u00fablic canviant <strong>\u201cwww\u201d per \u201cwebedit\u201d<\/strong> a la URL (aix\u00f2 nom\u00e9s es pot fer si la p\u00e0gina ja ha estat publicada anteriorment).<\/p>\n\n\n\n<p class=\"wp-block-uab-alerta missatge alerta\"><strong>Cal tenir en compte<\/strong> que les URL de previsualitzaci\u00f3 a webedit <strong>nom\u00e9s es poden veure des d\u2019un ordinador connectat a la xarxa inform\u00e0tica de la UAB<\/strong>. Des de fora, no estaran disponibles perqu\u00e8 el servidor \u00e9s intern. Per aix\u00f2, sempre cal crear enlla\u00e7os que vagin cap a la web publicada i mai cap a una URL de webedit.<\/p>\n","protected":false},"excerpt":{"rendered":"<p>Recordeu que cal previsualitzar tots els canvis a l\u2019entorn de proves WEBEDIT abans de publicar res, aix\u00ed ens evitem ensurts innecessaris. Per previsualitzar, cal anar a l\u2019asset de tipus P\u00e0gina que volem revisar i clicar el bot\u00f3 \u201cVista pr\u00e8via\u201d Apareixer\u00e0 una p\u00e0gina amb men\u00fa esquerre que ens mostra la p\u00e0gina, per\u00f2 sempre recomanem clicar l\u2019opci\u00f3 [&hellip;]<\/p>\n","protected":false},"author":39,"featured_media":0,"parent":4525,"menu_order":0,"comment_status":"closed","ping_status":"closed","template":"","meta":{"footnotes":""},"class_list":["post-2993","page","type-page","status-publish","hentry"],"_links":{"self":[{"href":"https:\/\/webs.uab.cat\/webedit\/wp-json\/wp\/v2\/pages\/2993","targetHints":{"allow":["GET"]}}],"collection":[{"href":"https:\/\/webs.uab.cat\/webedit\/wp-json\/wp\/v2\/pages"}],"about":[{"href":"https:\/\/webs.uab.cat\/webedit\/wp-json\/wp\/v2\/types\/page"}],"author":[{"embeddable":true,"href":"https:\/\/webs.uab.cat\/webedit\/wp-json\/wp\/v2\/users\/39"}],"replies":[{"embeddable":true,"href":"https:\/\/webs.uab.cat\/webedit\/wp-json\/wp\/v2\/comments?post=2993"}],"version-history":[{"count":5,"href":"https:\/\/webs.uab.cat\/webedit\/wp-json\/wp\/v2\/pages\/2993\/revisions"}],"predecessor-version":[{"id":7120,"href":"https:\/\/webs.uab.cat\/webedit\/wp-json\/wp\/v2\/pages\/2993\/revisions\/7120"}],"up":[{"embeddable":true,"href":"https:\/\/webs.uab.cat\/webedit\/wp-json\/wp\/v2\/pages\/4525"}],"wp:attachment":[{"href":"https:\/\/webs.uab.cat\/webedit\/wp-json\/wp\/v2\/media?parent=2993"}],"curies":[{"name":"wp","href":"https:\/\/api.w.org\/{rel}","templated":true}]}}