{"id":2998,"date":"2023-03-31T13:15:02","date_gmt":"2023-03-31T11:15:02","guid":{"rendered":"https:\/\/webs.uab.cat\/edicio-web\/?page_id=2998"},"modified":"2025-11-04T15:10:12","modified_gmt":"2025-11-04T13:10:12","slug":"circuit-publicacio","status":"publish","type":"page","link":"https:\/\/webs.uab.cat\/webedit\/edicio-de-continguts\/manual\/circuit-publicacio\/","title":{"rendered":"Circuit de publicaci\u00f3"},"content":{"rendered":"\n<p>Un cop heu acabat d\u2019actualitzar els continguts del web, cal previsualitzar sempre a l\u2019entorn de webedit i clicar tots els enlla\u00e7os que heu afegit per comprovar que tot funciona correctament.<\/p>\n\n\n\n<div class=\"wp-block-media-text is-stacked-on-mobile is-vertically-aligned-center\" style=\"grid-template-columns:15% auto\"><figure class=\"wp-block-media-text__media\"><img loading=\"lazy\" decoding=\"async\" width=\"81\" height=\"84\" src=\"https:\/\/webs.uab.cat\/webedit\/wp-content\/uploads\/sites\/667\/2025\/07\/boto_aprovar_menu_asset.jpg\" alt=\"Captura de pantalla parcial del bot\u00f3 d'aprovaci\u00f3 per a publicaci\u00f3 a Oracle Webcenter Sites\" class=\"wp-image-4648 size-full\"\/><\/figure><div class=\"wp-block-media-text__content\">\n<p>A continuaci\u00f3, s\u2019han d\u2019aprovar els assets que s\u2019han modificat, clicant al bot\u00f3 amb la marca verda i seleccionant la cua de publicaci\u00f3 que correspon al site.<\/p>\n<\/div><\/div>\n\n\n\n<p>El sistema us demanar\u00e0 confirmaci\u00f3 a la seg\u00fcent pantalla. <strong>Aconsellem triar l\u2019opci\u00f3 \u201cAprobar\u201d<\/strong>. En cas que hi hagi algun asset relacionat que tamb\u00e9 calgui publicar alhora, apareixer\u00e0 un missatge que indica que t\u00e9 <strong>activos de bloqueo<\/strong>. En aquest cas, es pot consultar quins assets estan bloquejant la publicaci\u00f3. <strong>\u00c9s important aprovar tamb\u00e9 aquests altres assets des de la mateixa pantalla<\/strong>, per tal que tot el conjunt vagi cap a la cua de publicaci\u00f3.<\/p>\n\n\n<div class=\"wp-block-image\">\n<figure class=\"aligncenter size-full\"><img loading=\"lazy\" decoding=\"async\" width=\"1104\" height=\"487\" src=\"https:\/\/webs.uab.cat\/webedit\/wp-content\/uploads\/sites\/667\/2025\/11\/OpcionsAprovar.jpg\" alt=\"Quadre d'aprovaci\u00f3 quan hi ha continguts pendents d'aprovar\" class=\"wp-image-5427\" srcset=\"https:\/\/webs.uab.cat\/webedit\/wp-content\/uploads\/sites\/667\/2025\/11\/OpcionsAprovar.jpg 1104w, https:\/\/webs.uab.cat\/webedit\/wp-content\/uploads\/sites\/667\/2025\/11\/OpcionsAprovar-300x132.jpg 300w, https:\/\/webs.uab.cat\/webedit\/wp-content\/uploads\/sites\/667\/2025\/11\/OpcionsAprovar-1024x452.jpg 1024w, https:\/\/webs.uab.cat\/webedit\/wp-content\/uploads\/sites\/667\/2025\/11\/OpcionsAprovar-768x339.jpg 768w\" sizes=\"auto, (max-width: 1104px) 100vw, 1104px\" \/><\/figure>\n<\/div>\n\n\n<p>Els assets que aproveu <strong>no es veuen immediatament al web p\u00fablic<\/strong>, sin\u00f3 que van a la <strong>cua de publicaci\u00f3<\/strong>. Quan un asset est\u00e0 en aquesta cua, es publica al cap d\u2019una estona. Hi ha un <strong>horari de publicaci\u00f3 programat per a cada cua<\/strong>, i es pot consultar en aquest enlla\u00e7 per saber <strong>quan apareixeran publicats al web p\u00fablic<\/strong> els canvis que h\u00e0giu fet:<\/p>\n\n\n\n<div class=\"wp-block-buttons is-content-justification-center is-layout-flex wp-container-core-buttons-is-layout-16018d1d wp-block-buttons-is-layout-flex\">\n<div class=\"wp-block-button\"><a class=\"wp-block-button__link wp-element-button\" href=\"https:\/\/webs.uab.cat\/webedit\/primeres-passes\/horari-dedicio-i-de-publicacio\/\" target=\"_blank\" rel=\"noreferrer noopener\">Horaris de publicaci\u00f3<\/a><\/div>\n<\/div>\n\n\n\n<p>Finalment, passada l\u2019hora de publicaci\u00f3, cal revisar que tot s\u2019hagi publicat correctament.<\/p>\n\n\n\n<p>Tingueu en compte que, si editeu un asset que ja hav\u00edeu aprovat per publicar, aquest sortir\u00e0 de la cua de publicaci\u00f3. En guardar-lo, l\u2019haureu de tornar a aprovar si voleu que es publiqui.<\/p>\n\n\n\n<p>Recordeu tamb\u00e9 que, per comparar la versi\u00f3 de proves amb la versi\u00f3 publicada, nom\u00e9s cal substituir \u201cwww\u201d per \u201cwebedit\u201d a l\u2019adre\u00e7a del navegador.<\/p>\n","protected":false},"excerpt":{"rendered":"<p>Un cop heu acabat d\u2019actualitzar els continguts del web, cal previsualitzar sempre a l\u2019entorn de webedit i clicar tots els enlla\u00e7os que heu afegit per comprovar que tot funciona correctament. A continuaci\u00f3, s\u2019han d\u2019aprovar els assets que s\u2019han modificat, clicant al bot\u00f3 amb la marca verda i seleccionant la cua de publicaci\u00f3 que correspon al [&hellip;]<\/p>\n","protected":false},"author":39,"featured_media":0,"parent":4525,"menu_order":0,"comment_status":"closed","ping_status":"closed","template":"","meta":{"footnotes":""},"class_list":["post-2998","page","type-page","status-publish","hentry"],"_links":{"self":[{"href":"https:\/\/webs.uab.cat\/webedit\/wp-json\/wp\/v2\/pages\/2998","targetHints":{"allow":["GET"]}}],"collection":[{"href":"https:\/\/webs.uab.cat\/webedit\/wp-json\/wp\/v2\/pages"}],"about":[{"href":"https:\/\/webs.uab.cat\/webedit\/wp-json\/wp\/v2\/types\/page"}],"author":[{"embeddable":true,"href":"https:\/\/webs.uab.cat\/webedit\/wp-json\/wp\/v2\/users\/39"}],"replies":[{"embeddable":true,"href":"https:\/\/webs.uab.cat\/webedit\/wp-json\/wp\/v2\/comments?post=2998"}],"version-history":[{"count":5,"href":"https:\/\/webs.uab.cat\/webedit\/wp-json\/wp\/v2\/pages\/2998\/revisions"}],"predecessor-version":[{"id":5429,"href":"https:\/\/webs.uab.cat\/webedit\/wp-json\/wp\/v2\/pages\/2998\/revisions\/5429"}],"up":[{"embeddable":true,"href":"https:\/\/webs.uab.cat\/webedit\/wp-json\/wp\/v2\/pages\/4525"}],"wp:attachment":[{"href":"https:\/\/webs.uab.cat\/webedit\/wp-json\/wp\/v2\/media?parent=2998"}],"curies":[{"name":"wp","href":"https:\/\/api.w.org\/{rel}","templated":true}]}}