{"id":4179,"date":"2023-12-20T10:58:28","date_gmt":"2023-12-20T08:58:28","guid":{"rendered":"https:\/\/webs.uab.cat\/edicio-web\/?page_id=4179"},"modified":"2025-12-19T11:28:42","modified_gmt":"2025-12-19T09:28:42","slug":"diapositiva","status":"publish","type":"page","link":"https:\/\/webs.uab.cat\/webedit\/edicio-de-continguts\/manual\/diapositiva\/","title":{"rendered":"Diapositiva"},"content":{"rendered":"\n<p>L\u2019<strong>asset Multim\u00e8dia Diapositiva<\/strong> s\u2019utilitza per afegir contingut dins de les <strong>Galeries multim\u00e8dia<\/strong>. A continuaci\u00f3, podem veure un exemple:<\/p>\n\n\n<div class=\"wp-block-image\">\n<figure class=\"aligncenter size-full\"><img loading=\"lazy\" decoding=\"async\" width=\"900\" height=\"647\" src=\"https:\/\/webs.uab.cat\/webedit\/wp-content\/uploads\/sites\/667\/2025\/09\/Visualitazacio-Diapositiva-Galeria.jpg\" alt=\"Exemple de visualitzaci\u00f3 d'una diapositiva dins d'una galeria multim\u00e8dia\" class=\"wp-image-4980\" srcset=\"https:\/\/webs.uab.cat\/webedit\/wp-content\/uploads\/sites\/667\/2025\/09\/Visualitazacio-Diapositiva-Galeria.jpg 900w, https:\/\/webs.uab.cat\/webedit\/wp-content\/uploads\/sites\/667\/2025\/09\/Visualitazacio-Diapositiva-Galeria-300x216.jpg 300w, https:\/\/webs.uab.cat\/webedit\/wp-content\/uploads\/sites\/667\/2025\/09\/Visualitazacio-Diapositiva-Galeria-768x552.jpg 768w\" sizes=\"auto, (max-width: 900px) 100vw, 900px\" \/><\/figure>\n<\/div>\n\n\n<p>Si voleu crear un contingut d\u2019aquest tipus, simplement cal anar al bot\u00f3 <strong>\u2018Contenido\u2019<\/strong>, escollir Nuevo &gt; Multim\u00e8dia i despr\u00e9s seleccionar la definici\u00f3 <strong>\u2018Diapositiva\u2019<\/strong>.<\/p>\n\n\n\n<figure class=\"wp-block-image size-full\"><img loading=\"lazy\" decoding=\"async\" width=\"930\" height=\"660\" src=\"https:\/\/webs.uab.cat\/webedit\/wp-content\/uploads\/sites\/667\/2025\/09\/NouAssetMultimedia.png\" alt=\"Ubicaci\u00f3 de l'asset Multim\u00e8dia en el men\u00fa Nuevo del gestor de continguts\" class=\"wp-image-4885\" srcset=\"https:\/\/webs.uab.cat\/webedit\/wp-content\/uploads\/sites\/667\/2025\/09\/NouAssetMultimedia.png 930w, https:\/\/webs.uab.cat\/webedit\/wp-content\/uploads\/sites\/667\/2025\/09\/NouAssetMultimedia-300x213.png 300w, https:\/\/webs.uab.cat\/webedit\/wp-content\/uploads\/sites\/667\/2025\/09\/NouAssetMultimedia-768x545.png 768w\" sizes=\"auto, (max-width: 930px) 100vw, 930px\" \/><\/figure>\n\n\n<div class=\"wp-block-image\">\n<figure class=\"aligncenter size-full\"><img loading=\"lazy\" decoding=\"async\" width=\"796\" height=\"616\" src=\"https:\/\/webs.uab.cat\/webedit\/wp-content\/uploads\/sites\/667\/2025\/09\/Definicio-Multimedia-Diapositiva.png\" alt=\"Captura de pantalla de les definicions de l'asset multim\u00e8dia on s'ha resaltat la definici\u00f3 Diapositiva\" class=\"wp-image-4979\" srcset=\"https:\/\/webs.uab.cat\/webedit\/wp-content\/uploads\/sites\/667\/2025\/09\/Definicio-Multimedia-Diapositiva.png 796w, https:\/\/webs.uab.cat\/webedit\/wp-content\/uploads\/sites\/667\/2025\/09\/Definicio-Multimedia-Diapositiva-300x232.png 300w, https:\/\/webs.uab.cat\/webedit\/wp-content\/uploads\/sites\/667\/2025\/09\/Definicio-Multimedia-Diapositiva-768x594.png 768w\" sizes=\"auto, (max-width: 796px) 100vw, 796px\" \/><\/figure>\n<\/div>\n\n\n<p>Una vegada creat el nou asset, \u00e9s hora d\u2019omplir els camps. Per ajudar-vos, a continuaci\u00f3 detallem cada camp que hi trobareu. Dels camps que cont\u00e9 l\u2019asset multim\u00e8dia, nom\u00e9s cal omplir els que tenen un asterisc, que s\u00f3n obligatoris perqu\u00e8 la visualitzaci\u00f3 funcioni correctament.<\/p>\n\n\n\n<ul class=\"wp-block-list\">\n<li>*<strong>Nombre<\/strong>: el nom de l\u2019asset Multim\u00e8dia Diapositiva no apareix en cap lloc del web, nom\u00e9s us serveix per identificar els multim\u00e8dia dins del gestor de continguts. Els noms dels assets de tipus Multim\u00e8dia amb la definici\u00f3 \u2018Diapositiva\u2019 han de comen\u00e7ar pel prefix DIAPO_, aix\u00ed: &#8216;<strong>MM_DIAPO_<\/strong>ExempleNomMultimedia&#8217;. <br>En el cas dels multim\u00e8dia que s\u00f3n traduccions, hi afegirem sempre el prefix <code>(es)<\/code> o <code>(en)<\/code> per indicar-ne l\u2019idioma.<\/li>\n\n\n\n<li><strong>Etiquetas:<\/strong> camp opcional per etiquetar els assets. D\u2019aquesta manera, els podreu trobar m\u00e9s r\u00e0pidament en el gestor de continguts.<\/li>\n\n\n\n<li><strong>Categor\u00eda:<\/strong> aqu\u00ed es pot escollir una o m\u00e9s de les categories creades per a aquest contingut. En aquest tipus d\u2019asset, realment no cal omplir aquest camp.<\/li>\n\n\n\n<li><strong>*T\u00edtol:<\/strong> aquest camp \u00e9s obligatori perqu\u00e8 determina el text que es mostrar\u00e0. En aquest cas, hem posat: \u201cDiapositiva exemple\u201d.<\/li>\n\n\n\n<li><strong>Color de fons:<\/strong> com el seu nom indica, aqu\u00ed podem escollir el color del fons del text.<\/li>\n<\/ul>\n\n\n<div class=\"wp-block-image\">\n<figure class=\"aligncenter size-full\"><img loading=\"lazy\" decoding=\"async\" width=\"900\" height=\"647\" src=\"https:\/\/webs.uab.cat\/webedit\/wp-content\/uploads\/sites\/667\/2025\/09\/Visualitazacio-Diapositiva-Galeria.jpg\" alt=\"Exemple de visualitzaci\u00f3 d'una diapositiva dins d'una galeria multim\u00e8dia\" class=\"wp-image-4980\" srcset=\"https:\/\/webs.uab.cat\/webedit\/wp-content\/uploads\/sites\/667\/2025\/09\/Visualitazacio-Diapositiva-Galeria.jpg 900w, https:\/\/webs.uab.cat\/webedit\/wp-content\/uploads\/sites\/667\/2025\/09\/Visualitazacio-Diapositiva-Galeria-300x216.jpg 300w, https:\/\/webs.uab.cat\/webedit\/wp-content\/uploads\/sites\/667\/2025\/09\/Visualitazacio-Diapositiva-Galeria-768x552.jpg 768w\" sizes=\"auto, (max-width: 900px) 100vw, 900px\" \/><\/figure>\n<\/div>\n\n\n<p>Una vegada creat l\u2019<strong>asset Multim\u00e8dia Diapositiva<\/strong>, podeu afegir-lo dins d\u2019una <strong>Galeria multim\u00e8dia<\/strong>.<\/p>\n","protected":false},"excerpt":{"rendered":"<p>L\u2019asset Multim\u00e8dia Diapositiva s\u2019utilitza per afegir contingut dins de les Galeries multim\u00e8dia. A continuaci\u00f3, podem veure un exemple: Si voleu crear un contingut d\u2019aquest tipus, simplement cal anar al bot\u00f3 \u2018Contenido\u2019, escollir Nuevo &gt; Multim\u00e8dia i despr\u00e9s seleccionar la definici\u00f3 \u2018Diapositiva\u2019. Una vegada creat el nou asset, \u00e9s hora d\u2019omplir els camps. Per ajudar-vos, a [&hellip;]<\/p>\n","protected":false},"author":24,"featured_media":0,"parent":4525,"menu_order":0,"comment_status":"closed","ping_status":"closed","template":"","meta":{"footnotes":""},"class_list":["post-4179","page","type-page","status-publish","hentry"],"_links":{"self":[{"href":"https:\/\/webs.uab.cat\/webedit\/wp-json\/wp\/v2\/pages\/4179","targetHints":{"allow":["GET"]}}],"collection":[{"href":"https:\/\/webs.uab.cat\/webedit\/wp-json\/wp\/v2\/pages"}],"about":[{"href":"https:\/\/webs.uab.cat\/webedit\/wp-json\/wp\/v2\/types\/page"}],"author":[{"embeddable":true,"href":"https:\/\/webs.uab.cat\/webedit\/wp-json\/wp\/v2\/users\/24"}],"replies":[{"embeddable":true,"href":"https:\/\/webs.uab.cat\/webedit\/wp-json\/wp\/v2\/comments?post=4179"}],"version-history":[{"count":10,"href":"https:\/\/webs.uab.cat\/webedit\/wp-json\/wp\/v2\/pages\/4179\/revisions"}],"predecessor-version":[{"id":7105,"href":"https:\/\/webs.uab.cat\/webedit\/wp-json\/wp\/v2\/pages\/4179\/revisions\/7105"}],"up":[{"embeddable":true,"href":"https:\/\/webs.uab.cat\/webedit\/wp-json\/wp\/v2\/pages\/4525"}],"wp:attachment":[{"href":"https:\/\/webs.uab.cat\/webedit\/wp-json\/wp\/v2\/media?parent=4179"}],"curies":[{"name":"wp","href":"https:\/\/api.w.org\/{rel}","templated":true}]}}