{"id":4525,"date":"2025-07-01T12:12:31","date_gmt":"2025-07-01T10:12:31","guid":{"rendered":"https:\/\/webs.uab.cat\/webedit\/?page_id=4525"},"modified":"2026-02-18T12:07:08","modified_gmt":"2026-02-18T10:07:08","slug":"manual","status":"publish","type":"page","link":"https:\/\/webs.uab.cat\/webedit\/edicio-de-continguts\/manual\/","title":{"rendered":"Tipus d&#8217;asset"},"content":{"rendered":"\n<div class=\"wp-block-columns alignwide is-layout-flex wp-container-core-columns-is-layout-9d6595d7 wp-block-columns-is-layout-flex\">\n<div class=\"wp-block-column is-layout-flow wp-block-column-is-layout-flow\">\n<div class=\"wp-block-columns is-layout-flex wp-container-core-columns-is-layout-9d6595d7 wp-block-columns-is-layout-flex\">\n<div class=\"wp-block-column is-layout-flow wp-block-column-is-layout-flow\" style=\"flex-basis:80px\">\n<figure class=\"wp-block-image size-full is-resized\"><img loading=\"lazy\" decoding=\"async\" width=\"974\" height=\"974\" src=\"https:\/\/webs.uab.cat\/webedit\/wp-content\/uploads\/sites\/667\/2025\/11\/edit.png\" alt=\"\" class=\"wp-image-5353\" style=\"object-fit:cover;width:80px;height:80px\" srcset=\"https:\/\/webs.uab.cat\/webedit\/wp-content\/uploads\/sites\/667\/2025\/11\/edit.png 974w, https:\/\/webs.uab.cat\/webedit\/wp-content\/uploads\/sites\/667\/2025\/11\/edit-300x300.png 300w, https:\/\/webs.uab.cat\/webedit\/wp-content\/uploads\/sites\/667\/2025\/11\/edit-150x150.png 150w, https:\/\/webs.uab.cat\/webedit\/wp-content\/uploads\/sites\/667\/2025\/11\/edit-768x768.png 768w\" sizes=\"auto, (max-width: 974px) 100vw, 974px\" \/><\/figure>\n<\/div>\n\n\n\n<div class=\"wp-block-column is-layout-flow wp-block-column-is-layout-flow\">\n<h2 class=\"wp-block-heading\">Conceptes generals<\/h2>\n<\/div>\n<\/div>\n\n\n\n<ul class=\"wp-block-list has-normal-font-size\">\n<li><a href=\"https:\/\/webs.uab.cat\/webedit\/edicio-de-continguts\/manual\/creacio-de-nous-continguts\/\" data-type=\"page\" data-id=\"2819\">Creaci\u00f3 de continguts<\/a><\/li>\n\n\n\n<li><a href=\"https:\/\/webs.uab.cat\/webedit\/edicio-de-continguts\/manual\/copiar-assets\/\" data-type=\"page\" data-id=\"2812\">Copiar assets<\/a><\/li>\n\n\n\n<li><a href=\"https:\/\/webs.uab.cat\/webedit\/edicio-de-continguts\/manual\/editor-de-textos\/\" data-type=\"page\" data-id=\"2855\">L&#8217;editor de textos<\/a><\/li>\n\n\n\n<li><a href=\"https:\/\/webs.uab.cat\/webedit\/edicio-de-continguts\/manual\/bones-practiques-quan-apliquem-estils\/\" data-type=\"page\" data-id=\"4756\">Bones pr\u00e0ctiques quan apliquem estils<\/a><\/li>\n\n\n\n<li><a href=\"https:\/\/webs.uab.cat\/webedit\/edicio-de-continguts\/manual\/gestio-idiomes\/\" data-type=\"page\" data-id=\"2964\">La gesti\u00f3 dels idiomes: traduccions<\/a><\/li>\n\n\n\n<li><a href=\"https:\/\/webs.uab.cat\/webedit\/edicio-de-continguts\/manual\/les-files\/\" data-type=\"page\" data-id=\"5503\">Les files<\/a><\/li>\n\n\n\n<li><a href=\"https:\/\/webs.uab.cat\/webedit\/edicio-de-continguts\/manual\/asset-modul\/\">Els m\u00f2duls<\/a><\/li>\n<\/ul>\n<\/div>\n\n\n\n<div class=\"wp-block-column is-layout-flow wp-block-column-is-layout-flow\">\n<div class=\"wp-block-columns is-layout-flex wp-container-core-columns-is-layout-9d6595d7 wp-block-columns-is-layout-flex\">\n<div class=\"wp-block-column is-layout-flow wp-block-column-is-layout-flow\" style=\"flex-basis:80px\">\n<figure class=\"wp-block-image size-full is-resized\"><img loading=\"lazy\" decoding=\"async\" width=\"974\" height=\"974\" src=\"https:\/\/webs.uab.cat\/webedit\/wp-content\/uploads\/sites\/667\/2025\/11\/table-columns.png\" alt=\"\" class=\"wp-image-5354\" style=\"object-fit:cover;width:80px;height:80px\" srcset=\"https:\/\/webs.uab.cat\/webedit\/wp-content\/uploads\/sites\/667\/2025\/11\/table-columns.png 974w, https:\/\/webs.uab.cat\/webedit\/wp-content\/uploads\/sites\/667\/2025\/11\/table-columns-300x300.png 300w, https:\/\/webs.uab.cat\/webedit\/wp-content\/uploads\/sites\/667\/2025\/11\/table-columns-150x150.png 150w, https:\/\/webs.uab.cat\/webedit\/wp-content\/uploads\/sites\/667\/2025\/11\/table-columns-768x768.png 768w\" sizes=\"auto, (max-width: 974px) 100vw, 974px\" \/><\/figure>\n<\/div>\n\n\n\n<div class=\"wp-block-column is-layout-flow wp-block-column-is-layout-flow\">\n<h2 class=\"wp-block-heading\">P\u00e0gines<\/h2>\n<\/div>\n<\/div>\n\n\n\n<ul class=\"wp-block-list has-normal-font-size\">\n<li><a href=\"https:\/\/webs.uab.cat\/webedit\/edicio-de-continguts\/manual\/asset-pagina\/\" data-type=\"page\" data-id=\"2826\">L&#8217;asset p\u00e0gina<\/a><\/li>\n\n\n\n<li><a href=\"https:\/\/webs.uab.cat\/webedit\/edicio-de-continguts\/manual\/afegir-una-pagina-a-larbre\/\" data-type=\"page\" data-id=\"4843\">Afegir una p\u00e0gina a l&#8217;arbre<\/a><\/li>\n\n\n\n<li><a href=\"https:\/\/webs.uab.cat\/webedit\/edicio-de-continguts\/manual\/pagina-amb-taula-de-continguts\/\" data-type=\"page\" data-id=\"4862\">P\u00e0gina amb taula de continguts<\/a><\/li>\n\n\n\n<li><a href=\"https:\/\/webs.uab.cat\/webedit\/edicio-de-continguts\/manual\/adreces-url-amigables\/\" data-type=\"page\" data-id=\"2982\">Les adreces URL amigables<\/a><\/li>\n<\/ul>\n<\/div>\n\n\n\n<div class=\"wp-block-column is-layout-flow wp-block-column-is-layout-flow\">\n<div class=\"wp-block-columns is-layout-flex wp-container-core-columns-is-layout-9d6595d7 wp-block-columns-is-layout-flex\">\n<div class=\"wp-block-column is-layout-flow wp-block-column-is-layout-flow\" style=\"flex-basis:80px\">\n<figure class=\"wp-block-image size-full is-resized\"><img loading=\"lazy\" decoding=\"async\" width=\"974\" height=\"974\" src=\"https:\/\/webs.uab.cat\/webedit\/wp-content\/uploads\/sites\/667\/2025\/11\/link.png\" alt=\"\" class=\"wp-image-5356\" style=\"object-fit:cover;width:80px;height:80px\" srcset=\"https:\/\/webs.uab.cat\/webedit\/wp-content\/uploads\/sites\/667\/2025\/11\/link.png 974w, https:\/\/webs.uab.cat\/webedit\/wp-content\/uploads\/sites\/667\/2025\/11\/link-300x300.png 300w, https:\/\/webs.uab.cat\/webedit\/wp-content\/uploads\/sites\/667\/2025\/11\/link-150x150.png 150w, https:\/\/webs.uab.cat\/webedit\/wp-content\/uploads\/sites\/667\/2025\/11\/link-768x768.png 768w\" sizes=\"auto, (max-width: 974px) 100vw, 974px\" \/><\/figure>\n<\/div>\n\n\n\n<div class=\"wp-block-column is-layout-flow wp-block-column-is-layout-flow\">\n<h2 class=\"wp-block-heading\">Enlla\u00e7os i documents<\/h2>\n<\/div>\n<\/div>\n\n\n\n<ul class=\"wp-block-list has-normal-font-size\">\n<li><a href=\"https:\/\/webs.uab.cat\/webedit\/edicio-de-continguts\/manual\/asset-enllac\/\" data-type=\"page\" data-id=\"2885\">L&#8217;asset enlla\u00e7<\/a><\/li>\n\n\n\n<li><a href=\"https:\/\/webs.uab.cat\/webedit\/edicio-de-continguts\/manual\/enllac-extern\/\" data-type=\"page\" data-id=\"4909\">Enlla\u00e7 extern<\/a><\/li>\n\n\n\n<li><a href=\"https:\/\/webs.uab.cat\/webedit\/edicio-de-continguts\/manual\/enllac-intern\/\" data-type=\"page\" data-id=\"4925\">Enlla\u00e7 intern<\/a><\/li>\n\n\n\n<li><a href=\"https:\/\/webs.uab.cat\/webedit\/edicio-de-continguts\/manual\/document\/\" data-type=\"page\" data-id=\"4868\">Document<\/a><\/li>\n\n\n\n<li><a href=\"https:\/\/webs.uab.cat\/webedit\/edicio-de-continguts\/manual\/textos-enllac-repetits\/\" data-type=\"page\" data-id=\"4931\">Com evitar problemes d\u2019accessibilitat amb textos d\u2019enlla\u00e7 repetits<\/a><\/li>\n<\/ul>\n<\/div>\n<\/div>\n\n\n\n<div class=\"wp-block-columns alignwide is-layout-flex wp-container-core-columns-is-layout-9d6595d7 wp-block-columns-is-layout-flex\">\n<div class=\"wp-block-column is-layout-flow wp-block-column-is-layout-flow\">\n<div class=\"wp-block-columns is-layout-flex wp-container-core-columns-is-layout-9d6595d7 wp-block-columns-is-layout-flex\">\n<div class=\"wp-block-column is-layout-flow wp-block-column-is-layout-flow\" style=\"flex-basis:80px\">\n<figure class=\"wp-block-image size-full is-resized\"><img loading=\"lazy\" decoding=\"async\" width=\"974\" height=\"974\" src=\"https:\/\/webs.uab.cat\/webedit\/wp-content\/uploads\/sites\/667\/2025\/11\/image-landscape.png\" alt=\"\" class=\"wp-image-5325\" style=\"object-fit:cover;width:80px;height:80px\" srcset=\"https:\/\/webs.uab.cat\/webedit\/wp-content\/uploads\/sites\/667\/2025\/11\/image-landscape.png 974w, https:\/\/webs.uab.cat\/webedit\/wp-content\/uploads\/sites\/667\/2025\/11\/image-landscape-300x300.png 300w, https:\/\/webs.uab.cat\/webedit\/wp-content\/uploads\/sites\/667\/2025\/11\/image-landscape-150x150.png 150w, https:\/\/webs.uab.cat\/webedit\/wp-content\/uploads\/sites\/667\/2025\/11\/image-landscape-768x768.png 768w\" sizes=\"auto, (max-width: 974px) 100vw, 974px\" \/><\/figure>\n<\/div>\n\n\n\n<div class=\"wp-block-column is-layout-flow wp-block-column-is-layout-flow\">\n<h2 class=\"wp-block-heading\">Multim\u00e8dia<\/h2>\n<\/div>\n<\/div>\n\n\n\n<ul class=\"wp-block-list has-normal-font-size\">\n<li><a href=\"https:\/\/webs.uab.cat\/webedit\/lasset-multimedia\/\" data-type=\"page\" data-id=\"4946\">L&#8217;asset multim\u00e8dia<\/a><\/li>\n\n\n\n<li><a href=\"https:\/\/webs.uab.cat\/webedit\/edicio-de-continguts\/manual\/imatges\/\" data-type=\"page\" data-id=\"2895\">Imatges<\/a><\/li>\n\n\n\n<li><a href=\"https:\/\/webs.uab.cat\/webedit\/edicio-de-continguts\/manual\/video\/\" data-type=\"page\" data-id=\"4062\">V\u00eddeo<\/a><\/li>\n\n\n\n<li><a href=\"https:\/\/webs.uab.cat\/webedit\/edicio-de-continguts\/manual\/audio\/\" data-type=\"page\" data-id=\"4072\">\u00c0udio<\/a><\/li>\n\n\n\n<li><a href=\"https:\/\/webs.uab.cat\/webedit\/edicio-de-continguts\/manual\/embed-2\/\" data-type=\"page\" data-id=\"4091\">Embed<\/a><\/li>\n\n\n\n<li><a href=\"https:\/\/webs.uab.cat\/webedit\/edicio-de-continguts\/manual\/diapositiva\/\" data-type=\"page\" data-id=\"4179\">Diapositiva<\/a><\/li>\n\n\n\n<li><a href=\"https:\/\/webs.uab.cat\/webedit\/edicio-de-continguts\/manual\/inserir-mes-duna-imatge-en-un-text-generic-o-en-un-lloc-especific-del-text\/\" data-type=\"page\" data-id=\"5022\">Inserir m\u00e9s d&#8217;una imatge en un bloc de text<\/a><\/li>\n<\/ul>\n<\/div>\n\n\n\n<div class=\"wp-block-column is-layout-flow wp-block-column-is-layout-flow\">\n<div class=\"wp-block-columns is-layout-flex wp-container-core-columns-is-layout-9d6595d7 wp-block-columns-is-layout-flex\">\n<div class=\"wp-block-column is-layout-flow wp-block-column-is-layout-flow\" style=\"flex-basis:80px\">\n<figure class=\"wp-block-image size-full is-resized\"><img loading=\"lazy\" decoding=\"async\" width=\"974\" height=\"974\" src=\"https:\/\/webs.uab.cat\/webedit\/wp-content\/uploads\/sites\/667\/2025\/11\/align-left.png\" alt=\"\" class=\"wp-image-5357\" style=\"object-fit:cover;width:80px;height:80px\" srcset=\"https:\/\/webs.uab.cat\/webedit\/wp-content\/uploads\/sites\/667\/2025\/11\/align-left.png 974w, https:\/\/webs.uab.cat\/webedit\/wp-content\/uploads\/sites\/667\/2025\/11\/align-left-300x300.png 300w, https:\/\/webs.uab.cat\/webedit\/wp-content\/uploads\/sites\/667\/2025\/11\/align-left-150x150.png 150w, https:\/\/webs.uab.cat\/webedit\/wp-content\/uploads\/sites\/667\/2025\/11\/align-left-768x768.png 768w\" sizes=\"auto, (max-width: 974px) 100vw, 974px\" \/><\/figure>\n<\/div>\n\n\n\n<div class=\"wp-block-column is-layout-flow wp-block-column-is-layout-flow\">\n<h2 class=\"wp-block-heading\">Text<\/h2>\n<\/div>\n<\/div>\n\n\n\n<ul class=\"wp-block-list has-normal-font-size\">\n<li><a href=\"https:\/\/webs.uab.cat\/webedit\/edicio-de-continguts\/manual\/lasset-text\/\" data-type=\"page\" data-id=\"5147\">L&#8217;asset Text<\/a><\/li>\n\n\n\n<li><a href=\"https:\/\/webs.uab.cat\/webedit\/edicio-de-continguts\/manual\/anuncis\/\" data-type=\"page\" data-id=\"5143\">Anuncis<\/a><\/li>\n\n\n\n<li><a href=\"https:\/\/webs.uab.cat\/webedit\/edicio-de-continguts\/manual\/fitxa-cataleg\/\" data-type=\"page\" data-id=\"5158\">Fitxa cat\u00e0leg<\/a><\/li>\n\n\n\n<li><a href=\"https:\/\/webs.uab.cat\/webedit\/edicio-de-continguts\/manual\/testimoni\/\" data-type=\"page\" data-id=\"5160\">Testimoni<\/a><\/li>\n\n\n\n<li><a href=\"https:\/\/webs.uab.cat\/webedit\/edicio-de-continguts\/manual\/text-general\/\" data-type=\"page\" data-id=\"5162\">Text General<\/a><\/li>\n\n\n\n<li><a href=\"https:\/\/webs.uab.cat\/webedit\/edicio-de-continguts\/manual\/xifra\/\" data-type=\"page\" data-id=\"5164\">Xifra<\/a><\/li>\n<\/ul>\n<\/div>\n\n\n\n<div class=\"wp-block-column is-layout-flow wp-block-column-is-layout-flow\">\n<div class=\"wp-block-columns is-layout-flex wp-container-core-columns-is-layout-9d6595d7 wp-block-columns-is-layout-flex\">\n<div class=\"wp-block-column is-layout-flow wp-block-column-is-layout-flow\" style=\"flex-basis:80px\">\n<figure class=\"wp-block-image size-full is-resized\"><img loading=\"lazy\" decoding=\"async\" width=\"974\" height=\"974\" src=\"https:\/\/webs.uab.cat\/webedit\/wp-content\/uploads\/sites\/667\/2025\/11\/archive.png\" alt=\"\" class=\"wp-image-5372\" style=\"object-fit:cover;width:80px;height:80px\" srcset=\"https:\/\/webs.uab.cat\/webedit\/wp-content\/uploads\/sites\/667\/2025\/11\/archive.png 974w, https:\/\/webs.uab.cat\/webedit\/wp-content\/uploads\/sites\/667\/2025\/11\/archive-300x300.png 300w, https:\/\/webs.uab.cat\/webedit\/wp-content\/uploads\/sites\/667\/2025\/11\/archive-150x150.png 150w, https:\/\/webs.uab.cat\/webedit\/wp-content\/uploads\/sites\/667\/2025\/11\/archive-768x768.png 768w\" sizes=\"auto, (max-width: 974px) 100vw, 974px\" \/><\/figure>\n<\/div>\n\n\n\n<div class=\"wp-block-column is-layout-flow wp-block-column-is-layout-flow\">\n<h2 class=\"wp-block-heading\">Fitxes<\/h2>\n<\/div>\n<\/div>\n\n\n\n<ul class=\"wp-block-list has-normal-font-size\">\n<li><a href=\"https:\/\/webs.uab.cat\/webedit\/edicio-de-continguts\/manual\/fitxes\/\" data-type=\"page\" data-id=\"4993\">Fitxes<\/a><\/li>\n\n\n\n<li><a href=\"https:\/\/webs.uab.cat\/webedit\/edicio-de-continguts\/manual\/pagina-de-filtre\/\" data-type=\"page\" data-id=\"4999\">P\u00e0gina de filtre<\/a><\/li>\n<\/ul>\n<\/div>\n<\/div>\n\n\n\n<h2 class=\"wp-block-heading\">Actualitat<\/h2>\n\n\n\n<div class=\"wp-block-columns alignwide is-not-stacked-on-mobile is-layout-flex wp-container-core-columns-is-layout-9d6595d7 wp-block-columns-is-layout-flex\">\n<div class=\"wp-block-column is-layout-flow wp-block-column-is-layout-flow\"><div class=\"wp-block-image\">\n<figure class=\"aligncenter size-full is-resized\"><img loading=\"lazy\" decoding=\"async\" width=\"974\" height=\"974\" src=\"https:\/\/webs.uab.cat\/webedit\/wp-content\/uploads\/sites\/667\/2025\/11\/newspaper.png\" alt=\"\" class=\"wp-image-5349\" style=\"object-fit:cover;width:80px;height:80px\" srcset=\"https:\/\/webs.uab.cat\/webedit\/wp-content\/uploads\/sites\/667\/2025\/11\/newspaper.png 974w, https:\/\/webs.uab.cat\/webedit\/wp-content\/uploads\/sites\/667\/2025\/11\/newspaper-300x300.png 300w, https:\/\/webs.uab.cat\/webedit\/wp-content\/uploads\/sites\/667\/2025\/11\/newspaper-150x150.png 150w, https:\/\/webs.uab.cat\/webedit\/wp-content\/uploads\/sites\/667\/2025\/11\/newspaper-768x768.png 768w\" sizes=\"auto, (max-width: 974px) 100vw, 974px\" \/><\/figure>\n<\/div>\n\n\n<p class=\"has-text-align-center has-normal-font-size\"><a href=\"https:\/\/webs.uab.cat\/webedit\/edicio-de-continguts\/manual\/noticia\/\" data-type=\"page\" data-id=\"2913\"><strong>Not\u00edcia<\/strong><\/a><\/p>\n<\/div>\n\n\n\n<div class=\"wp-block-column is-layout-flow wp-block-column-is-layout-flow\"><div class=\"wp-block-image is-style-default\">\n<figure class=\"aligncenter size-full is-resized\"><img loading=\"lazy\" decoding=\"async\" width=\"974\" height=\"974\" src=\"https:\/\/webs.uab.cat\/webedit\/wp-content\/uploads\/sites\/667\/2025\/11\/calendar-alt.png\" alt=\"\" class=\"wp-image-5350\" style=\"object-fit:cover;width:80px;height:80px\" srcset=\"https:\/\/webs.uab.cat\/webedit\/wp-content\/uploads\/sites\/667\/2025\/11\/calendar-alt.png 974w, https:\/\/webs.uab.cat\/webedit\/wp-content\/uploads\/sites\/667\/2025\/11\/calendar-alt-300x300.png 300w, https:\/\/webs.uab.cat\/webedit\/wp-content\/uploads\/sites\/667\/2025\/11\/calendar-alt-150x150.png 150w, https:\/\/webs.uab.cat\/webedit\/wp-content\/uploads\/sites\/667\/2025\/11\/calendar-alt-768x768.png 768w\" sizes=\"auto, (max-width: 974px) 100vw, 974px\" \/><\/figure>\n<\/div>\n\n\n<p class=\"has-text-align-center has-normal-font-size\"><a href=\"https:\/\/webs.uab.cat\/webedit\/edicio-de-continguts\/manual\/agenda\/\" data-type=\"page\" data-id=\"5057\"><strong>Agenda<\/strong><\/a><\/p>\n<\/div>\n\n\n\n<div class=\"wp-block-column is-layout-flow wp-block-column-is-layout-flow\"><div class=\"wp-block-image is-style-default\">\n<figure class=\"aligncenter size-full is-resized\"><img loading=\"lazy\" decoding=\"async\" width=\"974\" height=\"974\" src=\"https:\/\/webs.uab.cat\/webedit\/wp-content\/uploads\/sites\/667\/2025\/11\/bell-ring.png\" alt=\"\" class=\"wp-image-5351\" style=\"object-fit:cover;width:80px;height:80px\" srcset=\"https:\/\/webs.uab.cat\/webedit\/wp-content\/uploads\/sites\/667\/2025\/11\/bell-ring.png 974w, https:\/\/webs.uab.cat\/webedit\/wp-content\/uploads\/sites\/667\/2025\/11\/bell-ring-300x300.png 300w, https:\/\/webs.uab.cat\/webedit\/wp-content\/uploads\/sites\/667\/2025\/11\/bell-ring-150x150.png 150w, https:\/\/webs.uab.cat\/webedit\/wp-content\/uploads\/sites\/667\/2025\/11\/bell-ring-768x768.png 768w\" sizes=\"auto, (max-width: 974px) 100vw, 974px\" \/><\/figure>\n<\/div>\n\n\n<p class=\"has-text-align-center has-normal-font-size\"><strong><a href=\"https:\/\/webs.uab.cat\/webedit\/edicio-de-continguts\/manual\/anuncis\/\" data-type=\"page\" data-id=\"5143\">Anuncis<\/a><\/strong><\/p>\n<\/div>\n\n\n\n<div class=\"wp-block-column is-layout-flow wp-block-column-is-layout-flow\"><div class=\"wp-block-image is-style-default\">\n<figure class=\"aligncenter size-full is-resized\"><img loading=\"lazy\" decoding=\"async\" width=\"974\" height=\"974\" src=\"https:\/\/webs.uab.cat\/webedit\/wp-content\/uploads\/sites\/667\/2025\/11\/repeat-alt-2.png\" alt=\"\" class=\"wp-image-5352\" style=\"object-fit:cover;width:80px;height:80px\" srcset=\"https:\/\/webs.uab.cat\/webedit\/wp-content\/uploads\/sites\/667\/2025\/11\/repeat-alt-2.png 974w, https:\/\/webs.uab.cat\/webedit\/wp-content\/uploads\/sites\/667\/2025\/11\/repeat-alt-2-300x300.png 300w, https:\/\/webs.uab.cat\/webedit\/wp-content\/uploads\/sites\/667\/2025\/11\/repeat-alt-2-150x150.png 150w, https:\/\/webs.uab.cat\/webedit\/wp-content\/uploads\/sites\/667\/2025\/11\/repeat-alt-2-768x768.png 768w\" sizes=\"auto, (max-width: 974px) 100vw, 974px\" \/><\/figure>\n<\/div>\n\n\n<p class=\"has-text-align-center has-normal-font-size\"><a href=\"https:\/\/webs.uab.cat\/webedit\/edicio-de-continguts\/manual\/importar-noticies-i-agendes\/\" data-type=\"page\" data-id=\"5055\"><strong>Importar not\u00edcies i agendes<\/strong><\/a><\/p>\n<\/div>\n<\/div>\n\n\n\n<h2 class=\"wp-block-heading\">Abans de publicar<\/h2>\n\n\n\n<div class=\"wp-block-columns is-layout-flex wp-container-core-columns-is-layout-9d6595d7 wp-block-columns-is-layout-flex\">\n<div class=\"wp-block-column is-layout-flow wp-block-column-is-layout-flow\"><div class=\"wp-block-image\">\n<figure class=\"aligncenter size-full is-resized\"><img loading=\"lazy\" decoding=\"async\" width=\"320\" height=\"320\" src=\"https:\/\/webs.uab.cat\/webedit\/wp-content\/uploads\/sites\/667\/2026\/02\/binocular.png\" alt=\"\" class=\"wp-image-7215\" style=\"object-fit:cover;width:80px;height:80px\" srcset=\"https:\/\/webs.uab.cat\/webedit\/wp-content\/uploads\/sites\/667\/2026\/02\/binocular.png 320w, https:\/\/webs.uab.cat\/webedit\/wp-content\/uploads\/sites\/667\/2026\/02\/binocular-300x300.png 300w, https:\/\/webs.uab.cat\/webedit\/wp-content\/uploads\/sites\/667\/2026\/02\/binocular-150x150.png 150w\" sizes=\"auto, (max-width: 320px) 100vw, 320px\" \/><\/figure>\n<\/div>\n\n\n<p class=\"has-text-align-center\"><a href=\"https:\/\/webs.uab.cat\/webedit\/edicio-de-continguts\/manual\/previsualitzacio-canvis\/\" data-type=\"page\" data-id=\"2993\">Previsualitzaci\u00f3 dels canvis<\/a><\/p>\n<\/div>\n\n\n\n<div class=\"wp-block-column is-layout-flow wp-block-column-is-layout-flow\"><div class=\"wp-block-image\">\n<figure class=\"aligncenter size-full is-resized\"><img loading=\"lazy\" decoding=\"async\" width=\"320\" height=\"320\" src=\"https:\/\/webs.uab.cat\/webedit\/wp-content\/uploads\/sites\/667\/2026\/02\/thumb-up.png\" alt=\"\" class=\"wp-image-7216\" style=\"object-fit:cover;width:80px;height:80px\" srcset=\"https:\/\/webs.uab.cat\/webedit\/wp-content\/uploads\/sites\/667\/2026\/02\/thumb-up.png 320w, https:\/\/webs.uab.cat\/webedit\/wp-content\/uploads\/sites\/667\/2026\/02\/thumb-up-300x300.png 300w, https:\/\/webs.uab.cat\/webedit\/wp-content\/uploads\/sites\/667\/2026\/02\/thumb-up-150x150.png 150w\" sizes=\"auto, (max-width: 320px) 100vw, 320px\" \/><\/figure>\n<\/div>\n\n\n<p class=\"has-text-align-center\"><a href=\"https:\/\/webs.uab.cat\/webedit\/edicio-de-continguts\/manual\/circuit-publicacio\/\" data-type=\"page\" data-id=\"2998\">Circu\u00eft de publicaci\u00f3<\/a><\/p>\n<\/div>\n<\/div>\n","protected":false},"excerpt":{"rendered":"<p>Conceptes generals P\u00e0gines Enlla\u00e7os i documents Multim\u00e8dia Text Fitxes Actualitat Not\u00edcia Agenda Anuncis Importar not\u00edcies i agendes Abans de publicar Previsualitzaci\u00f3 dels canvis Circu\u00eft de publicaci\u00f3<\/p>\n","protected":false},"author":7,"featured_media":0,"parent":4499,"menu_order":0,"comment_status":"closed","ping_status":"closed","template":"","meta":{"footnotes":""},"class_list":["post-4525","page","type-page","status-publish","hentry"],"_links":{"self":[{"href":"https:\/\/webs.uab.cat\/webedit\/wp-json\/wp\/v2\/pages\/4525","targetHints":{"allow":["GET"]}}],"collection":[{"href":"https:\/\/webs.uab.cat\/webedit\/wp-json\/wp\/v2\/pages"}],"about":[{"href":"https:\/\/webs.uab.cat\/webedit\/wp-json\/wp\/v2\/types\/page"}],"author":[{"embeddable":true,"href":"https:\/\/webs.uab.cat\/webedit\/wp-json\/wp\/v2\/users\/7"}],"replies":[{"embeddable":true,"href":"https:\/\/webs.uab.cat\/webedit\/wp-json\/wp\/v2\/comments?post=4525"}],"version-history":[{"count":68,"href":"https:\/\/webs.uab.cat\/webedit\/wp-json\/wp\/v2\/pages\/4525\/revisions"}],"predecessor-version":[{"id":7218,"href":"https:\/\/webs.uab.cat\/webedit\/wp-json\/wp\/v2\/pages\/4525\/revisions\/7218"}],"up":[{"embeddable":true,"href":"https:\/\/webs.uab.cat\/webedit\/wp-json\/wp\/v2\/pages\/4499"}],"wp:attachment":[{"href":"https:\/\/webs.uab.cat\/webedit\/wp-json\/wp\/v2\/media?parent=4525"}],"curies":[{"name":"wp","href":"https:\/\/api.w.org\/{rel}","templated":true}]}}