{"id":4527,"date":"2025-07-01T12:13:59","date_gmt":"2025-07-01T10:13:59","guid":{"rendered":"https:\/\/webs.uab.cat\/webedit\/?page_id=4527"},"modified":"2026-03-09T11:25:55","modified_gmt":"2026-03-09T09:25:55","slug":"components-de-portada","status":"publish","type":"page","link":"https:\/\/webs.uab.cat\/webedit\/edicio-de-continguts\/components-de-portada\/","title":{"rendered":"Files de portada"},"content":{"rendered":"\n<p>Les files disponibles per a la portada s\u00f3n:<\/p>\n\n\n\n<div class=\"wp-block-media-text has-media-on-the-right is-stacked-on-mobile\"><div class=\"wp-block-media-text__content\">\n<h2 class=\"wp-block-heading\">Fila carrusel<\/h2>\n\n\n\n<p>Fila situada a la part superior que permet incorporar l\u2019asset <strong>Enlla\u00e7<\/strong>, configurat amb imatges de gran format o b\u00e9 v\u00eddeos, amb un petit text i l\u2019enlla\u00e7.<\/p>\n\n\n\n<div class=\"wp-block-buttons is-layout-flex wp-block-buttons-is-layout-flex\">\n<div class=\"wp-block-button\"><a class=\"wp-block-button__link wp-element-button\" href=\"https:\/\/webs.uab.cat\/webedit\/edicio-de-continguts\/components-de-portada\/fila-carrusel-imatge-o-video\/\">com fer un carrusel<\/a><\/div>\n<\/div>\n<\/div><figure class=\"wp-block-media-text__media\"><img loading=\"lazy\" decoding=\"async\" width=\"1000\" height=\"442\" src=\"https:\/\/webs.uab.cat\/webedit\/wp-content\/uploads\/sites\/667\/2025\/11\/carrusel.jpg\" alt=\"Exemple de fila de carrusel\" class=\"wp-image-5469 size-full\" srcset=\"https:\/\/webs.uab.cat\/webedit\/wp-content\/uploads\/sites\/667\/2025\/11\/carrusel.jpg 1000w, https:\/\/webs.uab.cat\/webedit\/wp-content\/uploads\/sites\/667\/2025\/11\/carrusel-300x133.jpg 300w, https:\/\/webs.uab.cat\/webedit\/wp-content\/uploads\/sites\/667\/2025\/11\/carrusel-768x339.jpg 768w\" sizes=\"auto, (max-width: 1000px) 100vw, 1000px\" \/><\/figure><\/div>\n\n\n\n<div class=\"wp-block-media-text is-stacked-on-mobile\"><figure class=\"wp-block-media-text__media\"><img loading=\"lazy\" decoding=\"async\" width=\"1000\" height=\"511\" src=\"https:\/\/webs.uab.cat\/webedit\/wp-content\/uploads\/sites\/667\/2025\/11\/anuncis.jpg\" alt=\"Exemple de fila d'anuncis a la portada\" class=\"wp-image-5463 size-full\" srcset=\"https:\/\/webs.uab.cat\/webedit\/wp-content\/uploads\/sites\/667\/2025\/11\/anuncis.jpg 1000w, https:\/\/webs.uab.cat\/webedit\/wp-content\/uploads\/sites\/667\/2025\/11\/anuncis-300x153.jpg 300w, https:\/\/webs.uab.cat\/webedit\/wp-content\/uploads\/sites\/667\/2025\/11\/anuncis-768x392.jpg 768w\" sizes=\"auto, (max-width: 1000px) 100vw, 1000px\" \/><\/figure><div class=\"wp-block-media-text__content\">\n<h2 class=\"wp-block-heading\">Fila d&#8217;anuncis<\/h2>\n\n\n\n<p>Serveix per mostrar informacions priorit\u00e0ries que \u00e9s important que els usuaris coneguin.<\/p>\n\n\n\n<div class=\"wp-block-buttons is-layout-flex wp-block-buttons-is-layout-flex\">\n<div class=\"wp-block-button\"><a class=\"wp-block-button__link wp-element-button\" href=\"https:\/\/webs.uab.cat\/webedit\/edicio-de-continguts\/components-de-portada\/fila-danuncis\/\">com fer la fila d&#8217;anuncis<\/a><\/div>\n<\/div>\n<\/div><\/div>\n\n\n\n<div class=\"wp-block-media-text has-media-on-the-right is-stacked-on-mobile\"><div class=\"wp-block-media-text__content\">\n<h2 class=\"wp-block-heading\">Fila de not\u00edcies<\/h2>\n\n\n\n<p>Permet afegir i treure assets de tipus <strong>Actualitat (Not\u00edcia)<\/strong> per decidir en quin ordre es mostren les not\u00edcies a la portada del lloc web. <\/p>\n\n\n\n<div class=\"wp-block-buttons is-layout-flex wp-block-buttons-is-layout-flex\">\n<div class=\"wp-block-button\"><a class=\"wp-block-button__link wp-element-button\" href=\"https:\/\/webs.uab.cat\/webedit\/edicio-de-continguts\/components-de-portada\/fila-de-noticies\/\">com fer la fila de not\u00edcies<\/a><\/div>\n<\/div>\n<\/div><figure class=\"wp-block-media-text__media\"><img loading=\"lazy\" decoding=\"async\" width=\"2770\" height=\"948\" src=\"https:\/\/webs.uab.cat\/webedit\/wp-content\/uploads\/sites\/667\/2024\/02\/fila-noticies-02.png\" alt=\"Exemple de fila de not\u00edcies en carrusel\" class=\"wp-image-5548 size-full\"\/><\/figure><\/div>\n\n\n\n<div class=\"wp-block-media-text is-stacked-on-mobile\"><figure class=\"wp-block-media-text__media\"><img loading=\"lazy\" decoding=\"async\" width=\"2608\" height=\"1018\" src=\"https:\/\/webs.uab.cat\/webedit\/wp-content\/uploads\/sites\/667\/2024\/02\/fila-agenda.png\" alt=\"Exemple de fila d'actvitats d'agenda\" class=\"wp-image-5539 size-full\"\/><\/figure><div class=\"wp-block-media-text__content\">\n<h2 class=\"wp-block-heading\">Fila d&#8217;agenda<\/h2>\n\n\n\n<p>Permet afegir i treure assets de tipus <strong>Actualitat (Activitat agenda)<\/strong> per decidir en quin ordre es mostren a la portada del lloc web.<\/p>\n\n\n\n<div class=\"wp-block-buttons is-layout-flex wp-block-buttons-is-layout-flex\">\n<div class=\"wp-block-button\"><a class=\"wp-block-button__link wp-element-button\" href=\"https:\/\/webs.uab.cat\/webedit\/edicio-de-continguts\/components-de-portada\/fila-dagenda\/\">com fer la fila d&#8217;AGENDA<\/a><\/div>\n<\/div>\n<\/div><\/div>\n\n\n\n<div class=\"wp-block-media-text has-media-on-the-right is-stacked-on-mobile\"><div class=\"wp-block-media-text__content\">\n<h2 class=\"wp-block-heading\">Fila d&#8217;enlla\u00e7os<\/h2>\n\n\n\n<p>Permet afegir i treure assets de tipus <strong>Enlla\u00e7<\/strong> (poden ser cap a p\u00e0gines internes, externes o documents). Hi ha diverses maneres de mostrar els enlla\u00e7os.<\/p>\n\n\n\n<div class=\"wp-block-buttons is-layout-flex wp-block-buttons-is-layout-flex\">\n<div class=\"wp-block-button\"><a class=\"wp-block-button__link wp-element-button\" href=\"https:\/\/webs.uab.cat\/webedit\/edicio-de-continguts\/components-de-portada\/fila-denllacos\/\">com fer la fila d&#8217;ENLLA\u00c7OS<\/a><\/div>\n<\/div>\n<\/div><figure class=\"wp-block-media-text__media\"><img loading=\"lazy\" decoding=\"async\" width=\"900\" height=\"718\" src=\"https:\/\/webs.uab.cat\/webedit\/wp-content\/uploads\/sites\/667\/2025\/11\/FilaBotons.jpg\" alt=\"Exemples de les 4 files de botons\" class=\"wp-image-5720 size-full\" srcset=\"https:\/\/webs.uab.cat\/webedit\/wp-content\/uploads\/sites\/667\/2025\/11\/FilaBotons.jpg 900w, https:\/\/webs.uab.cat\/webedit\/wp-content\/uploads\/sites\/667\/2025\/11\/FilaBotons-300x239.jpg 300w, https:\/\/webs.uab.cat\/webedit\/wp-content\/uploads\/sites\/667\/2025\/11\/FilaBotons-768x613.jpg 768w\" sizes=\"auto, (max-width: 900px) 100vw, 900px\" \/><\/figure><\/div>\n\n\n\n<div class=\"wp-block-media-text is-stacked-on-mobile\"><figure class=\"wp-block-media-text__media\"><img loading=\"lazy\" decoding=\"async\" width=\"2674\" height=\"1048\" src=\"https:\/\/webs.uab.cat\/webedit\/wp-content\/uploads\/sites\/667\/2024\/02\/fila-targetes-dist.png\" alt=\"Exemple de Fila de targetes distribu\u00efdores\" class=\"wp-image-5550 size-full\"\/><\/figure><div class=\"wp-block-media-text__content\">\n<h2 class=\"wp-block-heading\">Fila de targetes distribu\u00efdores<\/h2>\n\n\n\n<p>Permet crear blocs d\u2019enlla\u00e7os encap\u00e7alats per una imatge.<\/p>\n\n\n\n<div class=\"wp-block-buttons is-layout-flex wp-block-buttons-is-layout-flex\">\n<div class=\"wp-block-button\"><a class=\"wp-block-button__link wp-element-button\" href=\"https:\/\/webs.uab.cat\/webedit\/edicio-de-continguts\/components-de-portada\/fila-de-targetes-distribuidores\/\">com fer la fila de TARGETES DISTRIBU\u00cfDORES<\/a><\/div>\n<\/div>\n<\/div><\/div>\n\n\n\n<div class=\"wp-block-media-text has-media-on-the-right is-stacked-on-mobile\"><div class=\"wp-block-media-text__content\">\n<h2 class=\"wp-block-heading\">Fila de targetes p\u00f2ster<\/h2>\n\n\n\n<p>Aquesta fila mostra enlla\u00e7os en format p\u00f2ster: cada element inclou una imatge, el text de l\u2019enlla\u00e7 i, opcionalment, una petita descripci\u00f3.<\/p>\n\n\n\n<div class=\"wp-block-buttons is-layout-flex wp-block-buttons-is-layout-flex\">\n<div class=\"wp-block-button\"><a class=\"wp-block-button__link wp-element-button\" href=\"https:\/\/webs.uab.cat\/webedit\/edicio-de-continguts\/components-de-portada\/fila-de-targetes-poster\/\">com fer la fila de TARGETES P\u00d2STER<\/a><\/div>\n<\/div>\n<\/div><figure class=\"wp-block-media-text__media\"><img loading=\"lazy\" decoding=\"async\" width=\"2620\" height=\"1154\" src=\"https:\/\/webs.uab.cat\/webedit\/wp-content\/uploads\/sites\/667\/2024\/02\/fila-targetes-poster.png\" alt=\"Exemple de Fila de targetes p\u00f2ster\" class=\"wp-image-5551 size-full\"\/><\/figure><\/div>\n\n\n\n<div class=\"wp-block-media-text is-stacked-on-mobile\"><figure class=\"wp-block-media-text__media\"><img loading=\"lazy\" decoding=\"async\" width=\"2584\" height=\"960\" src=\"https:\/\/webs.uab.cat\/webedit\/wp-content\/uploads\/sites\/667\/2024\/02\/fila-difusio.png\" alt=\"Exemple de fila de difusi\u00f3\" class=\"wp-image-5542 size-full\"\/><\/figure><div class=\"wp-block-media-text__content\">\n<h2 class=\"wp-block-heading\">Fila de difusi\u00f3<\/h2>\n\n\n\n<p>Una forma molt visual de mostrar una imatge o un v\u00eddeo amb un petit text promocional. Pot contenir opcionalment alguns enlla\u00e7os en format bot\u00f3.<\/p>\n\n\n\n<div class=\"wp-block-buttons is-layout-flex wp-block-buttons-is-layout-flex\">\n<div class=\"wp-block-button\"><a class=\"wp-block-button__link wp-element-button\" href=\"https:\/\/webs.uab.cat\/webedit\/edicio-de-continguts\/components-de-portada\/fila-de-difusio\/\">com fer la fila de difusi\u00f3<\/a><\/div>\n<\/div>\n<\/div><\/div>\n\n\n\n<div class=\"wp-block-media-text has-media-on-the-right is-stacked-on-mobile\"><div class=\"wp-block-media-text__content\">\n<h2 class=\"wp-block-heading\">Fila de difusi\u00f3 carousel<\/h2>\n\n\n\n<p>Permet posar m\u00e9s d\u2019un m\u00f2dul de difusi\u00f3.<\/p>\n\n\n\n<div class=\"wp-block-buttons is-layout-flex wp-block-buttons-is-layout-flex\">\n<div class=\"wp-block-button\"><a class=\"wp-block-button__link wp-element-button\" href=\"https:\/\/webs.uab.cat\/webedit\/edicio-de-continguts\/components-de-portada\/fila-de-difusio-carrusel\/\">com fer la fila de difusi\u00f3 carrusel<\/a><\/div>\n<\/div>\n<\/div><figure class=\"wp-block-media-text__media\"><img loading=\"lazy\" decoding=\"async\" width=\"2620\" height=\"1414\" src=\"https:\/\/webs.uab.cat\/webedit\/wp-content\/uploads\/sites\/667\/2024\/02\/fila-difusio-carrusel.png\" alt=\"Exemple de fila de difusi\u00f3 carrusel\" class=\"wp-image-5541 size-full\"\/><\/figure><\/div>\n\n\n\n<div class=\"wp-block-media-text is-stacked-on-mobile\"><figure class=\"wp-block-media-text__media\"><img loading=\"lazy\" decoding=\"async\" width=\"2532\" height=\"820\" src=\"https:\/\/webs.uab.cat\/webedit\/wp-content\/uploads\/sites\/667\/2024\/02\/fila-imatges.png\" alt=\"Exemple de fila d'Imatges\" class=\"wp-image-5547 size-full\"\/><\/figure><div class=\"wp-block-media-text__content\">\n<h2 class=\"wp-block-heading\">Fila d&#8217;imatges<\/h2>\n\n\n\n<p>Convenient per mostrar segells de qualitat o logotips d\u2019entitats col\u00b7laboradores. Poden ser clicables o no.<\/p>\n\n\n\n<div class=\"wp-block-buttons is-layout-flex wp-block-buttons-is-layout-flex\">\n<div class=\"wp-block-button\"><a class=\"wp-block-button__link wp-element-button\" href=\"https:\/\/webs.uab.cat\/webedit\/edicio-de-continguts\/components-de-portada\/fila-dimatges\/\">com fer la fila d&#8217;imatges<\/a><\/div>\n<\/div>\n<\/div><\/div>\n\n\n\n<div class=\"wp-block-media-text has-media-on-the-right is-stacked-on-mobile\"><div class=\"wp-block-media-text__content\">\n<h2 class=\"wp-block-heading\">Fila de xifres<\/h2>\n\n\n\n<p>Permet destacar xifres a la portada.<\/p>\n\n\n\n<div class=\"wp-block-buttons is-layout-flex wp-block-buttons-is-layout-flex\">\n<div class=\"wp-block-button\"><a class=\"wp-block-button__link wp-element-button\" href=\"https:\/\/webs.uab.cat\/webedit\/edicio-de-continguts\/components-de-portada\/fila-de-xifres\/\">com fer la fila de xifres<\/a><\/div>\n<\/div>\n<\/div><figure class=\"wp-block-media-text__media\"><img loading=\"lazy\" decoding=\"async\" width=\"2744\" height=\"712\" src=\"https:\/\/webs.uab.cat\/webedit\/wp-content\/uploads\/sites\/667\/2024\/02\/fila-xifres.png\" alt=\"Exemple de Fila de Xifres\" class=\"wp-image-5552 size-full\"\/><\/figure><\/div>\n\n\n\n<div class=\"wp-block-media-text is-stacked-on-mobile\"><figure class=\"wp-block-media-text__media\"><img loading=\"lazy\" decoding=\"async\" width=\"1000\" height=\"571\" src=\"https:\/\/webs.uab.cat\/webedit\/wp-content\/uploads\/sites\/667\/2025\/11\/FilaTestimonis.jpg\" alt=\"Exemple de fila de testimonis\" class=\"wp-image-5556 size-full\" srcset=\"https:\/\/webs.uab.cat\/webedit\/wp-content\/uploads\/sites\/667\/2025\/11\/FilaTestimonis.jpg 1000w, https:\/\/webs.uab.cat\/webedit\/wp-content\/uploads\/sites\/667\/2025\/11\/FilaTestimonis-300x171.jpg 300w, https:\/\/webs.uab.cat\/webedit\/wp-content\/uploads\/sites\/667\/2025\/11\/FilaTestimonis-768x439.jpg 768w\" sizes=\"auto, (max-width: 1000px) 100vw, 1000px\" \/><\/figure><div class=\"wp-block-media-text__content\">\n<h2 class=\"wp-block-heading\">Fila de testimonis<\/h2>\n\n\n\n<p>Permet mostrar les experi\u00e8ncies dels usuaris o col\u00b7laboradors mitjan\u00e7ant una cita i una imatge o un v\u00eddeo.<\/p>\n\n\n\n<div class=\"wp-block-buttons is-layout-flex wp-block-buttons-is-layout-flex\">\n<div class=\"wp-block-button\"><a class=\"wp-block-button__link wp-element-button\" href=\"https:\/\/webs.uab.cat\/webedit\/edicio-de-continguts\/components-de-portada\/fila-de-testimonis\/\">com fer la fila de testimonis<\/a><\/div>\n<\/div>\n<\/div><\/div>\n\n\n\n<div class=\"wp-block-media-text has-media-on-the-right is-stacked-on-mobile\"><div class=\"wp-block-media-text__content\">\n<h2 class=\"wp-block-heading\">Fila de mediateca<\/h2>\n\n\n\n<p>Agrupa diferents&nbsp;assets multim\u00e8dia&nbsp;en una galeria que pot tenir dues visualitzacions.<\/p>\n\n\n\n<div class=\"wp-block-buttons is-layout-flex wp-block-buttons-is-layout-flex\">\n<div class=\"wp-block-button\"><a class=\"wp-block-button__link wp-element-button\" href=\"https:\/\/webs.uab.cat\/webedit\/edicio-de-continguts\/components-de-portada\/fila-de-mediateca\/\">com fer la fila de mediateca<\/a><\/div>\n<\/div>\n<\/div><figure class=\"wp-block-media-text__media\"><img loading=\"lazy\" decoding=\"async\" width=\"2694\" height=\"1324\" src=\"https:\/\/webs.uab.cat\/webedit\/wp-content\/uploads\/sites\/667\/2024\/02\/Captura-de-pantalla-2024-02-14-a-les-12.25.15.png\" alt=\"Exemple de Galeria Multim\u00e8dia en graella\" class=\"wp-image-5537 size-full\"\/><\/figure><\/div>\n","protected":false},"excerpt":{"rendered":"<p>Les files disponibles per a la portada s\u00f3n:<\/p>\n","protected":false},"author":7,"featured_media":0,"parent":4499,"menu_order":0,"comment_status":"closed","ping_status":"closed","template":"","meta":{"footnotes":""},"class_list":["post-4527","page","type-page","status-publish","hentry"],"_links":{"self":[{"href":"https:\/\/webs.uab.cat\/webedit\/wp-json\/wp\/v2\/pages\/4527","targetHints":{"allow":["GET"]}}],"collection":[{"href":"https:\/\/webs.uab.cat\/webedit\/wp-json\/wp\/v2\/pages"}],"about":[{"href":"https:\/\/webs.uab.cat\/webedit\/wp-json\/wp\/v2\/types\/page"}],"author":[{"embeddable":true,"href":"https:\/\/webs.uab.cat\/webedit\/wp-json\/wp\/v2\/users\/7"}],"replies":[{"embeddable":true,"href":"https:\/\/webs.uab.cat\/webedit\/wp-json\/wp\/v2\/comments?post=4527"}],"version-history":[{"count":53,"href":"https:\/\/webs.uab.cat\/webedit\/wp-json\/wp\/v2\/pages\/4527\/revisions"}],"predecessor-version":[{"id":7247,"href":"https:\/\/webs.uab.cat\/webedit\/wp-json\/wp\/v2\/pages\/4527\/revisions\/7247"}],"up":[{"embeddable":true,"href":"https:\/\/webs.uab.cat\/webedit\/wp-json\/wp\/v2\/pages\/4499"}],"wp:attachment":[{"href":"https:\/\/webs.uab.cat\/webedit\/wp-json\/wp\/v2\/media?parent=4527"}],"curies":[{"name":"wp","href":"https:\/\/api.w.org\/{rel}","templated":true}]}}