{"id":4529,"date":"2025-07-01T12:15:21","date_gmt":"2025-07-01T10:15:21","guid":{"rendered":"https:\/\/webs.uab.cat\/webedit\/?page_id=4529"},"modified":"2025-12-19T15:03:42","modified_gmt":"2025-12-19T13:03:42","slug":"components-de-les-pagines-interiors","status":"publish","type":"page","link":"https:\/\/webs.uab.cat\/webedit\/edicio-de-continguts\/components-de-les-pagines-interiors\/","title":{"rendered":"M\u00f2duls de p\u00e0gina interior"},"content":{"rendered":"\n<p>Els m\u00f2duls disponibles per a les p\u00e0gines interiors s\u00f3n:<\/p>\n\n\n\n<div class=\"wp-block-media-text has-media-on-the-right is-stacked-on-mobile\"><div class=\"wp-block-media-text__content\">\n<h2 class=\"wp-block-heading\">M\u00f2dul Banners CTA<\/h2>\n\n\n\n<p>Aquest m\u00f2dul permet inserir b\u00e0nners (\u00e9s a dir, enlla\u00e7os amb imatge o color de fons) en una zona del contingut central.<\/p>\n\n\n\n<div class=\"wp-block-buttons is-layout-flex wp-block-buttons-is-layout-flex\">\n<div class=\"wp-block-button\"><a class=\"wp-block-button__link wp-element-button\" href=\"https:\/\/webs.uab.cat\/webedit\/edicio-de-continguts\/components-de-les-pagines-interiors\/modul-de-banners-cta\/\">com fer un m\u00f2dul de banners cta<\/a><\/div>\n<\/div>\n<\/div><figure class=\"wp-block-media-text__media\"><img loading=\"lazy\" decoding=\"async\" width=\"1310\" height=\"1548\" src=\"https:\/\/webs.uab.cat\/webedit\/wp-content\/uploads\/sites\/667\/2024\/02\/bannersCTA.png\" alt=\"Exemple de m\u00f2dul de b\u00e0nners CTA\" class=\"wp-image-6184 size-full\"\/><\/figure><\/div>\n\n\n\n<div class=\"wp-block-media-text is-stacked-on-mobile\"><figure class=\"wp-block-media-text__media\"><img loading=\"lazy\" decoding=\"async\" width=\"880\" height=\"622\" src=\"https:\/\/webs.uab.cat\/webedit\/wp-content\/uploads\/sites\/667\/2023\/03\/modul-cataleg.jpg\" alt=\"Exemple de m\u00f2dul cat\u00e0leg\" class=\"wp-image-6181 size-full\"\/><\/figure><div class=\"wp-block-media-text__content\">\n<h2 class=\"wp-block-heading\">M\u00f2dul Cat\u00e0leg<\/h2>\n\n\n\n<p>Permet associar diversos&nbsp;assets tipus FitxaCataleg&nbsp;i ens aporta una visualitzaci\u00f3 molt agradable d\u2019una llista d\u2019elements<\/p>\n\n\n\n<div class=\"wp-block-buttons is-layout-flex wp-block-buttons-is-layout-flex\">\n<div class=\"wp-block-button\"><a class=\"wp-block-button__link wp-element-button\" href=\"https:\/\/webs.uab.cat\/webedit\/edicio-de-continguts\/components-de-les-pagines-interiors\/modul-cataleg\/\">com fer un m\u00f2dul de cat\u00e0leg<\/a><\/div>\n<\/div>\n<\/div><\/div>\n\n\n\n<div class=\"wp-block-media-text has-media-on-the-right is-stacked-on-mobile\"><div class=\"wp-block-media-text__content\">\n<h2 class=\"wp-block-heading\">M\u00f2dul Contacte<\/h2>\n\n\n\n<p>Amb aquest element posarem la informaci\u00f3 de contacte del servei.<\/p>\n\n\n\n<div class=\"wp-block-buttons is-layout-flex wp-block-buttons-is-layout-flex\">\n<div class=\"wp-block-button\"><a class=\"wp-block-button__link wp-element-button\" href=\"https:\/\/webs.uab.cat\/webedit\/edicio-de-continguts\/components-de-les-pagines-interiors\/modul-de-contacte\/\">com fer un m\u00f2dul de contacte<\/a><\/div>\n<\/div>\n<\/div><figure class=\"wp-block-media-text__media\"><img loading=\"lazy\" decoding=\"async\" width=\"560\" height=\"672\" src=\"https:\/\/webs.uab.cat\/webedit\/wp-content\/uploads\/sites\/667\/2025\/12\/exemple-contacte.jpg\" alt=\"Exemple de visualitzaci\u00f3 del m\u00f2dul contacte\" class=\"wp-image-6291 size-full\" srcset=\"https:\/\/webs.uab.cat\/webedit\/wp-content\/uploads\/sites\/667\/2025\/12\/exemple-contacte.jpg 560w, https:\/\/webs.uab.cat\/webedit\/wp-content\/uploads\/sites\/667\/2025\/12\/exemple-contacte-250x300.jpg 250w\" sizes=\"auto, (max-width: 560px) 100vw, 560px\" \/><\/figure><\/div>\n\n\n\n<div class=\"wp-block-media-text is-stacked-on-mobile\"><figure class=\"wp-block-media-text__media\"><img loading=\"lazy\" decoding=\"async\" width=\"844\" height=\"687\" src=\"https:\/\/webs.uab.cat\/webedit\/wp-content\/uploads\/sites\/667\/2025\/05\/1moduls.jpg\" alt=\"Exemple d'un m\u00f2dul de textos desplegables\" class=\"wp-image-6180 size-full\"\/><\/figure><div class=\"wp-block-media-text__content\">\n<h2 class=\"wp-block-heading\">M\u00f2dul Desplegables<\/h2>\n\n\n\n<p>Permet agrupar en desplegables un o diversos textos, que s\u00f3n assets tipus \u201cText General\u201d.<\/p>\n\n\n\n<div class=\"wp-block-buttons is-layout-flex wp-block-buttons-is-layout-flex\">\n<div class=\"wp-block-button\"><a class=\"wp-block-button__link wp-element-button\" href=\"https:\/\/webs.uab.cat\/webedit\/edicio-de-continguts\/components-de-les-pagines-interiors\/modul-de-desplegables\/\">com fer un m\u00f2dul de desplegables<\/a><\/div>\n<\/div>\n<\/div><\/div>\n\n\n\n<div class=\"wp-block-media-text has-media-on-the-right is-stacked-on-mobile\"><div class=\"wp-block-media-text__content\">\n<h2 class=\"wp-block-heading\">M\u00f2dul Difusi\u00f3<\/h2>\n\n\n\n<p>Una forma molt visual de mostrar una imatge o un v\u00eddeo amb un petit text promocional. Pot contenir opcionalment alguns enlla\u00e7os en format bot\u00f3.<\/p>\n\n\n\n<div class=\"wp-block-buttons is-layout-flex wp-block-buttons-is-layout-flex\">\n<div class=\"wp-block-button\"><a class=\"wp-block-button__link wp-element-button\" href=\"https:\/\/webs.uab.cat\/webedit\/edicio-de-continguts\/components-de-les-pagines-interiors\/modul-de-difusio\/\">COM FER UN M\u00d2DUL DE DIFUSI\u00d3<\/a><\/div>\n<\/div>\n<\/div><figure class=\"wp-block-media-text__media\"><img loading=\"lazy\" decoding=\"async\" width=\"900\" height=\"350\" src=\"https:\/\/webs.uab.cat\/webedit\/wp-content\/uploads\/sites\/667\/2025\/12\/exemple-difusio.jpg\" alt=\"Exemple de visualitzaci\u00f3 del m\u00f2dul de difusi\u00f3\" class=\"wp-image-6306 size-full\" srcset=\"https:\/\/webs.uab.cat\/webedit\/wp-content\/uploads\/sites\/667\/2025\/12\/exemple-difusio.jpg 900w, https:\/\/webs.uab.cat\/webedit\/wp-content\/uploads\/sites\/667\/2025\/12\/exemple-difusio-300x117.jpg 300w, https:\/\/webs.uab.cat\/webedit\/wp-content\/uploads\/sites\/667\/2025\/12\/exemple-difusio-768x299.jpg 768w\" sizes=\"auto, (max-width: 900px) 100vw, 900px\" \/><\/figure><\/div>\n\n\n\n<div class=\"wp-block-media-text is-stacked-on-mobile\"><figure class=\"wp-block-media-text__media\"><img loading=\"lazy\" decoding=\"async\" width=\"2674\" height=\"1048\" src=\"https:\/\/webs.uab.cat\/webedit\/wp-content\/uploads\/sites\/667\/2024\/02\/fila-targetes-dist.png\" alt=\"Exemple de Fila de targetes distribu\u00efdores\" class=\"wp-image-5550 size-full\"\/><\/figure><div class=\"wp-block-media-text__content\">\n<h2 class=\"wp-block-heading\">M\u00f2dul Distribuidora<\/h2>\n\n\n\n<p>Aquest asset permet crear blocs d\u2019enlla\u00e7os encap\u00e7alats per una imatge a la portada del nostre lloc web.<\/p>\n\n\n\n<div class=\"wp-block-buttons is-layout-flex wp-block-buttons-is-layout-flex\">\n<div class=\"wp-block-button\"><a class=\"wp-block-button__link wp-element-button\" href=\"https:\/\/webs.uab.cat\/webedit\/edicio-de-continguts\/components-de-les-pagines-interiors\/modul-de-distribuidora\/\">com fer un m\u00f2dul de distribuidora<\/a><\/div>\n<\/div>\n<\/div><\/div>\n\n\n\n<div class=\"wp-block-media-text has-media-on-the-right is-stacked-on-mobile\"><div class=\"wp-block-media-text__content\">\n<h2 class=\"wp-block-heading\">M\u00f2dul Enlla\u00e7os<\/h2>\n\n\n\n<p>Permet agrupar diversos&nbsp;<strong>assets enlla\u00e7os<\/strong>&nbsp;(cap a p\u00e0gines i\/o cap a documents) en una llista visual d\u2019informaci\u00f3 d\u2019inter\u00e8s.<\/p>\n\n\n\n<div class=\"wp-block-buttons is-layout-flex wp-block-buttons-is-layout-flex\">\n<div class=\"wp-block-button\"><a class=\"wp-block-button__link wp-element-button\" href=\"https:\/\/webs.uab.cat\/webedit\/edicio-de-continguts\/components-de-les-pagines-interiors\/modul-denllacos\/\">com fer un m\u00f2dul d&#8217;enlla\u00e7os<\/a><\/div>\n<\/div>\n<\/div><figure class=\"wp-block-media-text__media\"><img loading=\"lazy\" decoding=\"async\" width=\"1266\" height=\"596\" src=\"https:\/\/webs.uab.cat\/webedit\/wp-content\/uploads\/sites\/667\/2024\/02\/Captura-de-pantalla-2024-02-13-a-les-15.13.33.png\" alt=\"Exemple de m\u00f2duls d'enlla\u00e7os\" class=\"wp-image-6183 size-full\"\/><\/figure><\/div>\n\n\n\n<div class=\"wp-block-media-text is-stacked-on-mobile\"><figure class=\"wp-block-media-text__media\"><img loading=\"lazy\" decoding=\"async\" width=\"1728\" height=\"2108\" src=\"https:\/\/webs.uab.cat\/webedit\/wp-content\/uploads\/sites\/667\/2024\/02\/fitxes-manuals.png\" alt=\"Exemple de m\u00f2dul fitxes\" class=\"wp-image-6185 size-full\"\/><\/figure><div class=\"wp-block-media-text__content\">\n<h2 class=\"wp-block-heading\">M\u00f2dul Fitxes<\/h2>\n\n\n\n<p>Permet col\u00b7locar fitxes a la part central. Per\u00f2 no amb un llistat autom\u00e0tic sin\u00f3 associant les fitxes concretes que volem posar, i amb l\u2019ordre que es desitgi.<\/p>\n\n\n\n<div class=\"wp-block-buttons is-layout-flex wp-block-buttons-is-layout-flex\">\n<div class=\"wp-block-button\"><a class=\"wp-block-button__link wp-element-button\" href=\"https:\/\/webs.uab.cat\/webedit\/edicio-de-continguts\/components-de-les-pagines-interiors\/modul-de-fitxes\/\">com fer un m\u00f2dul de fitxes<\/a><\/div>\n<\/div>\n<\/div><\/div>\n\n\n\n<div class=\"wp-block-media-text has-media-on-the-right is-stacked-on-mobile\"><div class=\"wp-block-media-text__content\">\n<h2 class=\"wp-block-heading\">M\u00f2dul Imatges<\/h2>\n\n\n\n<p>Convenient per mostrar segells de qualitat o logotips d\u2019entitats col\u00b7laboradores. Poden ser clicables o no.<\/p>\n\n\n\n<div class=\"wp-block-buttons is-layout-flex wp-block-buttons-is-layout-flex\">\n<div class=\"wp-block-button\"><a class=\"wp-block-button__link wp-element-button\" href=\"https:\/\/webs.uab.cat\/webedit\/edicio-de-continguts\/components-de-les-pagines-interiors\/modul-dimatges\/\">com fer un m\u00f2dul d&#8217;imatges<\/a><\/div>\n<\/div>\n<\/div><figure class=\"wp-block-media-text__media\"><img loading=\"lazy\" decoding=\"async\" width=\"1296\" height=\"496\" src=\"https:\/\/webs.uab.cat\/webedit\/wp-content\/uploads\/sites\/667\/2024\/02\/imatges-logotips.png\" alt=\"Exemple de m\u00f2dul d'imatges\" class=\"wp-image-6186 size-full\"\/><\/figure><\/div>\n\n\n\n<div class=\"wp-block-media-text is-stacked-on-mobile\"><figure class=\"wp-block-media-text__media\"><img loading=\"lazy\" decoding=\"async\" width=\"1182\" height=\"1196\" src=\"https:\/\/webs.uab.cat\/webedit\/wp-content\/uploads\/sites\/667\/2024\/02\/modul-media.png\" alt=\"Exemple de m\u00f2dul de media\" class=\"wp-image-6187 size-full\"\/><\/figure><div class=\"wp-block-media-text__content\">\n<h2 class=\"wp-block-heading\">M\u00f2dul Media<\/h2>\n\n\n\n<p>Si volem que un asset multim\u00e8dia ocupi tota l\u2019amplada del contingut central, podem utilitzar el m\u00f2dul anomenat M\u00e8dia<\/p>\n\n\n\n<div class=\"wp-block-buttons is-layout-flex wp-block-buttons-is-layout-flex\">\n<div class=\"wp-block-button\"><a class=\"wp-block-button__link wp-element-button\" href=\"https:\/\/webs.uab.cat\/webedit\/edicio-de-continguts\/components-de-les-pagines-interiors\/modul-de-media\/\">com fer un m\u00f2dul de media<\/a><\/div>\n<\/div>\n<\/div><\/div>\n\n\n\n<div class=\"wp-block-media-text has-media-on-the-right is-stacked-on-mobile\"><div class=\"wp-block-media-text__content\">\n<h2 class=\"wp-block-heading\">M\u00f2dul Mediateca<\/h2>\n\n\n\n<p>Aquest m\u00f2dul ens permet agrupar els diferents assets multim\u00e8dia en una galeria.<\/p>\n\n\n\n<div class=\"wp-block-buttons is-layout-flex wp-block-buttons-is-layout-flex\">\n<div class=\"wp-block-button\"><a class=\"wp-block-button__link wp-element-button\" href=\"https:\/\/webs.uab.cat\/webedit\/edicio-de-continguts\/components-de-les-pagines-interiors\/modul-de-mediateca\/\">com fer un m\u00f2dul de mediateca<\/a><\/div>\n<\/div>\n<\/div><figure class=\"wp-block-media-text__media\"><img loading=\"lazy\" decoding=\"async\" width=\"932\" height=\"699\" src=\"https:\/\/webs.uab.cat\/webedit\/wp-content\/uploads\/sites\/667\/2024\/02\/1-Galeria-Visualizacion-1-edited.png\" alt=\"Exemple de m\u00f2dul galeria multim\u00e8dia\" class=\"wp-image-6182 size-full\"\/><\/figure><\/div>\n\n\n\n<div class=\"wp-block-media-text is-stacked-on-mobile\"><figure class=\"wp-block-media-text__media\"><img loading=\"lazy\" decoding=\"async\" width=\"1908\" height=\"1992\" src=\"https:\/\/webs.uab.cat\/webedit\/wp-content\/uploads\/sites\/667\/2024\/02\/targetes.png\" alt=\"Exemple de m\u00f2dul de targetes\" class=\"wp-image-6188 size-full\"\/><\/figure><div class=\"wp-block-media-text__content\">\n<h2 class=\"wp-block-heading\">M\u00f2dul Targetes<\/h2>\n\n\n\n<p>Una altra manera de mostrar elements visuals, seria la de les targetes. Ser\u00e0 un m\u00f2dul que ens permetr\u00e0 agrupar assets de tipus targeta.<\/p>\n\n\n\n<div class=\"wp-block-buttons is-layout-flex wp-block-buttons-is-layout-flex\">\n<div class=\"wp-block-button\"><a class=\"wp-block-button__link wp-element-button\" href=\"https:\/\/webs.uab.cat\/webedit\/edicio-de-continguts\/components-de-les-pagines-interiors\/modul-de-targetes\/\">com fer un m\u00f2dul de targetes<\/a><\/div>\n<\/div>\n<\/div><\/div>\n\n\n\n<div class=\"wp-block-media-text has-media-on-the-right is-stacked-on-mobile\"><div class=\"wp-block-media-text__content\">\n<h2 class=\"wp-block-heading\">M\u00f2dul Testimonis<\/h2>\n\n\n\n<p>Permet mostrar les experi\u00e8ncies dels usuaris o col\u00b7laboradors mitjan\u00e7ant una cita i una imatge o un v\u00eddeo.<\/p>\n\n\n\n<div class=\"wp-block-buttons is-layout-flex wp-block-buttons-is-layout-flex\">\n<div class=\"wp-block-button\"><a class=\"wp-block-button__link wp-element-button\" href=\"https:\/\/webs.uab.cat\/webedit\/edicio-de-continguts\/components-de-les-pagines-interiors\/modul-de-testimonis\/\">com fer un m\u00f2dul de testimonis<\/a><\/div>\n<\/div>\n<\/div><figure class=\"wp-block-media-text__media\"><img loading=\"lazy\" decoding=\"async\" width=\"1000\" height=\"571\" src=\"https:\/\/webs.uab.cat\/webedit\/wp-content\/uploads\/sites\/667\/2025\/11\/FilaTestimonis.jpg\" alt=\"Exemple de fila o m\u00f2dul de testimonis\" class=\"wp-image-5556 size-full\" srcset=\"https:\/\/webs.uab.cat\/webedit\/wp-content\/uploads\/sites\/667\/2025\/11\/FilaTestimonis.jpg 1000w, https:\/\/webs.uab.cat\/webedit\/wp-content\/uploads\/sites\/667\/2025\/11\/FilaTestimonis-300x171.jpg 300w, https:\/\/webs.uab.cat\/webedit\/wp-content\/uploads\/sites\/667\/2025\/11\/FilaTestimonis-768x439.jpg 768w\" sizes=\"auto, (max-width: 1000px) 100vw, 1000px\" \/><\/figure><\/div>\n\n\n\n<div class=\"wp-block-media-text is-stacked-on-mobile\"><figure class=\"wp-block-media-text__media\"><img loading=\"lazy\" decoding=\"async\" width=\"900\" height=\"647\" src=\"https:\/\/webs.uab.cat\/webedit\/wp-content\/uploads\/sites\/667\/2025\/12\/ModulText.jpg\" alt=\"Exemple de visualtzaci\u00f3 d'una p\u00e0gina amb taula de continguts fet amb m\u00f2duls de text\" class=\"wp-image-6877 size-full\" srcset=\"https:\/\/webs.uab.cat\/webedit\/wp-content\/uploads\/sites\/667\/2025\/12\/ModulText.jpg 900w, https:\/\/webs.uab.cat\/webedit\/wp-content\/uploads\/sites\/667\/2025\/12\/ModulText-300x216.jpg 300w, https:\/\/webs.uab.cat\/webedit\/wp-content\/uploads\/sites\/667\/2025\/12\/ModulText-768x552.jpg 768w\" sizes=\"auto, (max-width: 900px) 100vw, 900px\" \/><\/figure><div class=\"wp-block-media-text__content\">\n<h2 class=\"wp-block-heading\">M\u00f2dul Text<\/h2>\n\n\n\n<p>Farem servir m\u00f2duls de text quan en una p\u00e0gina vulguem intercalar diferents blocs de text entre altres m\u00f2duls d\u2019una p\u00e0gina interior o en un asset tipus Fitxa.<\/p>\n\n\n\n<div class=\"wp-block-buttons is-layout-flex wp-block-buttons-is-layout-flex\">\n<div class=\"wp-block-button\"><a class=\"wp-block-button__link wp-element-button\" href=\"https:\/\/webs.uab.cat\/webedit\/edicio-de-continguts\/components-de-les-pagines-interiors\/modul-de-text\/\">com fer un m\u00f2dul de text<\/a><\/div>\n<\/div>\n<\/div><\/div>\n\n\n\n<div class=\"wp-block-media-text has-media-on-the-right is-stacked-on-mobile\"><div class=\"wp-block-media-text__content\">\n<h2 class=\"wp-block-heading\">M\u00f2dul Xifres<\/h2>\n\n\n\n<p>Serveix per poder destacar xifres rellevants de l\u2019\u00e0mbit o servei de la web que s\u2019est\u00e0 editant.&nbsp;<\/p>\n\n\n\n<div class=\"wp-block-buttons is-layout-flex wp-block-buttons-is-layout-flex\">\n<div class=\"wp-block-button\"><a class=\"wp-block-button__link wp-element-button\" href=\"https:\/\/webs.uab.cat\/webedit\/edicio-de-continguts\/components-de-les-pagines-interiors\/modul-de-xifres\/\">com fer un m\u00f2dul de xifres<\/a><\/div>\n<\/div>\n<\/div><figure class=\"wp-block-media-text__media\"><img loading=\"lazy\" decoding=\"async\" width=\"900\" height=\"265\" src=\"https:\/\/webs.uab.cat\/webedit\/wp-content\/uploads\/sites\/667\/2025\/12\/modul-xifres.jpg\" alt=\"Exemple de visualitzaci\u00f3 del m\u00f2dul de xifres\" class=\"wp-image-6470 size-full\" srcset=\"https:\/\/webs.uab.cat\/webedit\/wp-content\/uploads\/sites\/667\/2025\/12\/modul-xifres.jpg 900w, https:\/\/webs.uab.cat\/webedit\/wp-content\/uploads\/sites\/667\/2025\/12\/modul-xifres-300x88.jpg 300w, https:\/\/webs.uab.cat\/webedit\/wp-content\/uploads\/sites\/667\/2025\/12\/modul-xifres-768x226.jpg 768w\" sizes=\"auto, (max-width: 900px) 100vw, 900px\" \/><\/figure><\/div>\n\n\n\n<h2 class=\"wp-block-heading\">Ubicaci\u00f3 m\u00f2duls dins de la p\u00e0gina<\/h2>\n\n\n\n<div class=\"wp-block-columns is-layout-flex wp-container-core-columns-is-layout-9d6595d7 wp-block-columns-is-layout-flex\">\n<div class=\"wp-block-column is-layout-flow wp-block-column-is-layout-flow\">\n<h3 class=\"wp-block-heading\">M\u00f2duls espai central<\/h3>\n\n\n\n<p>Podem fer servir tots els tipus de m\u00f2dul<\/p>\n<\/div>\n\n\n\n<div class=\"wp-block-column is-layout-flow wp-block-column-is-layout-flow\">\n<h3 class=\"wp-block-heading\">M\u00f2duls columna dreta<\/h3>\n\n\n\n<ul class=\"wp-block-list\">\n<li>Banners CTA<\/li>\n\n\n\n<li>Contacte<\/li>\n\n\n\n<li>Desplegables<\/li>\n\n\n\n<li>Enlla\u00e7os<\/li>\n\n\n\n<li>Imatges<\/li>\n\n\n\n<li>Targeta<\/li>\n<\/ul>\n<\/div>\n<\/div>\n","protected":false},"excerpt":{"rendered":"<p>Els m\u00f2duls disponibles per a les p\u00e0gines interiors s\u00f3n: Ubicaci\u00f3 m\u00f2duls dins de la p\u00e0gina M\u00f2duls espai central Podem fer servir tots els tipus de m\u00f2dul M\u00f2duls columna dreta<\/p>\n","protected":false},"author":7,"featured_media":0,"parent":4499,"menu_order":0,"comment_status":"closed","ping_status":"closed","template":"","meta":{"footnotes":""},"class_list":["post-4529","page","type-page","status-publish","hentry"],"_links":{"self":[{"href":"https:\/\/webs.uab.cat\/webedit\/wp-json\/wp\/v2\/pages\/4529","targetHints":{"allow":["GET"]}}],"collection":[{"href":"https:\/\/webs.uab.cat\/webedit\/wp-json\/wp\/v2\/pages"}],"about":[{"href":"https:\/\/webs.uab.cat\/webedit\/wp-json\/wp\/v2\/types\/page"}],"author":[{"embeddable":true,"href":"https:\/\/webs.uab.cat\/webedit\/wp-json\/wp\/v2\/users\/7"}],"replies":[{"embeddable":true,"href":"https:\/\/webs.uab.cat\/webedit\/wp-json\/wp\/v2\/comments?post=4529"}],"version-history":[{"count":39,"href":"https:\/\/webs.uab.cat\/webedit\/wp-json\/wp\/v2\/pages\/4529\/revisions"}],"predecessor-version":[{"id":7135,"href":"https:\/\/webs.uab.cat\/webedit\/wp-json\/wp\/v2\/pages\/4529\/revisions\/7135"}],"up":[{"embeddable":true,"href":"https:\/\/webs.uab.cat\/webedit\/wp-json\/wp\/v2\/pages\/4499"}],"wp:attachment":[{"href":"https:\/\/webs.uab.cat\/webedit\/wp-json\/wp\/v2\/media?parent=4529"}],"curies":[{"name":"wp","href":"https:\/\/api.w.org\/{rel}","templated":true}]}}