{"id":4542,"date":"2025-07-04T12:08:23","date_gmt":"2025-07-04T10:08:23","guid":{"rendered":"https:\/\/webs.uab.cat\/webedit\/?page_id=4542"},"modified":"2025-12-17T16:56:40","modified_gmt":"2025-12-17T14:56:40","slug":"que-es-oracle","status":"publish","type":"page","link":"https:\/\/webs.uab.cat\/webedit\/primeres-passes\/que-es-oracle\/","title":{"rendered":"Qu\u00e8 \u00e9s Oracle OWS?"},"content":{"rendered":"\n<p>Oracle WebCenter Sites \u00e9s un gestor de continguts (CMS \u2013 Content Management System). Els CMS s\u00f3n aplicacions de programari que permeten crear, gestionar i modificar contingut digital sense necessitat de coneixements t\u00e8cnics avan\u00e7ats en programaci\u00f3. S\u00f3n \u00e0mpliament utilitzats per a la creaci\u00f3 i administraci\u00f3 de llocs web, blogs, botigues en l\u00ednia i altres plataformes digitals.<\/p>\n\n\n\n<h2 class=\"wp-block-heading\">Caracter\u00edstiques principals d&#8217;un gestor de continguts<\/h2>\n\n\n\n<ol class=\"wp-block-list\">\n<li><strong>Interf\u00edcie d&#8217;edici\u00f3 senzilla:<\/strong> els usuaris poden crear i editar contingut mitjan\u00e7ant formularis amb editors visuals (WYSIWYG \u2013 What You See Is What You Get).<\/li>\n\n\n\n<li><strong>Gesti\u00f3 de contingut:<\/strong> facilita l\u2019organitzaci\u00f3, classificaci\u00f3 i emmagatzematge del contingut.<\/li>\n\n\n\n<li><strong>Control d&#8217;acc\u00e9s:<\/strong> permet definir nivells de permisos per a usuaris i grups, assegurant que nom\u00e9s persones autoritzades puguin modificar certs continguts.<\/li>\n\n\n\n<li><strong>Plantilles i temes:<\/strong> ofereix plantilles predefinides per canviar l\u2019aparen\u00e7a del lloc web sense modificar el codi.<\/li>\n\n\n\n<li><strong>SEO:<\/strong> proporciona eines per optimitzar el contingut per als motors de cerca, millorant la visibilitat del lloc web.<\/li>\n<\/ol>\n\n\n\n<h2 class=\"wp-block-heading\">Oracle WebCenter Sites a la UAB<\/h2>\n\n\n\n<p>Oracle WebCenter Sites est\u00e0 dissenyat per gestionar grans volums de contingut i tr\u00e0nsit web. No totes les webs de la UAB utilitzen Oracle: les p\u00e0gines que no tenen cabuda en el portal principal per\u00f2 tenen inter\u00e8s institucional fan servir el gestor de continguts WordPress.<\/p>\n\n\n\n<h2 class=\"wp-block-heading\">M\u00e9s informaci\u00f3<\/h2>\n\n\n\n<div style=\"width: 100%;\"><div style=\"position: relative; padding-bottom: 56.25%; padding-top: 0; height: 0;\"><iframe loading=\"lazy\" title=\"Sessi\u00f3 1 - OWS\" frameborder=\"0\" width=\"1200\" height=\"675\" style=\"position: absolute; top: 0; left: 0; width: 100%; height: 100%;\" src=\"https:\/\/view.genially.com\/6798bfb9dc7b243f29ff59f4\" type=\"text\/html\" allowscriptaccess=\"always\" allowfullscreen=\"true\" scrolling=\"yes\" allownetworking=\"all\"><\/iframe> <\/div> <\/div>\n","protected":false},"excerpt":{"rendered":"<p>Oracle WebCenter Sites \u00e9s un gestor de continguts (CMS \u2013 Content Management System). Els CMS s\u00f3n aplicacions de programari que permeten crear, gestionar i modificar contingut digital sense necessitat de coneixements t\u00e8cnics avan\u00e7ats en programaci\u00f3. S\u00f3n \u00e0mpliament utilitzats per a la creaci\u00f3 i administraci\u00f3 de llocs web, blogs, botigues en l\u00ednia i altres plataformes digitals. [&hellip;]<\/p>\n","protected":false},"author":24,"featured_media":0,"parent":4497,"menu_order":0,"comment_status":"closed","ping_status":"closed","template":"","meta":{"footnotes":""},"class_list":["post-4542","page","type-page","status-publish","hentry"],"_links":{"self":[{"href":"https:\/\/webs.uab.cat\/webedit\/wp-json\/wp\/v2\/pages\/4542","targetHints":{"allow":["GET"]}}],"collection":[{"href":"https:\/\/webs.uab.cat\/webedit\/wp-json\/wp\/v2\/pages"}],"about":[{"href":"https:\/\/webs.uab.cat\/webedit\/wp-json\/wp\/v2\/types\/page"}],"author":[{"embeddable":true,"href":"https:\/\/webs.uab.cat\/webedit\/wp-json\/wp\/v2\/users\/24"}],"replies":[{"embeddable":true,"href":"https:\/\/webs.uab.cat\/webedit\/wp-json\/wp\/v2\/comments?post=4542"}],"version-history":[{"count":10,"href":"https:\/\/webs.uab.cat\/webedit\/wp-json\/wp\/v2\/pages\/4542\/revisions"}],"predecessor-version":[{"id":7030,"href":"https:\/\/webs.uab.cat\/webedit\/wp-json\/wp\/v2\/pages\/4542\/revisions\/7030"}],"up":[{"embeddable":true,"href":"https:\/\/webs.uab.cat\/webedit\/wp-json\/wp\/v2\/pages\/4497"}],"wp:attachment":[{"href":"https:\/\/webs.uab.cat\/webedit\/wp-json\/wp\/v2\/media?parent=4542"}],"curies":[{"name":"wp","href":"https:\/\/api.w.org\/{rel}","templated":true}]}}