{"id":4628,"date":"2025-07-07T11:14:39","date_gmt":"2025-07-07T09:14:39","guid":{"rendered":"https:\/\/webs.uab.cat\/webedit\/?page_id=4628"},"modified":"2025-12-18T15:59:58","modified_gmt":"2025-12-18T13:59:58","slug":"cerca-avancada","status":"publish","type":"page","link":"https:\/\/webs.uab.cat\/webedit\/primeres-passes\/cerca-avancada\/","title":{"rendered":"Cerca avan\u00e7ada"},"content":{"rendered":"\n<p>Hi ha una opci\u00f3 interessant: <strong>guardar la cerca<\/strong>. D\u2019aquesta manera, la cerca apareixer\u00e0 a la p\u00e0gina inicial quan accedim a Oracle. Un exemple \u00fatil pot ser preparar una cerca dels assets que l\u2019usuari ha modificat durant l\u2019\u00faltima setmana. Per fer-ho, cal comen\u00e7ar per anar a la <strong>B\u00fasqueda avanzada<\/strong>:<\/p>\n\n\n<div class=\"wp-block-image\">\n<figure class=\"aligncenter size-full\"><img loading=\"lazy\" decoding=\"async\" width=\"621\" height=\"487\" src=\"https:\/\/webs.uab.cat\/webedit\/wp-content\/uploads\/sites\/667\/2025\/07\/cercador-cerca-avancada.jpg\" alt=\"Captura de pantalla parcial del cercador d'assets a Oracle Webcenter Sites\" class=\"wp-image-4639\" srcset=\"https:\/\/webs.uab.cat\/webedit\/wp-content\/uploads\/sites\/667\/2025\/07\/cercador-cerca-avancada.jpg 621w, https:\/\/webs.uab.cat\/webedit\/wp-content\/uploads\/sites\/667\/2025\/07\/cercador-cerca-avancada-300x235.jpg 300w\" sizes=\"auto, (max-width: 621px) 100vw, 621px\" \/><\/figure>\n<\/div>\n\n<div class=\"wp-block-image\">\n<figure class=\"aligncenter size-full\"><img loading=\"lazy\" decoding=\"async\" width=\"609\" height=\"827\" src=\"https:\/\/webs.uab.cat\/webedit\/wp-content\/uploads\/sites\/667\/2025\/07\/cercador-formulari-cerca-avancada.jpg\" alt=\"Captura de pantalla parcial del formulari de cerca avan\u00e7ada a Oracle Webcenter Sites\" class=\"wp-image-4638\" srcset=\"https:\/\/webs.uab.cat\/webedit\/wp-content\/uploads\/sites\/667\/2025\/07\/cercador-formulari-cerca-avancada.jpg 609w, https:\/\/webs.uab.cat\/webedit\/wp-content\/uploads\/sites\/667\/2025\/07\/cercador-formulari-cerca-avancada-221x300.jpg 221w\" sizes=\"auto, (max-width: 609px) 100vw, 609px\" \/><\/figure>\n<\/div>\n\n\n<p>Un cop realitzada la cerca, cliquem l\u2019enlla\u00e7 <strong>Guardar b\u00fasqueda<\/strong>:<\/p>\n\n\n\n<figure class=\"wp-block-image size-full\"><img loading=\"lazy\" decoding=\"async\" width=\"842\" height=\"154\" src=\"https:\/\/webs.uab.cat\/webedit\/wp-content\/uploads\/sites\/667\/2025\/07\/guardarbusqueda.jpg\" alt=\"Captura de pantalla parcial amb la opci\u00f3 de Guardar b\u00fasqueda a Oracle Webcenter Sites resaltada\" class=\"wp-image-4637\" srcset=\"https:\/\/webs.uab.cat\/webedit\/wp-content\/uploads\/sites\/667\/2025\/07\/guardarbusqueda.jpg 842w, https:\/\/webs.uab.cat\/webedit\/wp-content\/uploads\/sites\/667\/2025\/07\/guardarbusqueda-300x55.jpg 300w, https:\/\/webs.uab.cat\/webedit\/wp-content\/uploads\/sites\/667\/2025\/07\/guardarbusqueda-768x140.jpg 768w\" sizes=\"auto, (max-width: 842px) 100vw, 842px\" \/><\/figure>\n\n\n\n<p>Aleshores, apareix un petit quadre on podem posar un nom a la cerca personalitzada, que sigui prou entenedor:<\/p>\n\n\n<div class=\"wp-block-image\">\n<figure class=\"aligncenter size-full\"><img loading=\"lazy\" decoding=\"async\" width=\"399\" height=\"182\" src=\"https:\/\/webs.uab.cat\/webedit\/wp-content\/uploads\/sites\/667\/2025\/07\/cercador-dialeg-guardar-cerca.jpg\" alt=\"Captura de pantalla parcial del di\u00e0leg de guardar cerca a Oracle Webcenter Sites\" class=\"wp-image-4636\" srcset=\"https:\/\/webs.uab.cat\/webedit\/wp-content\/uploads\/sites\/667\/2025\/07\/cercador-dialeg-guardar-cerca.jpg 399w, https:\/\/webs.uab.cat\/webedit\/wp-content\/uploads\/sites\/667\/2025\/07\/cercador-dialeg-guardar-cerca-300x137.jpg 300w\" sizes=\"auto, (max-width: 399px) 100vw, 399px\" \/><\/figure>\n<\/div>\n\n\n<p>Finalment, cliquem el bot\u00f3 <strong>Guardar<\/strong>.<\/p>\n\n\n\n<p>Aix\u00ed, la cerca apareixer\u00e0 a la caixa inicial <strong>B\u00fasquedas guardadas<\/strong>:<\/p>\n\n\n<div class=\"wp-block-image\">\n<figure class=\"aligncenter size-full\"><img loading=\"lazy\" decoding=\"async\" width=\"842\" height=\"174\" src=\"https:\/\/webs.uab.cat\/webedit\/wp-content\/uploads\/sites\/667\/2025\/07\/busquedas.jpg\" alt=\"Captura de pantalla parcial del llistat de Cerques guardades a Oracle Webcenter Sites\" class=\"wp-image-4635\" srcset=\"https:\/\/webs.uab.cat\/webedit\/wp-content\/uploads\/sites\/667\/2025\/07\/busquedas.jpg 842w, https:\/\/webs.uab.cat\/webedit\/wp-content\/uploads\/sites\/667\/2025\/07\/busquedas-300x62.jpg 300w, https:\/\/webs.uab.cat\/webedit\/wp-content\/uploads\/sites\/667\/2025\/07\/busquedas-768x159.jpg 768w\" sizes=\"auto, (max-width: 842px) 100vw, 842px\" \/><\/figure>\n<\/div>\n\n\n<p>A la columna <strong>Compartir estado<\/strong> ha de dir <strong>Privado<\/strong>. No s\u2019ha de clicar el bot\u00f3 <strong>Compartir<\/strong>, perqu\u00e8 aleshores la nostra cerca personalitzada apareixeria disponible per a tothom. Aquestes cerques s\u00f3n per al propi usuari, per agilitzar la feina.<\/p>\n\n\n\n<p>En el futur, pot ser que algunes cerques que considerem interessants i \u00fatils per a tothom les compartim des de la Unitat de Web, i apareguin amb l\u2019estat <strong>P\u00fablico<\/strong> perqu\u00e8 les pugueu utilitzar tamb\u00e9.<\/p>\n","protected":false},"excerpt":{"rendered":"<p>Hi ha una opci\u00f3 interessant: guardar la cerca. D\u2019aquesta manera, la cerca apareixer\u00e0 a la p\u00e0gina inicial quan accedim a Oracle. Un exemple \u00fatil pot ser preparar una cerca dels assets que l\u2019usuari ha modificat durant l\u2019\u00faltima setmana. Per fer-ho, cal comen\u00e7ar per anar a la B\u00fasqueda avanzada: Un cop realitzada la cerca, cliquem l\u2019enlla\u00e7 [&hellip;]<\/p>\n","protected":false},"author":24,"featured_media":0,"parent":4497,"menu_order":0,"comment_status":"closed","ping_status":"closed","template":"","meta":{"footnotes":""},"class_list":["post-4628","page","type-page","status-publish","hentry"],"_links":{"self":[{"href":"https:\/\/webs.uab.cat\/webedit\/wp-json\/wp\/v2\/pages\/4628","targetHints":{"allow":["GET"]}}],"collection":[{"href":"https:\/\/webs.uab.cat\/webedit\/wp-json\/wp\/v2\/pages"}],"about":[{"href":"https:\/\/webs.uab.cat\/webedit\/wp-json\/wp\/v2\/types\/page"}],"author":[{"embeddable":true,"href":"https:\/\/webs.uab.cat\/webedit\/wp-json\/wp\/v2\/users\/24"}],"replies":[{"embeddable":true,"href":"https:\/\/webs.uab.cat\/webedit\/wp-json\/wp\/v2\/comments?post=4628"}],"version-history":[{"count":7,"href":"https:\/\/webs.uab.cat\/webedit\/wp-json\/wp\/v2\/pages\/4628\/revisions"}],"predecessor-version":[{"id":7075,"href":"https:\/\/webs.uab.cat\/webedit\/wp-json\/wp\/v2\/pages\/4628\/revisions\/7075"}],"up":[{"embeddable":true,"href":"https:\/\/webs.uab.cat\/webedit\/wp-json\/wp\/v2\/pages\/4497"}],"wp:attachment":[{"href":"https:\/\/webs.uab.cat\/webedit\/wp-json\/wp\/v2\/media?parent=4628"}],"curies":[{"name":"wp","href":"https:\/\/api.w.org\/{rel}","templated":true}]}}