{"id":4868,"date":"2025-09-05T14:36:39","date_gmt":"2025-09-05T12:36:39","guid":{"rendered":"https:\/\/webs.uab.cat\/webedit\/?page_id=4868"},"modified":"2026-02-18T11:42:29","modified_gmt":"2026-02-18T09:42:29","slug":"document","status":"publish","type":"page","link":"https:\/\/webs.uab.cat\/webedit\/edicio-de-continguts\/manual\/document\/","title":{"rendered":"Document"},"content":{"rendered":"\n<p>Per crear un nou document, cal anar al men\u00fa situat al marge superior esquerre i seguir la ruta: <strong>Contenido &gt; Nuevo &gt; Enlla\u00e7<\/strong>.<\/p>\n\n\n<div class=\"wp-block-image\">\n<figure class=\"aligncenter size-medium\"><img loading=\"lazy\" decoding=\"async\" width=\"300\" height=\"294\" src=\"https:\/\/webs.uab.cat\/webedit\/wp-content\/uploads\/sites\/667\/2025\/09\/nou-enllac-300x294.jpg\" alt=\"Men\u00fa nou enlla\u00e7\" class=\"wp-image-4910\" srcset=\"https:\/\/webs.uab.cat\/webedit\/wp-content\/uploads\/sites\/667\/2025\/09\/nou-enllac-300x294.jpg 300w, https:\/\/webs.uab.cat\/webedit\/wp-content\/uploads\/sites\/667\/2025\/09\/nou-enllac.jpg 467w\" sizes=\"auto, (max-width: 300px) 100vw, 300px\" \/><\/figure>\n<\/div>\n\n\n<p>S\u2019obrir\u00e0 una pestanya amb un desplegable on cal seleccionar l\u2019opci\u00f3 <strong>Document<\/strong>.<\/p>\n\n\n<div class=\"wp-block-image\">\n<figure class=\"aligncenter size-medium\"><img loading=\"lazy\" decoding=\"async\" width=\"300\" height=\"270\" src=\"https:\/\/webs.uab.cat\/webedit\/wp-content\/uploads\/sites\/667\/2025\/09\/nuevo-enllac-document-300x270.png\" alt=\"Men\u00fa per triar l'enlla\u00e7 de tipus Document\" class=\"wp-image-4901\" srcset=\"https:\/\/webs.uab.cat\/webedit\/wp-content\/uploads\/sites\/667\/2025\/09\/nuevo-enllac-document-300x270.png 300w, https:\/\/webs.uab.cat\/webedit\/wp-content\/uploads\/sites\/667\/2025\/09\/nuevo-enllac-document.png 714w\" sizes=\"auto, (max-width: 300px) 100vw, 300px\" \/><\/figure>\n<\/div>\n\n\n<p>Un cop seleccionada l\u2019opci\u00f3 <strong>Document<\/strong>, es carregar\u00e0 una fitxa amb els camps seg\u00fcents:<\/p>\n\n\n<div class=\"wp-block-image\">\n<figure class=\"aligncenter size-full\"><img loading=\"lazy\" decoding=\"async\" width=\"768\" height=\"1145\" src=\"https:\/\/webs.uab.cat\/webedit\/wp-content\/uploads\/sites\/667\/2025\/09\/asset-document.png\" alt=\"Camps obligatoris de l'asset document: T\u00edtol, Arxiu document i Part final de la URL\" class=\"wp-image-4899\" srcset=\"https:\/\/webs.uab.cat\/webedit\/wp-content\/uploads\/sites\/667\/2025\/09\/asset-document.png 768w, https:\/\/webs.uab.cat\/webedit\/wp-content\/uploads\/sites\/667\/2025\/09\/asset-document-201x300.png 201w, https:\/\/webs.uab.cat\/webedit\/wp-content\/uploads\/sites\/667\/2025\/09\/asset-document-687x1024.png 687w\" sizes=\"auto, (max-width: 768px) 100vw, 768px\" \/><\/figure>\n<\/div>\n\n\n<h2 class=\"wp-block-heading\">Camps obligatoris:<\/h2>\n\n\n\n<ul class=\"wp-block-list\">\n<li>Nombre<\/li>\n\n\n\n<li>T\u00edtol<\/li>\n\n\n\n<li>Arxiu document<\/li>\n\n\n\n<li>Part final de la URL<\/li>\n<\/ul>\n\n\n\n<h3 class=\"wp-block-heading\">Nombre<\/h3>\n\n\n\n<p>\u00c9s el nom intern que permet identificar l\u2019asset dins d\u2019Oracle WCS. Per organitzar correctament els objectes de la web, \u00e9s important seguir una nomenclatura espec\u00edfica. Per als assets d\u2019enlla\u00e7 de tipus document, es recomana que el nom comenci amb el prefix: <strong>DOC_<\/strong><\/p>\n\n\n\n<p>El text que segueix el prefix el podeu triar vosaltres, per\u00f2 <strong>NO<\/strong> pot contenir:<\/p>\n\n\n\n<ul class=\"wp-block-list\">\n<li>Accents<\/li>\n\n\n\n<li>\u00d1, l\u00b7l, \u00e7<\/li>\n\n\n\n<li>Signes de puntuaci\u00f3<\/li>\n\n\n\n<li>Espais en blanc<\/li>\n<\/ul>\n\n\n\n<p>Es permeten guions (-) i maj\u00fascules (recomanables per facilitar la lectura).<\/p>\n\n\n\n<p><strong>Exemples correctes:<\/strong><\/p>\n\n\n\n<ul class=\"wp-block-list\">\n<li>DOC_AntropologiaSocialCultural<\/li>\n\n\n\n<li>DOC_Antropologia_Social_Cultural<\/li>\n\n\n\n<li>DOC_Antropologia-Social-Cultural<\/li>\n<\/ul>\n\n\n\n<p><strong>Exemples incorrectes:<\/strong><\/p>\n\n\n\n<ul class=\"wp-block-list\">\n<li>DOC_Antropolog\u00edaSocial<\/li>\n\n\n\n<li>DOC_Antropologia Social Cultural<\/li>\n\n\n\n<li>DOC_Antropologia.Social<\/li>\n<\/ul>\n\n\n\n<h3 class=\"wp-block-heading\">T\u00edtol<\/h3>\n\n\n\n<p>\u00c9s el text que es mostrar\u00e0 al web. Ha de ser descriptiu i coherent amb el contingut de l\u2019enlla\u00e7.<\/p>\n\n\n\n<p>Exemple: Horaris del grau de Matem\u00e0tiques del curs 2018-19<\/p>\n\n\n\n<p>L\u2019\u00fas de t\u00edtols descriptius millora el posicionament en cercadors, ja que els motors de cerca identifiquen enlla\u00e7os cap a informaci\u00f3 rellevant.<\/p>\n\n\n\n<h3 class=\"wp-block-heading\">Arxiu document<\/h3>\n\n\n\n<p>Cal pr\u00e9mer el bot\u00f3 <strong>Examinar<\/strong> i seleccionar el document des del vostre ordinador.<br>Comproveu que el nom del fitxer <strong>no contingui car\u00e0cters especials ni espais<\/strong>.<\/p>\n\n\n\n<p>Per raons de compatibilitat amb qualsevol plataforma sempre farem servir documents en format PDF.<\/p>\n\n\n\n<p class=\"wp-block-uab-info missatge\">Format recomanat: <strong>PDF<\/strong><br>Altres formats permesos: <strong>ODT, DOC, DOCX, ODS, XLS, XLSX, ODP, PPT, PPTX, EPUB<\/strong> <br>Pes m\u00e0xim: <strong>2 MB<\/strong><br>El nom del fitxer no pot incloure accents, \u00d1, \u00c7, L\u00b7L, etc.<\/p>\n\n\n\n<h3 class=\"wp-block-heading\">Part final de la URL<\/h3>\n\n\n\n<p>Aquest camp defineix la part final de la URL del document. Ha de complir els criteris seg\u00fcents:<\/p>\n\n\n\n<ul class=\"wp-block-list\">\n<li>Sense car\u00e0cters estranys ni espais<\/li>\n\n\n\n<li>Nom\u00e9s lletres, n\u00fameros i guions mitjos (-)<\/li>\n\n\n\n<li>Ha de ser descriptiu i \u00fanic<\/li>\n\n\n\n<li><strong>No<\/strong> incloure l\u2019extensi\u00f3 (.pdf, .docx), ja que el gestor l\u2019afegeix autom\u00e0ticament<\/li>\n<\/ul>\n\n\n\n<p><strong>Important:<\/strong> els guions baixos (_) s\u00f3n eliminats pel gestor en generar la URL. Exemple: si escriviu msainstruccions-presentacio-tesi.pdf, la URL generada ser\u00e0:<br>https:\/\/www.uab.cat\/ca\/uab\/doc\/msainstruccions-presentacio-tesi.pdf<br>Aquest comportament pot dificultar la localitzaci\u00f3 posterior del document.<\/p>\n\n\n\n<p>Tampoc cal posar l\u2019extensi\u00f3 del document (p.e. .pdf \/ .docx) perqu\u00e8 el gestor ja l\u2019afegir\u00e0 per si mateix. \u00c9s a dir, si al camp Part final de la URL escrivim el text: msainstruccions-presentacio-tesi.pdf, la URL que generar\u00e0 l\u2019Oracle ser\u00e0 https:\/\/www.uab.cat\/ca\/uab\/doc\/msainstruccions-presentacio-tesipdf.pdf<\/p>\n\n\n\n<p>Un cop emplenats tots els camps, podeu <strong>guardar l\u2019asset<\/strong>.<\/p>\n\n\n\n<p class=\"wp-block-uab-info missatge wp-block-uab-a11y\">Recordeu que <strong>tots els documents han de complir els requeriments d\u2019accessibilitat<\/strong>.<\/p>\n\n\n\n<div class=\"wp-block-buttons is-content-justification-center is-layout-flex wp-container-core-buttons-is-layout-16018d1d wp-block-buttons-is-layout-flex\">\n<div class=\"wp-block-button\"><a class=\"wp-block-button__link wp-element-button\" href=\"https:\/\/webs.uab.cat\/webedit\/2020\/07\/28\/com-fer-documents-accessibles\/\">Com fer documents accessibles<\/a><\/div>\n<\/div>\n\n\n\n<p><\/p>\n","protected":false},"excerpt":{"rendered":"<p>Per crear un nou document, cal anar al men\u00fa situat al marge superior esquerre i seguir la ruta: Contenido &gt; Nuevo &gt; Enlla\u00e7. S\u2019obrir\u00e0 una pestanya amb un desplegable on cal seleccionar l\u2019opci\u00f3 Document. Un cop seleccionada l\u2019opci\u00f3 Document, es carregar\u00e0 una fitxa amb els camps seg\u00fcents: Camps obligatoris: Nombre \u00c9s el nom intern que [&hellip;]<\/p>\n","protected":false},"author":24,"featured_media":0,"parent":4525,"menu_order":0,"comment_status":"closed","ping_status":"closed","template":"","meta":{"footnotes":""},"class_list":["post-4868","page","type-page","status-publish","hentry"],"_links":{"self":[{"href":"https:\/\/webs.uab.cat\/webedit\/wp-json\/wp\/v2\/pages\/4868","targetHints":{"allow":["GET"]}}],"collection":[{"href":"https:\/\/webs.uab.cat\/webedit\/wp-json\/wp\/v2\/pages"}],"about":[{"href":"https:\/\/webs.uab.cat\/webedit\/wp-json\/wp\/v2\/types\/page"}],"author":[{"embeddable":true,"href":"https:\/\/webs.uab.cat\/webedit\/wp-json\/wp\/v2\/users\/24"}],"replies":[{"embeddable":true,"href":"https:\/\/webs.uab.cat\/webedit\/wp-json\/wp\/v2\/comments?post=4868"}],"version-history":[{"count":25,"href":"https:\/\/webs.uab.cat\/webedit\/wp-json\/wp\/v2\/pages\/4868\/revisions"}],"predecessor-version":[{"id":7214,"href":"https:\/\/webs.uab.cat\/webedit\/wp-json\/wp\/v2\/pages\/4868\/revisions\/7214"}],"up":[{"embeddable":true,"href":"https:\/\/webs.uab.cat\/webedit\/wp-json\/wp\/v2\/pages\/4525"}],"wp:attachment":[{"href":"https:\/\/webs.uab.cat\/webedit\/wp-json\/wp\/v2\/media?parent=4868"}],"curies":[{"name":"wp","href":"https:\/\/api.w.org\/{rel}","templated":true}]}}