{"id":4909,"date":"2025-09-08T13:09:30","date_gmt":"2025-09-08T11:09:30","guid":{"rendered":"https:\/\/webs.uab.cat\/webedit\/?page_id=4909"},"modified":"2025-12-19T11:02:33","modified_gmt":"2025-12-19T09:02:33","slug":"enllac-extern","status":"publish","type":"page","link":"https:\/\/webs.uab.cat\/webedit\/edicio-de-continguts\/manual\/enllac-extern\/","title":{"rendered":"Enlla\u00e7 extern"},"content":{"rendered":"\n<p>Per crear un <strong>nou enlla\u00e7 extern<\/strong>, cal anar al men\u00fa situat al marge superior esquerre:<br><strong>Contenido &gt; Nuevo &gt; Enlla\u00e7<\/strong><\/p>\n\n\n<div class=\"wp-block-image\">\n<figure class=\"aligncenter size-full\"><img loading=\"lazy\" decoding=\"async\" width=\"467\" height=\"457\" src=\"https:\/\/webs.uab.cat\/webedit\/wp-content\/uploads\/sites\/667\/2025\/09\/nou-enllac.jpg\" alt=\"Men\u00fa nou enlla\u00e7\" class=\"wp-image-4910\" srcset=\"https:\/\/webs.uab.cat\/webedit\/wp-content\/uploads\/sites\/667\/2025\/09\/nou-enllac.jpg 467w, https:\/\/webs.uab.cat\/webedit\/wp-content\/uploads\/sites\/667\/2025\/09\/nou-enllac-300x294.jpg 300w\" sizes=\"auto, (max-width: 467px) 100vw, 467px\" \/><\/figure>\n<\/div>\n\n\n<p>Un cop seleccionada aquesta opci\u00f3, s\u2019obrir\u00e0 una pestanya amb un desplegable per triar la definici\u00f3 de l\u2019enlla\u00e7. En aquest cas, cal seleccionar <strong>Extern<\/strong>.<\/p>\n\n\n<div class=\"wp-block-image\">\n<figure class=\"aligncenter size-full\"><img loading=\"lazy\" decoding=\"async\" width=\"517\" height=\"480\" src=\"https:\/\/webs.uab.cat\/webedit\/wp-content\/uploads\/sites\/667\/2025\/09\/definicio-enllac-extern.jpg\" alt=\"Men\u00fa per triar l'enlla\u00e7 de tipus Extern\" class=\"wp-image-4914\" srcset=\"https:\/\/webs.uab.cat\/webedit\/wp-content\/uploads\/sites\/667\/2025\/09\/definicio-enllac-extern.jpg 517w, https:\/\/webs.uab.cat\/webedit\/wp-content\/uploads\/sites\/667\/2025\/09\/definicio-enllac-extern-300x279.jpg 300w\" sizes=\"auto, (max-width: 517px) 100vw, 517px\" \/><\/figure>\n<\/div>\n\n\n<p>Quan s\u2019hagi escollit l\u2019opci\u00f3 <strong>Extern<\/strong>, es carregar\u00e0 la fitxa amb els camps seg\u00fcents:<\/p>\n\n\n<div class=\"wp-block-image\">\n<figure class=\"aligncenter size-large\"><img loading=\"lazy\" decoding=\"async\" width=\"896\" height=\"1024\" src=\"https:\/\/webs.uab.cat\/webedit\/wp-content\/uploads\/sites\/667\/2025\/09\/camps-asset-enllac-extern2-896x1024.jpg\" alt=\"Camps obligatoris de l'asset enlla\u00e7 extern: T\u00edtol, Ruta enlla\u00e7 extern i Obrir nova finestra\" class=\"wp-image-4943\" srcset=\"https:\/\/webs.uab.cat\/webedit\/wp-content\/uploads\/sites\/667\/2025\/09\/camps-asset-enllac-extern2-896x1024.jpg 896w, https:\/\/webs.uab.cat\/webedit\/wp-content\/uploads\/sites\/667\/2025\/09\/camps-asset-enllac-extern2-263x300.jpg 263w, https:\/\/webs.uab.cat\/webedit\/wp-content\/uploads\/sites\/667\/2025\/09\/camps-asset-enllac-extern2-768x878.jpg 768w, https:\/\/webs.uab.cat\/webedit\/wp-content\/uploads\/sites\/667\/2025\/09\/camps-asset-enllac-extern2-1344x1536.jpg 1344w, https:\/\/webs.uab.cat\/webedit\/wp-content\/uploads\/sites\/667\/2025\/09\/camps-asset-enllac-extern2-1200x1371.jpg 1200w, https:\/\/webs.uab.cat\/webedit\/wp-content\/uploads\/sites\/667\/2025\/09\/camps-asset-enllac-extern2.jpg 1540w\" sizes=\"auto, (max-width: 896px) 100vw, 896px\" \/><\/figure>\n<\/div>\n\n\n<h2 class=\"wp-block-heading\">Camps obligatoris<\/h2>\n\n\n\n<ul class=\"wp-block-list\">\n<li>Nombre<\/li>\n\n\n\n<li>T\u00edtol<\/li>\n\n\n\n<li>Ruta enlla\u00e7 extern<\/li>\n\n\n\n<li>Obrir nova finestra per URL externa UAB<\/li>\n<\/ul>\n\n\n\n<h3 class=\"wp-block-heading\">Nombre<\/h3>\n\n\n\n<p>Nom intern per identificar l\u2019asset dins d\u2019Oracle WCS. Per organitzar i identificar correctament els objectes, \u00e9s important seguir una nomenclatura clara.<\/p>\n\n\n\n<ul class=\"wp-block-list\">\n<li>Recomanaci\u00f3: utilitzeu el prefix&nbsp;<strong>EN_<\/strong>.<\/li>\n\n\n\n<li>Eviteu accents, \u00f1, l\u00b7l, \u00e7, signes de puntuaci\u00f3 i espais en blanc.<\/li>\n\n\n\n<li>S\u2019admeten guions i maj\u00fascules (recomanables per facilitar la lectura).<\/li>\n<\/ul>\n\n\n\n<p><strong>Exemples v\u00e0lids:<\/strong><\/p>\n\n\n\n<ul class=\"wp-block-list\">\n<li>EN_AntropologiaSocialCultural<\/li>\n\n\n\n<li>EN_Antropologia_Social_Cultural<\/li>\n\n\n\n<li>EN_Antropologia-Social-Cultural<\/li>\n<\/ul>\n\n\n\n<p><strong>Exemples incorrectes:<\/strong><\/p>\n\n\n\n<ul class=\"wp-block-list\">\n<li>EN_Antropolog\u00edaSocial<\/li>\n\n\n\n<li>EN_Antropologia Social Cultural<\/li>\n\n\n\n<li>EN_Antropologia.Social<\/li>\n<\/ul>\n\n\n\n<h3 class=\"wp-block-heading\">T\u00edtol<\/h3>\n\n\n\n<p>\u00c9s el text que es mostrar\u00e0 al web. Ha de ser&nbsp;<strong>descriptiu<\/strong>&nbsp;i coherent amb el contingut enlla\u00e7at.<\/p>\n\n\n\n<p>Exemple: Horaris del grau de Matem\u00e0tiques del curs 2018-19<\/p>\n\n\n\n<p class=\"wp-block-uab-info missatge\">Un bon t\u00edtol millora el posicionament SEO, ja que els cercadors detecten enlla\u00e7os cap a informaci\u00f3 rellevant.<\/p>\n\n\n\n<h3 class=\"wp-block-heading\">Ruta enlla\u00e7 extern<\/h3>\n\n\n\n<p>En aquest camp s\u2019ha d\u2019indicar la URL completa a la qual volem enlla\u00e7ar, incloent el prefix https:\/\/.<\/p>\n\n\n\n<p>Exemple: <a href=\"https:\/\/www.uab.cat\/\" target=\"_blank\" rel=\"noreferrer noopener\">https:\/\/www.uab.cat\/<\/a><\/p>\n\n\n\n<h3 class=\"wp-block-heading\">Obrir nova finestra<\/h3>\n\n\n\n<p>Sempre que l\u2019enlla\u00e7 apunti a una <strong>web externa<\/strong>, cal marcar l\u2019opci\u00f3 <strong>\u201cS\u00ed\u201d<\/strong> per obrir-lo en una finestra nova.<\/p>\n","protected":false},"excerpt":{"rendered":"<p>Per crear un nou enlla\u00e7 extern, cal anar al men\u00fa situat al marge superior esquerre:Contenido &gt; Nuevo &gt; Enlla\u00e7 Un cop seleccionada aquesta opci\u00f3, s\u2019obrir\u00e0 una pestanya amb un desplegable per triar la definici\u00f3 de l\u2019enlla\u00e7. En aquest cas, cal seleccionar Extern. Quan s\u2019hagi escollit l\u2019opci\u00f3 Extern, es carregar\u00e0 la fitxa amb els camps seg\u00fcents: [&hellip;]<\/p>\n","protected":false},"author":24,"featured_media":0,"parent":4525,"menu_order":0,"comment_status":"closed","ping_status":"closed","template":"","meta":{"footnotes":""},"class_list":["post-4909","page","type-page","status-publish","hentry"],"_links":{"self":[{"href":"https:\/\/webs.uab.cat\/webedit\/wp-json\/wp\/v2\/pages\/4909","targetHints":{"allow":["GET"]}}],"collection":[{"href":"https:\/\/webs.uab.cat\/webedit\/wp-json\/wp\/v2\/pages"}],"about":[{"href":"https:\/\/webs.uab.cat\/webedit\/wp-json\/wp\/v2\/types\/page"}],"author":[{"embeddable":true,"href":"https:\/\/webs.uab.cat\/webedit\/wp-json\/wp\/v2\/users\/24"}],"replies":[{"embeddable":true,"href":"https:\/\/webs.uab.cat\/webedit\/wp-json\/wp\/v2\/comments?post=4909"}],"version-history":[{"count":13,"href":"https:\/\/webs.uab.cat\/webedit\/wp-json\/wp\/v2\/pages\/4909\/revisions"}],"predecessor-version":[{"id":7085,"href":"https:\/\/webs.uab.cat\/webedit\/wp-json\/wp\/v2\/pages\/4909\/revisions\/7085"}],"up":[{"embeddable":true,"href":"https:\/\/webs.uab.cat\/webedit\/wp-json\/wp\/v2\/pages\/4525"}],"wp:attachment":[{"href":"https:\/\/webs.uab.cat\/webedit\/wp-json\/wp\/v2\/media?parent=4909"}],"curies":[{"name":"wp","href":"https:\/\/api.w.org\/{rel}","templated":true}]}}