{"id":4931,"date":"2025-09-08T15:50:52","date_gmt":"2025-09-08T13:50:52","guid":{"rendered":"https:\/\/webs.uab.cat\/webedit\/?page_id=4931"},"modified":"2025-12-19T11:08:48","modified_gmt":"2025-12-19T09:08:48","slug":"textos-enllac-repetits","status":"publish","type":"page","link":"https:\/\/webs.uab.cat\/webedit\/edicio-de-continguts\/manual\/textos-enllac-repetits\/","title":{"rendered":"Com evitar problemes d\u2019accessibilitat amb textos d\u2019enlla\u00e7 repetits"},"content":{"rendered":"\n<p>De manera freq\u00fcent ens trobem amb la necessitat de crear diversos enlla\u00e7os que utilitzen el mateix text visible, per\u00f2 amb URL de dest\u00ed diferents. Aquesta pr\u00e0ctica pot generar problemes d\u2019accessibilitat i dificultar la comprensi\u00f3 de la p\u00e0gina.<\/p>\n\n\n\n<p class=\"wp-block-uab-negatiu missatge\">Hi ha textos d\u2019enlla\u00e7 que no s\u00f3n v\u00e0lids: \u201cclica aqu\u00ed\u201d, \u201cen aquest enlla\u00e7\u201d, \u201cm\u00e9s informaci\u00f3\u201d, \u201cllegir m\u00e9s\u201d o f\u00f3rmules similars. <strong>El text de l\u2019enlla\u00e7 sempre ha de ser el m\u00e0xim descriptiu possible.<\/strong><\/p>\n\n\n\n<h2 class=\"wp-block-heading\">Quan \u00e9s necessari repetir el mateix text<\/h2>\n\n\n\n<p>Hi ha situacions en qu\u00e8, per evitar redund\u00e0ncies o facilitar la lectura, pot ser pr\u00e0ctic repetir el mateix text d\u2019enlla\u00e7. Per exemple:<\/p>\n\n\n<div class=\"wp-block-image\">\n<figure class=\"aligncenter size-full\"><img loading=\"lazy\" decoding=\"async\" width=\"338\" height=\"147\" src=\"https:\/\/webs.uab.cat\/webedit\/wp-content\/uploads\/sites\/667\/2025\/10\/enllacos-informes.gif\" alt=\"Exemple d'enlla\u00e7os amb text repetit\" class=\"wp-image-5083\"\/><\/figure>\n<\/div>\n\n\n<p>Per als usuaris que naveguen amb lectors de pantalla, aix\u00f2 pot resultar conf\u00fas, ja que no sabran quin enlla\u00e7 els interessa. <\/p>\n\n\n\n<p><strong>Soluci\u00f3:<\/strong> afegir una descripci\u00f3 complement\u00e0ria dins del codi font. El nostre gestor de continguts permet fer-ho de manera senzilla.<\/p>\n\n\n\n<h2 class=\"wp-block-heading\">Procediments <\/h2>\n\n\n\n<h3 class=\"wp-block-heading\">Enlla\u00e7os dins d&#8217;un camp de Text<\/h3>\n\n\n\n<p>Inseriu l\u2019enlla\u00e7 com de costum. A la finestra de configuraci\u00f3 trobareu dos camps addicionals:<\/p>\n\n\n\n<ul class=\"wp-block-list\">\n<li>Texto accesible<\/li>\n\n\n\n<li>Posici\u00f3n del texto accesible<\/li>\n<\/ul>\n\n\n<div class=\"wp-block-image\">\n<figure class=\"aligncenter size-full\"><img loading=\"lazy\" decoding=\"async\" width=\"800\" height=\"751\" src=\"https:\/\/webs.uab.cat\/webedit\/wp-content\/uploads\/sites\/667\/2025\/10\/text-complementari.jpg\" alt=\"Finestra per inserir enlla\u00e7 on s'ha destacat el camp Texto accessible\" class=\"wp-image-5086\" srcset=\"https:\/\/webs.uab.cat\/webedit\/wp-content\/uploads\/sites\/667\/2025\/10\/text-complementari.jpg 800w, https:\/\/webs.uab.cat\/webedit\/wp-content\/uploads\/sites\/667\/2025\/10\/text-complementari-300x282.jpg 300w, https:\/\/webs.uab.cat\/webedit\/wp-content\/uploads\/sites\/667\/2025\/10\/text-complementari-768x721.jpg 768w\" sizes=\"auto, (max-width: 800px) 100vw, 800px\" \/><\/figure>\n<\/div>\n\n\n<p>El text complementari s\u2019ha d\u2019introduir al camp <strong>Texto accesible<\/strong>. Aquest text <strong>no ha de repetir<\/strong> el contingut del camp <strong>Display Text<\/strong> (el text visible).<\/p>\n\n\n\n<p><strong>Exemple:<\/strong><\/p>\n\n\n\n<ul class=\"wp-block-list\">\n<li>Text complementari: <em>del curs 2024-2025<\/em><\/li>\n\n\n\n<li>Text visible: <em>Enquestes del 1r semestre<\/em><\/li>\n<\/ul>\n\n\n\n<p>La ubicaci\u00f3 (abans o despr\u00e9s del text visible) es defineix al camp <strong>Posici\u00f3n del texto accesible<\/strong>.<\/p>\n\n\n<div class=\"wp-block-image\">\n<figure class=\"aligncenter size-full\"><img loading=\"lazy\" decoding=\"async\" width=\"402\" height=\"248\" src=\"https:\/\/webs.uab.cat\/webedit\/wp-content\/uploads\/sites\/667\/2025\/10\/ubicacio-text-complementari.jpg\" alt=\"Camp on podem indicar la ubicaci\u00f3 del text accessible\" class=\"wp-image-5087\" srcset=\"https:\/\/webs.uab.cat\/webedit\/wp-content\/uploads\/sites\/667\/2025\/10\/ubicacio-text-complementari.jpg 402w, https:\/\/webs.uab.cat\/webedit\/wp-content\/uploads\/sites\/667\/2025\/10\/ubicacio-text-complementari-300x185.jpg 300w\" sizes=\"auto, (max-width: 402px) 100vw, 402px\" \/><\/figure>\n<\/div>\n\n\n<p>Un cop premeu <strong>Aceptar<\/strong>, el resultat ser\u00e0 visible per als editors del site, que podran modificar el text complementari si cal.<\/p>\n\n\n\n<figure class=\"wp-block-image size-full\"><img loading=\"lazy\" decoding=\"async\" width=\"800\" height=\"261\" src=\"https:\/\/webs.uab.cat\/webedit\/wp-content\/uploads\/sites\/667\/2025\/10\/resultat-enllac-info-compl.jpg\" alt=\"Visualitzaci\u00f3 d'un enlla\u00e7 que t\u00e9 informaci\u00f3 complement\u00e0ria al camp de text del gestor de continguts\" class=\"wp-image-5088\" srcset=\"https:\/\/webs.uab.cat\/webedit\/wp-content\/uploads\/sites\/667\/2025\/10\/resultat-enllac-info-compl.jpg 800w, https:\/\/webs.uab.cat\/webedit\/wp-content\/uploads\/sites\/667\/2025\/10\/resultat-enllac-info-compl-300x98.jpg 300w, https:\/\/webs.uab.cat\/webedit\/wp-content\/uploads\/sites\/667\/2025\/10\/resultat-enllac-info-compl-768x251.jpg 768w\" sizes=\"auto, (max-width: 800px) 100vw, 800px\" \/><\/figure>\n\n\n\n<p>D&#8217;aquesta manera tots els editors del site podran ser conscients dels textos complementaris que es visualitzen al codi. Des d&#8217;aquesta vista es pot editar tamb\u00e9 el text complentari.<\/p>\n\n\n\n<h3 class=\"wp-block-heading\">Enlla\u00e7os fets des de l&#8217;asset Enlla\u00e7<\/h3>\n\n\n\n<p>A les tres tipologies d\u2019asset Enlla\u00e7 (<strong>Extern, Intern o Document<\/strong>) s\u2019han incorporat dos camps nous:<\/p>\n\n\n\n<ul class=\"wp-block-list\">\n<li>Informaci\u00f3 complement\u00e0ria al T\u00edtol de l\u2019enlla\u00e7<\/li>\n\n\n\n<li>Ubicaci\u00f3 de la informaci\u00f3 complement\u00e0ria<\/li>\n<\/ul>\n\n\n<div class=\"wp-block-image\">\n<figure class=\"aligncenter size-full\"><img loading=\"lazy\" decoding=\"async\" width=\"900\" height=\"202\" src=\"https:\/\/webs.uab.cat\/webedit\/wp-content\/uploads\/sites\/667\/2025\/10\/info-compl-asset-enllac.jpg\" alt=\"Camps per a posar la informaci\u00f3 complement\u00e0ria al text de l'enlla\u00e7 dins d'un asset enlla\u00e7\" class=\"wp-image-5090\" srcset=\"https:\/\/webs.uab.cat\/webedit\/wp-content\/uploads\/sites\/667\/2025\/10\/info-compl-asset-enllac.jpg 900w, https:\/\/webs.uab.cat\/webedit\/wp-content\/uploads\/sites\/667\/2025\/10\/info-compl-asset-enllac-300x67.jpg 300w, https:\/\/webs.uab.cat\/webedit\/wp-content\/uploads\/sites\/667\/2025\/10\/info-compl-asset-enllac-768x172.jpg 768w\" sizes=\"auto, (max-width: 900px) 100vw, 900px\" \/><\/figure>\n<\/div>\n\n\n<p>El camp <strong>T\u00edtol<\/strong> cont\u00e9 el text visible a la p\u00e0gina. El camp <strong>Informaci\u00f3 complement\u00e0ria<\/strong> afegeix informaci\u00f3 al codi font, sense repetir el contingut del t\u00edtol. La ubicaci\u00f3 (abans o despr\u00e9s) es defineix al camp corresponent.<\/p>\n\n\n\n<p class=\"wp-block-uab-info missatge\">Aquests camps s\u00f3n opcionals i nom\u00e9s s\u2019han d\u2019utilitzar quan <strong>es repeteix el mateix text d\u2019enlla\u00e7 amb URL diferents<\/strong>.<\/p>\n","protected":false},"excerpt":{"rendered":"<p>De manera freq\u00fcent ens trobem amb la necessitat de crear diversos enlla\u00e7os que utilitzen el mateix text visible, per\u00f2 amb URL de dest\u00ed diferents. Aquesta pr\u00e0ctica pot generar problemes d\u2019accessibilitat i dificultar la comprensi\u00f3 de la p\u00e0gina. Quan \u00e9s necessari repetir el mateix text Hi ha situacions en qu\u00e8, per evitar redund\u00e0ncies o facilitar la [&hellip;]<\/p>\n","protected":false},"author":24,"featured_media":0,"parent":4525,"menu_order":0,"comment_status":"closed","ping_status":"closed","template":"","meta":{"footnotes":""},"class_list":["post-4931","page","type-page","status-publish","hentry"],"_links":{"self":[{"href":"https:\/\/webs.uab.cat\/webedit\/wp-json\/wp\/v2\/pages\/4931","targetHints":{"allow":["GET"]}}],"collection":[{"href":"https:\/\/webs.uab.cat\/webedit\/wp-json\/wp\/v2\/pages"}],"about":[{"href":"https:\/\/webs.uab.cat\/webedit\/wp-json\/wp\/v2\/types\/page"}],"author":[{"embeddable":true,"href":"https:\/\/webs.uab.cat\/webedit\/wp-json\/wp\/v2\/users\/24"}],"replies":[{"embeddable":true,"href":"https:\/\/webs.uab.cat\/webedit\/wp-json\/wp\/v2\/comments?post=4931"}],"version-history":[{"count":19,"href":"https:\/\/webs.uab.cat\/webedit\/wp-json\/wp\/v2\/pages\/4931\/revisions"}],"predecessor-version":[{"id":7091,"href":"https:\/\/webs.uab.cat\/webedit\/wp-json\/wp\/v2\/pages\/4931\/revisions\/7091"}],"up":[{"embeddable":true,"href":"https:\/\/webs.uab.cat\/webedit\/wp-json\/wp\/v2\/pages\/4525"}],"wp:attachment":[{"href":"https:\/\/webs.uab.cat\/webedit\/wp-json\/wp\/v2\/media?parent=4931"}],"curies":[{"name":"wp","href":"https:\/\/api.w.org\/{rel}","templated":true}]}}