{"id":4946,"date":"2025-09-09T11:15:08","date_gmt":"2025-09-09T09:15:08","guid":{"rendered":"https:\/\/webs.uab.cat\/webedit\/?page_id=4946"},"modified":"2025-11-03T16:06:22","modified_gmt":"2025-11-03T14:06:22","slug":"lasset-multimedia","status":"publish","type":"page","link":"https:\/\/webs.uab.cat\/webedit\/lasset-multimedia\/","title":{"rendered":"L&#8217;asset multim\u00e8dia"},"content":{"rendered":"\n<p>Els <strong>assets multim\u00e8dia<\/strong> permeten crear diferents tipus de contingut audiovisual. Els anomenem amb el prefix <strong>\u201cMM_\u201d<\/strong> i tenen cinc definicions diferents:<\/p>\n\n\n<div class=\"wp-block-image\">\n<figure class=\"aligncenter size-full\"><img loading=\"lazy\" decoding=\"async\" width=\"834\" height=\"640\" src=\"https:\/\/webs.uab.cat\/webedit\/wp-content\/uploads\/sites\/667\/2025\/09\/DefinicionsMultimedia.png\" alt=\"Tipus d'asset multim\u00e8dia: \u00c0udio, Diapositiva, Embed, Imatge i V\u00eddeo\" class=\"wp-image-4878\" srcset=\"https:\/\/webs.uab.cat\/webedit\/wp-content\/uploads\/sites\/667\/2025\/09\/DefinicionsMultimedia.png 834w, https:\/\/webs.uab.cat\/webedit\/wp-content\/uploads\/sites\/667\/2025\/09\/DefinicionsMultimedia-300x230.png 300w, https:\/\/webs.uab.cat\/webedit\/wp-content\/uploads\/sites\/667\/2025\/09\/DefinicionsMultimedia-768x589.png 768w\" sizes=\"auto, (max-width: 834px) 100vw, 834px\" \/><\/figure>\n<\/div>\n\n\n<h2 class=\"wp-block-heading\">Definicions<\/h2>\n\n\n\n<ol class=\"wp-block-list\">\n<li><a href=\"https:\/\/webs.uab.cat\/webedit\/edicio-de-continguts\/manual\/audio\/\" data-type=\"page\" data-id=\"4072\">Asset multim\u00e8dia<strong>\u00a0\u00c0udio<\/strong><\/a>: permet afegir enregistraments d\u2019\u00e0udio.<\/li>\n\n\n\n<li><a href=\"https:\/\/webs.uab.cat\/webedit\/edicio-de-continguts\/manual\/diapositiva\/\" data-type=\"page\" data-id=\"4179\">Asset multim\u00e8dia\u00a0<strong>Diapositiva<\/strong><\/a>:\u00a0\u00e9s la manera de crear un b\u00e0ner nom\u00e9s amb text.<\/li>\n\n\n\n<li><a href=\"https:\/\/webs.uab.cat\/webedit\/edicio-de-continguts\/manual\/embed-2\/\" data-type=\"page\" data-id=\"4091\">Asset multim\u00e8dia<strong>\u00a0Embed<\/strong><\/a>: permet afegir contingut de webs externes com Google Maps, Infogram i Genially.<\/li>\n\n\n\n<li><a href=\"https:\/\/webs.uab.cat\/webedit\/edicio-de-continguts\/manual\/imatges\/\" data-type=\"page\" data-id=\"2895\">Asset multim\u00e8dia\u00a0<strong>Imatge<\/strong><\/a>: permet pujar imatges al gestor de continguts.<\/li>\n\n\n\n<li><a href=\"https:\/\/webs.uab.cat\/webedit\/edicio-de-continguts\/manual\/video\/\" data-type=\"page\" data-id=\"4062\">Asset multim\u00e8dia<strong>\u00a0V\u00eddeo<\/strong><\/a>: permet visualitzar v\u00eddeos pujats tant al servidor institucional Pumukit com els disponibles a YouTube.<\/li>\n<\/ol>\n","protected":false},"excerpt":{"rendered":"<p>Els assets multim\u00e8dia permeten crear diferents tipus de contingut audiovisual. Els anomenem amb el prefix \u201cMM_\u201d i tenen cinc definicions diferents: Definicions<\/p>\n","protected":false},"author":24,"featured_media":0,"parent":0,"menu_order":0,"comment_status":"closed","ping_status":"closed","template":"","meta":{"footnotes":""},"class_list":["post-4946","page","type-page","status-publish","hentry"],"_links":{"self":[{"href":"https:\/\/webs.uab.cat\/webedit\/wp-json\/wp\/v2\/pages\/4946","targetHints":{"allow":["GET"]}}],"collection":[{"href":"https:\/\/webs.uab.cat\/webedit\/wp-json\/wp\/v2\/pages"}],"about":[{"href":"https:\/\/webs.uab.cat\/webedit\/wp-json\/wp\/v2\/types\/page"}],"author":[{"embeddable":true,"href":"https:\/\/webs.uab.cat\/webedit\/wp-json\/wp\/v2\/users\/24"}],"replies":[{"embeddable":true,"href":"https:\/\/webs.uab.cat\/webedit\/wp-json\/wp\/v2\/comments?post=4946"}],"version-history":[{"count":4,"href":"https:\/\/webs.uab.cat\/webedit\/wp-json\/wp\/v2\/pages\/4946\/revisions"}],"predecessor-version":[{"id":5289,"href":"https:\/\/webs.uab.cat\/webedit\/wp-json\/wp\/v2\/pages\/4946\/revisions\/5289"}],"wp:attachment":[{"href":"https:\/\/webs.uab.cat\/webedit\/wp-json\/wp\/v2\/media?parent=4946"}],"curies":[{"name":"wp","href":"https:\/\/api.w.org\/{rel}","templated":true}]}}