{"id":4993,"date":"2025-09-10T12:05:42","date_gmt":"2025-09-10T10:05:42","guid":{"rendered":"https:\/\/webs.uab.cat\/webedit\/?page_id=4993"},"modified":"2025-12-19T11:47:22","modified_gmt":"2025-12-19T09:47:22","slug":"fitxes","status":"publish","type":"page","link":"https:\/\/webs.uab.cat\/webedit\/edicio-de-continguts\/manual\/fitxes\/","title":{"rendered":"Fitxes"},"content":{"rendered":"\n<p>L\u2019<strong>asset Fitxa<\/strong> est\u00e0 pensat per crear <strong>llistats din\u00e0mics d\u2019elements d\u2019un mateix tipus<\/strong> i oferir informaci\u00f3 detallada de cadascun.<\/p>\n\n\n\n<p>Per exemple:<\/p>\n\n\n\n<ul class=\"wp-block-list\">\n<li>Fitxes sobre una <a href=\"https:\/\/www.uab.cat\/ca\/ice\/jornades-i-cursos-adrecats-a-professorat\" target=\"_blank\" rel=\"noreferrer noopener\">oferta de cursos<\/a>.<\/li>\n\n\n\n<li>Fitxes sobre els <a href=\"https:\/\/www.uab.cat\/ca\/enginyeria\/cat\/serveis-escola\" target=\"_blank\" rel=\"noreferrer noopener\">serveis d\u2019un centre docent<\/a>.<\/li>\n<\/ul>\n\n\n\n<p>Aquest sistema permet mostrar informaci\u00f3 completa de cada element <strong>sense haver de crear una p\u00e0gina espec\u00edfica per a cadascun<\/strong>.<\/p>\n\n\n\n<h2 class=\"wp-block-heading\">Camps obligatoris i opcions<\/h2>\n\n\n\n<p>De tots els camps que cont\u00e9 l\u2019asset Fitxa, <strong>nom\u00e9s cal omplir els que tenen l\u2019asterisc vermell<\/strong>, ja que s\u00f3n imprescindibles per a la visualitzaci\u00f3 correcta. A m\u00e9s, aquest asset permet afegir <strong>M\u00f2duls<\/strong> per enriquir el contingut.<\/p>\n\n\n\n<p>Exemple de visualitzaci\u00f3:<\/p>\n\n\n<div class=\"wp-block-image\">\n<figure class=\"aligncenter size-large\"><img loading=\"lazy\" decoding=\"async\" width=\"1024\" height=\"729\" src=\"https:\/\/webs.uab.cat\/webedit\/wp-content\/uploads\/sites\/667\/2025\/09\/Fitxa-REO-camps-1024x729.png\" alt=\"Exemple de visualitzaci\u00f3 d'una fitxa a la p\u00e0gina web on s'indiquen tots els elements que en formen part: T\u00edtol, Categoria, Bloc de text, M\u00f2duls inferiors i M\u00f2duls de la dreta\" class=\"wp-image-4992\" srcset=\"https:\/\/webs.uab.cat\/webedit\/wp-content\/uploads\/sites\/667\/2025\/09\/Fitxa-REO-camps-1024x729.png 1024w, https:\/\/webs.uab.cat\/webedit\/wp-content\/uploads\/sites\/667\/2025\/09\/Fitxa-REO-camps-300x213.png 300w, https:\/\/webs.uab.cat\/webedit\/wp-content\/uploads\/sites\/667\/2025\/09\/Fitxa-REO-camps-768x546.png 768w, https:\/\/webs.uab.cat\/webedit\/wp-content\/uploads\/sites\/667\/2025\/09\/Fitxa-REO-camps-1536x1093.png 1536w, https:\/\/webs.uab.cat\/webedit\/wp-content\/uploads\/sites\/667\/2025\/09\/Fitxa-REO-camps-1200x854.png 1200w, https:\/\/webs.uab.cat\/webedit\/wp-content\/uploads\/sites\/667\/2025\/09\/Fitxa-REO-camps-1980x1409.png 1980w, https:\/\/webs.uab.cat\/webedit\/wp-content\/uploads\/sites\/667\/2025\/09\/Fitxa-REO-camps.png 2048w\" sizes=\"auto, (max-width: 1024px) 100vw, 1024px\" \/><\/figure>\n<\/div>\n\n\n<h2 class=\"wp-block-heading\">Com crear un nou asset Fitxa<\/h2>\n\n\n\n<ol class=\"wp-block-list\">\n<li>Ves al bot\u00f3 Contenido.<\/li>\n\n\n\n<li>Escull l\u2019opci\u00f3 Fitxa del llistat d\u2019assets.<\/li>\n<\/ol>\n\n\n<div class=\"wp-block-image\">\n<figure class=\"aligncenter size-full\"><img loading=\"lazy\" decoding=\"async\" width=\"592\" height=\"423\" src=\"https:\/\/webs.uab.cat\/webedit\/wp-content\/uploads\/sites\/667\/2025\/09\/Nuevo-Fitxa.png\" alt=\"Opcions del men\u00fa Nou on s'ha resaltat la ubicaci\u00f3 de l'opci\u00f3 Fitxa\" class=\"wp-image-4991\" srcset=\"https:\/\/webs.uab.cat\/webedit\/wp-content\/uploads\/sites\/667\/2025\/09\/Nuevo-Fitxa.png 592w, https:\/\/webs.uab.cat\/webedit\/wp-content\/uploads\/sites\/667\/2025\/09\/Nuevo-Fitxa-300x214.png 300w\" sizes=\"auto, (max-width: 592px) 100vw, 592px\" \/><\/figure>\n<\/div>\n\n\n<p>A continuaci\u00f3 es pot veure una captura d\u2019un exemple de camps en un asset fitxa i seguidament l\u2019explicaci\u00f3 de cada camp:<\/p>\n\n\n<div class=\"wp-block-image\">\n<figure class=\"aligncenter size-full\"><img loading=\"lazy\" decoding=\"async\" width=\"431\" height=\"831\" src=\"https:\/\/webs.uab.cat\/webedit\/wp-content\/uploads\/sites\/667\/2025\/09\/Nuevo-Fitxa-Obert.png\" alt=\"Captura de pantalla de l'asset Fitxa\" class=\"wp-image-4990\" srcset=\"https:\/\/webs.uab.cat\/webedit\/wp-content\/uploads\/sites\/667\/2025\/09\/Nuevo-Fitxa-Obert.png 431w, https:\/\/webs.uab.cat\/webedit\/wp-content\/uploads\/sites\/667\/2025\/09\/Nuevo-Fitxa-Obert-156x300.png 156w\" sizes=\"auto, (max-width: 431px) 100vw, 431px\" \/><\/figure>\n<\/div>\n\n\n<h2 class=\"wp-block-heading\">Explicaci\u00f3 dels camps principals<\/h2>\n\n\n\n<h3 class=\"wp-block-heading\">Nombre<\/h3>\n\n\n\n<ul class=\"wp-block-list\">\n<li>Nom intern per identificar la fitxa dins el gestor.<\/li>\n\n\n\n<li>Prefix recomanat: <strong>FX_<\/strong><\/li>\n\n\n\n<li>Per traduccions, afegeix (es) o (en) per indicar l\u2019idioma.<\/li>\n<\/ul>\n\n\n\n<h3 class=\"wp-block-heading\">Etiquetas<\/h3>\n\n\n\n<p>Opcional. Serveix per etiquetar assets i facilitar la cerca.<\/p>\n\n\n\n<h3 class=\"wp-block-heading\">Template<\/h3>\n\n\n\n<p>Per a les fitxes, utilitza: TemplateFitxaGenericaDetall_VA.<\/p>\n\n\n\n<h3 class=\"wp-block-heading\">T\u00edtol&nbsp;(columna dreta)<\/h3>\n\n\n\n<p><strong>Obligatori.<\/strong> Determina el t\u00edtol principal de la fitxa i apareix com a encap\u00e7alament de la p\u00e0gina. Ha de ser <strong>\u00fanic i descriptiu<\/strong>.<\/p>\n\n\n\n<p class=\"wp-block-uab-info missatge\">Cada p\u00e0gina d\u2019un site ha de tenir un t\u00edtol \u00fanic i descriptiu del contingut de la p\u00e0gina.<br>El t\u00edtol de la p\u00e0gina s\u2019utilitza a les pestanyes del navegador i permet diferenciar-les. Tamb\u00e9 l\u2019utilitzen els cercadors i \u00e9s el nom per defecte que es desa als preferits. Pots saber-nes m\u00e9s a l\u2019apartat Accessibilitat >\u00a0<a href=\"https:\/\/webs.uab.cat\/webedit\/titol-de-la-pagina\/\">T\u00edtol de la p\u00e0gina<\/a><\/p>\n\n\n\n<h3 class=\"wp-block-heading\">T\u00edtol curt<\/h3>\n\n\n\n<p>Opcional. Es mostra als men\u00fas i al fil d\u2019Ariadna (<em>breadcrumb<\/em>).<br>Nom\u00e9s s&#8217;omple si el t\u00edtol principal \u00e9s massa llarg.<\/p>\n\n\n\n<h3 class=\"wp-block-heading\">Metatag Description<\/h3>\n\n\n\n<p>Millora el posicionament SEO. Consulta l\u2019entrada del blog:<\/p>\n\n\n\n<div class=\"wp-block-buttons is-content-justification-center is-layout-flex wp-container-core-buttons-is-layout-16018d1d wp-block-buttons-is-layout-flex\">\n<div class=\"wp-block-button\"><a class=\"wp-block-button__link wp-element-button\" href=\"https:\/\/webs.uab.cat\/webedit\/2021\/04\/08\/metadades-que-son-i-per-a-que-serveixen\/\" target=\"_blank\" rel=\"noreferrer noopener\">Metadades, qu\u00e8 s\u00f3n i per a qu\u00e8 serveixen<\/a><\/div>\n<\/div>\n\n\n\n<h3 class=\"wp-block-heading\">Part final de la URL&nbsp;<\/h3>\n\n\n\n<p>Normalment coincideix amb el t\u00edtol de la fitxa. Recomanacions:<\/p>\n\n\n\n<ul class=\"wp-block-list\">\n<li>Elimina articles i car\u00e0cters especials.<\/li>\n\n\n\n<li>Substitueix espais per guions.<\/li>\n\n\n\n<li>Mant\u00e9n-la curta (ex.: millor \u201cimpressores\u201d que \u201cfitxa-servei-impressores\u201d).<br><strong>Important:<\/strong> No editis aquest camp un cop guardada la fitxa.<\/li>\n<\/ul>\n\n\n\n<h3 class=\"wp-block-heading\">Categoria fitxa<\/h3>\n\n\n\n<p>Selecciona una o m\u00e9s categories creades per aquest contingut.<\/p>\n\n\n\n<h3 class=\"wp-block-heading\">P\u00e0gina Filtre<\/h3>\n\n\n\n<p>Indica la p\u00e0gina on es mostrar\u00e0 el llistat de fitxes:&nbsp;<a href=\"https:\/\/webs.uab.cat\/webedit\/edicio-de-continguts\/manual\/pagina-de-filtre\/\" data-type=\"page\" data-id=\"4999\">Asset P\u00e0gina Filtre<\/a>.<\/p>\n\n\n\n<h3 class=\"wp-block-heading\">V\u00eddeo<\/h3>\n\n\n\n<p>Introdueix el codi identificatiu d\u2019un v\u00eddeo pujat a <strong>Pumukit<\/strong>. Consulta la Unitat d\u2019Audiovisuals i Multim\u00e8dia si tens dubtes.<\/p>\n\n\n\n<h3 class=\"wp-block-heading\">Bloc de Text 1<\/h3>\n\n\n\n<p>Contingut principal que apareix a la zona central.<\/p>\n\n\n\n<h3 class=\"wp-block-heading\">M\u00f2duls inferiors<\/h3>\n\n\n\n<p>Opcional. Per afegir textos desplegables o contingut extra. Consulta l\u2019asset <strong><a href=\"https:\/\/webs.uab.cat\/webedit\/edicio-de-continguts\/components-de-les-pagines-interiors\/\" data-type=\"page\" data-id=\"4529\">M\u00f2dul<\/a><\/strong> per veure opcions.<\/p>\n\n\n\n<h3 class=\"wp-block-heading\">Imatge<\/h3>\n\n\n\n<p>Imatge representativa que apareix a la part dreta.<\/p>\n\n\n\n<h3 class=\"wp-block-heading\">M\u00f2duls dreta<\/h3>\n\n\n\n<p>Opcional. Permet afegir caixes amb informaci\u00f3 extra. Consulta l\u2019asset <strong><a href=\"https:\/\/webs.uab.cat\/webedit\/edicio-de-continguts\/components-de-les-pagines-interiors\/\" data-type=\"page\" data-id=\"4529\">M\u00f2dul<\/a><\/strong> per opcions.<\/p>\n\n\n\n<dl class=\"pir\">\n<dt>Qu\u00e8 passa quan creem una nova fitxa?<\/dt>\n<\/dl>\n\n\n\n<p>La fitxa es col\u00b7loca autom\u00e0ticament a la p\u00e0gina que llista aquest tipus de contingut (<a href=\"https:\/\/webs.uab.cat\/webedit\/edicio-de-continguts\/manual\/pagina-de-filtre\/\" data-type=\"page\" data-id=\"4999\">P\u00e0gines Filtres<\/a>). <strong>No cal associar-la manualment a cap lloc.<\/strong><\/p>\n\n\n<div class=\"wp-block-image\">\n<figure class=\"aligncenter size-large\"><img loading=\"lazy\" decoding=\"async\" width=\"1024\" height=\"819\" src=\"https:\/\/webs.uab.cat\/webedit\/wp-content\/uploads\/sites\/667\/2025\/09\/Fitxes-Acces-Obert-www-1024x819.png\" alt=\"Exemple de p\u00e0gina on es motra un llistat de fitxes\" class=\"wp-image-4989\" srcset=\"https:\/\/webs.uab.cat\/webedit\/wp-content\/uploads\/sites\/667\/2025\/09\/Fitxes-Acces-Obert-www-1024x819.png 1024w, https:\/\/webs.uab.cat\/webedit\/wp-content\/uploads\/sites\/667\/2025\/09\/Fitxes-Acces-Obert-www-300x240.png 300w, https:\/\/webs.uab.cat\/webedit\/wp-content\/uploads\/sites\/667\/2025\/09\/Fitxes-Acces-Obert-www-768x615.png 768w, https:\/\/webs.uab.cat\/webedit\/wp-content\/uploads\/sites\/667\/2025\/09\/Fitxes-Acces-Obert-www-1200x960.png 1200w, https:\/\/webs.uab.cat\/webedit\/wp-content\/uploads\/sites\/667\/2025\/09\/Fitxes-Acces-Obert-www.png 1536w\" sizes=\"auto, (max-width: 1024px) 100vw, 1024px\" \/><\/figure>\n<\/div>","protected":false},"excerpt":{"rendered":"<p>L\u2019asset Fitxa est\u00e0 pensat per crear llistats din\u00e0mics d\u2019elements d\u2019un mateix tipus i oferir informaci\u00f3 detallada de cadascun. Per exemple: Aquest sistema permet mostrar informaci\u00f3 completa de cada element sense haver de crear una p\u00e0gina espec\u00edfica per a cadascun. Camps obligatoris i opcions De tots els camps que cont\u00e9 l\u2019asset Fitxa, nom\u00e9s cal omplir els [&hellip;]<\/p>\n","protected":false},"author":24,"featured_media":0,"parent":4525,"menu_order":0,"comment_status":"closed","ping_status":"closed","template":"","meta":{"footnotes":""},"class_list":["post-4993","page","type-page","status-publish","hentry"],"_links":{"self":[{"href":"https:\/\/webs.uab.cat\/webedit\/wp-json\/wp\/v2\/pages\/4993","targetHints":{"allow":["GET"]}}],"collection":[{"href":"https:\/\/webs.uab.cat\/webedit\/wp-json\/wp\/v2\/pages"}],"about":[{"href":"https:\/\/webs.uab.cat\/webedit\/wp-json\/wp\/v2\/types\/page"}],"author":[{"embeddable":true,"href":"https:\/\/webs.uab.cat\/webedit\/wp-json\/wp\/v2\/users\/24"}],"replies":[{"embeddable":true,"href":"https:\/\/webs.uab.cat\/webedit\/wp-json\/wp\/v2\/comments?post=4993"}],"version-history":[{"count":25,"href":"https:\/\/webs.uab.cat\/webedit\/wp-json\/wp\/v2\/pages\/4993\/revisions"}],"predecessor-version":[{"id":7119,"href":"https:\/\/webs.uab.cat\/webedit\/wp-json\/wp\/v2\/pages\/4993\/revisions\/7119"}],"up":[{"embeddable":true,"href":"https:\/\/webs.uab.cat\/webedit\/wp-json\/wp\/v2\/pages\/4525"}],"wp:attachment":[{"href":"https:\/\/webs.uab.cat\/webedit\/wp-json\/wp\/v2\/media?parent=4993"}],"curies":[{"name":"wp","href":"https:\/\/api.w.org\/{rel}","templated":true}]}}