{"id":5143,"date":"2025-10-31T10:42:07","date_gmt":"2025-10-31T08:42:07","guid":{"rendered":"https:\/\/webs.uab.cat\/webedit\/?page_id=5143"},"modified":"2025-12-03T13:15:32","modified_gmt":"2025-12-03T11:15:32","slug":"anuncis","status":"publish","type":"page","link":"https:\/\/webs.uab.cat\/webedit\/edicio-de-continguts\/manual\/anuncis\/","title":{"rendered":"Anuncis"},"content":{"rendered":"\n<p>L\u2019asset <strong>Anunci<\/strong> serveix per mostrar informacions priorit\u00e0ries al web que els usuaris han de con\u00e8ixer, com ara:<\/p>\n\n\n\n<ul class=\"wp-block-list\">\n<li>Av\u00eds d\u2019una incid\u00e8ncia programada en un servei.<\/li>\n\n\n\n<li>Anunci d\u2019un per\u00edode d\u2019inscripci\u00f3 imminent.<\/li>\n\n\n\n<li>Comunicat p\u00fablic de l\u2019entitat.<\/li>\n<\/ul>\n\n\n\n<p>Els anuncis es poden destacar a la portada i tamb\u00e9 tenen una p\u00e0gina interior espec\u00edfica.<\/p>\n\n\n\n<p class=\"wp-block-uab-alerta missatge alerta\"><strong>Important:<\/strong> No s\u2019ha d\u2019utilitzar aquest asset per anunciar esdeveniments d\u2019agenda.<\/p>\n\n\n\n<h2 class=\"wp-block-heading\">Tipus d&#8217;anuncis<\/h2>\n\n\n\n<ul class=\"wp-block-list\">\n<li><strong>Comunicaci\u00f3:<\/strong> per comunicacions breus durant un per\u00edode concret, que no s\u00f3n activitats d\u2019agenda ni not\u00edcies. Nom\u00e9s tindran emplenades les dates d\u2019inici i fi de publicaci\u00f3.<\/li>\n\n\n\n<li><strong>Actuaci\u00f3:<\/strong> \u00e9s un esdeveniment amb data d\u2019inici i\/o final. El seu estat (previst \/ en curs \/ finalitzat) canvia autom\u00e0ticament segons les dates.<\/li>\n<\/ul>\n\n\n\n<h2 class=\"wp-block-heading\">Com crear l&#8217;asset Anunci<\/h2>\n\n\n\n<ol class=\"wp-block-list\">\n<li>Aneu al men\u00fa superior <strong>Contenido<\/strong>.<\/li>\n\n\n\n<li>Seleccioneu <strong>Nuevo > Text<\/strong> i trieu l\u2019opci\u00f3 <strong>Anunci<\/strong>.<\/li>\n<\/ol>\n\n\n<div class=\"wp-block-image\">\n<figure class=\"aligncenter size-full\"><img loading=\"lazy\" decoding=\"async\" width=\"452\" height=\"500\" src=\"https:\/\/webs.uab.cat\/webedit\/wp-content\/uploads\/sites\/667\/2025\/10\/NuevoText.jpg\" alt=\"Men\u00fa Nou Text\" class=\"wp-image-5176\" srcset=\"https:\/\/webs.uab.cat\/webedit\/wp-content\/uploads\/sites\/667\/2025\/10\/NuevoText.jpg 452w, https:\/\/webs.uab.cat\/webedit\/wp-content\/uploads\/sites\/667\/2025\/10\/NuevoText-271x300.jpg 271w\" sizes=\"auto, (max-width: 452px) 100vw, 452px\" \/><\/figure>\n<\/div>\n\n<div class=\"wp-block-image\">\n<figure class=\"aligncenter size-full\"><img loading=\"lazy\" decoding=\"async\" width=\"526\" height=\"411\" src=\"https:\/\/webs.uab.cat\/webedit\/wp-content\/uploads\/sites\/667\/2025\/10\/DefinicionsTextAnunci.jpg\" alt=\"Captura de pantalla de les definicions de l'asset Text on s'ha resaltat la definici\u00f3 Anunci\" class=\"wp-image-5168\" srcset=\"https:\/\/webs.uab.cat\/webedit\/wp-content\/uploads\/sites\/667\/2025\/10\/DefinicionsTextAnunci.jpg 526w, https:\/\/webs.uab.cat\/webedit\/wp-content\/uploads\/sites\/667\/2025\/10\/DefinicionsTextAnunci-300x234.jpg 300w\" sizes=\"auto, (max-width: 526px) 100vw, 526px\" \/><\/figure>\n<\/div>\n\n\n<p>Un cop carregat l\u2019asset, cal emplenar els camps seg\u00fcents. Nom\u00e9s s\u00f3n obligatoris els que tenen un asterisc (*).<\/p>\n\n\n\n<h3 class=\"wp-block-heading\">Camps de l&#8217;asset<\/h3>\n\n\n\n<ul class=\"wp-block-list\">\n<li>*<strong>Nombre:<\/strong> nom intern per identificar l\u2019asset dins del gestor. Ha de comen\u00e7ar amb el prefix: TXT seguit de _ANUN, aix\u00ed: TXT_ANUN_ExempleNomAnunci<\/li>\n\n\n\n<li><strong>Etiquetas:<\/strong> opcional, per etiquetar i facilitar la cerca.<\/li>\n\n\n\n<li><strong>Template:<\/strong> escolliu TemplateTextAnunciDetall_VA.<\/li>\n\n\n\n<li><strong>*T\u00edtol:<\/strong> t\u00edtol de l&#8217;anunci.<\/li>\n\n\n\n<li><strong>*Part final de la URL:<\/strong> creeu una URL amigable amb el t\u00edtol escur\u00e7at i sense car\u00e0cters especials. Separeu les paraules amb guions mitjos.<\/li>\n\n\n\n<li><strong>*Descripci\u00f3<\/strong>: text amb els detalls de l\u2019anunci.<\/li>\n\n\n\n<li><strong>*Data d&#8217;inici publicaci\u00f3:<\/strong> dia en qu\u00e8 es publica a la portada (pot coincidir o no amb la data de l\u2019actuaci\u00f3).<\/li>\n\n\n\n<li><strong>*Data de fi publicaci\u00f3:<\/strong> dia en qu\u00e8 finalitza la publicaci\u00f3 a la portada.<\/li>\n\n\n\n<li><strong>Media:<\/strong> opcional. Podeu associar una <a href=\"https:\/\/webs.uab.cat\/webedit\/edicio-de-continguts\/manual\/imatges\/\" data-type=\"page\" data-id=\"2895\">imatge<\/a>, un <a href=\"https:\/\/webs.uab.cat\/webedit\/edicio-de-continguts\/manual\/video\/\" data-type=\"page\" data-id=\"4062\">v\u00eddeo<\/a>, un <a href=\"https:\/\/webs.uab.cat\/webedit\/edicio-de-continguts\/manual\/audio\/\" data-type=\"page\" data-id=\"4072\">\u00e0udio<\/a> o un contingut de tipus <a href=\"https:\/\/webs.uab.cat\/webedit\/edicio-de-continguts\/manual\/embed-2\/\" data-type=\"page\" data-id=\"4091\">embed<\/a>.<\/li>\n\n\n\n<li><strong>Actualitzacions:<\/strong> per indicar novetats relacionades amb l\u2019esdeveniment.<\/li>\n\n\n\n<li><strong>Data d&#8217;inici:<\/strong> dia en qu\u00e8 comen\u00e7a l\u2019esdeveniment (si aplica).<\/li>\n\n\n\n<li><strong>Data de fi:<\/strong> dia en qu\u00e8 finalitza l\u2019esdeveniment (si aplica).<\/li>\n<\/ul>\n\n\n\n<h2 class=\"wp-block-heading\">Visualitzaci\u00f3 dels anuncis segons el seu estat<\/h2>\n\n\n\n<p><strong>Previst<\/strong><\/p>\n\n\n<div class=\"wp-block-image\">\n<figure class=\"aligncenter size-full\"><img loading=\"lazy\" decoding=\"async\" width=\"800\" height=\"93\" src=\"https:\/\/webs.uab.cat\/webedit\/wp-content\/uploads\/sites\/667\/2025\/10\/AnunciPrevist.jpg\" alt=\"Exemple d'asset anunci previst\" class=\"wp-image-5196\" srcset=\"https:\/\/webs.uab.cat\/webedit\/wp-content\/uploads\/sites\/667\/2025\/10\/AnunciPrevist.jpg 800w, https:\/\/webs.uab.cat\/webedit\/wp-content\/uploads\/sites\/667\/2025\/10\/AnunciPrevist-300x35.jpg 300w, https:\/\/webs.uab.cat\/webedit\/wp-content\/uploads\/sites\/667\/2025\/10\/AnunciPrevist-768x89.jpg 768w\" sizes=\"auto, (max-width: 800px) 100vw, 800px\" \/><\/figure>\n<\/div>\n\n\n<p><strong>En curs<\/strong><\/p>\n\n\n\n<figure class=\"wp-block-image size-full\"><img loading=\"lazy\" decoding=\"async\" width=\"800\" height=\"107\" src=\"https:\/\/webs.uab.cat\/webedit\/wp-content\/uploads\/sites\/667\/2025\/10\/AnunciEnCurs.jpg\" alt=\"Exemple d'asset anunci en curs\" class=\"wp-image-5193\" srcset=\"https:\/\/webs.uab.cat\/webedit\/wp-content\/uploads\/sites\/667\/2025\/10\/AnunciEnCurs.jpg 800w, https:\/\/webs.uab.cat\/webedit\/wp-content\/uploads\/sites\/667\/2025\/10\/AnunciEnCurs-300x40.jpg 300w, https:\/\/webs.uab.cat\/webedit\/wp-content\/uploads\/sites\/667\/2025\/10\/AnunciEnCurs-768x103.jpg 768w\" sizes=\"auto, (max-width: 800px) 100vw, 800px\" \/><\/figure>\n\n\n\n<p><strong>Anuncis amb actualitzacions<\/strong><\/p>\n\n\n<div class=\"wp-block-image\">\n<figure class=\"aligncenter size-full\"><img loading=\"lazy\" decoding=\"async\" width=\"800\" height=\"112\" src=\"https:\/\/webs.uab.cat\/webedit\/wp-content\/uploads\/sites\/667\/2025\/10\/AnunciEnCursActualitzacions.jpg\" alt=\"Exemple d'asset anunci en curs amb actualitzacions\" class=\"wp-image-5194\" srcset=\"https:\/\/webs.uab.cat\/webedit\/wp-content\/uploads\/sites\/667\/2025\/10\/AnunciEnCursActualitzacions.jpg 800w, https:\/\/webs.uab.cat\/webedit\/wp-content\/uploads\/sites\/667\/2025\/10\/AnunciEnCursActualitzacions-300x42.jpg 300w, https:\/\/webs.uab.cat\/webedit\/wp-content\/uploads\/sites\/667\/2025\/10\/AnunciEnCursActualitzacions-768x108.jpg 768w\" sizes=\"auto, (max-width: 800px) 100vw, 800px\" \/><\/figure>\n<\/div>\n\n\n<p><strong>Finalitzats<\/strong><\/p>\n\n\n<div class=\"wp-block-image\">\n<figure class=\"aligncenter size-full\"><img loading=\"lazy\" decoding=\"async\" width=\"800\" height=\"98\" src=\"https:\/\/webs.uab.cat\/webedit\/wp-content\/uploads\/sites\/667\/2025\/10\/Ex_Anunci_Finalitzat.jpg\" alt=\"Exemple d'asset anunci finalitzat\" class=\"wp-image-5200\" srcset=\"https:\/\/webs.uab.cat\/webedit\/wp-content\/uploads\/sites\/667\/2025\/10\/Ex_Anunci_Finalitzat.jpg 800w, https:\/\/webs.uab.cat\/webedit\/wp-content\/uploads\/sites\/667\/2025\/10\/Ex_Anunci_Finalitzat-300x37.jpg 300w, https:\/\/webs.uab.cat\/webedit\/wp-content\/uploads\/sites\/667\/2025\/10\/Ex_Anunci_Finalitzat-768x94.jpg 768w\" sizes=\"auto, (max-width: 800px) 100vw, 800px\" \/><\/figure>\n<\/div>\n\n\n<p><strong>Comunicaci\u00f3<\/strong><\/p>\n\n\n<div class=\"wp-block-image\">\n<figure class=\"aligncenter size-full\"><img loading=\"lazy\" decoding=\"async\" width=\"800\" height=\"76\" src=\"https:\/\/webs.uab.cat\/webedit\/wp-content\/uploads\/sites\/667\/2025\/10\/AnunciComunicacio.jpg\" alt=\"Exemple d'asset anunci de tipus Comunicaci\u00f3\" class=\"wp-image-5192\" srcset=\"https:\/\/webs.uab.cat\/webedit\/wp-content\/uploads\/sites\/667\/2025\/10\/AnunciComunicacio.jpg 800w, https:\/\/webs.uab.cat\/webedit\/wp-content\/uploads\/sites\/667\/2025\/10\/AnunciComunicacio-300x29.jpg 300w, https:\/\/webs.uab.cat\/webedit\/wp-content\/uploads\/sites\/667\/2025\/10\/AnunciComunicacio-768x73.jpg 768w\" sizes=\"auto, (max-width: 800px) 100vw, 800px\" \/><\/figure>\n<\/div>","protected":false},"excerpt":{"rendered":"<p>L\u2019asset Anunci serveix per mostrar informacions priorit\u00e0ries al web que els usuaris han de con\u00e8ixer, com ara: Els anuncis es poden destacar a la portada i tamb\u00e9 tenen una p\u00e0gina interior espec\u00edfica. Tipus d&#8217;anuncis Com crear l&#8217;asset Anunci Un cop carregat l\u2019asset, cal emplenar els camps seg\u00fcents. Nom\u00e9s s\u00f3n obligatoris els que tenen un asterisc [&hellip;]<\/p>\n","protected":false},"author":24,"featured_media":0,"parent":4525,"menu_order":0,"comment_status":"closed","ping_status":"closed","template":"","meta":{"footnotes":""},"class_list":["post-5143","page","type-page","status-publish","hentry"],"_links":{"self":[{"href":"https:\/\/webs.uab.cat\/webedit\/wp-json\/wp\/v2\/pages\/5143","targetHints":{"allow":["GET"]}}],"collection":[{"href":"https:\/\/webs.uab.cat\/webedit\/wp-json\/wp\/v2\/pages"}],"about":[{"href":"https:\/\/webs.uab.cat\/webedit\/wp-json\/wp\/v2\/types\/page"}],"author":[{"embeddable":true,"href":"https:\/\/webs.uab.cat\/webedit\/wp-json\/wp\/v2\/users\/24"}],"replies":[{"embeddable":true,"href":"https:\/\/webs.uab.cat\/webedit\/wp-json\/wp\/v2\/comments?post=5143"}],"version-history":[{"count":42,"href":"https:\/\/webs.uab.cat\/webedit\/wp-json\/wp\/v2\/pages\/5143\/revisions"}],"predecessor-version":[{"id":6163,"href":"https:\/\/webs.uab.cat\/webedit\/wp-json\/wp\/v2\/pages\/5143\/revisions\/6163"}],"up":[{"embeddable":true,"href":"https:\/\/webs.uab.cat\/webedit\/wp-json\/wp\/v2\/pages\/4525"}],"wp:attachment":[{"href":"https:\/\/webs.uab.cat\/webedit\/wp-json\/wp\/v2\/media?parent=5143"}],"curies":[{"name":"wp","href":"https:\/\/api.w.org\/{rel}","templated":true}]}}