{"id":5147,"date":"2025-10-31T10:48:33","date_gmt":"2025-10-31T08:48:33","guid":{"rendered":"https:\/\/webs.uab.cat\/webedit\/?page_id=5147"},"modified":"2025-12-02T12:49:54","modified_gmt":"2025-12-02T10:49:54","slug":"lasset-text","status":"publish","type":"page","link":"https:\/\/webs.uab.cat\/webedit\/edicio-de-continguts\/manual\/lasset-text\/","title":{"rendered":"L&#8217;asset Text"},"content":{"rendered":"\n<p>Els assets de text permeten crear diferents blocs de text senzills. Els identificarem amb el prefix <strong>TXT_<\/strong> i disposen de cinc definicions diferents:<\/p>\n\n\n<div class=\"wp-block-image\">\n<figure class=\"aligncenter size-full\"><img loading=\"lazy\" decoding=\"async\" width=\"526\" height=\"411\" src=\"https:\/\/webs.uab.cat\/webedit\/wp-content\/uploads\/sites\/667\/2025\/10\/DefinicionsAssetText.jpg\" alt=\"Tipus d'asset text: Anunci, Fitxa cat\u00e0leg, Testimoni, Text general i Xifra\" class=\"wp-image-5149\" srcset=\"https:\/\/webs.uab.cat\/webedit\/wp-content\/uploads\/sites\/667\/2025\/10\/DefinicionsAssetText.jpg 526w, https:\/\/webs.uab.cat\/webedit\/wp-content\/uploads\/sites\/667\/2025\/10\/DefinicionsAssetText-300x234.jpg 300w\" sizes=\"auto, (max-width: 526px) 100vw, 526px\" \/><\/figure>\n<\/div>\n\n\n<h2 class=\"wp-block-heading\">Tipus d&#8217;asset Text<\/h2>\n\n\n\n<ul class=\"wp-block-list\">\n<li><a href=\"https:\/\/webs.uab.cat\/webedit\/edicio-de-continguts\/manual\/anuncis\/\" data-type=\"page\" data-id=\"5143\">Anunci<\/a><\/li>\n\n\n\n<li><a href=\"https:\/\/webs.uab.cat\/webedit\/edicio-de-continguts\/manual\/fitxa-cataleg\/\" data-type=\"page\" data-id=\"5158\">Fitxa cat\u00e0leg<\/a><\/li>\n\n\n\n<li><a href=\"https:\/\/webs.uab.cat\/webedit\/edicio-de-continguts\/manual\/testimoni\/\" data-type=\"page\" data-id=\"5160\">Testimoni<\/a><\/li>\n\n\n\n<li><a href=\"https:\/\/webs.uab.cat\/webedit\/edicio-de-continguts\/manual\/text-general\/\" data-type=\"page\" data-id=\"5162\">Text general<\/a><\/li>\n\n\n\n<li><a href=\"https:\/\/webs.uab.cat\/webedit\/edicio-de-continguts\/manual\/xifra\/\" data-type=\"page\" data-id=\"5164\">Xifra<\/a><\/li>\n<\/ul>\n\n\n\n<h2 class=\"wp-block-heading\">Definicions<\/h2>\n\n\n\n<h3 class=\"wp-block-heading\">Asset Anunci<\/h3>\n\n\n\n<p>S\u2019utilitza per mostrar informacions priorit\u00e0ries al web que els usuaris han de con\u00e8ixer, com ara:<\/p>\n\n\n\n<ul class=\"wp-block-list\">\n<li>Av\u00eds d\u2019una incid\u00e8ncia programada en un servei. <\/li>\n\n\n\n<li>Anunci d\u2019un per\u00edode d\u2019inscripci\u00f3 imminent. <\/li>\n\n\n\n<li>Comunicat p\u00fablic de l\u2019entitat.<\/li>\n<\/ul>\n\n\n\n<h3 class=\"wp-block-heading\">Asset Fitxa cat\u00e0leg<\/h3>\n\n\n\n<p>Serveix per mostrar textos acompanyats d\u2019imatge. \u00c9s molt \u00fatil per crear llistats, per exemple, dels membres d\u2019un equip.<\/p>\n\n\n\n<h3 class=\"wp-block-heading\">Asset Testimoni<\/h3>\n\n\n\n<p>Es fa servir per recollir experi\u00e8ncies d\u2019estudiants o usuaris d\u2019un servei. Combina:<\/p>\n\n\n\n<ul class=\"wp-block-list\">\n<li>Text<\/li>\n\n\n\n<li>Nom de la persona<\/li>\n\n\n\n<li>C\u00e0rrec<\/li>\n\n\n\n<li>Imatge o v\u00eddeo<\/li>\n<\/ul>\n\n\n\n<h3 class=\"wp-block-heading\">Asset Text general<\/h3>\n\n\n\n<p>Permet crear textos que formaran part d\u2019un desplegable.<\/p>\n\n\n\n<h3 class=\"wp-block-heading\">Asset Xifra<\/h3>\n\n\n\n<p>Serveix per mostrar dades en format num\u00e8ric d\u2019una manera visual.<\/p>\n","protected":false},"excerpt":{"rendered":"<p>Els assets de text permeten crear diferents blocs de text senzills. Els identificarem amb el prefix TXT_ i disposen de cinc definicions diferents: Tipus d&#8217;asset Text Definicions Asset Anunci S\u2019utilitza per mostrar informacions priorit\u00e0ries al web que els usuaris han de con\u00e8ixer, com ara: Asset Fitxa cat\u00e0leg Serveix per mostrar textos acompanyats d\u2019imatge. \u00c9s molt [&hellip;]<\/p>\n","protected":false},"author":24,"featured_media":0,"parent":4525,"menu_order":0,"comment_status":"closed","ping_status":"closed","template":"","meta":{"footnotes":""},"class_list":["post-5147","page","type-page","status-publish","hentry"],"_links":{"self":[{"href":"https:\/\/webs.uab.cat\/webedit\/wp-json\/wp\/v2\/pages\/5147","targetHints":{"allow":["GET"]}}],"collection":[{"href":"https:\/\/webs.uab.cat\/webedit\/wp-json\/wp\/v2\/pages"}],"about":[{"href":"https:\/\/webs.uab.cat\/webedit\/wp-json\/wp\/v2\/types\/page"}],"author":[{"embeddable":true,"href":"https:\/\/webs.uab.cat\/webedit\/wp-json\/wp\/v2\/users\/24"}],"replies":[{"embeddable":true,"href":"https:\/\/webs.uab.cat\/webedit\/wp-json\/wp\/v2\/comments?post=5147"}],"version-history":[{"count":22,"href":"https:\/\/webs.uab.cat\/webedit\/wp-json\/wp\/v2\/pages\/5147\/revisions"}],"predecessor-version":[{"id":6084,"href":"https:\/\/webs.uab.cat\/webedit\/wp-json\/wp\/v2\/pages\/5147\/revisions\/6084"}],"up":[{"embeddable":true,"href":"https:\/\/webs.uab.cat\/webedit\/wp-json\/wp\/v2\/pages\/4525"}],"wp:attachment":[{"href":"https:\/\/webs.uab.cat\/webedit\/wp-json\/wp\/v2\/media?parent=5147"}],"curies":[{"name":"wp","href":"https:\/\/api.w.org\/{rel}","templated":true}]}}