{"id":5160,"date":"2025-10-31T12:23:38","date_gmt":"2025-10-31T10:23:38","guid":{"rendered":"https:\/\/webs.uab.cat\/webedit\/?page_id=5160"},"modified":"2025-12-19T11:38:49","modified_gmt":"2025-12-19T09:38:49","slug":"testimoni","status":"publish","type":"page","link":"https:\/\/webs.uab.cat\/webedit\/edicio-de-continguts\/manual\/testimoni\/","title":{"rendered":"Testimoni"},"content":{"rendered":"\n<p>L\u2019<strong>asset<\/strong> de text de tipus <strong>Testimoni<\/strong> serveix per recollir les experi\u00e8ncies dels estudiants o b\u00e9 dels usuaris d\u2019un servei. Es pot acompanyar d\u2019imatge, de v\u00eddeo o d\u2019\u00e0udio. Els testimonis es poden destacar a la portada o b\u00e9 en p\u00e0gines interiors.<\/p>\n\n\n\n<p>Per crear un contingut d\u2019aquest tipus, simplement cal anar al men\u00fa superior <strong>\u2018Contenido\u2019<\/strong> i seleccionar l\u2019opci\u00f3 <strong>Nuevo &gt; Text<\/strong>, i triar l\u2019opci\u00f3 <strong>Testimoni<\/strong>.<\/p>\n\n\n<div class=\"wp-block-image\">\n<figure class=\"aligncenter size-full\"><img loading=\"lazy\" decoding=\"async\" width=\"452\" height=\"500\" src=\"https:\/\/webs.uab.cat\/webedit\/wp-content\/uploads\/sites\/667\/2025\/10\/NuevoText.jpg\" alt=\"Men\u00fa Nou Text\" class=\"wp-image-5176\" srcset=\"https:\/\/webs.uab.cat\/webedit\/wp-content\/uploads\/sites\/667\/2025\/10\/NuevoText.jpg 452w, https:\/\/webs.uab.cat\/webedit\/wp-content\/uploads\/sites\/667\/2025\/10\/NuevoText-271x300.jpg 271w\" sizes=\"auto, (max-width: 452px) 100vw, 452px\" \/><\/figure>\n<\/div>\n\n<div class=\"wp-block-image\">\n<figure class=\"aligncenter size-full\"><img loading=\"lazy\" decoding=\"async\" width=\"526\" height=\"411\" src=\"https:\/\/webs.uab.cat\/webedit\/wp-content\/uploads\/sites\/667\/2025\/10\/DefinicionsTextTestimoni.jpg\" alt=\"Captura de pantalla de les definicions de l'asset Text on s'ha resaltat la definici\u00f3 Testimoni\" class=\"wp-image-5170\" srcset=\"https:\/\/webs.uab.cat\/webedit\/wp-content\/uploads\/sites\/667\/2025\/10\/DefinicionsTextTestimoni.jpg 526w, https:\/\/webs.uab.cat\/webedit\/wp-content\/uploads\/sites\/667\/2025\/10\/DefinicionsTextTestimoni-300x234.jpg 300w\" sizes=\"auto, (max-width: 526px) 100vw, 526px\" \/><\/figure>\n<\/div>\n\n\n<p>Una vegada carregat el nou asset, \u00e9s hora d\u2019emplenar els camps. A continuaci\u00f3 us expliquem tots els camps que formen part de l\u2019asset. Nom\u00e9s cal emplenar els que tenen un asterisc, que s\u00f3n obligatoris perqu\u00e8 la visualitzaci\u00f3 funcioni correctament.<\/p>\n\n\n\n<h3 class=\"wp-block-heading\">Camps de l\u2019asset<\/h3>\n\n\n\n<ul class=\"wp-block-list\">\n<li>*<strong>Nombre:<\/strong>\u00a0el nom de l\u2019asset Testimoni no apareix en cap lloc del web, nom\u00e9s us serveix per identificar els assets d\u2019aquest tipus dins del gestor de continguts. El nom ha de comen\u00e7ar pel prefix TXT seguit de _TES, aix\u00ed: &#8216;TXT_TES_ExempleNomTestimoni&#8217;<\/li>\n\n\n\n<li><strong>Etiquetas:<\/strong>&nbsp;camp opcional per etiquetar els assets. D\u2019aquesta manera, els podreu trobar m\u00e9s r\u00e0pidament al gestor de continguts.<\/li>\n\n\n\n<li><strong>*Nom:<\/strong> l\u2019emplenarem amb el nom i cognoms de la persona.<\/li>\n\n\n\n<li><strong>C\u00e0rrec:<\/strong> es pot indicar el c\u00e0rrec que t\u00e9 actualment la persona o b\u00e9 la seva vinculaci\u00f3 amb la nostra instituci\u00f3.<\/li>\n\n\n\n<li><strong>*Cita:<\/strong> comentari que ens haur\u00e0 fet arribar la persona sobre la seva experi\u00e8ncia personal vinculada amb la nostra instituci\u00f3.<\/li>\n\n\n\n<li><strong>*Multim\u00e8dia:<\/strong> podrem associar-hi assets de tipus <a href=\"https:\/\/webs.uab.cat\/webedit\/edicio-de-continguts\/manual\/imatges\/\" data-type=\"page\" data-id=\"2895\">imatge<\/a>, <a href=\"https:\/\/webs.uab.cat\/webedit\/edicio-de-continguts\/manual\/video\/\" data-type=\"page\" data-id=\"4062\">v\u00eddeo<\/a> o <a href=\"https:\/\/webs.uab.cat\/webedit\/edicio-de-continguts\/manual\/audio\/\" data-type=\"page\" data-id=\"4072\">\u00e0udio<\/a>. En el cas d&#8217;associar-hi un \u00e0udio, cal haver emplenat el camp <strong>Arxiu imatge miniatura<\/strong> de l&#8217;asset <strong>Multim\u00e8dia \u00c0udio<\/strong>.<\/li>\n<\/ul>\n\n\n\n<p>Una vegada tinguem tots els camps emplenats, haurem d\u2019afegir l\u2019asset dins d\u2019un asset&nbsp;<strong>M\u00f2dul<\/strong> o <strong>Fila<\/strong>&nbsp;de tipus&nbsp;<strong>Testimoni<\/strong>.<\/p>\n","protected":false},"excerpt":{"rendered":"<p>L\u2019asset de text de tipus Testimoni serveix per recollir les experi\u00e8ncies dels estudiants o b\u00e9 dels usuaris d\u2019un servei. Es pot acompanyar d\u2019imatge, de v\u00eddeo o d\u2019\u00e0udio. Els testimonis es poden destacar a la portada o b\u00e9 en p\u00e0gines interiors. Per crear un contingut d\u2019aquest tipus, simplement cal anar al men\u00fa superior \u2018Contenido\u2019 i seleccionar [&hellip;]<\/p>\n","protected":false},"author":24,"featured_media":0,"parent":4525,"menu_order":0,"comment_status":"closed","ping_status":"closed","template":"","meta":{"footnotes":""},"class_list":["post-5160","page","type-page","status-publish","hentry"],"_links":{"self":[{"href":"https:\/\/webs.uab.cat\/webedit\/wp-json\/wp\/v2\/pages\/5160","targetHints":{"allow":["GET"]}}],"collection":[{"href":"https:\/\/webs.uab.cat\/webedit\/wp-json\/wp\/v2\/pages"}],"about":[{"href":"https:\/\/webs.uab.cat\/webedit\/wp-json\/wp\/v2\/types\/page"}],"author":[{"embeddable":true,"href":"https:\/\/webs.uab.cat\/webedit\/wp-json\/wp\/v2\/users\/24"}],"replies":[{"embeddable":true,"href":"https:\/\/webs.uab.cat\/webedit\/wp-json\/wp\/v2\/comments?post=5160"}],"version-history":[{"count":14,"href":"https:\/\/webs.uab.cat\/webedit\/wp-json\/wp\/v2\/pages\/5160\/revisions"}],"predecessor-version":[{"id":7110,"href":"https:\/\/webs.uab.cat\/webedit\/wp-json\/wp\/v2\/pages\/5160\/revisions\/7110"}],"up":[{"embeddable":true,"href":"https:\/\/webs.uab.cat\/webedit\/wp-json\/wp\/v2\/pages\/4525"}],"wp:attachment":[{"href":"https:\/\/webs.uab.cat\/webedit\/wp-json\/wp\/v2\/media?parent=5160"}],"curies":[{"name":"wp","href":"https:\/\/api.w.org\/{rel}","templated":true}]}}