{"id":5162,"date":"2025-10-31T12:24:09","date_gmt":"2025-10-31T10:24:09","guid":{"rendered":"https:\/\/webs.uab.cat\/webedit\/?page_id=5162"},"modified":"2025-12-19T11:40:32","modified_gmt":"2025-12-19T09:40:32","slug":"text-general","status":"publish","type":"page","link":"https:\/\/webs.uab.cat\/webedit\/edicio-de-continguts\/manual\/text-general\/","title":{"rendered":"Text general"},"content":{"rendered":"\n<p>L\u2019<strong>asset<\/strong> de text de tipus <strong>Text general<\/strong> es far\u00e0 servir quan vulguem crear un m\u00f2dul de <strong>desplegables<\/strong>. Els desplegables permeten condensar molta informaci\u00f3 en una sola p\u00e0gina.<\/p>\n\n\n\n<p>Per crear un contingut d\u2019aquest tipus, simplement cal anar al men\u00fa superior <strong>\u2018Contenido\u2019<\/strong> i seleccionar l&#8217;opci\u00f3 <strong>Nuevo &gt; Text<\/strong>, i triar l&#8217;opci\u00f3 <strong>Text general<\/strong>.<\/p>\n\n\n<div class=\"wp-block-image\">\n<figure class=\"aligncenter size-full\"><img loading=\"lazy\" decoding=\"async\" width=\"526\" height=\"411\" src=\"https:\/\/webs.uab.cat\/webedit\/wp-content\/uploads\/sites\/667\/2025\/10\/DefinicionsAssetText.jpg\" alt=\"Tipus d'asset text: Anunci, Fitxa cat\u00e0leg, Testimoni, Text general i Xifra\" class=\"wp-image-5149\" srcset=\"https:\/\/webs.uab.cat\/webedit\/wp-content\/uploads\/sites\/667\/2025\/10\/DefinicionsAssetText.jpg 526w, https:\/\/webs.uab.cat\/webedit\/wp-content\/uploads\/sites\/667\/2025\/10\/DefinicionsAssetText-300x234.jpg 300w\" sizes=\"auto, (max-width: 526px) 100vw, 526px\" \/><\/figure>\n<\/div>\n\n<div class=\"wp-block-image\">\n<figure class=\"aligncenter size-full\"><img loading=\"lazy\" decoding=\"async\" width=\"526\" height=\"411\" src=\"https:\/\/webs.uab.cat\/webedit\/wp-content\/uploads\/sites\/667\/2025\/10\/DefinicionsTextTextGeneral.jpg\" alt=\"Captura de pantalla de les definicions de l'asset Text on s'ha resaltat la definici\u00f3 Text General\" class=\"wp-image-5171\" srcset=\"https:\/\/webs.uab.cat\/webedit\/wp-content\/uploads\/sites\/667\/2025\/10\/DefinicionsTextTextGeneral.jpg 526w, https:\/\/webs.uab.cat\/webedit\/wp-content\/uploads\/sites\/667\/2025\/10\/DefinicionsTextTextGeneral-300x234.jpg 300w\" sizes=\"auto, (max-width: 526px) 100vw, 526px\" \/><\/figure>\n<\/div>\n\n\n<p>Una vegada carregat el nou asset, \u00e9s hora d\u2019omplir els camps. Per ajudar-vos, a continuaci\u00f3 detallem cada camp que hi trobareu.&nbsp;Nom\u00e9s cal emplenar els que tenen un asterisc, que s\u00f3n obligatoris perqu\u00e8 la visualitzaci\u00f3 funcioni correctament.<\/p>\n\n\n\n<h3 class=\"wp-block-heading\">Camps de l\u2019asset<\/h3>\n\n\n\n<ul class=\"wp-block-list\">\n<li><strong>*Nombre:<\/strong> el nom de l\u2019asset Text general no apareix en cap lloc del web, nom\u00e9s us serveix per identificar els assets d\u2019aquest tipus dins del gestor de continguts. El nom ha de comen\u00e7ar pel prefix TXT seguit de _TG, aix\u00ed: &#8216;TXT_TG_NomAsset&#8217;<\/li>\n\n\n\n<li><strong>Etiquetas:<\/strong>&nbsp;camp opcional per etiquetar els assets. D\u2019aquesta manera, els podreu trobar m\u00e9s r\u00e0pidament al gestor de continguts.<\/li>\n\n\n\n<li><strong>T\u00edtol:<\/strong> text que es veur\u00e0 com a t\u00edtol del desplegable.<\/li>\n\n\n\n<li><strong>Media:<\/strong> podem associar-hi <a href=\"https:\/\/webs.uab.cat\/webedit\/edicio-de-continguts\/manual\/imatges\/\" data-type=\"page\" data-id=\"2895\">imatge<\/a>, <a href=\"https:\/\/webs.uab.cat\/webedit\/edicio-de-continguts\/manual\/video\/\" data-type=\"page\" data-id=\"4062\">v\u00eddeo<\/a>, <a href=\"https:\/\/webs.uab.cat\/webedit\/edicio-de-continguts\/manual\/audio\/\" data-type=\"page\" data-id=\"4072\">\u00e0udio<\/a> i contingut <a href=\"https:\/\/webs.uab.cat\/webedit\/edicio-de-continguts\/manual\/embed-2\/\" data-type=\"page\" data-id=\"4091\">embed<\/a>.<\/li>\n\n\n\n<li><strong>*Descripci\u00f3:<\/strong> \u00e9s on posarem el contingut principal.<\/li>\n<\/ul>\n\n\n\n<p>Si cal complementar la informaci\u00f3 proporcionada associant-hi enlla\u00e7os, farem servir els camps seg\u00fcents:<\/p>\n\n\n\n<ul class=\"wp-block-list\">\n<li><strong>Titol enlla\u00e7os:<\/strong> t\u00edtol que introdueixi el bloc d&#8217;enlla\u00e7os.<\/li>\n\n\n\n<li><strong>Enlla\u00e7os relacionats:<\/strong> hi podrem associar qualsevol tipus d\u2019enlla\u00e7.<\/li>\n\n\n\n<li><strong>Posici\u00f3 d&#8217;icones:<\/strong> sempre que tinguem m\u00e9s d\u2019un enlla\u00e7, haurem de triar l&#8217;opci\u00f3 &#8216;<strong>Dreta&#8217;<\/strong> del desplegable.<\/li>\n<\/ul>\n\n\n\n<p>Una vegada tinguem tots els camps emplenats, haurem d\u2019afegir l\u2019asset dins d\u2019un asset <strong>M\u00f2dul <\/strong>de tipus <strong>Desplegables<\/strong>.<\/p>\n","protected":false},"excerpt":{"rendered":"<p>L\u2019asset de text de tipus Text general es far\u00e0 servir quan vulguem crear un m\u00f2dul de desplegables. Els desplegables permeten condensar molta informaci\u00f3 en una sola p\u00e0gina. Per crear un contingut d\u2019aquest tipus, simplement cal anar al men\u00fa superior \u2018Contenido\u2019 i seleccionar l&#8217;opci\u00f3 Nuevo &gt; Text, i triar l&#8217;opci\u00f3 Text general. Una vegada carregat el [&hellip;]<\/p>\n","protected":false},"author":24,"featured_media":0,"parent":4525,"menu_order":0,"comment_status":"closed","ping_status":"closed","template":"","meta":{"footnotes":""},"class_list":["post-5162","page","type-page","status-publish","hentry"],"_links":{"self":[{"href":"https:\/\/webs.uab.cat\/webedit\/wp-json\/wp\/v2\/pages\/5162","targetHints":{"allow":["GET"]}}],"collection":[{"href":"https:\/\/webs.uab.cat\/webedit\/wp-json\/wp\/v2\/pages"}],"about":[{"href":"https:\/\/webs.uab.cat\/webedit\/wp-json\/wp\/v2\/types\/page"}],"author":[{"embeddable":true,"href":"https:\/\/webs.uab.cat\/webedit\/wp-json\/wp\/v2\/users\/24"}],"replies":[{"embeddable":true,"href":"https:\/\/webs.uab.cat\/webedit\/wp-json\/wp\/v2\/comments?post=5162"}],"version-history":[{"count":16,"href":"https:\/\/webs.uab.cat\/webedit\/wp-json\/wp\/v2\/pages\/5162\/revisions"}],"predecessor-version":[{"id":7112,"href":"https:\/\/webs.uab.cat\/webedit\/wp-json\/wp\/v2\/pages\/5162\/revisions\/7112"}],"up":[{"embeddable":true,"href":"https:\/\/webs.uab.cat\/webedit\/wp-json\/wp\/v2\/pages\/4525"}],"wp:attachment":[{"href":"https:\/\/webs.uab.cat\/webedit\/wp-json\/wp\/v2\/media?parent=5162"}],"curies":[{"name":"wp","href":"https:\/\/api.w.org\/{rel}","templated":true}]}}