{"id":5164,"date":"2025-10-31T12:24:31","date_gmt":"2025-10-31T10:24:31","guid":{"rendered":"https:\/\/webs.uab.cat\/webedit\/?page_id=5164"},"modified":"2025-12-19T11:43:25","modified_gmt":"2025-12-19T09:43:25","slug":"xifra","status":"publish","type":"page","link":"https:\/\/webs.uab.cat\/webedit\/edicio-de-continguts\/manual\/xifra\/","title":{"rendered":"Xifra"},"content":{"rendered":"\n<p>L&#8217;<strong>asset Xifra<\/strong> serveix per destacar xifres rellevants de l\u2019\u00e0mbit o servei de la web que s\u2019est\u00e0 editant.<\/p>\n\n\n\n<p>Per crear un contingut d\u2019aquest tipus, simplement cal anar al men\u00fa superior&nbsp;<strong>\u2018Contenido\u2019<\/strong>&nbsp;i seleccionar l\u2019opci\u00f3&nbsp;<strong>Nuevo &gt; Text<\/strong>, i triar l\u2019opci\u00f3&nbsp;Xifra.<\/p>\n\n\n<div class=\"wp-block-image\">\n<figure class=\"aligncenter size-full\"><img loading=\"lazy\" decoding=\"async\" width=\"526\" height=\"411\" src=\"https:\/\/webs.uab.cat\/webedit\/wp-content\/uploads\/sites\/667\/2025\/10\/DefinicionsAssetText.jpg\" alt=\"Tipus d'asset text: Anunci, Fitxa cat\u00e0leg, Testimoni, Text general i Xifra\" class=\"wp-image-5149\" srcset=\"https:\/\/webs.uab.cat\/webedit\/wp-content\/uploads\/sites\/667\/2025\/10\/DefinicionsAssetText.jpg 526w, https:\/\/webs.uab.cat\/webedit\/wp-content\/uploads\/sites\/667\/2025\/10\/DefinicionsAssetText-300x234.jpg 300w\" sizes=\"auto, (max-width: 526px) 100vw, 526px\" \/><\/figure>\n<\/div>\n\n<div class=\"wp-block-image\">\n<figure class=\"aligncenter size-full\"><img loading=\"lazy\" decoding=\"async\" width=\"526\" height=\"411\" src=\"https:\/\/webs.uab.cat\/webedit\/wp-content\/uploads\/sites\/667\/2025\/10\/DefinicionsTextXifra.jpg\" alt=\"Captura de pantalla de les definicions de l'asset Text on s'ha resaltat la definici\u00f3 Xifra\" class=\"wp-image-5172\" srcset=\"https:\/\/webs.uab.cat\/webedit\/wp-content\/uploads\/sites\/667\/2025\/10\/DefinicionsTextXifra.jpg 526w, https:\/\/webs.uab.cat\/webedit\/wp-content\/uploads\/sites\/667\/2025\/10\/DefinicionsTextXifra-300x234.jpg 300w\" sizes=\"auto, (max-width: 526px) 100vw, 526px\" \/><\/figure>\n<\/div>\n\n\n<p>Una vegada carregat el nou asset, \u00e9s hora d\u2019omplir els camps. Per ajudar-vos, a continuaci\u00f3 detallem cada camp que hi trobareu.&nbsp;<strong>Nom\u00e9s cal emplenar els que tenen un asterisc,<\/strong> que s\u00f3n obligatoris perqu\u00e8 la visualitzaci\u00f3 funcioni correctament.<\/p>\n\n\n\n<h3 class=\"wp-block-heading\">Camps de l\u2019asset<\/h3>\n\n\n\n<ul class=\"wp-block-list\">\n<li><strong>*Nombre:<\/strong>\u00a0el nom de l\u2019asset Text general no apareix en cap lloc del web, nom\u00e9s us serveix per identificar els assets d\u2019aquest tipus dins del gestor de continguts. El nom ha de comen\u00e7ar pel prefix TXT seguit de _XIFRA, aix\u00ed: TXT_XIFRA_NomAsset<\/li>\n\n\n\n<li><strong>Etiquetas:<\/strong>&nbsp;camp opcional per etiquetar els assets. D\u2019aquesta manera, els podreu trobar m\u00e9s r\u00e0pidament al gestor de continguts.<\/li>\n\n\n\n<li><strong>*Xifra:<\/strong> l&#8217;omplirem amb el n\u00famero a destacar.<\/li>\n\n\n\n<li><strong>*T\u00edtol:<\/strong> concepte al qual fa refer\u00e8ncia la xifra.<\/li>\n\n\n\n<li><strong>Subt\u00edtol: <\/strong>camp opcional on afegirem alguna informaci\u00f3 complement\u00e0ria que ajudi a contextualitzar.<\/li>\n<\/ul>\n\n\n\n<p>Exemple:<\/p>\n\n\n\n<ul class=\"wp-block-list\">\n<li>Xifra: 19<\/li>\n\n\n\n<li>T\u00edtol: al Shanghai Rankings ARWU 2024<\/li>\n\n\n\n<li>Subt\u00edtol: 1a de l&#8217;Estat Espanyol<\/li>\n<\/ul>\n\n\n\n<p>Conv\u00e9 fer servir textos curts.<\/p>\n\n\n\n<p>Una vegada tinguem tots els camps emplenats, haurem d\u2019afegir l\u2019asset dins d\u2019un asset <a href=\"https:\/\/webs.uab.cat\/webedit\/edicio-de-continguts\/components-de-les-pagines-interiors\/modul-de-xifres\/\" data-type=\"page\" data-id=\"6340\">M\u00f2dul de Xifres<\/a> o <a href=\"https:\/\/webs.uab.cat\/webedit\/edicio-de-continguts\/components-de-portada\/fila-de-xifres\/\" data-type=\"page\" data-id=\"5848\">Fila de Xifres<\/a>.<\/p>\n","protected":false},"excerpt":{"rendered":"<p>L&#8217;asset Xifra serveix per destacar xifres rellevants de l\u2019\u00e0mbit o servei de la web que s\u2019est\u00e0 editant. Per crear un contingut d\u2019aquest tipus, simplement cal anar al men\u00fa superior&nbsp;\u2018Contenido\u2019&nbsp;i seleccionar l\u2019opci\u00f3&nbsp;Nuevo &gt; Text, i triar l\u2019opci\u00f3&nbsp;Xifra. Una vegada carregat el nou asset, \u00e9s hora d\u2019omplir els camps. Per ajudar-vos, a continuaci\u00f3 detallem cada camp que [&hellip;]<\/p>\n","protected":false},"author":24,"featured_media":0,"parent":4525,"menu_order":0,"comment_status":"closed","ping_status":"closed","template":"","meta":{"footnotes":""},"class_list":["post-5164","page","type-page","status-publish","hentry"],"_links":{"self":[{"href":"https:\/\/webs.uab.cat\/webedit\/wp-json\/wp\/v2\/pages\/5164","targetHints":{"allow":["GET"]}}],"collection":[{"href":"https:\/\/webs.uab.cat\/webedit\/wp-json\/wp\/v2\/pages"}],"about":[{"href":"https:\/\/webs.uab.cat\/webedit\/wp-json\/wp\/v2\/types\/page"}],"author":[{"embeddable":true,"href":"https:\/\/webs.uab.cat\/webedit\/wp-json\/wp\/v2\/users\/24"}],"replies":[{"embeddable":true,"href":"https:\/\/webs.uab.cat\/webedit\/wp-json\/wp\/v2\/comments?post=5164"}],"version-history":[{"count":12,"href":"https:\/\/webs.uab.cat\/webedit\/wp-json\/wp\/v2\/pages\/5164\/revisions"}],"predecessor-version":[{"id":7115,"href":"https:\/\/webs.uab.cat\/webedit\/wp-json\/wp\/v2\/pages\/5164\/revisions\/7115"}],"up":[{"embeddable":true,"href":"https:\/\/webs.uab.cat\/webedit\/wp-json\/wp\/v2\/pages\/4525"}],"wp:attachment":[{"href":"https:\/\/webs.uab.cat\/webedit\/wp-json\/wp\/v2\/media?parent=5164"}],"curies":[{"name":"wp","href":"https:\/\/api.w.org\/{rel}","templated":true}]}}