{"id":5485,"date":"2025-11-07T15:01:47","date_gmt":"2025-11-07T13:01:47","guid":{"rendered":"https:\/\/webs.uab.cat\/webedit\/?page_id=5485"},"modified":"2025-12-03T12:46:16","modified_gmt":"2025-12-03T10:46:16","slug":"cursos-doracle","status":"publish","type":"page","link":"https:\/\/webs.uab.cat\/webedit\/formacio\/cursos-doracle\/","title":{"rendered":"Cursos d&#8217;Oracle"},"content":{"rendered":"\n<p>Aquests cursos s\u00f3n el nucli t\u00e8cnic de la formaci\u00f3 per als editors webs de la UAB. Si us dediqueu a la gesti\u00f3 i actualitzaci\u00f3 dels continguts de la web universit\u00e0ria, aquesta \u00e9s la vostra formaci\u00f3 imprescindible.<\/p>\n\n\n\n<p>Els cursos estan espec\u00edficament dissenyats perqu\u00e8 domineu l\u2019eina Oracle, el gestor de continguts corporatiu, des de les funcions m\u00e9s b\u00e0siques fins a les m\u00e9s avan\u00e7ades. A trav\u00e9s d\u2019aquests tallers pr\u00e0ctics, aprendreu a publicar, modificar i optimitzar tota mena de continguts (text, imatges, enlla\u00e7os, esdeveniments, etc.) assegurant la qualitat i la coher\u00e8ncia amb l\u2019estil de la UAB.<\/p>\n\n\n\n<p><strong>Accedeix al cat\u00e0leg complet i inscriu-te:<\/strong><br>Per consultar tots els cursos d&#8217;Oracle disponibles, amb les seves dates, horaris i modalitats, us convidem a buscar-los directament a la oferta formativa. El punt de partida \u00e9s el:<br><br><a href=\"https:\/\/rrhh-portal.uxxi.uab.cat\/rrhh_app\/f?p=800700:4:3541737070756:::4::\">\u00a0<strong>Curs 12917 &#8211; Sistema de treball per editar p\u00e0gines web corporatives amb ORACLE<\/strong><\/a><\/p>\n\n\n\n<p>Des d&#8217;all\u00e0 podreu descobrir tota la formaci\u00f3 relacionada i trobar el curs que millor s&#8217;adapti a les vostres necessitats.<\/p>\n","protected":false},"excerpt":{"rendered":"<p>Aquests cursos s\u00f3n el nucli t\u00e8cnic de la formaci\u00f3 per als editors webs de la UAB. Si us dediqueu a la gesti\u00f3 i actualitzaci\u00f3 dels continguts de la web universit\u00e0ria, aquesta \u00e9s la vostra formaci\u00f3 imprescindible. Els cursos estan espec\u00edficament dissenyats perqu\u00e8 domineu l\u2019eina Oracle, el gestor de continguts corporatiu, des de les funcions m\u00e9s [&hellip;]<\/p>\n","protected":false},"author":205,"featured_media":0,"parent":4505,"menu_order":0,"comment_status":"closed","ping_status":"closed","template":"","meta":{"footnotes":""},"class_list":["post-5485","page","type-page","status-publish","hentry"],"_links":{"self":[{"href":"https:\/\/webs.uab.cat\/webedit\/wp-json\/wp\/v2\/pages\/5485","targetHints":{"allow":["GET"]}}],"collection":[{"href":"https:\/\/webs.uab.cat\/webedit\/wp-json\/wp\/v2\/pages"}],"about":[{"href":"https:\/\/webs.uab.cat\/webedit\/wp-json\/wp\/v2\/types\/page"}],"author":[{"embeddable":true,"href":"https:\/\/webs.uab.cat\/webedit\/wp-json\/wp\/v2\/users\/205"}],"replies":[{"embeddable":true,"href":"https:\/\/webs.uab.cat\/webedit\/wp-json\/wp\/v2\/comments?post=5485"}],"version-history":[{"count":11,"href":"https:\/\/webs.uab.cat\/webedit\/wp-json\/wp\/v2\/pages\/5485\/revisions"}],"predecessor-version":[{"id":6152,"href":"https:\/\/webs.uab.cat\/webedit\/wp-json\/wp\/v2\/pages\/5485\/revisions\/6152"}],"up":[{"embeddable":true,"href":"https:\/\/webs.uab.cat\/webedit\/wp-json\/wp\/v2\/pages\/4505"}],"wp:attachment":[{"href":"https:\/\/webs.uab.cat\/webedit\/wp-json\/wp\/v2\/media?parent=5485"}],"curies":[{"name":"wp","href":"https:\/\/api.w.org\/{rel}","templated":true}]}}