{"id":5492,"date":"2025-11-07T15:53:52","date_gmt":"2025-11-07T13:53:52","guid":{"rendered":"https:\/\/webs.uab.cat\/webedit\/?page_id=5492"},"modified":"2025-12-16T11:30:46","modified_gmt":"2025-12-16T09:30:46","slug":"material-de-formacio","status":"publish","type":"page","link":"https:\/\/webs.uab.cat\/webedit\/formacio\/material-de-formacio\/","title":{"rendered":"Material de formaci\u00f3"},"content":{"rendered":"\n<p>L&#8217;aprenentatge no s&#8217;acaba a l&#8217;aula. En aquest apartat trobareu tots els recursos i materials que us ajudaran a repassar, consolidar i aprofundir en all apr\u00e8s durant les sessions formatives.<\/p>\n\n\n\n<p>Hem recopilat i creat documentaci\u00f3 pr\u00e0ctica, guies pas a pas, v\u00eddeo-tutorials i enlla\u00e7os d&#8217;inter\u00e8s que us serviran com a manual de consulta permanent. Ja sigui que vulgueu recordar un procediment concret d&#8217;Oracle o revisitar els principis de l&#8217;accessibilitat, aqu\u00ed trobareu el recurs que necessiteu.<\/p>\n\n\n\n<p><strong>Qu\u00e8 podeu trobar?<\/strong><\/p>\n\n\n\n<div class=\"wp-block-columns is-layout-flex wp-container-core-columns-is-layout-9d6595d7 wp-block-columns-is-layout-flex\">\n<div class=\"wp-block-column is-layout-flow wp-block-column-is-layout-flow\"><div class=\"wp-block-image\">\n<figure class=\"aligncenter size-full is-resized\"><img loading=\"lazy\" decoding=\"async\" width=\"974\" height=\"974\" src=\"https:\/\/webs.uab.cat\/webedit\/wp-content\/uploads\/sites\/667\/2025\/12\/widget.png\" alt=\"\" class=\"wp-image-6885\" style=\"width:90px\" srcset=\"https:\/\/webs.uab.cat\/webedit\/wp-content\/uploads\/sites\/667\/2025\/12\/widget.png 974w, https:\/\/webs.uab.cat\/webedit\/wp-content\/uploads\/sites\/667\/2025\/12\/widget-300x300.png 300w, https:\/\/webs.uab.cat\/webedit\/wp-content\/uploads\/sites\/667\/2025\/12\/widget-150x150.png 150w, https:\/\/webs.uab.cat\/webedit\/wp-content\/uploads\/sites\/667\/2025\/12\/widget-768x768.png 768w\" sizes=\"auto, (max-width: 974px) 100vw, 974px\" \/><\/figure>\n<\/div>\n\n\n<p class=\"has-text-align-center has-normal-font-size\"><a href=\"https:\/\/webs.uab.cat\/webedit\/presentacions-i-diapositives-de-les-sessions\/\"><strong>Presentacions i diapositives de les sessions<\/strong><\/a><\/p>\n<\/div>\n\n\n\n<div class=\"wp-block-column is-layout-flow wp-block-column-is-layout-flow\"><div class=\"wp-block-image\">\n<figure class=\"aligncenter size-full is-resized\"><img loading=\"lazy\" decoding=\"async\" width=\"974\" height=\"974\" src=\"https:\/\/webs.uab.cat\/webedit\/wp-content\/uploads\/sites\/667\/2025\/12\/footsteps.png\" alt=\"\" class=\"wp-image-6886\" style=\"width:90px\" srcset=\"https:\/\/webs.uab.cat\/webedit\/wp-content\/uploads\/sites\/667\/2025\/12\/footsteps.png 974w, https:\/\/webs.uab.cat\/webedit\/wp-content\/uploads\/sites\/667\/2025\/12\/footsteps-300x300.png 300w, https:\/\/webs.uab.cat\/webedit\/wp-content\/uploads\/sites\/667\/2025\/12\/footsteps-150x150.png 150w, https:\/\/webs.uab.cat\/webedit\/wp-content\/uploads\/sites\/667\/2025\/12\/footsteps-768x768.png 768w\" sizes=\"auto, (max-width: 974px) 100vw, 974px\" \/><\/figure>\n<\/div>\n\n\n<p class=\"has-text-align-center has-normal-font-size\"><a href=\"https:\/\/webs.uab.cat\/webedit\/els-4-passos\/\"><strong>Els 4 passos<\/strong><\/a><\/p>\n<\/div>\n\n\n\n<div class=\"wp-block-column is-layout-flow wp-block-column-is-layout-flow\"><div class=\"wp-block-image\">\n<figure class=\"aligncenter size-full is-resized\"><img loading=\"lazy\" decoding=\"async\" width=\"974\" height=\"974\" src=\"https:\/\/webs.uab.cat\/webedit\/wp-content\/uploads\/sites\/667\/2025\/12\/slideshow.png\" alt=\"\" class=\"wp-image-6887\" style=\"width:90px\" srcset=\"https:\/\/webs.uab.cat\/webedit\/wp-content\/uploads\/sites\/667\/2025\/12\/slideshow.png 974w, https:\/\/webs.uab.cat\/webedit\/wp-content\/uploads\/sites\/667\/2025\/12\/slideshow-300x300.png 300w, https:\/\/webs.uab.cat\/webedit\/wp-content\/uploads\/sites\/667\/2025\/12\/slideshow-150x150.png 150w, https:\/\/webs.uab.cat\/webedit\/wp-content\/uploads\/sites\/667\/2025\/12\/slideshow-768x768.png 768w\" sizes=\"auto, (max-width: 974px) 100vw, 974px\" \/><\/figure>\n<\/div>\n\n\n<p class=\"has-text-align-center has-normal-font-size\"><a href=\"https:\/\/webs.uab.cat\/webedit\/videotutorials-del-gestor\/\"><strong>Videotutorials del gestor<\/strong><\/a><\/p>\n<\/div>\n<\/div>\n\n\n\n<p><\/p>\n","protected":false},"excerpt":{"rendered":"<p>L&#8217;aprenentatge no s&#8217;acaba a l&#8217;aula. En aquest apartat trobareu tots els recursos i materials que us ajudaran a repassar, consolidar i aprofundir en all apr\u00e8s durant les sessions formatives. Hem recopilat i creat documentaci\u00f3 pr\u00e0ctica, guies pas a pas, v\u00eddeo-tutorials i enlla\u00e7os d&#8217;inter\u00e8s que us serviran com a manual de consulta permanent. Ja sigui que [&hellip;]<\/p>\n","protected":false},"author":205,"featured_media":0,"parent":4505,"menu_order":0,"comment_status":"closed","ping_status":"closed","template":"","meta":{"footnotes":""},"class_list":["post-5492","page","type-page","status-publish","hentry"],"_links":{"self":[{"href":"https:\/\/webs.uab.cat\/webedit\/wp-json\/wp\/v2\/pages\/5492","targetHints":{"allow":["GET"]}}],"collection":[{"href":"https:\/\/webs.uab.cat\/webedit\/wp-json\/wp\/v2\/pages"}],"about":[{"href":"https:\/\/webs.uab.cat\/webedit\/wp-json\/wp\/v2\/types\/page"}],"author":[{"embeddable":true,"href":"https:\/\/webs.uab.cat\/webedit\/wp-json\/wp\/v2\/users\/205"}],"replies":[{"embeddable":true,"href":"https:\/\/webs.uab.cat\/webedit\/wp-json\/wp\/v2\/comments?post=5492"}],"version-history":[{"count":6,"href":"https:\/\/webs.uab.cat\/webedit\/wp-json\/wp\/v2\/pages\/5492\/revisions"}],"predecessor-version":[{"id":6888,"href":"https:\/\/webs.uab.cat\/webedit\/wp-json\/wp\/v2\/pages\/5492\/revisions\/6888"}],"up":[{"embeddable":true,"href":"https:\/\/webs.uab.cat\/webedit\/wp-json\/wp\/v2\/pages\/4505"}],"wp:attachment":[{"href":"https:\/\/webs.uab.cat\/webedit\/wp-json\/wp\/v2\/media?parent=5492"}],"curies":[{"name":"wp","href":"https:\/\/api.w.org\/{rel}","templated":true}]}}