{"id":5590,"date":"2025-11-14T17:18:27","date_gmt":"2025-11-14T15:18:27","guid":{"rendered":"https:\/\/webs.uab.cat\/webedit\/?page_id=5590"},"modified":"2025-12-11T13:44:35","modified_gmt":"2025-12-11T11:44:35","slug":"els-4-passos","status":"publish","type":"page","link":"https:\/\/webs.uab.cat\/webedit\/els-4-passos\/","title":{"rendered":"Els 4 passos"},"content":{"rendered":"\n<p>Publicar continguts a la web de la UAB \u00e9s m\u00e9s senzill del que sembla! El nostre gestor, l&#8217;Oracle WCS, us espera a&nbsp;<a href=\"http:\/\/webedit.uab.cat\/servlet\/wem\/fatwire\/home\" target=\"_blank\" rel=\"noreferrer noopener\">webedit.uab.cat<\/a>&nbsp;per ajudar-vos a donar vida a les p\u00e0gines de facultats, serveis, departaments i tots els espais de la universitat. Per dominar-lo, nom\u00e9s cal que recordeu una petita f\u00f3rmula m\u00e0gica: els 4 passos clau.<\/p>\n\n\n\n<div class=\"wp-block-group is-nowrap is-layout-flex wp-container-core-group-is-layout-ad2f72ca wp-block-group-is-layout-flex\">\n<ol class=\"wp-block-list\">\n<li><strong>Prepara els continguts<\/strong><br>Redacta els textos seguint el<a href=\"https:\/\/www.uab.cat\/ca\/identitatcorporativa\/web-escriptori-mobil\" target=\"_blank\" rel=\"noreferrer noopener\"> llibre d&#8217;estil, <\/a>optimitza les imatges, puja els v\u00eddeos al repositori de v\u00eddeos institucional (Pumukit)&#8230;<\/li>\n\n\n\n<li><strong>Introdueix els continguts als assets<\/strong><br>Crea tots els assets que necessitis. Recorda que tenim publicats <a href=\"https:\/\/webs.uab.cat\/webedit\/videotutorials-del-gestor\/\">tutorials en v\u00eddeo <\/a>per si no recordes alguna cosa.<\/li>\n\n\n\n<li><strong>Munta i combina els assets<\/strong><br>Actualitza les col\u00b7leccions, p\u00e0gines, files o m\u00f2duls per tal que els assets que has creat es puguin <a href=\"https:\/\/webs.uab.cat\/webedit\/2017\/03\/24\/lentorn-de-proves-existeix-utilitzeu-lo\/\">visualitzar correctament a webedit<\/a>.<\/li>\n\n\n\n<li><strong>Aprova per publicar i fes la revisi\u00f3 final<\/strong><br>Quan <a href=\"https:\/\/webs.uab.cat\/webedit\/2019\/10\/23\/aprovar-per-publicar-a-la-interficie-contributor\/\" target=\"_blank\" rel=\"noreferrer noopener\">aproves els assets<\/a> cal que esperis una mica per comprovar que tot s&#8217;ha publicat correctament. <a href=\"https:\/\/webs.uab.cat\/edicio-web\/2019\/12\/10\/horari-de-publicacio\/\" target=\"_blank\" rel=\"noreferrer noopener\">Consulta <\/a><a href=\"https:\/\/webs.uab.cat\/webedit\/2019\/12\/10\/horari-de-publicacio\/\" target=\"_blank\" rel=\"noreferrer noopener\">els <\/a><a href=\"https:\/\/webs.uab.cat\/edicio-web\/2019\/12\/10\/horari-de-publicacio\/\" target=\"_blank\" rel=\"noreferrer noopener\">horaris de <\/a><a href=\"https:\/\/webs.uab.cat\/webedit\/2019\/12\/10\/horari-de-publicacio\/\" target=\"_blank\" rel=\"noreferrer noopener\">publicaci\u00f3<\/a><a href=\"https:\/\/webs.uab.cat\/edicio-web\/2019\/12\/10\/horari-de-publicacio\/\" target=\"_blank\" rel=\"noreferrer noopener\">.<\/a><\/li>\n<\/ol>\n<\/div>\n\n\n\n<p><\/p>\n","protected":false},"excerpt":{"rendered":"<p>Publicar continguts a la web de la UAB \u00e9s m\u00e9s senzill del que sembla! El nostre gestor, l&#8217;Oracle WCS, us espera a&nbsp;webedit.uab.cat&nbsp;per ajudar-vos a donar vida a les p\u00e0gines de facultats, serveis, departaments i tots els espais de la universitat. Per dominar-lo, nom\u00e9s cal que recordeu una petita f\u00f3rmula m\u00e0gica: els 4 passos clau.<\/p>\n","protected":false},"author":205,"featured_media":0,"parent":0,"menu_order":0,"comment_status":"closed","ping_status":"closed","template":"","meta":{"footnotes":""},"class_list":["post-5590","page","type-page","status-publish","hentry"],"_links":{"self":[{"href":"https:\/\/webs.uab.cat\/webedit\/wp-json\/wp\/v2\/pages\/5590","targetHints":{"allow":["GET"]}}],"collection":[{"href":"https:\/\/webs.uab.cat\/webedit\/wp-json\/wp\/v2\/pages"}],"about":[{"href":"https:\/\/webs.uab.cat\/webedit\/wp-json\/wp\/v2\/types\/page"}],"author":[{"embeddable":true,"href":"https:\/\/webs.uab.cat\/webedit\/wp-json\/wp\/v2\/users\/205"}],"replies":[{"embeddable":true,"href":"https:\/\/webs.uab.cat\/webedit\/wp-json\/wp\/v2\/comments?post=5590"}],"version-history":[{"count":9,"href":"https:\/\/webs.uab.cat\/webedit\/wp-json\/wp\/v2\/pages\/5590\/revisions"}],"predecessor-version":[{"id":6542,"href":"https:\/\/webs.uab.cat\/webedit\/wp-json\/wp\/v2\/pages\/5590\/revisions\/6542"}],"wp:attachment":[{"href":"https:\/\/webs.uab.cat\/webedit\/wp-json\/wp\/v2\/media?parent=5590"}],"curies":[{"name":"wp","href":"https:\/\/api.w.org\/{rel}","templated":true}]}}