{"id":5636,"date":"2025-11-18T15:04:56","date_gmt":"2025-11-18T13:04:56","guid":{"rendered":"https:\/\/webs.uab.cat\/webedit\/?page_id=5636"},"modified":"2026-02-17T11:23:42","modified_gmt":"2026-02-17T09:23:42","slug":"titol-de-la-pagina","status":"publish","type":"page","link":"https:\/\/webs.uab.cat\/webedit\/titol-de-la-pagina\/","title":{"rendered":"T\u00edtol de la p\u00e0gina"},"content":{"rendered":"\n<div class=\"wp-block-columns alignwide is-layout-flex wp-container-core-columns-is-layout-9d6595d7 wp-block-columns-is-layout-flex\">\n<div class=\"wp-block-column is-layout-flow wp-block-column-is-layout-flow\" style=\"flex-basis:25%\">\n<div class=\"wp-block-group has-gris-pubilla-background-color has-background is-vertical is-layout-flex wp-container-core-group-is-layout-8cf370e7 wp-block-group-is-layout-flex\">\n<p><a href=\"https:\/\/webs.uab.cat\/webedit\/accessibilitat-amb-ckeditor\/\" data-type=\"page\" data-id=\"6440\">Accessibilitat amb CKeditor<\/a><\/p>\n\n\n\n<h2 class=\"wp-block-heading\">Disseny<\/h2>\n\n\n\n<ul class=\"wp-block-list\">\n<li><a href=\"https:\/\/webs.uab.cat\/webedit\/disseny\/\" data-type=\"page\" data-id=\"6457\">Identitat UAB<\/a><\/li>\n<\/ul>\n\n\n\n<h2 class=\"wp-block-heading\">Sem\u00e0ntica<\/h2>\n\n\n\n<ul class=\"wp-block-list\">\n<li><a href=\"https:\/\/webs.uab.cat\/webedit\/titol-de-la-pagina\/\" data-type=\"page\" data-id=\"5636\">T\u00edtol de la p\u00e0gina<\/a><\/li>\n\n\n\n<li><a href=\"https:\/\/webs.uab.cat\/webedit\/text-alternatiu\/\" data-type=\"page\" data-id=\"5699\">Text alternatiu<\/a>\n<ul class=\"wp-block-list\">\n<li><a href=\"https:\/\/webs.uab.cat\/webedit\/imatges-decoratives\/\" data-type=\"page\" data-id=\"5885\">Imatges decoratives<\/a><\/li>\n\n\n\n<li><a href=\"https:\/\/webs.uab.cat\/webedit\/imatges-funcionals\/\" data-type=\"page\" data-id=\"5893\">Imatges funcionals<\/a><\/li>\n\n\n\n<li><a href=\"https:\/\/webs.uab.cat\/webedit\/imatges-de-text\/\" data-type=\"page\" data-id=\"5902\">Imatges de text<\/a><\/li>\n\n\n\n<li><a href=\"https:\/\/webs.uab.cat\/webedit\/imatges-informatives\/\" data-type=\"page\" data-id=\"5911\">Imatges informatives<\/a><\/li>\n\n\n\n<li><a href=\"https:\/\/webs.uab.cat\/webedit\/imatges-complexes\/\" data-type=\"page\" data-id=\"5920\">Imatges complexes<\/a><\/li>\n<\/ul>\n<\/li>\n\n\n\n<li><a href=\"https:\/\/webs.uab.cat\/webedit\/estructura-de-la-pagina\/\" data-type=\"page\" data-id=\"5938\">Estructura de la p\u00e0gina<\/a><\/li>\n\n\n\n<li><a href=\"https:\/\/webs.uab.cat\/webedit\/taules\/\" data-type=\"page\" data-id=\"5952\">Taules<\/a><\/li>\n\n\n\n<li><a href=\"https:\/\/webs.uab.cat\/webedit\/llistes-2\/\" data-type=\"page\" data-id=\"6123\">Llistes<\/a><\/li>\n\n\n\n<li><a href=\"https:\/\/webs.uab.cat\/webedit\/enllacos-2\/\" data-type=\"page\" data-id=\"6120\">Enlla\u00e7os<\/a><\/li>\n<\/ul>\n\n\n\n<h2 class=\"wp-block-heading\">Contingut<\/h2>\n\n\n\n<ul class=\"wp-block-list\">\n<li><a href=\"https:\/\/webs.uab.cat\/webedit\/transcripcio-subtitulacio-i-audiodescripcio\/\" data-type=\"page\" data-id=\"6473\">Subtitulaci\u00f3<\/a><\/li>\n\n\n\n<li>Llenguatge clar<\/li>\n<\/ul>\n<\/div>\n\n\n\n<p><\/p>\n<\/div>\n\n\n\n<div class=\"wp-block-column is-layout-flow wp-block-column-is-layout-flow\" style=\"flex-basis:75%\">\n<p class=\"wp-block-uab-entradeta entradeta\">Cada p\u00e0gina d&#8217;un site ha de tenir un t\u00edtol \u00fanic i descriptiu del contingut de la p\u00e0gina.<\/p>\n\n\n\n<p>El t\u00edtol de la p\u00e0gina  s&#8217;utilitza a les pestanyes del navegador i permet diferenciar-les. Tamb\u00e9 l&#8217;utilitzen els cercadors i \u00e9s el nom per defecte que es desa als preferits.<\/p>\n\n\n\n<p>Al portal web de la UAB, aquest element es genera autom\u00e0ticament a partir del <strong>t\u00edtol de la p\u00e0gina + el nom del site<\/strong>.<\/p>\n\n\n\n<p class=\"wp-block-uab-alerta missatge alerta\">Si els t\u00edtols no s\u00f3n descriptius, els usuaris han de llegir el contingut de la p\u00e0gina per entendre on s\u00f3n. Aix\u00f2 fa que sigui menys accessible, especialment per als usuaris que utilitzen tecnologies d&#8217;assist\u00e8ncia com els lectors de pantalla, que els permeten diferenciar les pestanyes obertes al navegador.<\/p>\n\n\n\n<p><\/p>\n<\/div>\n<\/div>\n","protected":false},"excerpt":{"rendered":"<p>El t\u00edtol de la p\u00e0gina s&#8217;utilitza a les pestanyes del navegador i permet diferenciar-les. Tamb\u00e9 l&#8217;utilitzen els cercadors i \u00e9s el nom per defecte que es desa als preferits. Al portal web de la UAB, aquest element es genera autom\u00e0ticament a partir del t\u00edtol de la p\u00e0gina + el nom del site.<\/p>\n","protected":false},"author":20,"featured_media":0,"parent":0,"menu_order":0,"comment_status":"closed","ping_status":"closed","template":"","meta":{"footnotes":""},"class_list":["post-5636","page","type-page","status-publish","hentry"],"_links":{"self":[{"href":"https:\/\/webs.uab.cat\/webedit\/wp-json\/wp\/v2\/pages\/5636","targetHints":{"allow":["GET"]}}],"collection":[{"href":"https:\/\/webs.uab.cat\/webedit\/wp-json\/wp\/v2\/pages"}],"about":[{"href":"https:\/\/webs.uab.cat\/webedit\/wp-json\/wp\/v2\/types\/page"}],"author":[{"embeddable":true,"href":"https:\/\/webs.uab.cat\/webedit\/wp-json\/wp\/v2\/users\/20"}],"replies":[{"embeddable":true,"href":"https:\/\/webs.uab.cat\/webedit\/wp-json\/wp\/v2\/comments?post=5636"}],"version-history":[{"count":25,"href":"https:\/\/webs.uab.cat\/webedit\/wp-json\/wp\/v2\/pages\/5636\/revisions"}],"predecessor-version":[{"id":7172,"href":"https:\/\/webs.uab.cat\/webedit\/wp-json\/wp\/v2\/pages\/5636\/revisions\/7172"}],"wp:attachment":[{"href":"https:\/\/webs.uab.cat\/webedit\/wp-json\/wp\/v2\/media?parent=5636"}],"curies":[{"name":"wp","href":"https:\/\/api.w.org\/{rel}","templated":true}]}}