{"id":5649,"date":"2025-11-18T17:04:51","date_gmt":"2025-11-18T15:04:51","guid":{"rendered":"https:\/\/webs.uab.cat\/webedit\/?page_id=5649"},"modified":"2025-11-28T13:28:00","modified_gmt":"2025-11-28T11:28:00","slug":"fila-danuncis","status":"publish","type":"page","link":"https:\/\/webs.uab.cat\/webedit\/edicio-de-continguts\/components-de-portada\/fila-danuncis\/","title":{"rendered":"Fila d&#8217;anuncis"},"content":{"rendered":"\n<p>La fila d\u2019anuncis t\u00e9 un comportament diferent de la resta de files existents. La seva inclusi\u00f3 a la portada determina que es mostrin els <a href=\"https:\/\/webs.uab.cat\/webedit\/edicio-de-continguts\/manual\/anuncis\/\" data-type=\"page\" data-id=\"5143\">anuncis<\/a> actius. Aquests es visualitzaran segons les dates configurades, per\u00f2 no caldr\u00e0 inserir-los manualment a la fila.<\/p>\n\n\n\n<h2 class=\"wp-block-heading\">Edici\u00f3 de la Fila d&#8217;Anuncis<\/h2>\n\n\n\n<dl class=\"pir\">\n<dt>Si els anuncis es mostren autom\u00e0ticament, per qu\u00e8 cal editar la fila?<\/dt>\n<\/dl>\n\n\n\n<p>En aquest cas, la fila permet configurar si volem afegir un enlla\u00e7 a la p\u00e0gina d\u2019arxiu dels anuncis o un enlla\u00e7 addicional cap a informaci\u00f3 relacionada.<\/p>\n\n\n\n<p>Quan editeu l\u2019asset Fila d&#8217;anuncis, veureu una interf\u00edcie com aquesta:<\/p>\n\n\n<div class=\"wp-block-image\">\n<figure class=\"aligncenter size-full\"><img loading=\"lazy\" decoding=\"async\" width=\"800\" height=\"713\" src=\"https:\/\/webs.uab.cat\/webedit\/wp-content\/uploads\/sites\/667\/2025\/11\/asset-fila-anuncis.jpg\" alt=\"Captura de pantalla de l'asset Fila Anuncis\" class=\"wp-image-5654\" srcset=\"https:\/\/webs.uab.cat\/webedit\/wp-content\/uploads\/sites\/667\/2025\/11\/asset-fila-anuncis.jpg 800w, https:\/\/webs.uab.cat\/webedit\/wp-content\/uploads\/sites\/667\/2025\/11\/asset-fila-anuncis-300x267.jpg 300w, https:\/\/webs.uab.cat\/webedit\/wp-content\/uploads\/sites\/667\/2025\/11\/asset-fila-anuncis-768x684.jpg 768w\" sizes=\"auto, (max-width: 800px) 100vw, 800px\" \/><\/figure>\n<\/div>\n\n\n<p>A continuaci\u00f3 detallem els camps disponibles.&nbsp;<strong>Nom\u00e9s s\u00f3n obligatoris els marcats amb un asterisc<\/strong>.<\/p>\n\n\n\n<ul class=\"wp-block-list\">\n<li>*<strong>Nombre:<\/strong>&nbsp;nom intern per identificar l\u2019asset dins d\u2019Oracle WCS. Per norma general, ser\u00e0 F_Anuncis.<strong>&nbsp;No s\u2019ha de modificar.<\/strong><\/li>\n\n\n\n<li><strong>Etiquetas:<\/strong>&nbsp;opcionalment, es poden afegir etiquetes per facilitar la localitzaci\u00f3 dels assets.<\/li>\n\n\n\n<li>*<strong>T\u00edtol:<\/strong>&nbsp;t\u00edtol que es mostra abans del llistat d&#8217;anuncis. Ja estar\u00e0 emplenat.<\/li>\n\n\n\n<li><strong>Enlla\u00e7 bot\u00f3:<\/strong>&nbsp;enlla\u00e7 intern que permet a l\u2019usuari accedir a la p\u00e0gina de l\u2019arxiu d&#8217;anuncis.<\/li>\n\n\n\n<li><strong>Enlla\u00e7 addicional:<\/strong>&nbsp;enlla\u00e7 addicional cap a informaci\u00f3 relacionada.<\/li>\n<\/ul>\n\n\n\n<p>Quan no hi hagi anuncis vigents, la fila mostrar\u00e0 un missatge com el seg\u00fcent:<\/p>\n\n\n<div class=\"wp-block-image\">\n<figure class=\"aligncenter size-full\"><img loading=\"lazy\" decoding=\"async\" width=\"800\" height=\"87\" src=\"https:\/\/webs.uab.cat\/webedit\/wp-content\/uploads\/sites\/667\/2025\/11\/no-anuncis.jpg\" alt=\"Fila d'anuncis buida\" class=\"wp-image-5659\" srcset=\"https:\/\/webs.uab.cat\/webedit\/wp-content\/uploads\/sites\/667\/2025\/11\/no-anuncis.jpg 800w, https:\/\/webs.uab.cat\/webedit\/wp-content\/uploads\/sites\/667\/2025\/11\/no-anuncis-300x33.jpg 300w, https:\/\/webs.uab.cat\/webedit\/wp-content\/uploads\/sites\/667\/2025\/11\/no-anuncis-768x84.jpg 768w\" sizes=\"auto, (max-width: 800px) 100vw, 800px\" \/><\/figure>\n<\/div>","protected":false},"excerpt":{"rendered":"<p>La fila d\u2019anuncis t\u00e9 un comportament diferent de la resta de files existents. La seva inclusi\u00f3 a la portada determina que es mostrin els anuncis actius. Aquests es visualitzaran segons les dates configurades, per\u00f2 no caldr\u00e0 inserir-los manualment a la fila. Edici\u00f3 de la Fila d&#8217;Anuncis En aquest cas, la fila permet configurar si volem [&hellip;]<\/p>\n","protected":false},"author":24,"featured_media":0,"parent":4527,"menu_order":0,"comment_status":"closed","ping_status":"closed","template":"","meta":{"footnotes":""},"class_list":["post-5649","page","type-page","status-publish","hentry"],"_links":{"self":[{"href":"https:\/\/webs.uab.cat\/webedit\/wp-json\/wp\/v2\/pages\/5649","targetHints":{"allow":["GET"]}}],"collection":[{"href":"https:\/\/webs.uab.cat\/webedit\/wp-json\/wp\/v2\/pages"}],"about":[{"href":"https:\/\/webs.uab.cat\/webedit\/wp-json\/wp\/v2\/types\/page"}],"author":[{"embeddable":true,"href":"https:\/\/webs.uab.cat\/webedit\/wp-json\/wp\/v2\/users\/24"}],"replies":[{"embeddable":true,"href":"https:\/\/webs.uab.cat\/webedit\/wp-json\/wp\/v2\/comments?post=5649"}],"version-history":[{"count":9,"href":"https:\/\/webs.uab.cat\/webedit\/wp-json\/wp\/v2\/pages\/5649\/revisions"}],"predecessor-version":[{"id":5983,"href":"https:\/\/webs.uab.cat\/webedit\/wp-json\/wp\/v2\/pages\/5649\/revisions\/5983"}],"up":[{"embeddable":true,"href":"https:\/\/webs.uab.cat\/webedit\/wp-json\/wp\/v2\/pages\/4527"}],"wp:attachment":[{"href":"https:\/\/webs.uab.cat\/webedit\/wp-json\/wp\/v2\/media?parent=5649"}],"curies":[{"name":"wp","href":"https:\/\/api.w.org\/{rel}","templated":true}]}}