{"id":5699,"date":"2025-11-19T14:01:13","date_gmt":"2025-11-19T12:01:13","guid":{"rendered":"https:\/\/webs.uab.cat\/webedit\/?page_id=5699"},"modified":"2026-02-10T13:11:12","modified_gmt":"2026-02-10T11:11:12","slug":"text-alternatiu","status":"publish","type":"page","link":"https:\/\/webs.uab.cat\/webedit\/text-alternatiu\/","title":{"rendered":"Text alternatiu"},"content":{"rendered":"\n<div class=\"wp-block-columns alignwide is-layout-flex wp-container-core-columns-is-layout-9d6595d7 wp-block-columns-is-layout-flex\">\n<div class=\"wp-block-column is-layout-flow wp-block-column-is-layout-flow\" style=\"flex-basis:25%\">\n<div class=\"wp-block-group has-gris-pubilla-background-color has-background is-vertical is-layout-flex wp-container-core-group-is-layout-8cf370e7 wp-block-group-is-layout-flex\">\n<p><a href=\"https:\/\/webs.uab.cat\/webedit\/accessibilitat-amb-ckeditor\/\" data-type=\"page\" data-id=\"6440\">Accessibilitat amb CKeditor<\/a><\/p>\n\n\n\n<h2 class=\"wp-block-heading\">Disseny<\/h2>\n\n\n\n<ul class=\"wp-block-list\">\n<li><a href=\"https:\/\/webs.uab.cat\/webedit\/disseny\/\" data-type=\"page\" data-id=\"6457\">Identitat UAB<\/a><\/li>\n<\/ul>\n\n\n\n<h2 class=\"wp-block-heading\">Sem\u00e0ntica<\/h2>\n\n\n\n<ul class=\"wp-block-list\">\n<li><a href=\"https:\/\/webs.uab.cat\/webedit\/titol-de-la-pagina\/\" data-type=\"page\" data-id=\"5636\">T\u00edtol de la p\u00e0gina<\/a><\/li>\n\n\n\n<li><a href=\"https:\/\/webs.uab.cat\/webedit\/text-alternatiu\/\" data-type=\"page\" data-id=\"5699\">Text alternatiu<\/a>\n<ul class=\"wp-block-list\">\n<li><a href=\"https:\/\/webs.uab.cat\/webedit\/imatges-decoratives\/\" data-type=\"page\" data-id=\"5885\">Imatges decoratives<\/a><\/li>\n\n\n\n<li><a href=\"https:\/\/webs.uab.cat\/webedit\/imatges-funcionals\/\" data-type=\"page\" data-id=\"5893\">Imatges funcionals<\/a><\/li>\n\n\n\n<li><a href=\"https:\/\/webs.uab.cat\/webedit\/imatges-de-text\/\" data-type=\"page\" data-id=\"5902\">Imatges de text<\/a><\/li>\n\n\n\n<li><a href=\"https:\/\/webs.uab.cat\/webedit\/imatges-informatives\/\" data-type=\"page\" data-id=\"5911\">Imatges informatives<\/a><\/li>\n\n\n\n<li><a href=\"https:\/\/webs.uab.cat\/webedit\/imatges-complexes\/\" data-type=\"page\" data-id=\"5920\">Imatges complexes<\/a><\/li>\n<\/ul>\n<\/li>\n\n\n\n<li><a href=\"https:\/\/webs.uab.cat\/webedit\/estructura-de-la-pagina\/\" data-type=\"page\" data-id=\"5938\">Estructura de la p\u00e0gina<\/a><\/li>\n\n\n\n<li><a href=\"https:\/\/webs.uab.cat\/webedit\/taules\/\" data-type=\"page\" data-id=\"5952\">Taules<\/a><\/li>\n\n\n\n<li><a href=\"https:\/\/webs.uab.cat\/webedit\/llistes-2\/\" data-type=\"page\" data-id=\"6123\">Llistes<\/a><\/li>\n\n\n\n<li><a href=\"https:\/\/webs.uab.cat\/webedit\/enllacos-2\/\" data-type=\"page\" data-id=\"6120\">Enlla\u00e7os<\/a><\/li>\n<\/ul>\n\n\n\n<h2 class=\"wp-block-heading\">Contingut<\/h2>\n\n\n\n<ul class=\"wp-block-list\">\n<li><a href=\"https:\/\/webs.uab.cat\/webedit\/transcripcio-subtitulacio-i-audiodescripcio\/\" data-type=\"page\" data-id=\"6473\">Subtitulaci\u00f3<\/a><\/li>\n\n\n\n<li>Llenguatge clar<\/li>\n<\/ul>\n<\/div>\n\n\n\n<p><\/p>\n<\/div>\n\n\n\n<div class=\"wp-block-column is-layout-flow wp-block-column-is-layout-flow\" style=\"flex-basis:75%\">\n<p class=\"wp-block-uab-entradeta entradeta\">Totes les imatges contribu\u00efdes al portal web de la UAB han de tenir un text alternatiu que les descrigui de forma precisa.<\/p>\n\n\n\n<p>El text alternatiu d&#8217;una imatge ha de descriure de forma concisa el significat de la imatge <strong>en el context on s&#8217;insereix<\/strong>. Aquest text \u00e9s l&#8217;alternativa a la imatge quan aquesta no es pot visualitzar. Aix\u00f2 es dona en el cas dels usuaris que utilitzen un lector de pantalla i tamb\u00e9 quan la connexi\u00f3 a internet \u00e9s lenta i no es poden carregar les imatges. <\/p>\n\n\n\n<p>Per aix\u00f2, evitem utilizar el nom del fitxer o altres codis propis per descriure la imatge.<\/p>\n\n\n\n<p>Tot seguit us oferim una guia per crear textos alternatius apropiats segons la finalitat de la imatge.<\/p>\n\n\n\n<figure class=\"wp-block-image size-large\"><img loading=\"lazy\" decoding=\"async\" width=\"1024\" height=\"934\" src=\"https:\/\/webs.uab.cat\/webedit\/wp-content\/uploads\/sites\/667\/2025\/11\/acc-imatges-alt-19-1024x934.png\" alt=\"\" class=\"wp-image-5883\" srcset=\"https:\/\/webs.uab.cat\/webedit\/wp-content\/uploads\/sites\/667\/2025\/11\/acc-imatges-alt-19-1024x934.png 1024w, https:\/\/webs.uab.cat\/webedit\/wp-content\/uploads\/sites\/667\/2025\/11\/acc-imatges-alt-19-300x274.png 300w, https:\/\/webs.uab.cat\/webedit\/wp-content\/uploads\/sites\/667\/2025\/11\/acc-imatges-alt-19-768x700.png 768w, https:\/\/webs.uab.cat\/webedit\/wp-content\/uploads\/sites\/667\/2025\/11\/acc-imatges-alt-19-1536x1401.png 1536w, https:\/\/webs.uab.cat\/webedit\/wp-content\/uploads\/sites\/667\/2025\/11\/acc-imatges-alt-19-2048x1868.png 2048w, https:\/\/webs.uab.cat\/webedit\/wp-content\/uploads\/sites\/667\/2025\/11\/acc-imatges-alt-19-1200x1095.png 1200w, https:\/\/webs.uab.cat\/webedit\/wp-content\/uploads\/sites\/667\/2025\/11\/acc-imatges-alt-19-1980x1806.png 1980w\" sizes=\"auto, (max-width: 1024px) 100vw, 1024px\" \/><\/figure>\n\n\n\n<ul class=\"wp-block-list\">\n<li><strong>La imatge cont\u00e9 text?<\/strong>\n<ul class=\"wp-block-list\">\n<li><strong>Si:<\/strong>\n<ul class=\"wp-block-list\">\n<li>&#8230; <strong>i el text tamb\u00e9 apareix a les proximitats de la imatge<\/strong>. No s&#8217;ha d&#8217;afegir text alternatiu, i, en el cas del portal web, aquesta imatge no t\u00e9 cabuda. Vegeu <a href=\"https:\/\/webs.uab.cat\/webedit\/imatges-decoratives\/\" data-type=\"page\" data-id=\"5885\">imatges decorative<\/a><strong><a href=\"https:\/\/webs.uab.cat\/webedit\/imatges-decoratives\/\" data-type=\"page\" data-id=\"5885\">s<\/a><\/strong>.<\/li>\n\n\n\n<li>&#8230; <strong>i el text nom\u00e9s es mostra amb finalitats decoratives.<\/strong> No s&#8217;ha d&#8217;afegir text alternatiu, i, en el cas del portal web, aquesta imatge no t\u00e9 cabuda. Vegeu <a href=\"https:\/\/webs.uab.cat\/webedit\/imatges-decoratives\/\" data-type=\"page\" data-id=\"5885\">imatges decoratives<\/a>.<\/li>\n\n\n\n<li>.<strong>.. i el text t\u00e9 una funci\u00f3 espec\u00edfica, per exemple una icona.<\/strong> El text alternatiu ha d&#8217;explicar la funci\u00f3 de la imatge. Vegeu <a href=\"https:\/\/webs.uab.cat\/webedit\/imatges-funcionals\/\" data-type=\"page\" data-id=\"5893\">imatges funcionals<\/a>.<\/li>\n\n\n\n<li><strong>&#8230; i el text de la imatge no apareix a les proximitats de la imatge.<\/strong> Utilitzeu el text de la imatge com a text alternatiu. Vegeu <a href=\"https:\/\/webs.uab.cat\/webedit\/imatges-de-text\/\" data-type=\"page\" data-id=\"5902\">imatges de text<\/a>.<\/li>\n<\/ul>\n<\/li>\n\n\n\n<li><strong>No:<\/strong> continua.<\/li>\n<\/ul>\n<\/li>\n\n\n\n<li><strong>La imatge s&#8217;utilitza en un link o un bot\u00f3 i si no hi fos seria dif\u00edcil d&#8217;entendre qu\u00e8 fan el link o el bot\u00f3?<\/strong>\n<ul class=\"wp-block-list\">\n<li><strong>Si:<\/strong> Utilitza el text alternatiu per descriure el dest\u00ed del link o l&#8217;acci\u00f3 del bot\u00f3. vegeu <a href=\"https:\/\/webs.uab.cat\/webedit\/imatges-funcionals\/\" data-type=\"page\" data-id=\"5893\">imatges funcionals<\/a>.<\/li>\n\n\n\n<li><strong>No:<\/strong> Continua.<\/li>\n<\/ul>\n<\/li>\n\n\n\n<li><strong>La imatge contribueix al contingut de la p\u00e0gina?<\/strong>\n<ul class=\"wp-block-list\">\n<li><strong>Si:<\/strong> \n<ul class=\"wp-block-list\">\n<li><strong>&#8230; i \u00e9s una fotografia o una gr\u00e0fica senzilla.<\/strong> Utilitza el text alternatiu per donar una breu descripci\u00f3 del siginificat de la imatge. Vegeu <a href=\"https:\/\/webs.uab.cat\/webedit\/imatges-informatives\/\" data-type=\"page\" data-id=\"5911\">imatges informatives<\/a>.<\/li>\n\n\n\n<li><strong>&#8230; i \u00e9s una gr\u00e0fica o infografia complexa.<\/strong> Inclou la informaci\u00f3 de la imatge a algun lloc de la p\u00e0gina proper. Vegeu <a href=\"https:\/\/webs.uab.cat\/webedit\/imatges-complexes\/\" data-type=\"page\" data-id=\"5920\">imatges complexes<\/a>.<\/li>\n\n\n\n<li>&#8230; <strong>i mostra contingut redundant al text proper<\/strong>. No s&#8217;ha d&#8217;afegir text alternatiu, i, en el cas del portal web, aquesta imatge no t\u00e9 cabuda. <\/li>\n<\/ul>\n<\/li>\n\n\n\n<li><strong>No<\/strong>: continua.<\/li>\n<\/ul>\n<\/li>\n\n\n\n<li><strong>La imatge \u00e9s purament decorativa:<\/strong> \n<ul class=\"wp-block-list\">\n<li><strong>Si: <\/strong>No s&#8217;ha d&#8217;afegir text alternatiu, i, en el cas del portal web, aquesta imatge no t\u00e9 cabuda. Vegeu <a href=\"https:\/\/webs.uab.cat\/webedit\/imatges-decoratives\/\" data-type=\"page\" data-id=\"5885\">imatges decoratives<\/a>.<\/li>\n\n\n\n<li><strong>No:<\/strong> Aquest llistat no \u00e9s exhaustiu. Podeu veure un arbre de decisi\u00f3 exhaustiu sobre el text alternatiu de les imatges o utilitzar un arbre de decisi\u00f3 interactiu al <a href=\"https:\/\/olgacarreras.blogspot.com\/2014\/07\/textos-alternativos-imagenes-accesibles.html\">bloc de l&#8217;Olga Carreras<\/a>.<\/li>\n<\/ul>\n<\/li>\n<\/ul>\n\n\n\n<p class=\"wp-block-uab-alerta missatge alerta\">En el cas de fer una c\u00f2pia de l\u2019asset imatge, reviseu el text alternatiu que t\u00e9 associat i si continua essent descriptiu de la nova imatge en el context on la inseriu.<\/p>\n\n\n\n<p><\/p>\n\n\n\n<p><\/p>\n<\/div>\n<\/div>\n","protected":false},"excerpt":{"rendered":"<p>El text alternatiu d&#8217;una imatge ha de descriure de forma concisa el significat de la imatge en el context on s&#8217;insereix. Aquest text \u00e9s l&#8217;alternativa a la imatge quan aquesta no es pot visualitzar. Aix\u00f2 es dona en el cas dels usuaris que utilitzen un lector de pantalla i tamb\u00e9 quan la connexi\u00f3 a internet [&hellip;]<\/p>\n","protected":false},"author":20,"featured_media":0,"parent":0,"menu_order":0,"comment_status":"closed","ping_status":"closed","template":"","meta":{"footnotes":""},"class_list":["post-5699","page","type-page","status-publish","hentry"],"_links":{"self":[{"href":"https:\/\/webs.uab.cat\/webedit\/wp-json\/wp\/v2\/pages\/5699","targetHints":{"allow":["GET"]}}],"collection":[{"href":"https:\/\/webs.uab.cat\/webedit\/wp-json\/wp\/v2\/pages"}],"about":[{"href":"https:\/\/webs.uab.cat\/webedit\/wp-json\/wp\/v2\/types\/page"}],"author":[{"embeddable":true,"href":"https:\/\/webs.uab.cat\/webedit\/wp-json\/wp\/v2\/users\/20"}],"replies":[{"embeddable":true,"href":"https:\/\/webs.uab.cat\/webedit\/wp-json\/wp\/v2\/comments?post=5699"}],"version-history":[{"count":18,"href":"https:\/\/webs.uab.cat\/webedit\/wp-json\/wp\/v2\/pages\/5699\/revisions"}],"predecessor-version":[{"id":7147,"href":"https:\/\/webs.uab.cat\/webedit\/wp-json\/wp\/v2\/pages\/5699\/revisions\/7147"}],"wp:attachment":[{"href":"https:\/\/webs.uab.cat\/webedit\/wp-json\/wp\/v2\/media?parent=5699"}],"curies":[{"name":"wp","href":"https:\/\/api.w.org\/{rel}","templated":true}]}}