{"id":5722,"date":"2025-11-20T12:01:33","date_gmt":"2025-11-20T10:01:33","guid":{"rendered":"https:\/\/webs.uab.cat\/webedit\/?page_id=5722"},"modified":"2025-12-19T14:19:00","modified_gmt":"2025-12-19T12:19:00","slug":"fila-denllacos","status":"publish","type":"page","link":"https:\/\/webs.uab.cat\/webedit\/edicio-de-continguts\/components-de-portada\/fila-denllacos\/","title":{"rendered":"Fila d&#8217;enlla\u00e7os"},"content":{"rendered":"\n<p>La fila d&#8217;enlla\u00e7os permet afegir i treure <a href=\"https:\/\/webs.uab.cat\/webedit\/edicio-de-continguts\/manual\/asset-enllac\/\" data-type=\"page\" data-id=\"2885\">assets de tipus&nbsp;Enlla\u00e7<\/a>&nbsp;(cap a p\u00e0gines internes, externes o documents).<\/p>\n\n\n\n<p>Hi ha diverses maneres de mostrar els enlla\u00e7os. Les presentacions disponibles s\u00f3n:<\/p>\n\n\n\n<ul class=\"wp-block-list\">\n<li>Enlla\u00e7os bot\u00f3<\/li>\n\n\n\n<li>Enlla\u00e7os amb icona<\/li>\n\n\n\n<li>Enlla\u00e7os jumbo<\/li>\n\n\n\n<li>Enlla\u00e7os cortina<\/li>\n<\/ul>\n\n\n\n<h2 class=\"wp-block-heading\">Fila d&#8217;enlla\u00e7os bot\u00f3<\/h2>\n\n\n\n<p>En aquesta fila, els enlla\u00e7os es mostren en la forma m\u00e9s senzilla: com a botons. Podeu veure un exemple a continuaci\u00f3:<\/p>\n\n\n\n<figure class=\"wp-block-image size-full\"><img loading=\"lazy\" decoding=\"async\" width=\"2238\" height=\"522\" src=\"https:\/\/webs.uab.cat\/webedit\/wp-content\/uploads\/sites\/667\/2024\/02\/fila-enllacos-boto.png\" alt=\"Exemple de fila d'Enlla\u00e7os bot\u00f3\" class=\"wp-image-5543\"\/><\/figure>\n\n\n\n<h2 class=\"wp-block-heading\">Fila d&#8217;enlla\u00e7os amb icona<\/h2>\n\n\n\n<p>En aquesta fila, els enlla\u00e7os inclouen t\u00edtol, subt\u00edtol i una icona. Podeu veure un exemple a continuaci\u00f3:<\/p>\n\n\n\n<figure class=\"wp-block-image size-full\"><img loading=\"lazy\" decoding=\"async\" width=\"2592\" height=\"728\" src=\"https:\/\/webs.uab.cat\/webedit\/wp-content\/uploads\/sites\/667\/2024\/02\/fila-enllacos-icona.png\" alt=\"Exemple de fila d'Enlla\u00e7os icona\" class=\"wp-image-5545\"\/><\/figure>\n\n\n\n<p>A m\u00e9s, aquesta fila permet afegir enlla\u00e7os extra a la part superior per enlla\u00e7ar a p\u00e0gines de detall o informaci\u00f3 relacionada.<\/p>\n\n\n\n<h2 class=\"wp-block-heading\">Fila d&#8217;enlla\u00e7os jumbo<\/h2>\n\n\n\n<p>Aquesta fila mostra els enlla\u00e7os en format gran i permet afegir un text introductori, t\u00edtol i subt\u00edtol, una imatge d\u2019acompanyament i un bot\u00f3 complementari. Podeu veure un exemple a continuaci\u00f3:<\/p>\n\n\n\n<figure class=\"wp-block-image size-full\"><img loading=\"lazy\" decoding=\"async\" width=\"2574\" height=\"1486\" src=\"https:\/\/webs.uab.cat\/webedit\/wp-content\/uploads\/sites\/667\/2024\/02\/fila-enllacos-jumbo.png\" alt=\"Exemple de fila d'Enlla\u00e7os icona jumbo\" class=\"wp-image-5546\"\/><\/figure>\n\n\n\n<p>Si hi ha m\u00e9s de 3 enlla\u00e7os, es mostraran en carrusel. Es recomana no superar els 6 elements per garantir un bon rendiment i usabilitat.<\/p>\n\n\n\n<h2 class=\"wp-block-heading\">Fila d&#8217;enlla\u00e7os cortina<\/h2>\n\n\n\n<p>En aquesta fila, el t\u00edtol de l\u2019enlla\u00e7 es mostra sobre un fons de color i, a la dreta, una imatge. Podeu veure un exemple a continuaci\u00f3:<\/p>\n\n\n\n<figure class=\"wp-block-image size-full\"><img loading=\"lazy\" decoding=\"async\" width=\"800\" height=\"346\" src=\"https:\/\/webs.uab.cat\/webedit\/wp-content\/uploads\/sites\/667\/2025\/05\/enllacoscortina.jpg\" alt=\"Exemple de fila d'Enlla\u00e7os cortina\" class=\"wp-image-5553\"\/><\/figure>\n\n\n\n<h2 class=\"wp-block-heading\">Edici\u00f3 de l&#8217;asset Fila d&#8217;enlla\u00e7os<\/h2>\n\n\n\n<p>La fila d\u2019enlla\u00e7os ja est\u00e0 preconfigurada quan es crea un nou web, per tant no cal crear-la de nou, nom\u00e9s actualitzar-ne el contingut.<\/p>\n\n\n\n<p>La trobareu associada a la&nbsp;<strong>Portada del site<\/strong>. Quan editeu l\u2019asset, veureu una interf\u00edcie com aquesta:<\/p>\n\n\n<div class=\"wp-block-image\">\n<figure class=\"aligncenter size-large\"><img loading=\"lazy\" decoding=\"async\" width=\"717\" height=\"1024\" src=\"https:\/\/webs.uab.cat\/webedit\/wp-content\/uploads\/sites\/667\/2025\/11\/asset-fila-enllacos-717x1024.jpg\" alt=\"Captura de pantalla de l'asset Fila d'enlla\u00e7os\" class=\"wp-image-5807\" srcset=\"https:\/\/webs.uab.cat\/webedit\/wp-content\/uploads\/sites\/667\/2025\/11\/asset-fila-enllacos-717x1024.jpg 717w, https:\/\/webs.uab.cat\/webedit\/wp-content\/uploads\/sites\/667\/2025\/11\/asset-fila-enllacos-210x300.jpg 210w, https:\/\/webs.uab.cat\/webedit\/wp-content\/uploads\/sites\/667\/2025\/11\/asset-fila-enllacos-768x1097.jpg 768w, https:\/\/webs.uab.cat\/webedit\/wp-content\/uploads\/sites\/667\/2025\/11\/asset-fila-enllacos.jpg 900w\" sizes=\"auto, (max-width: 717px) 100vw, 717px\" \/><\/figure>\n<\/div>\n\n\n<p>A continuaci\u00f3 detallem els camps disponibles (nom\u00e9s s\u00f3n obligatoris els marcats amb un asterisc):<\/p>\n\n\n\n<h3 class=\"wp-block-heading\">Camps de l&#8217;asset Fila d&#8217;enlla\u00e7os<\/h3>\n\n\n\n<ul class=\"wp-block-list\">\n<li>*<strong>Nombre:<\/strong>&nbsp;nom intern per identificar l\u2019asset dins d\u2019Oracle WCS. Ja estar\u00e0 emplenat i<strong>&nbsp;no s\u2019ha de modificar.<\/strong><\/li>\n\n\n\n<li><strong>Etiquetas:<\/strong>&nbsp;opcionalment, es poden afegir etiquetes per facilitar la localitzaci\u00f3 dels assets.<\/li>\n\n\n\n<li>*<strong>T\u00edtol:<\/strong>&nbsp;t\u00edtol que es mostra abans del llistat d&#8217;enlla\u00e7os. <\/li>\n\n\n\n<li><strong>Amagar t\u00edtol:<\/strong> permet decidir si el t\u00edtol de la fila es mostra o no. Si el camp est\u00e0 buit, el t\u00edtol es mostra.<\/li>\n\n\n\n<li><strong>Subt\u00edtol:<\/strong> es mostra en el format jumbo com a text introductori.<\/li>\n\n\n\n<li><strong>*Enlla\u00e7os relacionats:<\/strong> &nbsp;enlla\u00e7os que formaran la fila, arrossegant-los des de l\u2019historial o els marcadors.<\/li>\n\n\n\n<li><strong>Enlla\u00e7 bot\u00f3:<\/strong> enlla\u00e7 complementari amb forma de bot\u00f3 que es mostra en els formats jumbo, icona i cortina.<\/li>\n\n\n\n<li><strong>Imatge de fons:<\/strong> permet associar un asset multim\u00e8dia (imatge) per substituir el color s\u00f2lid. \n<ul class=\"wp-block-list\">\n<li><strong>Caracter\u00edstiques de la imatge:<\/strong> 2000px d&#8217;amplada. L&#8217;al\u00e7ada dependr\u00e0 del contingut de la fila.<\/li>\n<\/ul>\n<\/li>\n\n\n\n<li><strong>Tipus imatge fons:<\/strong> indica si la imatge \u00e9s clara o fosca (per adaptar el color del t\u00edtol).<\/li>\n\n\n\n<li><strong>Color de fons:<\/strong> si es vol un fons s\u00f2lid, es pot triar entre diverses opcions (per defecte, blanc).<\/li>\n\n\n\n<li><strong>*Presentaci\u00f3 enlla\u00e7os:<\/strong> defineix el format de visualitzaci\u00f3 (botons, icona, jumbo o cortina).<\/li>\n<\/ul>\n","protected":false},"excerpt":{"rendered":"<p>La fila d&#8217;enlla\u00e7os permet afegir i treure assets de tipus&nbsp;Enlla\u00e7&nbsp;(cap a p\u00e0gines internes, externes o documents). Hi ha diverses maneres de mostrar els enlla\u00e7os. Les presentacions disponibles s\u00f3n: Fila d&#8217;enlla\u00e7os bot\u00f3 En aquesta fila, els enlla\u00e7os es mostren en la forma m\u00e9s senzilla: com a botons. Podeu veure un exemple a continuaci\u00f3: Fila d&#8217;enlla\u00e7os amb [&hellip;]<\/p>\n","protected":false},"author":24,"featured_media":0,"parent":4527,"menu_order":0,"comment_status":"closed","ping_status":"closed","template":"","meta":{"footnotes":""},"class_list":["post-5722","page","type-page","status-publish","hentry"],"_links":{"self":[{"href":"https:\/\/webs.uab.cat\/webedit\/wp-json\/wp\/v2\/pages\/5722","targetHints":{"allow":["GET"]}}],"collection":[{"href":"https:\/\/webs.uab.cat\/webedit\/wp-json\/wp\/v2\/pages"}],"about":[{"href":"https:\/\/webs.uab.cat\/webedit\/wp-json\/wp\/v2\/types\/page"}],"author":[{"embeddable":true,"href":"https:\/\/webs.uab.cat\/webedit\/wp-json\/wp\/v2\/users\/24"}],"replies":[{"embeddable":true,"href":"https:\/\/webs.uab.cat\/webedit\/wp-json\/wp\/v2\/comments?post=5722"}],"version-history":[{"count":30,"href":"https:\/\/webs.uab.cat\/webedit\/wp-json\/wp\/v2\/pages\/5722\/revisions"}],"predecessor-version":[{"id":7122,"href":"https:\/\/webs.uab.cat\/webedit\/wp-json\/wp\/v2\/pages\/5722\/revisions\/7122"}],"up":[{"embeddable":true,"href":"https:\/\/webs.uab.cat\/webedit\/wp-json\/wp\/v2\/pages\/4527"}],"wp:attachment":[{"href":"https:\/\/webs.uab.cat\/webedit\/wp-json\/wp\/v2\/media?parent=5722"}],"curies":[{"name":"wp","href":"https:\/\/api.w.org\/{rel}","templated":true}]}}