{"id":5769,"date":"2025-11-20T16:33:50","date_gmt":"2025-11-20T14:33:50","guid":{"rendered":"https:\/\/webs.uab.cat\/webedit\/?page_id=5769"},"modified":"2025-12-19T14:22:55","modified_gmt":"2025-12-19T12:22:55","slug":"fila-de-targetes-poster","status":"publish","type":"page","link":"https:\/\/webs.uab.cat\/webedit\/edicio-de-continguts\/components-de-portada\/fila-de-targetes-poster\/","title":{"rendered":"Fila de targetes p\u00f2ster"},"content":{"rendered":"\n<p>Aquesta fila mostra una relaci\u00f3 d\u2019enlla\u00e7os, cadascun encap\u00e7alat per una imatge a mode de p\u00f2ster. Els enlla\u00e7os poden incloure, opcionalment, una petita descripci\u00f3.<\/p>\n\n\n\n<h2 class=\"wp-block-heading\">Edici\u00f3 de l\u2019asset Fila de targetes p\u00f2ster<\/h2>\n\n\n\n<p>La fila de targetes p\u00f2ster ja est\u00e0 preconfigurada quan es crea un nou web, per tant no cal crear-la de nou, nom\u00e9s actualitzar-ne el contingut.<\/p>\n\n\n\n<p>La trobareu associada a la&nbsp;<strong>Portada del site<\/strong>. Quan editeu l\u2019asset, veureu una interf\u00edcie com aquesta:<\/p>\n\n\n<div class=\"wp-block-image\">\n<figure class=\"aligncenter size-large\"><img loading=\"lazy\" decoding=\"async\" width=\"757\" height=\"1024\" src=\"https:\/\/webs.uab.cat\/webedit\/wp-content\/uploads\/sites\/667\/2025\/11\/asset-fila-targ-poster-757x1024.jpg\" alt=\"Captura de pantalla de l'asset Fila de Targetes p\u00f2ster\" class=\"wp-image-5809\" srcset=\"https:\/\/webs.uab.cat\/webedit\/wp-content\/uploads\/sites\/667\/2025\/11\/asset-fila-targ-poster-757x1024.jpg 757w, https:\/\/webs.uab.cat\/webedit\/wp-content\/uploads\/sites\/667\/2025\/11\/asset-fila-targ-poster-222x300.jpg 222w, https:\/\/webs.uab.cat\/webedit\/wp-content\/uploads\/sites\/667\/2025\/11\/asset-fila-targ-poster-768x1039.jpg 768w, https:\/\/webs.uab.cat\/webedit\/wp-content\/uploads\/sites\/667\/2025\/11\/asset-fila-targ-poster.jpg 900w\" sizes=\"auto, (max-width: 757px) 100vw, 757px\" \/><\/figure>\n<\/div>\n\n\n<p>A continuaci\u00f3 detallem els camps disponibles (nom\u00e9s s\u00f3n obligatoris els marcats amb un asterisc):<\/p>\n\n\n\n<h3 class=\"wp-block-heading\">Camps de l\u2019asset Fila de targetes p\u00f2ster<\/h3>\n\n\n\n<ul class=\"wp-block-list\">\n<li><strong>*Nombre:<\/strong>&nbsp;nom intern per identificar l\u2019asset dins d\u2019Oracle WCS. Ja estar\u00e0 emplenat i<strong>&nbsp;no s\u2019ha de modificar.<\/strong><\/li>\n\n\n\n<li><strong>Etiquetas:<\/strong>&nbsp;opcionalment, es poden afegir etiquetes per facilitar la localitzaci\u00f3 dels assets.<\/li>\n\n\n\n<li><strong>*T\u00edtol:<\/strong>&nbsp;t\u00edtol que es mostra abans dels enlla\u00e7os.<\/li>\n\n\n\n<li><strong>Enlla\u00e7 bot\u00f3:<\/strong> enlla\u00e7 complementari amb forma de bot\u00f3.<\/li>\n\n\n\n<li><strong>*Enlla\u00e7os relacionats:<\/strong>&nbsp;en aquest camp vincularem assets de tipus <strong>Enlla\u00e7<\/strong>. Cada asset enlla\u00e7 ha de tenir una imatge associada.<\/li>\n\n\n\n<li><strong>*Nombre de columnes:<\/strong>&nbsp;permet escollir el nombre de columnes que mostrar\u00e0 la fila, en funci\u00f3 de quants enlla\u00e7os hi hagi. Es pot triar entre 2, 3 o 4 columnes.<\/li>\n\n\n\n<li><strong>Imatge de fons:<\/strong> permet associar un asset multim\u00e8dia (imatge) per substituir el color s\u00f2lid. \n<ul class=\"wp-block-list\">\n<li><strong>Caracter\u00edstiques de la imatge:<\/strong>\u00a02000px d\u2019amplada. L\u2019al\u00e7ada dependr\u00e0 del contingut de la fila.<\/li>\n<\/ul>\n<\/li>\n\n\n\n<li><strong>Tipus imatge de fons:<\/strong>&nbsp;indica si la imatge \u00e9s clara o fosca (per adaptar el color del t\u00edtol).<\/li>\n\n\n\n<li><strong>Color de fons:<\/strong>&nbsp;permet triar el color de fons de la fila (per defecte, blanc).<\/li>\n<\/ul>\n\n\n\n<p class=\"wp-block-uab-info missatge\"><strong>Recomanacions:<\/strong><br>Les targetes no haurien de contenir m\u00e9s de 2 o 3 files d\u2019elements per garantir una visualitzaci\u00f3 agradable.<br>La mida recomanada per a les imatges \u00e9s <strong>900 \u00d7 600 px<\/strong>.<\/p>\n","protected":false},"excerpt":{"rendered":"<p>Aquesta fila mostra una relaci\u00f3 d\u2019enlla\u00e7os, cadascun encap\u00e7alat per una imatge a mode de p\u00f2ster. Els enlla\u00e7os poden incloure, opcionalment, una petita descripci\u00f3. Edici\u00f3 de l\u2019asset Fila de targetes p\u00f2ster La fila de targetes p\u00f2ster ja est\u00e0 preconfigurada quan es crea un nou web, per tant no cal crear-la de nou, nom\u00e9s actualitzar-ne el contingut. [&hellip;]<\/p>\n","protected":false},"author":24,"featured_media":0,"parent":4527,"menu_order":0,"comment_status":"closed","ping_status":"closed","template":"","meta":{"footnotes":""},"class_list":["post-5769","page","type-page","status-publish","hentry"],"_links":{"self":[{"href":"https:\/\/webs.uab.cat\/webedit\/wp-json\/wp\/v2\/pages\/5769","targetHints":{"allow":["GET"]}}],"collection":[{"href":"https:\/\/webs.uab.cat\/webedit\/wp-json\/wp\/v2\/pages"}],"about":[{"href":"https:\/\/webs.uab.cat\/webedit\/wp-json\/wp\/v2\/types\/page"}],"author":[{"embeddable":true,"href":"https:\/\/webs.uab.cat\/webedit\/wp-json\/wp\/v2\/users\/24"}],"replies":[{"embeddable":true,"href":"https:\/\/webs.uab.cat\/webedit\/wp-json\/wp\/v2\/comments?post=5769"}],"version-history":[{"count":17,"href":"https:\/\/webs.uab.cat\/webedit\/wp-json\/wp\/v2\/pages\/5769\/revisions"}],"predecessor-version":[{"id":7124,"href":"https:\/\/webs.uab.cat\/webedit\/wp-json\/wp\/v2\/pages\/5769\/revisions\/7124"}],"up":[{"embeddable":true,"href":"https:\/\/webs.uab.cat\/webedit\/wp-json\/wp\/v2\/pages\/4527"}],"wp:attachment":[{"href":"https:\/\/webs.uab.cat\/webedit\/wp-json\/wp\/v2\/media?parent=5769"}],"curies":[{"name":"wp","href":"https:\/\/api.w.org\/{rel}","templated":true}]}}