{"id":5839,"date":"2025-11-21T15:03:24","date_gmt":"2025-11-21T13:03:24","guid":{"rendered":"https:\/\/webs.uab.cat\/webedit\/?page_id=5839"},"modified":"2025-12-19T14:28:41","modified_gmt":"2025-12-19T12:28:41","slug":"fila-dimatges","status":"publish","type":"page","link":"https:\/\/webs.uab.cat\/webedit\/edicio-de-continguts\/components-de-portada\/fila-dimatges\/","title":{"rendered":"Fila d&#8217;imatges"},"content":{"rendered":"\n<p>Sovint necessitem mostrar segells de qualitat o logotips d\u2019entitats col\u00b7laboradores. Aquesta fila ens permet fer-ho afegint-hi <strong>assets enlla\u00e7<\/strong> que continguin una imatge.<\/p>\n\n\n\n<h2 class=\"wp-block-heading\">Edici\u00f3 de l&#8217;asset Fila d&#8217;imatges<\/h2>\n\n\n\n<p>La fila d&#8217;imatges ja est\u00e0 preconfigurada quan es crea un nou web, per tant no cal crear-la de nou, nom\u00e9s actualitzar-ne el contingut.<\/p>\n\n\n\n<p>La trobareu associada a la&nbsp;<strong>Portada del site<\/strong>. Quan editeu l\u2019asset, veureu una interf\u00edcie com aquesta:<\/p>\n\n\n<div class=\"wp-block-image\">\n<figure class=\"aligncenter size-full\"><img loading=\"lazy\" decoding=\"async\" width=\"900\" height=\"827\" src=\"https:\/\/webs.uab.cat\/webedit\/wp-content\/uploads\/sites\/667\/2025\/11\/asset-fila-img.jpg\" alt=\"Captura de pantalla de l'asset Fila d'Imatges\" class=\"wp-image-5819\" srcset=\"https:\/\/webs.uab.cat\/webedit\/wp-content\/uploads\/sites\/667\/2025\/11\/asset-fila-img.jpg 900w, https:\/\/webs.uab.cat\/webedit\/wp-content\/uploads\/sites\/667\/2025\/11\/asset-fila-img-300x276.jpg 300w, https:\/\/webs.uab.cat\/webedit\/wp-content\/uploads\/sites\/667\/2025\/11\/asset-fila-img-768x706.jpg 768w\" sizes=\"auto, (max-width: 900px) 100vw, 900px\" \/><\/figure>\n<\/div>\n\n\n<p>A continuaci\u00f3 detallem els camps disponibles (nom\u00e9s s\u00f3n obligatoris els marcats amb un asterisc):<\/p>\n\n\n\n<h3 class=\"wp-block-heading\">Camps de l&#8217;asset Fila d&#8217;imatges<\/h3>\n\n\n\n<ul class=\"wp-block-list\">\n<li>*<strong>Nombre:<\/strong>&nbsp;nom intern per identificar l\u2019asset dins d\u2019Oracle WCS. Ja estar\u00e0 emplenat i<strong>&nbsp;no s\u2019ha de modificar.<\/strong><\/li>\n\n\n\n<li><strong>Etiquetas:<\/strong>&nbsp;opcionalment, es poden afegir etiquetes per facilitar la localitzaci\u00f3 dels assets.<\/li>\n\n\n\n<li><strong>*T\u00edtol:<\/strong>&nbsp;actuar\u00e0 com a t\u00edtol de la secci\u00f3.<\/li>\n\n\n\n<li><strong>Amagar t\u00edtol:<\/strong> permet decidir si el t\u00edtol de la fila es mostra o no. Si el camp est\u00e0 buit, el t\u00edtol es mostra.<\/li>\n\n\n\n<li><strong>Imatge con enlla\u00e7 opcional:<\/strong> en aquest camp s\u2019associen els assets <a href=\"https:\/\/webs.uab.cat\/webedit\/edicio-de-continguts\/manual\/asset-enllac\/\" data-type=\"page\" data-id=\"2885\">Enlla\u00e7<\/a>, que han de tenir associat un <a href=\"https:\/\/webs.uab.cat\/webedit\/edicio-de-continguts\/manual\/imatges\/\" data-type=\"page\" data-id=\"2895\">asset Multim\u00e8dia de tipus Imatge<\/a>.<br>Si no volem que els elements siguin clicables, a l\u2019asset enlla\u00e7 haurem de posar \u201c#\u201d en lloc de la URL.<\/li>\n\n\n\n<li><strong>Estil imatges:<\/strong> podem triar entre grans, mitjanes o petites.<\/li>\n\n\n\n<li><strong>Imatge de fons:<\/strong>\u00a0permet associar un asset multim\u00e8dia (imatge) per substituir el color s\u00f2lid. \n<ul class=\"wp-block-list\">\n<li><strong>Caracter\u00edstiques de la imatge:<\/strong>\u00a02000px d\u2019amplada. L\u2019al\u00e7ada dependr\u00e0 del contingut de la fila.<\/li>\n<\/ul>\n<\/li>\n\n\n\n<li><strong>Tipus imatge de fons:<\/strong>&nbsp;indica si la imatge \u00e9s clara o fosca (per adaptar el color del t\u00edtol).<\/li>\n\n\n\n<li><strong>Color de fons:<\/strong> permet triar el color de fons de la fila (per defecte, blanc).<\/li>\n<\/ul>\n","protected":false},"excerpt":{"rendered":"<p>Sovint necessitem mostrar segells de qualitat o logotips d\u2019entitats col\u00b7laboradores. Aquesta fila ens permet fer-ho afegint-hi assets enlla\u00e7 que continguin una imatge. Edici\u00f3 de l&#8217;asset Fila d&#8217;imatges La fila d&#8217;imatges ja est\u00e0 preconfigurada quan es crea un nou web, per tant no cal crear-la de nou, nom\u00e9s actualitzar-ne el contingut. La trobareu associada a la&nbsp;Portada [&hellip;]<\/p>\n","protected":false},"author":24,"featured_media":0,"parent":4527,"menu_order":0,"comment_status":"closed","ping_status":"closed","template":"","meta":{"footnotes":""},"class_list":["post-5839","page","type-page","status-publish","hentry"],"_links":{"self":[{"href":"https:\/\/webs.uab.cat\/webedit\/wp-json\/wp\/v2\/pages\/5839","targetHints":{"allow":["GET"]}}],"collection":[{"href":"https:\/\/webs.uab.cat\/webedit\/wp-json\/wp\/v2\/pages"}],"about":[{"href":"https:\/\/webs.uab.cat\/webedit\/wp-json\/wp\/v2\/types\/page"}],"author":[{"embeddable":true,"href":"https:\/\/webs.uab.cat\/webedit\/wp-json\/wp\/v2\/users\/24"}],"replies":[{"embeddable":true,"href":"https:\/\/webs.uab.cat\/webedit\/wp-json\/wp\/v2\/comments?post=5839"}],"version-history":[{"count":9,"href":"https:\/\/webs.uab.cat\/webedit\/wp-json\/wp\/v2\/pages\/5839\/revisions"}],"predecessor-version":[{"id":7128,"href":"https:\/\/webs.uab.cat\/webedit\/wp-json\/wp\/v2\/pages\/5839\/revisions\/7128"}],"up":[{"embeddable":true,"href":"https:\/\/webs.uab.cat\/webedit\/wp-json\/wp\/v2\/pages\/4527"}],"wp:attachment":[{"href":"https:\/\/webs.uab.cat\/webedit\/wp-json\/wp\/v2\/media?parent=5839"}],"curies":[{"name":"wp","href":"https:\/\/api.w.org\/{rel}","templated":true}]}}