{"id":5902,"date":"2025-11-25T14:45:15","date_gmt":"2025-11-25T12:45:15","guid":{"rendered":"https:\/\/webs.uab.cat\/webedit\/?page_id=5902"},"modified":"2025-11-25T14:51:18","modified_gmt":"2025-11-25T12:51:18","slug":"imatges-de-text","status":"publish","type":"page","link":"https:\/\/webs.uab.cat\/webedit\/imatges-de-text\/","title":{"rendered":"Imatges de text"},"content":{"rendered":"\n<div class=\"wp-block-columns alignwide is-layout-flex wp-container-core-columns-is-layout-9d6595d7 wp-block-columns-is-layout-flex\">\n<div class=\"wp-block-column is-layout-flow wp-block-column-is-layout-flow\" style=\"flex-basis:25%\">\n<div class=\"wp-block-group has-gris-pubilla-background-color has-background is-vertical is-layout-flex wp-container-core-group-is-layout-8cf370e7 wp-block-group-is-layout-flex\">\n<p><a href=\"https:\/\/webs.uab.cat\/webedit\/accessibilitat-amb-ckeditor\/\" data-type=\"page\" data-id=\"6440\">Accessibilitat amb CKeditor<\/a><\/p>\n\n\n\n<h2 class=\"wp-block-heading\">Disseny<\/h2>\n\n\n\n<ul class=\"wp-block-list\">\n<li><a href=\"https:\/\/webs.uab.cat\/webedit\/disseny\/\" data-type=\"page\" data-id=\"6457\">Identitat UAB<\/a><\/li>\n<\/ul>\n\n\n\n<h2 class=\"wp-block-heading\">Sem\u00e0ntica<\/h2>\n\n\n\n<ul class=\"wp-block-list\">\n<li><a href=\"https:\/\/webs.uab.cat\/webedit\/titol-de-la-pagina\/\" data-type=\"page\" data-id=\"5636\">T\u00edtol de la p\u00e0gina<\/a><\/li>\n\n\n\n<li><a href=\"https:\/\/webs.uab.cat\/webedit\/text-alternatiu\/\" data-type=\"page\" data-id=\"5699\">Text alternatiu<\/a>\n<ul class=\"wp-block-list\">\n<li><a href=\"https:\/\/webs.uab.cat\/webedit\/imatges-decoratives\/\" data-type=\"page\" data-id=\"5885\">Imatges decoratives<\/a><\/li>\n\n\n\n<li><a href=\"https:\/\/webs.uab.cat\/webedit\/imatges-funcionals\/\" data-type=\"page\" data-id=\"5893\">Imatges funcionals<\/a><\/li>\n\n\n\n<li><a href=\"https:\/\/webs.uab.cat\/webedit\/imatges-de-text\/\" data-type=\"page\" data-id=\"5902\">Imatges de text<\/a><\/li>\n\n\n\n<li><a href=\"https:\/\/webs.uab.cat\/webedit\/imatges-informatives\/\" data-type=\"page\" data-id=\"5911\">Imatges informatives<\/a><\/li>\n\n\n\n<li><a href=\"https:\/\/webs.uab.cat\/webedit\/imatges-complexes\/\" data-type=\"page\" data-id=\"5920\">Imatges complexes<\/a><\/li>\n<\/ul>\n<\/li>\n\n\n\n<li><a href=\"https:\/\/webs.uab.cat\/webedit\/estructura-de-la-pagina\/\" data-type=\"page\" data-id=\"5938\">Estructura de la p\u00e0gina<\/a><\/li>\n\n\n\n<li><a href=\"https:\/\/webs.uab.cat\/webedit\/taules\/\" data-type=\"page\" data-id=\"5952\">Taules<\/a><\/li>\n\n\n\n<li><a href=\"https:\/\/webs.uab.cat\/webedit\/llistes-2\/\" data-type=\"page\" data-id=\"6123\">Llistes<\/a><\/li>\n\n\n\n<li><a href=\"https:\/\/webs.uab.cat\/webedit\/enllacos-2\/\" data-type=\"page\" data-id=\"6120\">Enlla\u00e7os<\/a><\/li>\n<\/ul>\n\n\n\n<h2 class=\"wp-block-heading\">Contingut<\/h2>\n\n\n\n<ul class=\"wp-block-list\">\n<li><a href=\"https:\/\/webs.uab.cat\/webedit\/transcripcio-subtitulacio-i-audiodescripcio\/\" data-type=\"page\" data-id=\"6473\">Subtitulaci\u00f3<\/a><\/li>\n\n\n\n<li>Llenguatge clar<\/li>\n<\/ul>\n<\/div>\n\n\n\n<p><\/p>\n<\/div>\n\n\n\n<div class=\"wp-block-column is-layout-flow wp-block-column-is-layout-flow\" style=\"flex-basis:75%\">\n<p>S\u00f3n les imatges que mostren un text per ser llegit. <\/p>\n\n\n\n<p>Amb les capacitats dels CSS de la majoria de navegadors web, fins i tot per presentar un text atractiu \u00e9s millor utilizar estils sobre el text que fer-ne una imatge. El text maquetat d&#8217;aquesta manera \u00e9s molt m\u00e9s flexible que les imatges de text, es pot ampliar sense perdre resoluci\u00f3, es poden modificar els colors de fons segons l&#8217;usuari&#8230;<\/p>\n\n\n\n<p>En aquelles ocasions en qu\u00e8 cal utilitzar una imatge del text, el text alternatiu ha de contenir el mateix text que es mostra a la imatge. <\/p>\n\n\n<div class=\"wp-block-image\">\n<figure class=\"aligncenter size-full is-resized\"><img loading=\"lazy\" decoding=\"async\" width=\"886\" height=\"499\" src=\"https:\/\/webs.uab.cat\/webedit\/wp-content\/uploads\/sites\/667\/2025\/11\/com-gravar-sollicitud-admissio-1.jpeg\" alt=\"\" class=\"wp-image-5904\" style=\"width:550px;height:auto\" srcset=\"https:\/\/webs.uab.cat\/webedit\/wp-content\/uploads\/sites\/667\/2025\/11\/com-gravar-sollicitud-admissio-1.jpeg 886w, https:\/\/webs.uab.cat\/webedit\/wp-content\/uploads\/sites\/667\/2025\/11\/com-gravar-sollicitud-admissio-1-300x169.jpeg 300w, https:\/\/webs.uab.cat\/webedit\/wp-content\/uploads\/sites\/667\/2025\/11\/com-gravar-sollicitud-admissio-1-768x433.jpeg 768w\" sizes=\"auto, (max-width: 886px) 100vw, 886px\" \/><figcaption class=\"wp-element-caption\">El text alternatiu d&#8217;aquesta imatge de text ha de ser el mateix que apareix a la imatge: &#8220;Com gravar una sol\u00b7licitud d&#8217;admissi\u00f3 al doctorat&#8221;.<\/figcaption><\/figure>\n<\/div>\n\n\n<p>Un exemple d&#8217;imatge de text que pot ser millor fer en imatge s\u00f3n les expressions matem\u00e0tiques. En aquest cas, cal transmetre la informaci\u00f3 a trav\u00e9s del text alternatiu si \u00e9s curt o b\u00e9 amb la combinaci\u00f3 del text alternatiu i descripci\u00f3 llarga despr\u00e9s de l&#8217;expressi\u00f3 matem\u00e0tica.<\/p>\n<\/div>\n<\/div>\n\n\n\n<p><\/p>\n","protected":false},"excerpt":{"rendered":"<p>S\u00f3n les imatges que mostren un text per ser llegit. Amb les capacitats dels CSS de la majoria de navegadors web, fins i tot per presentar un text atractiu \u00e9s millor utilizar estils sobre el text que fer-ne una imatge. El text maquetat d&#8217;aquesta manera \u00e9s molt m\u00e9s flexible que les imatges de text, es [&hellip;]<\/p>\n","protected":false},"author":20,"featured_media":0,"parent":0,"menu_order":0,"comment_status":"closed","ping_status":"closed","template":"","meta":{"footnotes":""},"class_list":["post-5902","page","type-page","status-publish","hentry"],"_links":{"self":[{"href":"https:\/\/webs.uab.cat\/webedit\/wp-json\/wp\/v2\/pages\/5902","targetHints":{"allow":["GET"]}}],"collection":[{"href":"https:\/\/webs.uab.cat\/webedit\/wp-json\/wp\/v2\/pages"}],"about":[{"href":"https:\/\/webs.uab.cat\/webedit\/wp-json\/wp\/v2\/types\/page"}],"author":[{"embeddable":true,"href":"https:\/\/webs.uab.cat\/webedit\/wp-json\/wp\/v2\/users\/20"}],"replies":[{"embeddable":true,"href":"https:\/\/webs.uab.cat\/webedit\/wp-json\/wp\/v2\/comments?post=5902"}],"version-history":[{"count":4,"href":"https:\/\/webs.uab.cat\/webedit\/wp-json\/wp\/v2\/pages\/5902\/revisions"}],"predecessor-version":[{"id":5910,"href":"https:\/\/webs.uab.cat\/webedit\/wp-json\/wp\/v2\/pages\/5902\/revisions\/5910"}],"wp:attachment":[{"href":"https:\/\/webs.uab.cat\/webedit\/wp-json\/wp\/v2\/media?parent=5902"}],"curies":[{"name":"wp","href":"https:\/\/api.w.org\/{rel}","templated":true}]}}