{"id":5911,"date":"2025-11-25T14:52:15","date_gmt":"2025-11-25T12:52:15","guid":{"rendered":"https:\/\/webs.uab.cat\/webedit\/?page_id=5911"},"modified":"2025-11-26T09:21:42","modified_gmt":"2025-11-26T07:21:42","slug":"imatges-informatives","status":"publish","type":"page","link":"https:\/\/webs.uab.cat\/webedit\/imatges-informatives\/","title":{"rendered":"Imatges informatives"},"content":{"rendered":"\n<div class=\"wp-block-columns alignwide is-layout-flex wp-container-core-columns-is-layout-9d6595d7 wp-block-columns-is-layout-flex\">\n<div class=\"wp-block-column is-layout-flow wp-block-column-is-layout-flow\" style=\"flex-basis:25%\">\n<div class=\"wp-block-group has-gris-pubilla-background-color has-background is-vertical is-layout-flex wp-container-core-group-is-layout-8cf370e7 wp-block-group-is-layout-flex\">\n<p><a href=\"https:\/\/webs.uab.cat\/webedit\/accessibilitat-amb-ckeditor\/\" data-type=\"page\" data-id=\"6440\">Accessibilitat amb CKeditor<\/a><\/p>\n\n\n\n<h2 class=\"wp-block-heading\">Disseny<\/h2>\n\n\n\n<ul class=\"wp-block-list\">\n<li><a href=\"https:\/\/webs.uab.cat\/webedit\/disseny\/\" data-type=\"page\" data-id=\"6457\">Identitat UAB<\/a><\/li>\n<\/ul>\n\n\n\n<h2 class=\"wp-block-heading\">Sem\u00e0ntica<\/h2>\n\n\n\n<ul class=\"wp-block-list\">\n<li><a href=\"https:\/\/webs.uab.cat\/webedit\/titol-de-la-pagina\/\" data-type=\"page\" data-id=\"5636\">T\u00edtol de la p\u00e0gina<\/a><\/li>\n\n\n\n<li><a href=\"https:\/\/webs.uab.cat\/webedit\/text-alternatiu\/\" data-type=\"page\" data-id=\"5699\">Text alternatiu<\/a>\n<ul class=\"wp-block-list\">\n<li><a href=\"https:\/\/webs.uab.cat\/webedit\/imatges-decoratives\/\" data-type=\"page\" data-id=\"5885\">Imatges decoratives<\/a><\/li>\n\n\n\n<li><a href=\"https:\/\/webs.uab.cat\/webedit\/imatges-funcionals\/\" data-type=\"page\" data-id=\"5893\">Imatges funcionals<\/a><\/li>\n\n\n\n<li><a href=\"https:\/\/webs.uab.cat\/webedit\/imatges-de-text\/\" data-type=\"page\" data-id=\"5902\">Imatges de text<\/a><\/li>\n\n\n\n<li><a href=\"https:\/\/webs.uab.cat\/webedit\/imatges-informatives\/\" data-type=\"page\" data-id=\"5911\">Imatges informatives<\/a><\/li>\n\n\n\n<li><a href=\"https:\/\/webs.uab.cat\/webedit\/imatges-complexes\/\" data-type=\"page\" data-id=\"5920\">Imatges complexes<\/a><\/li>\n<\/ul>\n<\/li>\n\n\n\n<li><a href=\"https:\/\/webs.uab.cat\/webedit\/estructura-de-la-pagina\/\" data-type=\"page\" data-id=\"5938\">Estructura de la p\u00e0gina<\/a><\/li>\n\n\n\n<li><a href=\"https:\/\/webs.uab.cat\/webedit\/taules\/\" data-type=\"page\" data-id=\"5952\">Taules<\/a><\/li>\n\n\n\n<li><a href=\"https:\/\/webs.uab.cat\/webedit\/llistes-2\/\" data-type=\"page\" data-id=\"6123\">Llistes<\/a><\/li>\n\n\n\n<li><a href=\"https:\/\/webs.uab.cat\/webedit\/enllacos-2\/\" data-type=\"page\" data-id=\"6120\">Enlla\u00e7os<\/a><\/li>\n<\/ul>\n\n\n\n<h2 class=\"wp-block-heading\">Contingut<\/h2>\n\n\n\n<ul class=\"wp-block-list\">\n<li><a href=\"https:\/\/webs.uab.cat\/webedit\/transcripcio-subtitulacio-i-audiodescripcio\/\" data-type=\"page\" data-id=\"6473\">Subtitulaci\u00f3<\/a><\/li>\n\n\n\n<li>Llenguatge clar<\/li>\n<\/ul>\n<\/div>\n\n\n\n<p><\/p>\n<\/div>\n\n\n\n<div class=\"wp-block-column is-layout-flow wp-block-column-is-layout-flow\" style=\"flex-basis:75%\">\n<p>Les imatges informatives s\u00f3n aquelles que transmeten un concepte simple o informaci\u00f3 que es pot expressar amb una frase curta. El text alternatiu d&#8217;aquestes imatges ha d&#8217;explicar el significat del contingut visual, que normalment no \u00e9s una descripci\u00f3 literal de la imatge.<\/p>\n\n\n\n<p>Alguns exemples de textos alternatius per a aquest tipus d&#8217;imatge:<\/p>\n\n\n\n<div class=\"wp-block-media-text is-stacked-on-mobile\"><figure class=\"wp-block-media-text__media\"><img loading=\"lazy\" decoding=\"async\" width=\"850\" height=\"599\" src=\"https:\/\/webs.uab.cat\/webedit\/wp-content\/uploads\/sites\/667\/2025\/11\/img-infomrativa-1.png\" alt=\"\" class=\"wp-image-5916 size-full\" srcset=\"https:\/\/webs.uab.cat\/webedit\/wp-content\/uploads\/sites\/667\/2025\/11\/img-infomrativa-1.png 850w, https:\/\/webs.uab.cat\/webedit\/wp-content\/uploads\/sites\/667\/2025\/11\/img-infomrativa-1-300x211.png 300w, https:\/\/webs.uab.cat\/webedit\/wp-content\/uploads\/sites\/667\/2025\/11\/img-infomrativa-1-768x541.png 768w\" sizes=\"auto, (max-width: 850px) 100vw, 850px\" \/><\/figure><div class=\"wp-block-media-text__content\">\n<p>En aquesta fotografia es mostra un grup de persones. Es tracta d&#8217;una imatge d&#8217;un repositori i les persones no s\u00f3n identificables. El text alternatiu ha d&#8217;equivaldre a la informaci\u00f3 que volem transmentre. Si per exemple, aprofitem que a la imatge hi ha quatre dones i quatre homes, podem utitlitzar-la per transmetre la sensaci\u00f3 que treballem per aconseguir  la paritat.<\/p>\n\n\n\n<p>Text ALT: &#8220;Treballem per la paritat&#8221;<\/p>\n<\/div><\/div>\n\n\n\n<div class=\"wp-block-columns is-layout-flex wp-container-core-columns-is-layout-9d6595d7 wp-block-columns-is-layout-flex\">\n<div class=\"wp-block-column is-layout-flow wp-block-column-is-layout-flow\" style=\"flex-basis:200px\">\n<p><a href=\"#\">Mem\u00f2ria del projecte<\/a> <\/p>\n<\/div>\n\n\n\n<div class=\"wp-block-column is-layout-flow wp-block-column-is-layout-flow\" style=\"flex-basis:25px\">\n<figure class=\"wp-block-image size-full\"><img loading=\"lazy\" decoding=\"async\" width=\"612\" height=\"612\" src=\"https:\/\/webs.uab.cat\/webedit\/wp-content\/uploads\/sites\/667\/2025\/11\/istockphoto-2193398767-612x612-1.jpg\" alt=\"\" class=\"wp-image-5917\" srcset=\"https:\/\/webs.uab.cat\/webedit\/wp-content\/uploads\/sites\/667\/2025\/11\/istockphoto-2193398767-612x612-1.jpg 612w, https:\/\/webs.uab.cat\/webedit\/wp-content\/uploads\/sites\/667\/2025\/11\/istockphoto-2193398767-612x612-1-300x300.jpg 300w, https:\/\/webs.uab.cat\/webedit\/wp-content\/uploads\/sites\/667\/2025\/11\/istockphoto-2193398767-612x612-1-150x150.jpg 150w\" sizes=\"auto, (max-width: 612px) 100vw, 612px\" \/><\/figure>\n<\/div>\n\n\n\n<div class=\"wp-block-column is-layout-flow wp-block-column-is-layout-flow\">\n<p>La icona d&#8217;aquest exemple acompanya el text de l&#8217;enlla\u00e7 i aporta informaci\u00f3 del format del document, per aix\u00f2 cal afegir la informaci\u00f3 al text alternatiu.<\/p>\n\n\n\n<p>Text ALT: &#8220;En format PDF&#8221;<\/p>\n<\/div>\n<\/div>\n\n\n\n<div class=\"wp-block-media-text is-stacked-on-mobile\" style=\"grid-template-columns:15% auto\"><figure class=\"wp-block-media-text__media\"><img loading=\"lazy\" decoding=\"async\" width=\"612\" height=\"612\" src=\"https:\/\/webs.uab.cat\/webedit\/wp-content\/uploads\/sites\/667\/2025\/11\/istockphoto-2193398767-612x612-1.jpg\" alt=\"\" class=\"wp-image-5917 size-full\" srcset=\"https:\/\/webs.uab.cat\/webedit\/wp-content\/uploads\/sites\/667\/2025\/11\/istockphoto-2193398767-612x612-1.jpg 612w, https:\/\/webs.uab.cat\/webedit\/wp-content\/uploads\/sites\/667\/2025\/11\/istockphoto-2193398767-612x612-1-300x300.jpg 300w, https:\/\/webs.uab.cat\/webedit\/wp-content\/uploads\/sites\/667\/2025\/11\/istockphoto-2193398767-612x612-1-150x150.jpg 150w\" sizes=\"auto, (max-width: 612px) 100vw, 612px\" \/><\/figure><div class=\"wp-block-media-text__content\">\n<div class=\"wp-block-columns is-layout-flex wp-container-core-columns-is-layout-9d6595d7 wp-block-columns-is-layout-flex\">\n<div class=\"wp-block-column is-layout-flow wp-block-column-is-layout-flow\" style=\"flex-basis:100%\">\n<div class=\"wp-block-columns is-layout-flex wp-container-core-columns-is-layout-9d6595d7 wp-block-columns-is-layout-flex\">\n<div class=\"wp-block-column is-layout-flow wp-block-column-is-layout-flow\" style=\"flex-basis:100px\"><\/div>\n\n\n\n<div class=\"wp-block-column is-layout-flow wp-block-column-is-layout-flow\">\n<p>En aquest cas, la icona no acompanya cap text sin\u00f3 que informa que es pot descarregar el document en format PDF. El text alternatiu ha de transmetre aquesta informaci\u00f3.<\/p>\n\n\n\n<p>Text ALT: &#8220;Descarrega la guia docent en format PDF&#8221;<\/p>\n<\/div>\n<\/div>\n<\/div>\n<\/div>\n<\/div><\/div>\n<\/div>\n<\/div>\n","protected":false},"excerpt":{"rendered":"<p>Les imatges informatives s\u00f3n aquelles que transmeten un concepte simple o informaci\u00f3 que es pot expressar amb una frase curta. El text alternatiu d&#8217;aquestes imatges ha d&#8217;explicar el significat del contingut visual, que normalment no \u00e9s una descripci\u00f3 literal de la imatge. Alguns exemples de textos alternatius per a aquest tipus d&#8217;imatge: En aquesta fotografia [&hellip;]<\/p>\n","protected":false},"author":20,"featured_media":0,"parent":0,"menu_order":0,"comment_status":"closed","ping_status":"closed","template":"","meta":{"footnotes":""},"class_list":["post-5911","page","type-page","status-publish","hentry"],"_links":{"self":[{"href":"https:\/\/webs.uab.cat\/webedit\/wp-json\/wp\/v2\/pages\/5911","targetHints":{"allow":["GET"]}}],"collection":[{"href":"https:\/\/webs.uab.cat\/webedit\/wp-json\/wp\/v2\/pages"}],"about":[{"href":"https:\/\/webs.uab.cat\/webedit\/wp-json\/wp\/v2\/types\/page"}],"author":[{"embeddable":true,"href":"https:\/\/webs.uab.cat\/webedit\/wp-json\/wp\/v2\/users\/20"}],"replies":[{"embeddable":true,"href":"https:\/\/webs.uab.cat\/webedit\/wp-json\/wp\/v2\/comments?post=5911"}],"version-history":[{"count":4,"href":"https:\/\/webs.uab.cat\/webedit\/wp-json\/wp\/v2\/pages\/5911\/revisions"}],"predecessor-version":[{"id":5943,"href":"https:\/\/webs.uab.cat\/webedit\/wp-json\/wp\/v2\/pages\/5911\/revisions\/5943"}],"wp:attachment":[{"href":"https:\/\/webs.uab.cat\/webedit\/wp-json\/wp\/v2\/media?parent=5911"}],"curies":[{"name":"wp","href":"https:\/\/api.w.org\/{rel}","templated":true}]}}