{"id":5938,"date":"2025-11-25T18:53:14","date_gmt":"2025-11-25T16:53:14","guid":{"rendered":"https:\/\/webs.uab.cat\/webedit\/?page_id=5938"},"modified":"2026-02-17T11:26:01","modified_gmt":"2026-02-17T09:26:01","slug":"estructura-de-la-pagina","status":"publish","type":"page","link":"https:\/\/webs.uab.cat\/webedit\/estructura-de-la-pagina\/","title":{"rendered":"Estructura de la p\u00e0gina"},"content":{"rendered":"\n<div class=\"wp-block-columns alignwide is-layout-flex wp-container-core-columns-is-layout-9d6595d7 wp-block-columns-is-layout-flex\">\n<div class=\"wp-block-column is-layout-flow wp-block-column-is-layout-flow\" style=\"flex-basis:25%\">\n<div class=\"wp-block-group has-gris-pubilla-background-color has-background is-vertical is-layout-flex wp-container-core-group-is-layout-8cf370e7 wp-block-group-is-layout-flex\">\n<p><a href=\"https:\/\/webs.uab.cat\/webedit\/accessibilitat-amb-ckeditor\/\" data-type=\"page\" data-id=\"6440\">Accessibilitat amb CKeditor<\/a><\/p>\n\n\n\n<h2 class=\"wp-block-heading\">Disseny<\/h2>\n\n\n\n<ul class=\"wp-block-list\">\n<li><a href=\"https:\/\/webs.uab.cat\/webedit\/disseny\/\" data-type=\"page\" data-id=\"6457\">Identitat UAB<\/a><\/li>\n<\/ul>\n\n\n\n<h2 class=\"wp-block-heading\">Sem\u00e0ntica<\/h2>\n\n\n\n<ul class=\"wp-block-list\">\n<li><a href=\"https:\/\/webs.uab.cat\/webedit\/titol-de-la-pagina\/\" data-type=\"page\" data-id=\"5636\">T\u00edtol de la p\u00e0gina<\/a><\/li>\n\n\n\n<li><a href=\"https:\/\/webs.uab.cat\/webedit\/text-alternatiu\/\" data-type=\"page\" data-id=\"5699\">Text alternatiu<\/a>\n<ul class=\"wp-block-list\">\n<li><a href=\"https:\/\/webs.uab.cat\/webedit\/imatges-decoratives\/\" data-type=\"page\" data-id=\"5885\">Imatges decoratives<\/a><\/li>\n\n\n\n<li><a href=\"https:\/\/webs.uab.cat\/webedit\/imatges-funcionals\/\" data-type=\"page\" data-id=\"5893\">Imatges funcionals<\/a><\/li>\n\n\n\n<li><a href=\"https:\/\/webs.uab.cat\/webedit\/imatges-de-text\/\" data-type=\"page\" data-id=\"5902\">Imatges de text<\/a><\/li>\n\n\n\n<li><a href=\"https:\/\/webs.uab.cat\/webedit\/imatges-informatives\/\" data-type=\"page\" data-id=\"5911\">Imatges informatives<\/a><\/li>\n\n\n\n<li><a href=\"https:\/\/webs.uab.cat\/webedit\/imatges-complexes\/\" data-type=\"page\" data-id=\"5920\">Imatges complexes<\/a><\/li>\n<\/ul>\n<\/li>\n\n\n\n<li><a href=\"https:\/\/webs.uab.cat\/webedit\/estructura-de-la-pagina\/\" data-type=\"page\" data-id=\"5938\">Estructura de la p\u00e0gina<\/a><\/li>\n\n\n\n<li><a href=\"https:\/\/webs.uab.cat\/webedit\/taules\/\" data-type=\"page\" data-id=\"5952\">Taules<\/a><\/li>\n\n\n\n<li><a href=\"https:\/\/webs.uab.cat\/webedit\/llistes-2\/\" data-type=\"page\" data-id=\"6123\">Llistes<\/a><\/li>\n\n\n\n<li><a href=\"https:\/\/webs.uab.cat\/webedit\/enllacos-2\/\" data-type=\"page\" data-id=\"6120\">Enlla\u00e7os<\/a><\/li>\n<\/ul>\n\n\n\n<h2 class=\"wp-block-heading\">Contingut<\/h2>\n\n\n\n<ul class=\"wp-block-list\">\n<li><a href=\"https:\/\/webs.uab.cat\/webedit\/transcripcio-subtitulacio-i-audiodescripcio\/\" data-type=\"page\" data-id=\"6473\">Subtitulaci\u00f3<\/a><\/li>\n\n\n\n<li>Llenguatge clar<\/li>\n<\/ul>\n<\/div>\n\n\n\n<p><\/p>\n<\/div>\n\n\n\n<div class=\"wp-block-column is-layout-flow wp-block-column-is-layout-flow\" style=\"flex-basis:75%\">\n<p>Un contingut estructurat permet que la navegaci\u00f3 i el processament de la informaci\u00f3 sigui m\u00e9s eficient. L&#8217;estructura d&#8217;una p\u00e0gina s&#8217;aconsegueix a trav\u00e9s de definir regions de contingut segons la seva funci\u00f3 i de donar-los nom. Les plantilles que utilitzeu al gestor de continguts del portal de la UAB estan dissenyades tenint en compte aquest principi, de manera que els elements que les conformen ja estan definits i etiquetats correctament (cap\u00e7alera, navegaci\u00f3 superior i lateral, informaci\u00f3 addicional, peu de p\u00e0gina&#8230;.).<\/p>\n\n\n\n<p><\/p>\n\n\n\n<p><\/p>\n<\/div>\n<\/div>\n\n\n\n<p><\/p>\n","protected":false},"excerpt":{"rendered":"<p>Un contingut estructurat permet que la navegaci\u00f3 i el processament de la informaci\u00f3 sigui m\u00e9s eficient. L&#8217;estructura d&#8217;una p\u00e0gina s&#8217;aconsegueix a trav\u00e9s de definir regions de contingut segons la seva funci\u00f3 i de donar-los nom. Les plantilles que utilitzeu al gestor de continguts del portal de la UAB estan dissenyades tenint en compte aquest principi, [&hellip;]<\/p>\n","protected":false},"author":20,"featured_media":0,"parent":0,"menu_order":0,"comment_status":"closed","ping_status":"closed","template":"","meta":{"footnotes":""},"class_list":["post-5938","page","type-page","status-publish","hentry"],"_links":{"self":[{"href":"https:\/\/webs.uab.cat\/webedit\/wp-json\/wp\/v2\/pages\/5938","targetHints":{"allow":["GET"]}}],"collection":[{"href":"https:\/\/webs.uab.cat\/webedit\/wp-json\/wp\/v2\/pages"}],"about":[{"href":"https:\/\/webs.uab.cat\/webedit\/wp-json\/wp\/v2\/types\/page"}],"author":[{"embeddable":true,"href":"https:\/\/webs.uab.cat\/webedit\/wp-json\/wp\/v2\/users\/20"}],"replies":[{"embeddable":true,"href":"https:\/\/webs.uab.cat\/webedit\/wp-json\/wp\/v2\/comments?post=5938"}],"version-history":[{"count":4,"href":"https:\/\/webs.uab.cat\/webedit\/wp-json\/wp\/v2\/pages\/5938\/revisions"}],"predecessor-version":[{"id":7173,"href":"https:\/\/webs.uab.cat\/webedit\/wp-json\/wp\/v2\/pages\/5938\/revisions\/7173"}],"wp:attachment":[{"href":"https:\/\/webs.uab.cat\/webedit\/wp-json\/wp\/v2\/media?parent=5938"}],"curies":[{"name":"wp","href":"https:\/\/api.w.org\/{rel}","templated":true}]}}