{"id":6123,"date":"2025-12-03T11:21:27","date_gmt":"2025-12-03T09:21:27","guid":{"rendered":"https:\/\/webs.uab.cat\/webedit\/?page_id=6123"},"modified":"2025-12-11T11:39:59","modified_gmt":"2025-12-11T09:39:59","slug":"llistes-2","status":"publish","type":"page","link":"https:\/\/webs.uab.cat\/webedit\/llistes-2\/","title":{"rendered":"Llistes"},"content":{"rendered":"\n<div class=\"wp-block-columns alignwide is-layout-flex wp-container-core-columns-is-layout-9d6595d7 wp-block-columns-is-layout-flex\">\n<div class=\"wp-block-column is-layout-flow wp-block-column-is-layout-flow\" style=\"flex-basis:25%\">\n<div class=\"wp-block-group has-gris-pubilla-background-color has-background is-vertical is-layout-flex wp-container-core-group-is-layout-8cf370e7 wp-block-group-is-layout-flex\">\n<p><a href=\"https:\/\/webs.uab.cat\/webedit\/accessibilitat-amb-ckeditor\/\" data-type=\"page\" data-id=\"6440\">Accessibilitat amb CKeditor<\/a><\/p>\n\n\n\n<h2 class=\"wp-block-heading\">Disseny<\/h2>\n\n\n\n<ul class=\"wp-block-list\">\n<li><a href=\"https:\/\/webs.uab.cat\/webedit\/disseny\/\" data-type=\"page\" data-id=\"6457\">Identitat UAB<\/a><\/li>\n<\/ul>\n\n\n\n<h2 class=\"wp-block-heading\">Sem\u00e0ntica<\/h2>\n\n\n\n<ul class=\"wp-block-list\">\n<li><a href=\"https:\/\/webs.uab.cat\/webedit\/titol-de-la-pagina\/\" data-type=\"page\" data-id=\"5636\">T\u00edtol de la p\u00e0gina<\/a><\/li>\n\n\n\n<li><a href=\"https:\/\/webs.uab.cat\/webedit\/text-alternatiu\/\" data-type=\"page\" data-id=\"5699\">Text alternatiu<\/a>\n<ul class=\"wp-block-list\">\n<li><a href=\"https:\/\/webs.uab.cat\/webedit\/imatges-decoratives\/\" data-type=\"page\" data-id=\"5885\">Imatges decoratives<\/a><\/li>\n\n\n\n<li><a href=\"https:\/\/webs.uab.cat\/webedit\/imatges-funcionals\/\" data-type=\"page\" data-id=\"5893\">Imatges funcionals<\/a><\/li>\n\n\n\n<li><a href=\"https:\/\/webs.uab.cat\/webedit\/imatges-de-text\/\" data-type=\"page\" data-id=\"5902\">Imatges de text<\/a><\/li>\n\n\n\n<li><a href=\"https:\/\/webs.uab.cat\/webedit\/imatges-informatives\/\" data-type=\"page\" data-id=\"5911\">Imatges informatives<\/a><\/li>\n\n\n\n<li><a href=\"https:\/\/webs.uab.cat\/webedit\/imatges-complexes\/\" data-type=\"page\" data-id=\"5920\">Imatges complexes<\/a><\/li>\n<\/ul>\n<\/li>\n\n\n\n<li><a href=\"https:\/\/webs.uab.cat\/webedit\/estructura-de-la-pagina\/\" data-type=\"page\" data-id=\"5938\">Estructura de la p\u00e0gina<\/a><\/li>\n\n\n\n<li><a href=\"https:\/\/webs.uab.cat\/webedit\/taules\/\" data-type=\"page\" data-id=\"5952\">Taules<\/a><\/li>\n\n\n\n<li><a href=\"https:\/\/webs.uab.cat\/webedit\/llistes-2\/\" data-type=\"page\" data-id=\"6123\">Llistes<\/a><\/li>\n\n\n\n<li><a href=\"https:\/\/webs.uab.cat\/webedit\/enllacos-2\/\" data-type=\"page\" data-id=\"6120\">Enlla\u00e7os<\/a><\/li>\n<\/ul>\n\n\n\n<h2 class=\"wp-block-heading\">Contingut<\/h2>\n\n\n\n<ul class=\"wp-block-list\">\n<li><a href=\"https:\/\/webs.uab.cat\/webedit\/transcripcio-subtitulacio-i-audiodescripcio\/\" data-type=\"page\" data-id=\"6473\">Subtitulaci\u00f3<\/a><\/li>\n\n\n\n<li>Llenguatge clar<\/li>\n<\/ul>\n<\/div>\n\n\n\n<p><\/p>\n<\/div>\n\n\n\n<div class=\"wp-block-column is-layout-flow wp-block-column-is-layout-flow\" style=\"flex-basis:75%\">\n<p>Utilitzeu les opcions de llista ordenada o no ordenada per introduir llistes als vostres textos. Aix\u00f2 far\u00e0 que els lectors de pantalla els reconeguin com a tals i en arribar a una llista, primer enunciin que \u00e9s una llista i el n\u00famero d&#8217;elements que la composen. Els usuaris de lectors de pantalla poden decidir aleshores si volen que sigui llegida o no.<\/p>\n\n\n\n<p>L&#8217;editor CKeditor no crea llistes autom\u00e0ticament en comen\u00e7ar una l\u00ednia amb un guionet (com s\u00ed fan editors de text com Microsoft Word o Pages) i cal marcar-ho manualment amb els botons d&#8217;edici\u00f3:<\/p>\n\n\n\n<figure class=\"wp-block-image size-large\"><img loading=\"lazy\" decoding=\"async\" width=\"1024\" height=\"198\" src=\"https:\/\/webs.uab.cat\/webedit\/wp-content\/uploads\/sites\/667\/2025\/12\/ckeditor-24-1024x198.png\" alt=\"\" class=\"wp-image-6441\" srcset=\"https:\/\/webs.uab.cat\/webedit\/wp-content\/uploads\/sites\/667\/2025\/12\/ckeditor-24-1024x198.png 1024w, https:\/\/webs.uab.cat\/webedit\/wp-content\/uploads\/sites\/667\/2025\/12\/ckeditor-24-300x58.png 300w, https:\/\/webs.uab.cat\/webedit\/wp-content\/uploads\/sites\/667\/2025\/12\/ckeditor-24-768x148.png 768w, https:\/\/webs.uab.cat\/webedit\/wp-content\/uploads\/sites\/667\/2025\/12\/ckeditor-24-1200x232.png 1200w, https:\/\/webs.uab.cat\/webedit\/wp-content\/uploads\/sites\/667\/2025\/12\/ckeditor-24.png 1361w\" sizes=\"auto, (max-width: 1024px) 100vw, 1024px\" \/><figcaption class=\"wp-element-caption\">Opcions de marcatge sem\u00e0ntic de l\u2019editor CKeditor al Portal Web de la UAB on trobem la llista ordenada i llista sense ordre.<\/figcaption><\/figure>\n<\/div>\n<\/div>\n\n\n\n<p><\/p>\n","protected":false},"excerpt":{"rendered":"<p>Utilitzeu les opcions de llista ordenada o no ordenada per introduir llistes als vostres textos. Aix\u00f2 far\u00e0 que els lectors de pantalla els reconeguin com a tals i en arribar a una llista, primer enunciin que \u00e9s una llista i el n\u00famero d&#8217;elements que la composen. Els usuaris de lectors de pantalla poden decidir aleshores [&hellip;]<\/p>\n","protected":false},"author":20,"featured_media":0,"parent":0,"menu_order":0,"comment_status":"closed","ping_status":"closed","template":"","meta":{"footnotes":""},"class_list":["post-6123","page","type-page","status-publish","hentry"],"_links":{"self":[{"href":"https:\/\/webs.uab.cat\/webedit\/wp-json\/wp\/v2\/pages\/6123","targetHints":{"allow":["GET"]}}],"collection":[{"href":"https:\/\/webs.uab.cat\/webedit\/wp-json\/wp\/v2\/pages"}],"about":[{"href":"https:\/\/webs.uab.cat\/webedit\/wp-json\/wp\/v2\/types\/page"}],"author":[{"embeddable":true,"href":"https:\/\/webs.uab.cat\/webedit\/wp-json\/wp\/v2\/users\/20"}],"replies":[{"embeddable":true,"href":"https:\/\/webs.uab.cat\/webedit\/wp-json\/wp\/v2\/comments?post=6123"}],"version-history":[{"count":4,"href":"https:\/\/webs.uab.cat\/webedit\/wp-json\/wp\/v2\/pages\/6123\/revisions"}],"predecessor-version":[{"id":6452,"href":"https:\/\/webs.uab.cat\/webedit\/wp-json\/wp\/v2\/pages\/6123\/revisions\/6452"}],"wp:attachment":[{"href":"https:\/\/webs.uab.cat\/webedit\/wp-json\/wp\/v2\/media?parent=6123"}],"curies":[{"name":"wp","href":"https:\/\/api.w.org\/{rel}","templated":true}]}}