{"id":6498,"date":"2025-12-11T13:27:25","date_gmt":"2025-12-11T11:27:25","guid":{"rendered":"https:\/\/webs.uab.cat\/webedit\/?page_id=6498"},"modified":"2025-12-11T13:27:25","modified_gmt":"2025-12-11T11:27:25","slug":"videotutorials-del-gestor","status":"publish","type":"page","link":"https:\/\/webs.uab.cat\/webedit\/videotutorials-del-gestor\/","title":{"rendered":"Videotutorials del gestor"},"content":{"rendered":"\n<p>Teniu dubtes sobre com emplenar alguns dels assets del gestor de continguts? Teniu a la vostra disposici\u00f3 el&nbsp;<a href=\"https:\/\/webs.uab.cat\/edicio-web\/manuals-doracle\/\">Manual sobre el gestor de continguts Oracle<\/a>. Aix\u00ed mateix, per ajudar-vos hem fet un tutorial en v\u00eddeo de cada un dels assets m\u00e9s habituals.<\/p>\n\n\n\n<p>Tutorials sobre els assets:<\/p>\n\n\n\n<ul class=\"wp-block-list\">\n<li><a href=\"https:\/\/uab.sharepoint.com\/:v:\/s\/Plaweb1\/Ef5pTNJok8FGp-I-0maXbH0BucSPliJ_lXe-oEK2I8PTyA?e=UFHSf6\" target=\"_blank\" rel=\"noreferrer noopener\">Asset text gen\u00e8ric<\/a><\/li>\n\n\n\n<li><a href=\"https:\/\/uab.sharepoint.com\/:v:\/s\/Plaweb1\/EWULWo_iFgtOoG0MR3iPqSEBgWPaH6VPpQztBHQtC_n9_Q?e=XuDNcA\" target=\"_blank\" rel=\"noreferrer noopener\">Asset enlla\u00e7 extern<\/a><\/li>\n\n\n\n<li><a href=\"https:\/\/uab.sharepoint.com\/:v:\/s\/Plaweb1\/EfcajO77bl9LuqcvmZuEV0gBrW27S2_W_BzuCcMbdQ9cHA\" target=\"_blank\" rel=\"noreferrer noopener\">Asset enlla\u00e7 intern<\/a><\/li>\n\n\n\n<li><a href=\"https:\/\/uab.sharepoint.com\/:v:\/s\/Plaweb1\/EbMOWfGiHb1Pt5Qqm2u6nUMBqgwjQeQMk21-WJ-7w-9Nbg\" target=\"_blank\" rel=\"noreferrer noopener\">Asset document i enlla\u00e7 a document<\/a><\/li>\n\n\n\n<li><a href=\"https:\/\/uab.sharepoint.com\/:v:\/s\/Plaweb1\/Ec-tco6SjtFHnpvoLV8MSJYB__N5CoHWOy9UHmJV5XK3TA\" target=\"_blank\" rel=\"noreferrer noopener\">Asset imatge<\/a><\/li>\n\n\n\n<li><a href=\"https:\/\/uab.sharepoint.com\/:v:\/s\/Plaweb1\/EZ58ZdBBahJHpLoAVq2xxuoB_Dl4uvPsJ_GJQhfnX8o5qg?e=WHuBgA\" target=\"_blank\" rel=\"noreferrer noopener\">Asset not\u00edcia<\/a><\/li>\n\n\n\n<li><a href=\"https:\/\/uab.sharepoint.com\/:v:\/s\/Plaweb1\/ESy2qYb0cQhFuh8bkxFNLAkBoJuM369QKOIs-fQ-3D_oig?e=L2PJGE\" target=\"_blank\" rel=\"noreferrer noopener\">Asset activitat (agenda)<\/a><\/li>\n\n\n\n<li><a href=\"https:\/\/uab.sharepoint.com\/:v:\/s\/Plaweb1\/EYYx1ge-uJVOows6noarE2oBX_UG2ez9GWR3v-sgovcBcA?e=PV9DbI\" target=\"_blank\" rel=\"noreferrer noopener\">Asset col\u00b7lecci\u00f3<\/a><\/li>\n\n\n\n<li><a href=\"https:\/\/uab.sharepoint.com\/:v:\/s\/Plaweb1\/ES3yTzMVh0dEhAe7UWEq69gBEFNmaF97SB7ljpzEGFxZpg?e=POCrtd\" target=\"_blank\" rel=\"noreferrer noopener\">Asset men\u00fa dreta<\/a><\/li>\n\n\n\n<li><a href=\"https:\/\/uab.sharepoint.com\/:v:\/s\/Plaweb1\/EbWDYhXttDFBuZHQfalHYgQB9pMbOqsuzsLn_0nP1rrYkw?e=KehhpR\" target=\"_blank\" rel=\"noreferrer noopener\">Asset p\u00e0gina<\/a><\/li>\n\n\n\n<li><a href=\"https:\/\/uab.sharepoint.com\/:v:\/s\/Plaweb1\/EciXcRvD1ElPvECw3_VhTHEBIwql6g2-UpYt3LLaPImsqA?e=kWm7Wk\" target=\"_blank\" rel=\"noreferrer noopener\">Comen\u00e7ar a treballar: identificant p\u00e0gines<\/a><\/li>\n<\/ul>\n\n\n\n<p>Tutorials sobre la interf\u00edcie del gestor de continguts<\/p>\n\n\n\n<ul class=\"wp-block-list\">\n<li><a href=\"https:\/\/uab.sharepoint.com\/:v:\/s\/Plaweb1\/EfkNWePfPylFuf2smK6a1G0BspAh_xXhtoddPzHoPK_YWg?e=J7aB0U\" target=\"_blank\" rel=\"noreferrer noopener\">La nova interf\u00edcie<\/a><\/li>\n\n\n\n<li><a href=\"https:\/\/uab.sharepoint.com\/:v:\/s\/Plaweb1\/Eb2VNRJbHTlLuAw-w301yngBADvafQwrz2b9WRO7zO1Q9A?e=QesbJW\" target=\"_blank\" rel=\"noreferrer noopener\">El cercador d\u2019assets<\/a><\/li>\n<\/ul>\n\n\n\n<p>Finalment, posem a la vostra disposici\u00f3 tamb\u00e9 la&nbsp;<a href=\"https:\/\/webs.uab.cat\/edicio-web\/wp-content\/uploads\/sites\/31\/2024\/05\/FormacioOWS2024.pdf\" target=\"_blank\" rel=\"noreferrer noopener\">Presentaci\u00f3 de les sessions de formaci\u00f3<\/a><\/p>\n\n\n\n<p>D\u2019altra banda, si sou usuaris de Siteimprove, podeu consultar el&nbsp;<a href=\"https:\/\/webs.uab.cat\/edicio-web\/wp-content\/uploads\/sites\/31\/2024\/09\/Manual-de-Siteimprove_2024.pdf\" target=\"_blank\" rel=\"noreferrer noopener\">Manual de Siteimprove<\/a>&nbsp;que hem elaborat.<\/p>\n\n\n\n<p><\/p>\n","protected":false},"excerpt":{"rendered":"<p>Teniu dubtes sobre com emplenar alguns dels assets del gestor de continguts? Teniu a la vostra disposici\u00f3 el&nbsp;Manual sobre el gestor de continguts Oracle. Aix\u00ed mateix, per ajudar-vos hem fet un tutorial en v\u00eddeo de cada un dels assets m\u00e9s habituals. Tutorials sobre els assets: Tutorials sobre la interf\u00edcie del gestor de continguts Finalment, posem [&hellip;]<\/p>\n","protected":false},"author":205,"featured_media":0,"parent":0,"menu_order":0,"comment_status":"closed","ping_status":"closed","template":"","meta":{"footnotes":""},"class_list":["post-6498","page","type-page","status-publish","hentry"],"_links":{"self":[{"href":"https:\/\/webs.uab.cat\/webedit\/wp-json\/wp\/v2\/pages\/6498","targetHints":{"allow":["GET"]}}],"collection":[{"href":"https:\/\/webs.uab.cat\/webedit\/wp-json\/wp\/v2\/pages"}],"about":[{"href":"https:\/\/webs.uab.cat\/webedit\/wp-json\/wp\/v2\/types\/page"}],"author":[{"embeddable":true,"href":"https:\/\/webs.uab.cat\/webedit\/wp-json\/wp\/v2\/users\/205"}],"replies":[{"embeddable":true,"href":"https:\/\/webs.uab.cat\/webedit\/wp-json\/wp\/v2\/comments?post=6498"}],"version-history":[{"count":1,"href":"https:\/\/webs.uab.cat\/webedit\/wp-json\/wp\/v2\/pages\/6498\/revisions"}],"predecessor-version":[{"id":6503,"href":"https:\/\/webs.uab.cat\/webedit\/wp-json\/wp\/v2\/pages\/6498\/revisions\/6503"}],"wp:attachment":[{"href":"https:\/\/webs.uab.cat\/webedit\/wp-json\/wp\/v2\/media?parent=6498"}],"curies":[{"name":"wp","href":"https:\/\/api.w.org\/{rel}","templated":true}]}}