{"id":6936,"date":"2025-12-16T17:04:15","date_gmt":"2025-12-16T15:04:15","guid":{"rendered":"https:\/\/webs.uab.cat\/webedit\/?page_id=6936"},"modified":"2026-02-18T14:13:57","modified_gmt":"2026-02-18T12:13:57","slug":"titulacions","status":"publish","type":"page","link":"https:\/\/webs.uab.cat\/webedit\/edicio-de-continguts\/titulacions\/","title":{"rendered":"Titulacions"},"content":{"rendered":"\n<div class=\"wp-block-columns is-layout-flex wp-container-core-columns-is-layout-9d6595d7 wp-block-columns-is-layout-flex\">\n<div class=\"wp-block-column is-layout-flow wp-block-column-is-layout-flow\">\n<div class=\"wp-block-columns is-layout-flex wp-container-core-columns-is-layout-9d6595d7 wp-block-columns-is-layout-flex\">\n<div class=\"wp-block-column is-layout-flow wp-block-column-is-layout-flow\" style=\"flex-basis:80px\">\n<figure class=\"wp-block-image size-full is-resized\"><img loading=\"lazy\" decoding=\"async\" width=\"650\" height=\"650\" src=\"https:\/\/webs.uab.cat\/webedit\/wp-content\/uploads\/sites\/667\/2026\/02\/estudi-grau.png\" alt=\"\" class=\"wp-image-7219\" style=\"object-fit:cover;width:90px;height:auto\" srcset=\"https:\/\/webs.uab.cat\/webedit\/wp-content\/uploads\/sites\/667\/2026\/02\/estudi-grau.png 650w, https:\/\/webs.uab.cat\/webedit\/wp-content\/uploads\/sites\/667\/2026\/02\/estudi-grau-300x300.png 300w, https:\/\/webs.uab.cat\/webedit\/wp-content\/uploads\/sites\/667\/2026\/02\/estudi-grau-150x150.png 150w\" sizes=\"auto, (max-width: 650px) 100vw, 650px\" \/><\/figure>\n<\/div>\n\n\n\n<div class=\"wp-block-column is-layout-flow wp-block-column-is-layout-flow\">\n<h2 class=\"wp-block-heading\">Graus<\/h2>\n<\/div>\n<\/div>\n\n\n\n<ul class=\"wp-block-list\">\n<li><a href=\"https:\/\/webs.uab.cat\/webedit\/2019\/03\/15\/actualitzacio-de-la-fitxa-dels-graus\/\" data-type=\"post\" data-id=\"511\">Actualitzaci\u00f3 de la fitxa de graus<\/a><\/li>\n\n\n\n<li><a href=\"https:\/\/webs.uab.cat\/webedit\/2020\/07\/28\/els-assets-clau-per-als-editors-web-de-les-gestions-academiques\/\" data-type=\"post\" data-id=\"1383\">Els assets clau per als editors web de les gestions acad\u00e8miques<\/a><\/li>\n<\/ul>\n<\/div>\n\n\n\n<div class=\"wp-block-column is-layout-flow wp-block-column-is-layout-flow\">\n<div class=\"wp-block-columns is-layout-flex wp-container-core-columns-is-layout-9d6595d7 wp-block-columns-is-layout-flex\">\n<div class=\"wp-block-column is-layout-flow wp-block-column-is-layout-flow\" style=\"flex-basis:80px\">\n<figure class=\"wp-block-image size-full is-resized\"><img loading=\"lazy\" decoding=\"async\" width=\"650\" height=\"650\" src=\"https:\/\/webs.uab.cat\/webedit\/wp-content\/uploads\/sites\/667\/2026\/02\/estudi-master.png\" alt=\"\" class=\"wp-image-7221\" style=\"object-fit:cover;width:90px;height:auto\" srcset=\"https:\/\/webs.uab.cat\/webedit\/wp-content\/uploads\/sites\/667\/2026\/02\/estudi-master.png 650w, https:\/\/webs.uab.cat\/webedit\/wp-content\/uploads\/sites\/667\/2026\/02\/estudi-master-300x300.png 300w, https:\/\/webs.uab.cat\/webedit\/wp-content\/uploads\/sites\/667\/2026\/02\/estudi-master-150x150.png 150w\" sizes=\"auto, (max-width: 650px) 100vw, 650px\" \/><\/figure>\n<\/div>\n\n\n\n<div class=\"wp-block-column is-layout-flow wp-block-column-is-layout-flow\">\n<h2 class=\"wp-block-heading\">M\u00e0sters universitaris<\/h2>\n<\/div>\n<\/div>\n\n\n\n<ul class=\"wp-block-list\">\n<li><a href=\"https:\/\/webs.uab.cat\/webedit\/2020\/05\/08\/actualitzacio-de-les-fitxes-dels-masters-oficials\/\" data-type=\"post\" data-id=\"487\">Actualitzaci\u00f3 de la fitxa de m\u00e0sters universitaris<\/a><\/li>\n\n\n\n<li><a href=\"https:\/\/webs.uab.cat\/webedit\/2020\/07\/28\/els-assets-clau-per-als-editors-web-de-les-gestions-academiques\/\" data-type=\"post\" data-id=\"1383\">Els assets clau per als editors web de les gestions acad\u00e8miques<\/a><\/li>\n<\/ul>\n<\/div>\n<\/div>\n\n\n\n<div class=\"wp-block-columns is-layout-flex wp-container-core-columns-is-layout-9d6595d7 wp-block-columns-is-layout-flex\">\n<div class=\"wp-block-column is-layout-flow wp-block-column-is-layout-flow\">\n<div class=\"wp-block-columns is-layout-flex wp-container-core-columns-is-layout-9d6595d7 wp-block-columns-is-layout-flex\">\n<div class=\"wp-block-column is-layout-flow wp-block-column-is-layout-flow\" style=\"flex-basis:80px\">\n<figure class=\"wp-block-image size-full is-resized\"><img loading=\"lazy\" decoding=\"async\" width=\"650\" height=\"650\" src=\"https:\/\/webs.uab.cat\/webedit\/wp-content\/uploads\/sites\/667\/2026\/02\/estudi-doctorat.png\" alt=\"\" class=\"wp-image-7222\" style=\"object-fit:cover;width:90px;height:auto\" srcset=\"https:\/\/webs.uab.cat\/webedit\/wp-content\/uploads\/sites\/667\/2026\/02\/estudi-doctorat.png 650w, https:\/\/webs.uab.cat\/webedit\/wp-content\/uploads\/sites\/667\/2026\/02\/estudi-doctorat-300x300.png 300w, https:\/\/webs.uab.cat\/webedit\/wp-content\/uploads\/sites\/667\/2026\/02\/estudi-doctorat-150x150.png 150w\" sizes=\"auto, (max-width: 650px) 100vw, 650px\" \/><\/figure>\n<\/div>\n\n\n\n<div class=\"wp-block-column is-layout-flow wp-block-column-is-layout-flow\">\n<h2 class=\"wp-block-heading\">Doctorats<\/h2>\n<\/div>\n<\/div>\n\n\n\n<ul class=\"wp-block-list\">\n<li><a href=\"https:\/\/webs.uab.cat\/webedit\/2023\/05\/30\/actualitzacio-de-les-fitxes-web-dels-programes-de-doctorat\/\" data-type=\"post\" data-id=\"3827\">Actualitzaci\u00f3 de les fitxes dels doctorats<\/a><\/li>\n\n\n\n<li><a href=\"https:\/\/webs.uab.cat\/webedit\/edicio-doctorat-departaments-instituts\/\" data-type=\"page\" data-id=\"3906\">Manual d\u2019usuari per l\u2019edici\u00f3 de la fitxa de doctorat: departaments \/ instituts de recerca<\/a><\/li>\n<\/ul>\n<\/div>\n\n\n\n<div class=\"wp-block-column is-layout-flow wp-block-column-is-layout-flow\">\n<div class=\"wp-block-columns is-layout-flex wp-container-core-columns-is-layout-9d6595d7 wp-block-columns-is-layout-flex\">\n<div class=\"wp-block-column is-layout-flow wp-block-column-is-layout-flow\" style=\"flex-basis:80px\">\n<figure class=\"wp-block-image size-full is-resized\"><img loading=\"lazy\" decoding=\"async\" width=\"650\" height=\"650\" src=\"https:\/\/webs.uab.cat\/webedit\/wp-content\/uploads\/sites\/667\/2026\/02\/estudi-minor.png\" alt=\"\" class=\"wp-image-7223\" style=\"object-fit:cover;width:90px;height:auto\" srcset=\"https:\/\/webs.uab.cat\/webedit\/wp-content\/uploads\/sites\/667\/2026\/02\/estudi-minor.png 650w, https:\/\/webs.uab.cat\/webedit\/wp-content\/uploads\/sites\/667\/2026\/02\/estudi-minor-300x300.png 300w, https:\/\/webs.uab.cat\/webedit\/wp-content\/uploads\/sites\/667\/2026\/02\/estudi-minor-150x150.png 150w\" sizes=\"auto, (max-width: 650px) 100vw, 650px\" \/><\/figure>\n<\/div>\n\n\n\n<div class=\"wp-block-column is-layout-flow wp-block-column-is-layout-flow\">\n<h2 class=\"wp-block-heading\">M\u00ednors<\/h2>\n<\/div>\n<\/div>\n\n\n\n<p><a href=\"https:\/\/webs.uab.cat\/webedit\/2019\/01\/11\/actualitzacio-de-la-informacio-dels-minors\/\" data-type=\"post\" data-id=\"981\">Actualitzaci\u00f3 de la informaci\u00f3 dels m\u00ednors<\/a><\/p>\n<\/div>\n<\/div>\n","protected":false},"excerpt":{"rendered":"<p>Graus M\u00e0sters universitaris Doctorats M\u00ednors Actualitzaci\u00f3 de la informaci\u00f3 dels m\u00ednors<\/p>\n","protected":false},"author":24,"featured_media":0,"parent":4499,"menu_order":0,"comment_status":"closed","ping_status":"closed","template":"","meta":{"footnotes":""},"class_list":["post-6936","page","type-page","status-publish","hentry"],"_links":{"self":[{"href":"https:\/\/webs.uab.cat\/webedit\/wp-json\/wp\/v2\/pages\/6936","targetHints":{"allow":["GET"]}}],"collection":[{"href":"https:\/\/webs.uab.cat\/webedit\/wp-json\/wp\/v2\/pages"}],"about":[{"href":"https:\/\/webs.uab.cat\/webedit\/wp-json\/wp\/v2\/types\/page"}],"author":[{"embeddable":true,"href":"https:\/\/webs.uab.cat\/webedit\/wp-json\/wp\/v2\/users\/24"}],"replies":[{"embeddable":true,"href":"https:\/\/webs.uab.cat\/webedit\/wp-json\/wp\/v2\/comments?post=6936"}],"version-history":[{"count":9,"href":"https:\/\/webs.uab.cat\/webedit\/wp-json\/wp\/v2\/pages\/6936\/revisions"}],"predecessor-version":[{"id":7224,"href":"https:\/\/webs.uab.cat\/webedit\/wp-json\/wp\/v2\/pages\/6936\/revisions\/7224"}],"up":[{"embeddable":true,"href":"https:\/\/webs.uab.cat\/webedit\/wp-json\/wp\/v2\/pages\/4499"}],"wp:attachment":[{"href":"https:\/\/webs.uab.cat\/webedit\/wp-json\/wp\/v2\/media?parent=6936"}],"curies":[{"name":"wp","href":"https:\/\/api.w.org\/{rel}","templated":true}]}}