{"id":147,"date":"2023-11-22T14:05:50","date_gmt":"2023-11-22T12:05:50","guid":{"rendered":"https:\/\/webs.uab.cat\/wel\/activities\/"},"modified":"2026-04-22T12:20:05","modified_gmt":"2026-04-22T10:20:05","slug":"activities","status":"publish","type":"page","link":"https:\/\/webs.uab.cat\/wel\/en\/activities\/","title":{"rendered":"Activities"},"content":{"rendered":"\n<h3 class=\"wp-block-heading\"><strong>Knowledge transfer<\/strong><\/h3>\n\n\n\n<p><strong>2026<\/strong><\/p>\n\n\n\n<ul class=\"wp-block-list\">\n<li>Anna Matamala offered the training &#8220;Lectura f\u00e0cil I i II&#8221; at the Cicle d&#8217;accessibilitat, APTIC (Associaci\u00f3 Professional de Traductors i Int\u00e8rprets de Catalunya), online, 22-29 April 2026.<\/li>\n\n\n\n<li>Anna Matamala participated as an interviewee in Xarxanet &#8220;Anna Matamala: &#8220;Sense accessibilitat no hi ha drets humans&#8221;, online, 26 March 2026.<\/li>\n\n\n\n<li>Anna Matamala participated as invited speaker in the round table &#8220;Bones pr\u00e0ctiques, reptes i oportunitats en l&#8217;accessibilitat&#8221; at the event &#8220;Com fer la meva organitzaci\u00f3 m\u00e9s inclusiva i accessible? Reptes, bones pr\u00e0ctiques i marc legal per eliminar barreres f\u00edsiques, sensorials i cognitives&#8221;, Palau Macaya, Barcelona, 19 March 2026.<\/li>\n\n\n\n<li>Anna Matamala presented the WEL project at Vag\u00f3 de la Ci\u00e8ncia, seient de l&#8217;especialista, Barcelona, 5 March 2026.<\/li>\n<\/ul>\n\n\n\n<p><strong>2025<\/strong><\/p>\n\n\n\n<ul class=\"wp-block-list\">\n<li>Carme Mangiron participated as invited speaker in the podcast En Pantuflas &#8220;Inclusi\u00f3n y accesibilidad en videojuegos&#8221;, online, 5 December 2025.<\/li>\n\n\n\n<li>Miguel \u00c1ngel Oliva, Aida Villa\u00e9cija and Carme Mangiron presented the WEL project at SAGA, Fira del gaming en catal\u00e0, La Farga, l&#8217;Hospitalet, 28-29 November 2025.<\/li>\n\n\n\n<li>Aida Villa\u00e9cija and Miguel \u00c1ngel Oliva presented the WEL project at Fira Smart City, 4 November 2025.<\/li>\n\n\n\n<li>Carme Mangiron participated as invited speaker in the round table \u201cLa \u00e9tica de lo accesible: nos conectamos todos&#8221; at Congreso Internacional en \u00c9tica y Traducci\u00f3n, Universidad Complutense de Madrid, 23 October 2025.<\/li>\n\n\n\n<li>Estel\u00b7la Oncins participated as invited speaker in the podcast El Vag\u00f3 de la Ci\u00e8ncia &#8220;Discapacidad, igualdad de derechos y accesibilidad&#8221;, Universitat Aut\u00f2noma de Barcelona, 1 October 2025.<\/li>\n\n\n\n<li>Carme Mangiron participated as invited speaker in the podcast El Vag\u00f3 de la Ci\u00e8ncia &#8220;Accessibilitat i videojocs&#8221;, Universitat Aut\u00f2noma de Barcelona, 1 October 2025.<\/li>\n\n\n\n<li>Carme Mangiron offered a Game Accessibility Masterclass at the InVideogames Bootcamp Autism in Terrassa, 30 September 2025.<\/li>\n\n\n\n<li>Anna Matamala offered the workshop &#8220;Industry-Academic Collaboration: Research Impact in Translation and Interpreting Studies&#8221; at 11th EST Congress, University of Leeds, Leeds, 30 June 2025.<\/li>\n\n\n\n<li>Estel\u00b7la Oncins and Aida Villa\u00e9cija offered the workshop \u201cRealitat Virtual inclusiva i accessible. Una immersi\u00f3 al dia a dia de les persones amb diversitat funcional\u201d at IV Jornada de serveis a la comunitat, Institut Guillem Cat\u00e0, Manresa, 10 April 2025.<\/li>\n\n\n\n<li>Estel\u00b7la Oncins participated as invited speaker in the round table \u201cAccessibilitat universal i inclusi\u00f3 de les persones amb diversitat funcional\u201d at IV Jornada de serveis a la comunitat, Institut Guillem Cat\u00e0, Manresa, 10 April 2025.<\/li>\n\n\n\n<li>Carme Mangiron offered the workshop \u201cTaller de accesibilidad a los videojuegos y realidad virtual\u201d at ISTRAD, online, 17-18 February 2025.<\/li>\n\n\n\n<li>Presentation of the WEL project at the Mobile World Congress, 5-6 March 2025.<\/li>\n<\/ul>\n\n\n\n<p><strong>2024<\/strong><\/p>\n\n\n\n<ul class=\"wp-block-list\">\n<li>Anna Matamala participated as invited speaker in the round table &#8220;Comunicaci\u00f3n clara y accesible: retos y oportunidades&#8221; at Jornada cient\u00edfica lexicograf\u00eda, diacron\u00eda y ELE: L\u00edneas de investigaci\u00f3n, Universitat Aut\u00f2noma de Barcelona, 13 December de 2024.<\/li>\n\n\n\n<li>Anna Matamala participated as invited speaker in the round table &#8220;Recursos de Audiodescri\u00e7\u00e3o no Processo de Inclus\u00e3o&#8221; at IV Simp\u00f3sio Internacional de Inclus\u00e3o e Accessibilidade no Ensino: Pr\u00e1cticas Inclusivas, Universidade Juiz de Fora, 5 December 2024.<\/li>\n\n\n\n<li>Aida Villa\u00e9cija and Miguel \u00c1ngel Oliva presented the WEL project at Fira Smart City, 7 November 2024.<\/li>\n\n\n\n<li>Carme Mangiron offered the workshop &#8220;Taller de localizaci\u00f3n de videojuegos&#8221; at Congreso Hispanoamericano de Traducci\u00f3n Audiovisual (HispaTAV), in Madrid, 6 November 2024.<\/li>\n\n\n\n<li>Anna Matamala offered the workshop &#8220;S\u00e8ries i videojocs accessibles per a tothom&#8221; at Institut Montserrat Mir\u00f3 during the <a href=\"https:\/\/webs.uab.cat\/nitrecercat\/activitat\/series-i-videojocs-per-a-tothom\/\">Nit de la Recerca<\/a>, 26 September 2024.<\/li>\n\n\n\n<li>Anna Matamala offered terminological advice at Termcat on Easy Language and Plain Language, in Barcelona, 1 July 2024.<\/li>\n\n\n\n<li>Anna Matamala presented the WEL project during the <a href=\"https:\/\/www.itu.int\/net4\/wsis\/forum\/2024\/Agenda\/Session\/472\" data-type=\"link\" data-id=\"https:\/\/www.itu.int\/net4\/wsis\/forum\/2024\/Agenda\/Session\/472\" target=\"_blank\" rel=\"noreferrer noopener\">WSIS 2024<\/a>, organised by the ITU, 28 May 2024.<\/li>\n\n\n\n<li>Anna Matamala and Carme&nbsp;Mangiron&nbsp;participated as invited speakers in a round table about accessibility and translation at II Congreso Internacional de Traducci\u00f3n y Sostenibilidad&nbsp;Cultural in Salamanca, 18 April 2024.<\/li>\n\n\n\n<li>Presentation of the WEL project during the 17 TIM meeting, organised for the <a href=\"https:\/\/webs.uab.cat\/transmedia\/gaad-2024\/\" target=\"_blank\" rel=\"noreferrer noopener\">GAAD 2024<\/a>, 16 April 2024.<\/li>\n\n\n\n<li>Carme Mangiron and Miguel \u00c1ngel Oliva Zamora offered a talk entitled &#8220;Tothom a jugar! Com fer els videojocs m\u00e9s inclusius i accessibles&#8221; at Sal\u00f3 de l&#8217;Ensenyament, 13 March 2024.<\/li>\n<\/ul>\n\n\n\n<p><strong>2023<\/strong><\/p>\n\n\n\n<ul class=\"wp-block-list\">\n<li>Presentation of the WEL project at SAGA (Fira del gaming en catal\u00e0), 1-2-3 December 2023.<\/li>\n\n\n\n<li>Presentation of the WEL project at Fira Smart City, 7th November 2023.<\/li>\n\n\n\n<li>Presentation of the WEL project at <a href=\"https:\/\/cosmocaixa.org\/ca\/p\/nit-de-la-recerca_c35241043\" data-type=\"link\" data-id=\"https:\/\/cosmocaixa.org\/ca\/p\/nit-de-la-recerca_c35241043\" target=\"_blank\" rel=\"noreferrer noopener\">la Nit de la Recerca<\/a> in CosmoCaixa, 29 September 2023.<\/li>\n<\/ul>\n\n\n\n<div style=\"height:20px\" aria-hidden=\"true\" class=\"wp-block-spacer\"><\/div>\n\n\n\n<h3 class=\"wp-block-heading\"><strong>Presentations and conferences<\/strong><\/h3>\n\n\n\n<p><strong>2026<\/strong><\/p>\n\n\n\n<ul class=\"wp-block-list\">\n<li>Matamala, Anna. (2026). &#8220;TransMedia Catalonia: research on easy-to-understand language\u200b&#8221;. TRIN4, Raising awareness for accessibility. Online, 21 April 2026.<\/li>\n<\/ul>\n\n\n\n<p><strong>2025<\/strong><\/p>\n\n\n\n<ul class=\"wp-block-list\">\n<li>Oliva-Zamora, Miguel \u00c1ngel; Villa\u00e9cija, Aida; Mangiron, Carme. (2025). &#8220;El projecte WEL i les necessitats \u200b de les persones amb disl\u00e8xia en els videojocs\u200b&#8221;. SAGA, Fira del gaming en catal\u00e0. La Farga, L&#8217;Hospitalet, 29 November 2025.<\/li>\n\n\n\n<li>Mangiron, Carme. (2025). &#8220;La recerca en videojocs de TransMedia Catalonia&#8221;. Talk at the Science and Techonology Library. Universitat Aut\u00f2noma de Barcelona, 13 November 2025.<\/li>\n\n\n\n<li>Oliva-Zamora, Miguel \u00c1ngel; Pujadas-Farreras, Marina; Villa\u00e9cija, Aida. (2025). &#8220;Where Accessibility Meets Climate Change&#8221;. 20th International Meeting of TransMedia Catalonia. Universitat Aut\u00f2noma de Barcelona, 10 November 2025.<\/li>\n\n\n\n<li>Matamala, Anna. (2025). &#8220;Lenguaje f\u00e1cil de comprender (easy-to-understand language): formaci\u00f3n, normas, puentes&#8221;. Conferencia Latinoamericana de Lectura F\u00e1cil. Rio de Janeiro, 30 October 2025.<\/li>\n\n\n\n<li>Oliva-Zamora, Miguel \u00c1ngel. (2025). &#8220;A brief introduction to accessibility&#8221;. Mine You. Minecrafting Resilient Cities. Innovative YOUthled Policy process for suistainable Europe. Universit\u00e0 degli Studi di Palermo, 29 October 2025.<\/li>\n\n\n\n<li>Mangiron, Carme. (2025). &#8220;\u00daltimas tendencias en accesibilidad y localizaci\u00f3n de videojuegos&#8221;. VII Seminario del grupo de innovaci\u00f3n docente ARENA. UNED, 21 October 2025.<\/li>\n\n\n\n<li>Mangiron, Carme. (2025). &#8220;The WEL Project: Exploring the Potential Application of Easy Language to Video Games&#8221;. Duo Colloquium on Translation and Meaning. University of Lodz, Poland, 26 September 2025.<\/li>\n\n\n\n<li>Villa\u00e9cija, Aida. (2025). &#8220;La lectura f\u00e0cil a prova. Com millorar els textos amb la ci\u00e8ncia&#8221;. <em>Researcher\u2019s Night<\/em>, CosmoCaixa, Barcelona, 26 September 2025.<\/li>\n\n\n\n<li>Mangiron, Carme. (2025). &#8220;La accesibilidad a&nbsp;los videojuegos: estado actual y perspectivas futuras&#8221;. Academic year opening keynote speech at the MA in Traducci\u00f3n Multimedia. Universidade de Vigo, Vigo, 19 September 2025.<\/li>\n\n\n\n<li>Matamala, Anna. (2025). &#8220;WEL Project, accessibility and easy-to-read oral content. Virtual Reality project for social skills development&#8221;. Som Fundaci\u00f3 study visit. Understanding supported decision-making &amp; person centred technology. Som Fundaci\u00f3, Barcelona, 16 September 2025.<\/li>\n\n\n\n<li>Lichtenauer, Annette; Antener, Gabriela; Parpan-Blaser, Anne. (2025). &#8220;Access to culture as a human right. An exploratory study on the accessibility of cultural leisure activities for people with intellectual disabilities in Switzerland&#8221;. KLAARA 2025: The 4th International Conference on Easy Language Research and Practice. Riga, 29 August 2025.<\/li>\n\n\n\n<li>Villa\u00e9cija, Aida. (2025). &#8220;Treballant per l&#8217;accessibilitat: el llenguatge entenedor i la comunitat sorda&#8221;. IMBCNM talks. Institute of Microelectronics of Barcelona, Bellaterra, 4 July 2025.<\/li>\n\n\n\n<li>Pujadas, Marina. (2025). &#8220;Easy Audios and How to Make Them: Prosody Results from Experiments with Users&#8221;. 11th EST Congress. University of Leeds, 1 July 2025.<\/li>\n\n\n\n<li>Oliva-Zamora, Miguel \u00c1ngel; Mangiron, Carme. (2025). &#8220;Could easy-to-understand language improve game accessibility for players with dyslexia? Results from a focus group&#8221;. 11th EST Congress. University of Leeds, 1 July 2025.<\/li>\n\n\n\n<li>Matamala, Anna. (2025). &#8220;Panel 15. Easy-to-Understand Languages in Translation Studies&#8221;. 11th EST Congress. University of Leeds, 1 July 2025.<\/li>\n\n\n\n<li>Matamala, Anna. (2025). &#8220;The WEL project&#8221;. Summer School on Plain language. Accessible communication across disciplines and cultures. Online, Universit\u00e0 di Pavia, 20 June 2025.<\/li>\n\n\n\n<li>Matamala, Anna. (2025). &#8220;Accessible communication&#8221;. Summer School on Plain language. Accessible communication across disciplines and cultures. Online, Universit\u00e0 di Pavia, 18 June 2025.<\/li>\n\n\n\n<li>Villa\u00e9cija, Aida. (2025). &#8220;Les audiointroduccions f\u00e0cils i l&#8217;accessibilitat en videojocs&#8221;. TraDiLex Research Seminars. Online, 19 June 2025.<\/li>\n\n\n\n<li>Villa\u00e9cija, Aida. (2025). &#8220;Rethinking Subordinate Clauses in Easy Catalan&#8221;. GLiF Research Seminars. Universitat Pompeu Fabra, 12 June 2025.<\/li>\n\n\n\n<li>Matamala, Anna. (2025). &#8220;Easy-to-understand language: Accessible Communication for all&#8221;. Media 4 All 11 Conference. University of Hong Kong, 3 June 2025.<\/li>\n\n\n\n<li>Mangiron, Carme. (2025). \u201cThe WEL project: Enhancing game accessibility for players with dyslexia\u201d. Media 4 All 11 Conference. University of Hong Kong, 30 May 2025.<\/li>\n\n\n\n<li>Matamala, Anna. (2025). &#8220;Easy-to-understand language&#8221;. ENACT workshop on media accessibility. Barcelona, 19 March 2025.<\/li>\n\n\n\n<li>Mangiron, Carme. (2025). \u201cP\u00edndola de localitzaci\u00f3 de videojocs\u201d. APTIC. Online, 3 March 2025.<\/li>\n\n\n\n<li>Matamala, Anna. (2025). &#8220;A research overview of audio description with social impact&#8221;. Conference on Audio Description as a Means of Ensuring Media Accessibility. Astana, online, 27 February 2025.<\/li>\n\n\n\n<li>Oliva-Zamora, Miguel \u00c1ngel. (2025). &#8220;What do players with dyslexia need? Advancing cognitive accessibility in video games&#8221;. HCI Research Seminars. York, 18 February 2025.<\/li>\n<\/ul>\n\n\n\n<p><strong>2024<\/strong><\/p>\n\n\n\n<ul class=\"wp-block-list\">\n<li>Oncins, Estel\u00b7la. (2024). &#8220;Accessible climate information services from a human-centred perspective&#8221;. Green Digital Accessibility (GDA) 2024. Barcelona, 2 December 2024.<\/li>\n\n\n\n<li>Pujadas, Marina. (2024). &#8220;How can we make easy videos about climate change? Insights from users and professionals&#8221;. Green Digital Accessibility (GDA) 2024. Barcelona, 2 December 2024.<\/li>\n\n\n\n<li>Mangiron, Carme. (2024). &#8220;Changing the Game: Current Trends in Game Accessibility&#8221;. Languages and the Media Conference. Budapest, 14 November 2024.<\/li>\n\n\n\n<li>Mangiron, Carme. (2024). &#8220;Rompiendo barreras: \u00daltimos avances en la accesibilidad a los videojuegos&#8221;. Congreso Hispanoamericano de Traducci\u00f3n Audiovisual (HispaTAV). Madrid, 8 November 2024.<\/li>\n\n\n\n<li>Matamala, Anna. (2024). &#8220;Nuevos entornos, modalidades y propuestas formativas en accesibilidad audiovisual&#8221;. Congreso Hispanoamericano de Traducci\u00f3n Audiovisual (HispaTAV). Madrid, 7 November 2024.<\/li>\n\n\n\n<li>Mangiron, Carme. (2024). &#8220;\u00daltimas tendencias en accesibilidad a los videojuegos&#8221;. Lost in Visual Vernacular? III Seminario Internacional de Accesibilidad Ling\u00fc\u00edstica y Traducci\u00f3n Audiovisual (SIALTAV). Online, 28 October 2024.<\/li>\n\n\n\n<li>Oncins, Estel\u00b7la. (2024). &#8220;Accessible cultural visits: access to information beyond the artistic work&#8221;. Lost in Visual Vernacular? III Seminario Internacional de Accesibilidad Ling\u00fc\u00edstica y Traducci\u00f3n Audiovisual (SIALTAV). Online, 28 October 2024.<\/li>\n\n\n\n<li>Matamala, Anna; Oncins, Estel\u00b7la. (2024). &#8220;From audio description to easy audios in cultural leisure visits&#8221;. <em>Online research seminar Thinking-for-speaking and Audio Description<\/em>. Online, 18 October 2024.<\/li>\n\n\n\n<li>Matamala, Anna. (2024). &#8220;Research on Easy-to-Understand language at TransMedia Catalonia&#8221;. <em>Final SELSI event: So Easy \u2013 Spoken Easy Language for Social Inclusion<\/em>. Ljubljana. 17 October 2024.<\/li>\n\n\n\n<li>Oncins, Estel\u00b7la. (2024). &#8220;Intel\u00b7lig\u00e8ncia articifial: una eina transformadora per a tothom?&#8221; <em>Researcher\u2019s Night<\/em>, CosmoCaixa, Barcelona.<\/li>\n\n\n\n<li>Oliva Zamora, Miguel; Mangiron, Carme. (2024).&nbsp;&#8220;Level Up! Nous aven\u00e7os en l\u2019accessibilitat als videojocs.&#8221; <em>Researcher\u2019s Night<\/em>, CosmoCaixa, Barcelona.<\/li>\n\n\n\n<li>Pujadas-Farreras, Marina. (2024). \u201cEasy audios for better comprehension: Speech rate and pause duration\u201d.&nbsp;<em>OPEN Research Network Seminar<\/em>. Online, 17 June 2024.<\/li>\n\n\n\n<li>Oliva-Zamora, Miguel \u00c1ngel; Larreina-Morales, Mar\u00eda Eugenia. (2024). \u201cCognitive Accessibility in Educational Games: A Set of Recommendations\u201d. <em>1st International Congress &#8220;Audiovisual Accessibility and Inclusion in the University Environment&#8221;. <\/em>Verona, 13-14 June 2024.<\/li>\n\n\n\n<li>Pujadas-Farreras, Marina. (2024). &#8220;El lenguaje f\u00e1cil oral: \u00bfcu\u00e1ndo es &#8216;m\u00e1s lento&#8217;, demasiado lento?&#8221;.<em>&nbsp;XI Congreso de la Asociaci\u00f3n Ib\u00e9rica de Estudios de Traducci\u00f3n e Interpretaci\u00f3n<\/em>. Vitoria-Gasteiz, 29-31 May 2024.<\/li>\n\n\n\n<li>Oliva-Zamora, Miguel \u00c1ngel; Mangiron, Carme. (2024). &#8220;Cognitive Accessibility in Video Games: A Literature Review&#8221;. II Congreso Internacional Traducci\u00f3n y Sostenibilidad Cultural: Retos y nuevos escenarios. Salamanca, 17 April 2024.<\/li>\n\n\n\n<li>Oliva-Zamora, Miguel \u00c1ngel. (2024). \u201cDoes Easy-to-understand Language fit into Video Games?\u201d. <em>Will video games make you stupid?<\/em> Dijon, 28-29 March 2024.<\/li>\n\n\n\n<li>Matamala, Anna; Oncins, Estel\u00b7la. (2024). &#8220;Towards an accessible metaverse: user requirements&#8221;. <em>IUI 2024- IUI4Metaverse Workshop.<\/em> Online, 18 March 2024.<\/li>\n<\/ul>\n\n\n\n<p><strong>2023<\/strong><\/p>\n\n\n\n<ul class=\"wp-block-list\">\n<li>Larreina Morales, Mar\u00eda Eugenia; Oliva Zamora, Miguel \u00c1ngel. (2023). &#8220;Juguem junts: Com millorar l&#8217;accessibilitat visual i cognitiva dels videojocs&#8221;.<em> SAGA, Fira del gaming en catal\u00e0.<\/em> La Farga, L&#8217;Hospitalet, 2 Desember 2023.<\/li>\n\n\n\n<li>Matamala, Anna. (2023). &#8220;Normas, oralidad y escritura en Lectura F\u00e1cil&#8221;. <em>I Congreso Internacional de Comunicaci\u00f3n Clara.<\/em> Online, 9-10 November 2023.<\/li>\n<\/ul>\n\n\n\n<div style=\"height:20px\" aria-hidden=\"true\" class=\"wp-block-spacer\"><\/div>\n\n\n\n<h3 class=\"wp-block-heading\"><strong>Knowledge transfer in teaching<\/strong><\/h3>\n\n\n\n<p><strong>2025<\/strong><\/p>\n\n\n\n<ul class=\"wp-block-list\">\n<li>Carme Mangiron presents the WEL project in Localization and AI Summer School. Online, 24 July 2025.<\/li>\n\n\n\n<li>Carme Mangiron, Marina Pujadas Farreras and Miguel Oliva Zamora present the WEL project in the workshop &#8220;Cas a Resoldre: CR.15 Fem els videojocs m\u00e9s accessibles!&#8221; at the Campus \u00cdtaca of the Universitat Aut\u00f2noma de Barcelona. Bellaterra, 26-27 June 2025.<\/li>\n\n\n\n<li>Elisa Perego presents the WEL project in Academic and popular writing at the MA in The Ancient Mediterranean World, History, Archeology and Art of Universit\u00e0 di Pavia. Pavia, 15 May 2025.<\/li>\n\n\n\n<li>Elisa Perego presents the WEL project in Academic and popular writing at the MA in The Ancient Mediterranean World, History, Archeology and Art of Universit\u00e0 di Pavia. Pavia, 14 April 2025.<\/li>\n\n\n\n<li>Carme Mangiron presents the WEL project in the seminar \u201cGame accessibility\u201d, at University of Antwertp. Online, 3 March 2025.<\/li>\n\n\n\n<li>Anna Matamala presents the WEL project in Theorie und Praxis der Barrierefreien Kommunikation at the MA in Barrierefreie Kommunikation of the Universit\u00e4t Hildesheim. Hildesheim, 2024-2025.<\/li>\n<\/ul>\n\n\n\n<p><strong>2024<\/strong><\/p>\n\n\n\n<ul class=\"wp-block-list\">\n<li>Juan Pedro Rica Peromingo presents the WEL project in Linguistic Aspects of Audiovisual Translation (AVT) at the MA in English Linguistics of Universidad Complutense de Madrid. Madrid, 2024.<\/li>\n\n\n\n<li>Anna Matamala presents the WEL project in an Audio Description training course  at the IV Simp\u00f3sio Internacional de Inclus\u00e3o e Accessibilidade no Ensino: Pr\u00e1cticas Inclusivas of the Universidades Juiz de Fora. Brasil, 4 November 2024.<\/li>\n\n\n\n<li>  Miguel \u00c1ngel Oliva Zamora presents the WEL project in \u00c1mbitos: Traducci\u00f3n audiovisual at the MA in Translation and Intercultural Studies of Universitat Aut\u00f2noma de Barcelona. Bellaterra, 2024-2025.<\/li>\n\n\n\n<li>Estel\u00b7la Oncins&nbsp;presents the WEL project in Teor\u00eda de la traducci\u00f3n audiovisual, \u201cCreation and reception in AVT\u201d&nbsp;at the MA in Audiovisual Translation&nbsp;of Universitat Aut\u00f2noma de Barcelona. Bellaterra, 2024-2025.<\/li>\n\n\n\n<li>Estel\u00b7la Oncins&nbsp;presents the WEL project in Teor\u00eda de la traducci\u00f3n audiovisual, \u201cCreation and reception in AVT\u201d&nbsp;at the MA in Audiovisual Translation (online MA)&nbsp;of Universitat Aut\u00f2noma de Barcelona. Online, 2024-2025.<\/li>\n\n\n\n<li>Marina Pujadas presents the WEL project in the seminar \u201cIntroduction to Easy Language: theory and application\u201d at Universit\u00e0 di Pavia, MA in linguistics and languages and literature, 27 November 2024.<\/li>\n\n\n\n<li>Carme Mangiron presents the WEL project in the seminar \u201cFun for All: The Quest for Accessible and Inclusive Video Games\u201d at University of Antwerp. Online, 4 March 2024.<\/li>\n\n\n\n<li>Carme Mangiron, Marina Pujadas Farreras&nbsp;and Miguel Oliva Zamora presents the WEL project in the workshop \u201cCas a Resoldre: CR.15 Fem els videojocs m\u00e9s accessibles!\u201d&nbsp;at the Campus \u00cdtaca&nbsp;of the Universitat Aut\u00f2noma de Barcelona. Bellaterra, 27-28 June 2024.<\/li>\n<\/ul>\n","protected":false},"excerpt":{"rendered":"<p>Knowledge transfer 2026 2025 2024 2023 Presentations and conferences 2026 2025 2024 2023 Knowledge transfer in teaching 2025 2024<\/p>\n","protected":false},"author":103,"featured_media":0,"parent":0,"menu_order":0,"comment_status":"closed","ping_status":"closed","template":"","meta":{"footnotes":""},"class_list":["post-147","page","type-page","status-publish","hentry"],"_links":{"self":[{"href":"https:\/\/webs.uab.cat\/wel\/en\/wp-json\/wp\/v2\/pages\/147","targetHints":{"allow":["GET"]}}],"collection":[{"href":"https:\/\/webs.uab.cat\/wel\/en\/wp-json\/wp\/v2\/pages"}],"about":[{"href":"https:\/\/webs.uab.cat\/wel\/en\/wp-json\/wp\/v2\/types\/page"}],"author":[{"embeddable":true,"href":"https:\/\/webs.uab.cat\/wel\/en\/wp-json\/wp\/v2\/users\/103"}],"replies":[{"embeddable":true,"href":"https:\/\/webs.uab.cat\/wel\/en\/wp-json\/wp\/v2\/comments?post=147"}],"version-history":[{"count":82,"href":"https:\/\/webs.uab.cat\/wel\/en\/wp-json\/wp\/v2\/pages\/147\/revisions"}],"predecessor-version":[{"id":1147,"href":"https:\/\/webs.uab.cat\/wel\/en\/wp-json\/wp\/v2\/pages\/147\/revisions\/1147"}],"wp:attachment":[{"href":"https:\/\/webs.uab.cat\/wel\/en\/wp-json\/wp\/v2\/media?parent=147"}],"curies":[{"name":"wp","href":"https:\/\/api.w.org\/{rel}","templated":true}]}}