{"id":136,"date":"2023-11-22T14:04:48","date_gmt":"2023-11-22T12:04:48","guid":{"rendered":"https:\/\/webs.uab.cat\/wel\/objetivos\/"},"modified":"2024-04-03T10:48:02","modified_gmt":"2024-04-03T08:48:02","slug":"objetivos","status":"publish","type":"page","link":"https:\/\/webs.uab.cat\/wel\/es\/objetivos\/","title":{"rendered":"Objetivos"},"content":{"rendered":"\n<p>El proyecto tiene cinco objetivos principales:<\/p>\n\n\n\n<ol class=\"wp-block-list\">\n<li>estudiar las pr\u00e1cticas de lectura f\u00e1cil oral en relaci\u00f3n con los procesos de creaci\u00f3n, los usuarios y sus caracter\u00edsticas principales;<\/li>\n\n\n\n<li>evaluar algunas caracter\u00edsticas seleccionadas de lectura f\u00e1cil oral en cuanto a la comprensi\u00f3n, a las preferencias y a la aceptabilidad;<\/li>\n\n\n\n<li>investigar c\u00f3mo  se podr\u00edan crear audios f\u00e1ciles teniendo en cuenta los servicios de accesibilidad existentes y utilizando como caso de estudio los videojuegos;<\/li>\n\n\n\n<li>investigar c\u00f3mo  se podr\u00edan crear audios f\u00e1ciles teniendo en cuenta los servicios de accesibilidad existentes y utilizando como caso de estudio las visitas culturales;<\/li>\n\n\n\n<li>concienciar, comunicar, difundir y transferir los resultados de la investigaci\u00f3n a los sectores involucrados.<\/li>\n<\/ol>\n\n\n\n<p>La metodolog\u00eda del&nbsp;proyecto combinar\u00e1 la investigaci\u00f3n descriptiva y pruebas experimentales con usuarios por medio de&nbsp;cuestionarios, entrevistas o&nbsp;grupos focales.       <\/p>\n","protected":false},"excerpt":{"rendered":"<p>El proyecto tiene cinco objetivos principales: La metodolog\u00eda del&nbsp;proyecto combinar\u00e1 la investigaci\u00f3n descriptiva y pruebas experimentales con usuarios por medio de&nbsp;cuestionarios, entrevistas o&nbsp;grupos focales.<\/p>\n","protected":false},"author":103,"featured_media":0,"parent":0,"menu_order":0,"comment_status":"closed","ping_status":"closed","template":"","meta":{"footnotes":""},"class_list":["post-136","page","type-page","status-publish","hentry"],"_links":{"self":[{"href":"https:\/\/webs.uab.cat\/wel\/es\/wp-json\/wp\/v2\/pages\/136","targetHints":{"allow":["GET"]}}],"collection":[{"href":"https:\/\/webs.uab.cat\/wel\/es\/wp-json\/wp\/v2\/pages"}],"about":[{"href":"https:\/\/webs.uab.cat\/wel\/es\/wp-json\/wp\/v2\/types\/page"}],"author":[{"embeddable":true,"href":"https:\/\/webs.uab.cat\/wel\/es\/wp-json\/wp\/v2\/users\/103"}],"replies":[{"embeddable":true,"href":"https:\/\/webs.uab.cat\/wel\/es\/wp-json\/wp\/v2\/comments?post=136"}],"version-history":[{"count":3,"href":"https:\/\/webs.uab.cat\/wel\/es\/wp-json\/wp\/v2\/pages\/136\/revisions"}],"predecessor-version":[{"id":242,"href":"https:\/\/webs.uab.cat\/wel\/es\/wp-json\/wp\/v2\/pages\/136\/revisions\/242"}],"wp:attachment":[{"href":"https:\/\/webs.uab.cat\/wel\/es\/wp-json\/wp\/v2\/media?parent=136"}],"curies":[{"name":"wp","href":"https:\/\/api.w.org\/{rel}","templated":true}]}}