{"id":141,"date":"2023-11-22T14:05:26","date_gmt":"2023-11-22T12:05:26","guid":{"rendered":"https:\/\/webs.uab.cat\/wel\/participantes\/"},"modified":"2025-09-17T08:41:43","modified_gmt":"2025-09-17T06:41:43","slug":"participantes","status":"publish","type":"page","link":"https:\/\/webs.uab.cat\/wel\/es\/participantes\/","title":{"rendered":"Participantes"},"content":{"rendered":"\n<p><a href=\"https:\/\/webs.uab.cat\/transmedia\/es\/senior\/\">Carme Mangiron<\/a>&nbsp;(investigadora principal)<\/p>\n\n\n\n<p><a href=\"https:\/\/webs.uab.cat\/transmedia\/es\/senior\/\">Anna Matamala<\/a>&nbsp;(investigadora principal)<\/p>\n\n\n\n<div style=\"height:22px\" aria-hidden=\"true\" class=\"wp-block-spacer\"><\/div>\n\n\n\n<h3 class=\"wp-block-heading\"><strong>Investigadores de la\u00a0Universitat Aut\u00f2noma de Barcelona<\/strong><\/h3>\n\n\n\n<p><a href=\"https:\/\/webs.uab.cat\/transmedia\/es\/senior\/\">Miquel Edo Juli\u00e0<\/a><\/p>\n\n\n\n<p><a href=\"https:\/\/webs.uab.cat\/transmedia\/es\/senior\/\">Mar\u00eda Jes\u00fas Machuca Ayuso<\/a><\/p>\n\n\n\n<p><a href=\"https:\/\/webs.uab.cat\/transmedia\/es\/senior\/\">Estel\u00b7la Oncins<\/a><\/p>\n\n\n\n<div style=\"height:22px\" aria-hidden=\"true\" class=\"wp-block-spacer\"><\/div>\n\n\n\n<h3 class=\"wp-block-heading\"><strong><strong>Investigadores de otras universidades<\/strong><\/strong><\/h3>\n\n\n\n<p><a href=\"https:\/\/www.ucm.es\/departamento-estudios-ingleses-linguistica-y-literatura\/juan-pedro-rica-peromingo\">Juan Pedro Rica Peromingo<\/a><\/p>\n\n\n\n<div style=\"height:22px\" aria-hidden=\"true\" class=\"wp-block-spacer\"><\/div>\n\n\n\n<h3 class=\"wp-block-heading\"><strong>Miembros del grupo de trabajo<\/strong><\/h3>\n\n\n\n<p><a href=\"https:\/\/webs.uab.cat\/transmedia\/es\/predoctoral\/\">Miguel \u00c1ngel Oliva Zamora<\/a><\/p>\n\n\n\n<p><a href=\"https:\/\/webs.uab.cat\/transmedia\/es\/predoctoral\/\">Marina Pujadas Farreras<\/a><\/p>\n\n\n\n<p>Elisa Perego<\/p>\n\n\n\n<p>Mar\u00eda Mercedes Su\u00e1rez de la Torre<\/p>\n\n\n\n<p>Anne Parpan<\/p>\n\n\n\n<p><a href=\"https:\/\/webs.uab.cat\/transmedia\/es\/postdoctoral-researchers-2\/\">Aida Villa\u00e9cija<\/a><\/p>\n\n\n\n<p><\/p>\n","protected":false},"excerpt":{"rendered":"<p>Carme Mangiron&nbsp;(investigadora principal) Anna Matamala&nbsp;(investigadora principal) Investigadores de la\u00a0Universitat Aut\u00f2noma de Barcelona Miquel Edo Juli\u00e0 Mar\u00eda Jes\u00fas Machuca Ayuso Estel\u00b7la Oncins Investigadores de otras universidades Juan Pedro Rica Peromingo Miembros del grupo de trabajo Miguel \u00c1ngel Oliva Zamora Marina Pujadas Farreras Elisa Perego Mar\u00eda Mercedes Su\u00e1rez de la Torre Anne Parpan Aida Villa\u00e9cija<\/p>\n","protected":false},"author":103,"featured_media":0,"parent":0,"menu_order":0,"comment_status":"closed","ping_status":"closed","template":"","meta":{"footnotes":""},"class_list":["post-141","page","type-page","status-publish","hentry"],"_links":{"self":[{"href":"https:\/\/webs.uab.cat\/wel\/es\/wp-json\/wp\/v2\/pages\/141","targetHints":{"allow":["GET"]}}],"collection":[{"href":"https:\/\/webs.uab.cat\/wel\/es\/wp-json\/wp\/v2\/pages"}],"about":[{"href":"https:\/\/webs.uab.cat\/wel\/es\/wp-json\/wp\/v2\/types\/page"}],"author":[{"embeddable":true,"href":"https:\/\/webs.uab.cat\/wel\/es\/wp-json\/wp\/v2\/users\/103"}],"replies":[{"embeddable":true,"href":"https:\/\/webs.uab.cat\/wel\/es\/wp-json\/wp\/v2\/comments?post=141"}],"version-history":[{"count":7,"href":"https:\/\/webs.uab.cat\/wel\/es\/wp-json\/wp\/v2\/pages\/141\/revisions"}],"predecessor-version":[{"id":833,"href":"https:\/\/webs.uab.cat\/wel\/es\/wp-json\/wp\/v2\/pages\/141\/revisions\/833"}],"wp:attachment":[{"href":"https:\/\/webs.uab.cat\/wel\/es\/wp-json\/wp\/v2\/media?parent=141"}],"curies":[{"name":"wp","href":"https:\/\/api.w.org\/{rel}","templated":true}]}}