{"id":163,"date":"2023-11-22T14:06:58","date_gmt":"2023-11-22T12:06:58","guid":{"rendered":"https:\/\/webs.uab.cat\/wel\/videos\/"},"modified":"2025-09-17T08:52:07","modified_gmt":"2025-09-17T06:52:07","slug":"videos","status":"publish","type":"page","link":"https:\/\/webs.uab.cat\/wel\/es\/videos\/","title":{"rendered":"Recursos"},"content":{"rendered":"\n<p class=\"has-normal-font-size\"><strong>Tr\u00edptico del proyecto WEL<\/strong><\/p>\n\n\n\n<div data-wp-interactive=\"core\/file\" class=\"wp-block-file\"><object data-wp-bind--hidden=\"!state.hasPdfPreview\" hidden class=\"wp-block-file__embed\" data=\"https:\/\/webs.uab.cat\/wel\/wp-content\/uploads\/sites\/514\/2025\/02\/WEL-project-triptic-1.pdf\" type=\"application\/pdf\" style=\"width:100%;height:600px\" aria-label=\"Incrustado de Proyecto WEL tr\u00edptico.\"><\/object><a id=\"wp-block-file--media-bad277fd-b860-4b7b-bf85-8f629f4821e7\" href=\"https:\/\/webs.uab.cat\/wel\/wp-content\/uploads\/sites\/514\/2025\/02\/WEL-project-triptic-1.pdf\">Proyecto WEL tr\u00edptico<\/a><a href=\"https:\/\/webs.uab.cat\/wel\/wp-content\/uploads\/sites\/514\/2025\/02\/WEL-project-triptic-1.pdf\" class=\"wp-block-file__button wp-element-button\" download aria-describedby=\"wp-block-file--media-bad277fd-b860-4b7b-bf85-8f629f4821e7\">DESCARGAR<\/a><\/div>\n\n\n\n<div style=\"height:30px\" aria-hidden=\"true\" class=\"wp-block-spacer\"><\/div>\n\n\n\n<p class=\"has-normal-font-size\"><strong>V\u00eddeo explicativo<\/strong><\/p>\n\n\n\n<figure class=\"wp-block-embed is-type-video is-provider-youtube wp-block-embed-youtube wp-embed-aspect-16-9 wp-has-aspect-ratio\"><div class=\"wp-block-embed__wrapper\">\n<iframe loading=\"lazy\" title=\"WEL Vi\u0301deo Presentacio\u0301 Final\" width=\"580\" height=\"326\" src=\"https:\/\/www.youtube.com\/embed\/u1cXqLayAzM?feature=oembed\" frameborder=\"0\" allow=\"accelerometer; autoplay; clipboard-write; encrypted-media; gyroscope; picture-in-picture; web-share\" referrerpolicy=\"strict-origin-when-cross-origin\" allowfullscreen><\/iframe>\n<\/div><\/figure>\n\n\n\n<div style=\"height:30px\" aria-hidden=\"true\" class=\"wp-block-spacer\"><\/div>\n\n\n\n<p class=\"has-normal-font-size\"><strong>Resumen de la jornada local del proyecto WEL en Lectura F\u00e1cil<\/strong><\/p>\n\n\n\n<div data-wp-interactive=\"core\/file\" class=\"wp-block-file\"><object data-wp-bind--hidden=\"!state.hasPdfPreview\" hidden class=\"wp-block-file__embed\" data=\"https:\/\/webs.uab.cat\/wel\/wp-content\/uploads\/sites\/514\/2025\/07\/WEL_ES_Informe_JornadaLocal_LF.pdf\" type=\"application\/pdf\" style=\"width:100%;height:600px\" aria-label=\"Incrustado de WEL_ES_Informe_JornadaLocal_LF.\"><\/object><a id=\"wp-block-file--media-071ea304-5bc3-4871-b1c7-d964e723d530\" href=\"https:\/\/webs.uab.cat\/wel\/wp-content\/uploads\/sites\/514\/2025\/07\/WEL_ES_Informe_JornadaLocal_LF.pdf\">WEL_ES_Informe_JornadaLocal_LF<\/a><a href=\"https:\/\/webs.uab.cat\/wel\/wp-content\/uploads\/sites\/514\/2025\/07\/WEL_ES_Informe_JornadaLocal_LF.pdf\" class=\"wp-block-file__button wp-element-button\" download aria-describedby=\"wp-block-file--media-071ea304-5bc3-4871-b1c7-d964e723d530\">Baixa<\/a><\/div>\n\n\n\n<div style=\"height:30px\" aria-hidden=\"true\" class=\"wp-block-spacer\"><\/div>\n\n\n\n<p class=\"has-normal-font-size\"><strong>Resultados en Lectura F\u00e1cil<\/strong><\/p>\n\n\n\n<p>Pr\u00f3ximamente<\/p>\n","protected":false},"excerpt":{"rendered":"<p>Tr\u00edptico del proyecto WEL V\u00eddeo explicativo Resumen de la jornada local del proyecto WEL en Lectura F\u00e1cil Resultados en Lectura F\u00e1cil Pr\u00f3ximamente<\/p>\n","protected":false},"author":103,"featured_media":0,"parent":0,"menu_order":0,"comment_status":"closed","ping_status":"closed","template":"","meta":{"footnotes":""},"class_list":["post-163","page","type-page","status-publish","hentry"],"_links":{"self":[{"href":"https:\/\/webs.uab.cat\/wel\/es\/wp-json\/wp\/v2\/pages\/163","targetHints":{"allow":["GET"]}}],"collection":[{"href":"https:\/\/webs.uab.cat\/wel\/es\/wp-json\/wp\/v2\/pages"}],"about":[{"href":"https:\/\/webs.uab.cat\/wel\/es\/wp-json\/wp\/v2\/types\/page"}],"author":[{"embeddable":true,"href":"https:\/\/webs.uab.cat\/wel\/es\/wp-json\/wp\/v2\/users\/103"}],"replies":[{"embeddable":true,"href":"https:\/\/webs.uab.cat\/wel\/es\/wp-json\/wp\/v2\/comments?post=163"}],"version-history":[{"count":9,"href":"https:\/\/webs.uab.cat\/wel\/es\/wp-json\/wp\/v2\/pages\/163\/revisions"}],"predecessor-version":[{"id":848,"href":"https:\/\/webs.uab.cat\/wel\/es\/wp-json\/wp\/v2\/pages\/163\/revisions\/848"}],"wp:attachment":[{"href":"https:\/\/webs.uab.cat\/wel\/es\/wp-json\/wp\/v2\/media?parent=163"}],"curies":[{"name":"wp","href":"https:\/\/api.w.org\/{rel}","templated":true}]}}