{"id":168,"date":"2023-11-22T14:07:29","date_gmt":"2023-11-22T12:07:29","guid":{"rendered":"https:\/\/webs.uab.cat\/wel\/contacto\/"},"modified":"2024-04-03T10:32:29","modified_gmt":"2024-04-03T08:32:29","slug":"contacto","status":"publish","type":"page","link":"https:\/\/webs.uab.cat\/wel\/es\/contacto\/","title":{"rendered":"Contacto"},"content":{"rendered":"\n<p><br><strong>Carme Mangiron<br><\/strong>Investigadora principal<br><a href=\"mailto:carme.mangiron@uab.cat\">carme.mangiron@uab.cat<\/a><\/p>\n\n\n\n<p><strong>Universitat Aut\u00f2noma de Barcelona<\/strong><br><strong>Departament de Traducci\u00f3 i Interpretaci\u00f3 i Estudis de l\u2019\u00c0sia Oriental.<\/strong><br>Despacho K\/1002<br>08193 Bellaterra (Barcelona)<\/p>\n","protected":false},"excerpt":{"rendered":"<p>Carme MangironInvestigadora principalcarme.mangiron@uab.cat Universitat Aut\u00f2noma de BarcelonaDepartament de Traducci\u00f3 i Interpretaci\u00f3 i Estudis de l\u2019\u00c0sia Oriental.Despacho K\/100208193 Bellaterra (Barcelona)<\/p>\n","protected":false},"author":103,"featured_media":0,"parent":0,"menu_order":0,"comment_status":"closed","ping_status":"closed","template":"","meta":{"footnotes":""},"class_list":["post-168","page","type-page","status-publish","hentry"],"_links":{"self":[{"href":"https:\/\/webs.uab.cat\/wel\/es\/wp-json\/wp\/v2\/pages\/168","targetHints":{"allow":["GET"]}}],"collection":[{"href":"https:\/\/webs.uab.cat\/wel\/es\/wp-json\/wp\/v2\/pages"}],"about":[{"href":"https:\/\/webs.uab.cat\/wel\/es\/wp-json\/wp\/v2\/types\/page"}],"author":[{"embeddable":true,"href":"https:\/\/webs.uab.cat\/wel\/es\/wp-json\/wp\/v2\/users\/103"}],"replies":[{"embeddable":true,"href":"https:\/\/webs.uab.cat\/wel\/es\/wp-json\/wp\/v2\/comments?post=168"}],"version-history":[{"count":4,"href":"https:\/\/webs.uab.cat\/wel\/es\/wp-json\/wp\/v2\/pages\/168\/revisions"}],"predecessor-version":[{"id":236,"href":"https:\/\/webs.uab.cat\/wel\/es\/wp-json\/wp\/v2\/pages\/168\/revisions\/236"}],"wp:attachment":[{"href":"https:\/\/webs.uab.cat\/wel\/es\/wp-json\/wp\/v2\/media?parent=168"}],"curies":[{"name":"wp","href":"https:\/\/api.w.org\/{rel}","templated":true}]}}