{"id":67,"date":"2023-11-22T12:58:18","date_gmt":"2023-11-22T10:58:18","guid":{"rendered":"https:\/\/webs.uab.cat\/wel\/home\/"},"modified":"2025-11-03T13:09:24","modified_gmt":"2025-11-03T11:09:24","slug":"wel-inici-2","status":"publish","type":"page","link":"https:\/\/webs.uab.cat\/wel\/es\/","title":{"rendered":"Inicio"},"content":{"rendered":"\n<p>WEL (Del texto escrito al texto oral en f\u00e1cil lectura: audiof\u00e1ciles en visitas culturales y videojuegos) es un proyecto de tres a\u00f1os (2023-2026), dirigido por Carme Mangiron y Anna Matamala (grupo de investigaci\u00f3n <a href=\"https:\/\/webs.uab.cat\/transmedia\/\" target=\"_blank\" rel=\"noreferrer noopener\"><strong><u>TransMedia Catalonia<\/u><\/strong><\/a>) en la Universidad Aut\u00f3noma de Barcelona.<\/p>\n\n\n\n<p>El proyecto WEL est\u00e1 financiado por el Ministerio de Ciencia, Innovaci\u00f3n y Universidades de Espa\u00f1a, c\u00f3digo de referencia PID2022-137058NB-I00.<\/p>\n\n\n\n<div class=\"wp-block-group\"><div class=\"wp-block-group__inner-container is-layout-constrained wp-block-group-is-layout-constrained\"><\/div><\/div>\n\n\n\n<div class=\"wp-block-columns are-vertically-aligned-center is-layout-flex wp-container-core-columns-is-layout-9d6595d7 wp-block-columns-is-layout-flex\">\n<div class=\"wp-block-column is-vertically-aligned-center is-layout-flow wp-block-column-is-layout-flow\" style=\"flex-basis:227px\">\n<figure class=\"wp-block-image size-large\"><img loading=\"lazy\" decoding=\"async\" width=\"1024\" height=\"388\" src=\"https:\/\/webs.uab.cat\/wel\/wp-content\/uploads\/sites\/514\/2025\/04\/MICIU-nou-1024x388.jpg\" alt=\"\" class=\"wp-image-695\" srcset=\"https:\/\/webs.uab.cat\/wel\/wp-content\/uploads\/sites\/514\/2025\/04\/MICIU-nou-1024x388.jpg 1024w, https:\/\/webs.uab.cat\/wel\/wp-content\/uploads\/sites\/514\/2025\/04\/MICIU-nou-300x114.jpg 300w, https:\/\/webs.uab.cat\/wel\/wp-content\/uploads\/sites\/514\/2025\/04\/MICIU-nou-768x291.jpg 768w, https:\/\/webs.uab.cat\/wel\/wp-content\/uploads\/sites\/514\/2025\/04\/MICIU-nou-1536x582.jpg 1536w, https:\/\/webs.uab.cat\/wel\/wp-content\/uploads\/sites\/514\/2025\/04\/MICIU-nou-2048x776.jpg 2048w, https:\/\/webs.uab.cat\/wel\/wp-content\/uploads\/sites\/514\/2025\/04\/MICIU-nou-1200x455.jpg 1200w, https:\/\/webs.uab.cat\/wel\/wp-content\/uploads\/sites\/514\/2025\/04\/MICIU-nou-1980x750.jpg 1980w\" sizes=\"auto, (max-width: 1024px) 100vw, 1024px\" \/><\/figure>\n<\/div>\n\n\n\n<div class=\"wp-block-column is-vertically-aligned-center is-layout-flow wp-block-column-is-layout-flow\" style=\"flex-basis:200px\">\n<figure class=\"wp-block-image size-medium\"><img loading=\"lazy\" decoding=\"async\" width=\"273\" height=\"300\" src=\"https:\/\/webs.uab.cat\/wel\/wp-content\/uploads\/sites\/514\/2023\/11\/logo-UE-273x300.jpg\" alt=\"\" class=\"wp-image-30\" srcset=\"https:\/\/webs.uab.cat\/wel\/wp-content\/uploads\/sites\/514\/2023\/11\/logo-UE-273x300.jpg 273w, https:\/\/webs.uab.cat\/wel\/wp-content\/uploads\/sites\/514\/2023\/11\/logo-UE.jpg 570w\" sizes=\"auto, (max-width: 273px) 100vw, 273px\" \/><\/figure>\n<\/div>\n\n\n\n<div class=\"wp-block-column is-vertically-aligned-center is-layout-flow wp-block-column-is-layout-flow\" style=\"flex-basis:155px\">\n<figure class=\"wp-block-image size-full is-resized\"><img loading=\"lazy\" decoding=\"async\" width=\"439\" height=\"653\" src=\"https:\/\/webs.uab.cat\/wel\/wp-content\/uploads\/sites\/514\/2023\/11\/logo-AE.jpg\" alt=\"\" class=\"wp-image-27\" style=\"width:91px;height:135px\" srcset=\"https:\/\/webs.uab.cat\/wel\/wp-content\/uploads\/sites\/514\/2023\/11\/logo-AE.jpg 439w, https:\/\/webs.uab.cat\/wel\/wp-content\/uploads\/sites\/514\/2023\/11\/logo-AE-202x300.jpg 202w\" sizes=\"auto, (max-width: 439px) 100vw, 439px\" \/><\/figure>\n<\/div>\n\n\n\n<div class=\"wp-block-column is-vertically-aligned-center is-layout-flow wp-block-column-is-layout-flow\" style=\"flex-basis:200px\">\n<figure class=\"wp-block-image size-large is-resized\"><img loading=\"lazy\" decoding=\"async\" width=\"708\" height=\"708\" src=\"https:\/\/webs.uab.cat\/wel\/wp-content\/uploads\/sites\/514\/2023\/11\/logo-transmedia-c.gif\" alt=\"Transmedia Catalonia\" class=\"wp-image-24\" style=\"width:113px;height:113px\" \/><\/figure>\n<\/div>\n<\/div>\n\n\n<div class=\"wp-block-image\">\n<figure class=\"aligncenter size-large is-resized\"><img loading=\"lazy\" decoding=\"async\" width=\"1024\" height=\"453\" src=\"https:\/\/webs.uab.cat\/wel\/wp-content\/uploads\/sites\/514\/2023\/11\/Logo-DTIEAO-2023-1024x453.jpg\" alt=\"\" class=\"wp-image-112\" style=\"width:205px;height:90px\" srcset=\"https:\/\/webs.uab.cat\/wel\/wp-content\/uploads\/sites\/514\/2023\/11\/Logo-DTIEAO-2023-1024x453.jpg 1024w, https:\/\/webs.uab.cat\/wel\/wp-content\/uploads\/sites\/514\/2023\/11\/Logo-DTIEAO-2023-300x133.jpg 300w, https:\/\/webs.uab.cat\/wel\/wp-content\/uploads\/sites\/514\/2023\/11\/Logo-DTIEAO-2023-768x340.jpg 768w, https:\/\/webs.uab.cat\/wel\/wp-content\/uploads\/sites\/514\/2023\/11\/Logo-DTIEAO-2023-1200x531.jpg 1200w, https:\/\/webs.uab.cat\/wel\/wp-content\/uploads\/sites\/514\/2023\/11\/Logo-DTIEAO-2023.jpg 1255w\" sizes=\"auto, (max-width: 1024px) 100vw, 1024px\" \/><\/figure>\n<\/div>","protected":false},"excerpt":{"rendered":"<p>WEL (Del texto escrito al texto oral en f\u00e1cil lectura: audiof\u00e1ciles en visitas culturales y videojuegos) es un proyecto de tres a\u00f1os (2023-2026), dirigido por Carme Mangiron y Anna Matamala (grupo de investigaci\u00f3n TransMedia Catalonia) en la Universidad Aut\u00f3noma de Barcelona. El proyecto WEL est\u00e1 financiado por el Ministerio de Ciencia, Innovaci\u00f3n y Universidades de [&hellip;]<\/p>\n","protected":false},"author":103,"featured_media":0,"parent":0,"menu_order":0,"comment_status":"closed","ping_status":"closed","template":"","meta":{"footnotes":""},"class_list":["post-67","page","type-page","status-publish","hentry"],"_links":{"self":[{"href":"https:\/\/webs.uab.cat\/wel\/es\/wp-json\/wp\/v2\/pages\/67","targetHints":{"allow":["GET"]}}],"collection":[{"href":"https:\/\/webs.uab.cat\/wel\/es\/wp-json\/wp\/v2\/pages"}],"about":[{"href":"https:\/\/webs.uab.cat\/wel\/es\/wp-json\/wp\/v2\/types\/page"}],"author":[{"embeddable":true,"href":"https:\/\/webs.uab.cat\/wel\/es\/wp-json\/wp\/v2\/users\/103"}],"replies":[{"embeddable":true,"href":"https:\/\/webs.uab.cat\/wel\/es\/wp-json\/wp\/v2\/comments?post=67"}],"version-history":[{"count":28,"href":"https:\/\/webs.uab.cat\/wel\/es\/wp-json\/wp\/v2\/pages\/67\/revisions"}],"predecessor-version":[{"id":1042,"href":"https:\/\/webs.uab.cat\/wel\/es\/wp-json\/wp\/v2\/pages\/67\/revisions\/1042"}],"wp:attachment":[{"href":"https:\/\/webs.uab.cat\/wel\/es\/wp-json\/wp\/v2\/media?parent=67"}],"curies":[{"name":"wp","href":"https:\/\/api.w.org\/{rel}","templated":true}]}}