{"id":546,"date":"2025-02-17T09:39:56","date_gmt":"2025-02-17T07:39:56","guid":{"rendered":"https:\/\/webs.uab.cat\/wel\/?page_id=546"},"modified":"2025-11-12T10:49:14","modified_gmt":"2025-11-12T08:49:14","slug":"programa-jornada-local","status":"publish","type":"page","link":"https:\/\/webs.uab.cat\/wel\/programa-jornada-local\/","title":{"rendered":"Jornada local"},"content":{"rendered":"\n<h2 class=\"wp-block-heading\">Jornada local del Projecte WEL<\/h2>\n\n\n\n<p><strong>Compartim experi\u00e8ncies<\/strong><\/p>\n\n\n\n<ul class=\"wp-block-list\">\n<li><strong>Data<\/strong>: 16 juny 2025<\/li>\n\n\n\n<li><strong>Hora<\/strong>: 10.00-12.00<\/li>\n\n\n\n<li><strong>Lloc<\/strong>: Sala Jordi Arbon\u00e8s, Facultat de Traducci\u00f3 i Interpretaci\u00f3 (UAB) (<a href=\"https:\/\/maps.app.goo.gl\/4JyWGtS2otaWDtn88\">com arribar-hi<\/a>)<\/li>\n\n\n\n<li><strong>Inscripci\u00f3<\/strong>: La inscripci\u00f3 \u00e9s gratu\u00efta per\u00f2 cal registrar-s&#8217;hi (inscripcions tancades)<\/li>\n<\/ul>\n\n\n\n<p>El proper dilluns 16 de juny de 2025 tindrem l&#8217;oportunitat de compartir experi\u00e8ncies i resultats sobre el projecte WEL a la jornada local. Aquesta jornada ens permetr\u00e0 con\u00e8ixer de primera m\u00e0 els aven\u00e7os, resultats i impacte dels estudis duts a terme i d&#8217;obrir un espai per parlar dels pr\u00f2xims passos.<\/p>\n\n\n\n<h2 class=\"wp-block-heading\">Programa<\/h2>\n\n\n\n<p><strong>10.00-10.05 Benvinguda<\/strong><\/p>\n\n\n\n<p><strong>10.05-10.45 Presentaci\u00f3 dels resultats del Projecte WEL<\/strong><\/p>\n\n\n\n<p><strong>10.45-11.15 Visita de la Facultat i pausa de caf\u00e8<\/strong><\/p>\n\n\n\n<p><strong>11.15-12.00 Micro obert: pr\u00f2xims passos<\/strong><\/p>\n\n\n\n<p>Et pots descarregar el programa en <a href=\"https:\/\/webs.uab.cat\/wel\/wp-content\/uploads\/sites\/514\/2025\/02\/Programa-2025-Jornada-local-del-Projecte-WEL.pdf\">aquest enlla\u00e7.<\/a><\/p>\n\n\n\n<div class=\"wp-block-buttons is-content-justification-right is-layout-flex wp-container-core-buttons-is-layout-765c4724 wp-block-buttons-is-layout-flex\">\n<div class=\"wp-block-button\"><a class=\"wp-block-button__link wp-element-button\" href=\"https:\/\/webs.uab.cat\/wel\/wp-content\/uploads\/sites\/514\/2025\/02\/Programa-2025-Jornada-local-del-Projecte-WEL.pdf\">BAIXA<\/a><\/div>\n<\/div>\n\n\n\n<p><strong>Amb el suport de<\/strong>:<\/p>\n\n\n\n<div class=\"wp-block-columns is-layout-flex wp-container-core-columns-is-layout-9d6595d7 wp-block-columns-is-layout-flex\">\n<div class=\"wp-block-column is-layout-flow wp-block-column-is-layout-flow\"><div class=\"wp-block-image\">\n<figure class=\"aligncenter size-large\"><img loading=\"lazy\" decoding=\"async\" width=\"1024\" height=\"463\" src=\"https:\/\/webs.uab.cat\/wel\/wp-content\/uploads\/sites\/514\/2023\/11\/logo-ministerio-1024x463.jpg\" alt=\"\" class=\"wp-image-31\" srcset=\"https:\/\/webs.uab.cat\/wel\/wp-content\/uploads\/sites\/514\/2023\/11\/logo-ministerio-1024x463.jpg 1024w, https:\/\/webs.uab.cat\/wel\/wp-content\/uploads\/sites\/514\/2023\/11\/logo-ministerio-300x136.jpg 300w, https:\/\/webs.uab.cat\/wel\/wp-content\/uploads\/sites\/514\/2023\/11\/logo-ministerio-768x347.jpg 768w, https:\/\/webs.uab.cat\/wel\/wp-content\/uploads\/sites\/514\/2023\/11\/logo-ministerio-1200x542.jpg 1200w, https:\/\/webs.uab.cat\/wel\/wp-content\/uploads\/sites\/514\/2023\/11\/logo-ministerio.jpg 1376w\" sizes=\"auto, (max-width: 1024px) 100vw, 1024px\" \/><\/figure>\n<\/div><\/div>\n\n\n\n<div class=\"wp-block-column is-layout-flow wp-block-column-is-layout-flow\"><div class=\"wp-block-image\">\n<figure class=\"aligncenter size-full\"><img loading=\"lazy\" decoding=\"async\" width=\"570\" height=\"626\" src=\"https:\/\/webs.uab.cat\/wel\/wp-content\/uploads\/sites\/514\/2023\/11\/logo-UE.jpg\" alt=\"\" class=\"wp-image-28\" srcset=\"https:\/\/webs.uab.cat\/wel\/wp-content\/uploads\/sites\/514\/2023\/11\/logo-UE.jpg 570w, https:\/\/webs.uab.cat\/wel\/wp-content\/uploads\/sites\/514\/2023\/11\/logo-UE-273x300.jpg 273w\" sizes=\"auto, (max-width: 570px) 100vw, 570px\" \/><\/figure>\n<\/div><\/div>\n\n\n\n<div class=\"wp-block-column is-layout-flow wp-block-column-is-layout-flow\"><div class=\"wp-block-image\">\n<figure class=\"aligncenter size-full is-resized\"><img loading=\"lazy\" decoding=\"async\" width=\"439\" height=\"653\" src=\"https:\/\/webs.uab.cat\/wel\/wp-content\/uploads\/sites\/514\/2023\/11\/logo-AE.jpg\" alt=\"\" class=\"wp-image-25\" style=\"width:107px;height:auto\" srcset=\"https:\/\/webs.uab.cat\/wel\/wp-content\/uploads\/sites\/514\/2023\/11\/logo-AE.jpg 439w, https:\/\/webs.uab.cat\/wel\/wp-content\/uploads\/sites\/514\/2023\/11\/logo-AE-202x300.jpg 202w\" sizes=\"auto, (max-width: 439px) 100vw, 439px\" \/><\/figure>\n<\/div><\/div>\n\n\n\n<div class=\"wp-block-column is-layout-flow wp-block-column-is-layout-flow\"><div class=\"wp-block-image\">\n<figure class=\"aligncenter size-full is-resized\"><img loading=\"lazy\" decoding=\"async\" width=\"708\" height=\"708\" src=\"https:\/\/webs.uab.cat\/wel\/wp-content\/uploads\/sites\/514\/2023\/11\/logo-transmedia-c.gif\" alt=\"Transmedia Catalonia\" class=\"wp-image-22\" style=\"width:128px;height:auto\" \/><\/figure>\n<\/div><\/div>\n<\/div>\n\n\n<div class=\"wp-block-image\">\n<figure class=\"aligncenter size-large is-resized\"><img loading=\"lazy\" decoding=\"async\" width=\"1024\" height=\"453\" src=\"https:\/\/webs.uab.cat\/wel\/wp-content\/uploads\/sites\/514\/2023\/11\/Logo-DTIEAO-2023-1-1024x453.jpg\" alt=\"\" class=\"wp-image-123\" style=\"width:232px;height:auto\" srcset=\"https:\/\/webs.uab.cat\/wel\/wp-content\/uploads\/sites\/514\/2023\/11\/Logo-DTIEAO-2023-1-1024x453.jpg 1024w, https:\/\/webs.uab.cat\/wel\/wp-content\/uploads\/sites\/514\/2023\/11\/Logo-DTIEAO-2023-1-300x133.jpg 300w, https:\/\/webs.uab.cat\/wel\/wp-content\/uploads\/sites\/514\/2023\/11\/Logo-DTIEAO-2023-1-768x340.jpg 768w, https:\/\/webs.uab.cat\/wel\/wp-content\/uploads\/sites\/514\/2023\/11\/Logo-DTIEAO-2023-1-1200x531.jpg 1200w, https:\/\/webs.uab.cat\/wel\/wp-content\/uploads\/sites\/514\/2023\/11\/Logo-DTIEAO-2023-1.jpg 1255w\" sizes=\"auto, (max-width: 1024px) 100vw, 1024px\" \/><\/figure>\n<\/div>","protected":false},"excerpt":{"rendered":"<p>Jornada local del Projecte WEL Compartim experi\u00e8ncies El proper dilluns 16 de juny de 2025 tindrem l&#8217;oportunitat de compartir experi\u00e8ncies i resultats sobre el projecte WEL a la jornada local. Aquesta jornada ens permetr\u00e0 con\u00e8ixer de primera m\u00e0 els aven\u00e7os, resultats i impacte dels estudis duts a terme i d&#8217;obrir un espai per parlar dels [&hellip;]<\/p>\n","protected":false},"author":103,"featured_media":0,"parent":0,"menu_order":0,"comment_status":"closed","ping_status":"closed","template":"","meta":{"footnotes":""},"class_list":["post-546","page","type-page","status-publish","hentry"],"_links":{"self":[{"href":"https:\/\/webs.uab.cat\/wel\/wp-json\/wp\/v2\/pages\/546","targetHints":{"allow":["GET"]}}],"collection":[{"href":"https:\/\/webs.uab.cat\/wel\/wp-json\/wp\/v2\/pages"}],"about":[{"href":"https:\/\/webs.uab.cat\/wel\/wp-json\/wp\/v2\/types\/page"}],"author":[{"embeddable":true,"href":"https:\/\/webs.uab.cat\/wel\/wp-json\/wp\/v2\/users\/103"}],"replies":[{"embeddable":true,"href":"https:\/\/webs.uab.cat\/wel\/wp-json\/wp\/v2\/comments?post=546"}],"version-history":[{"count":19,"href":"https:\/\/webs.uab.cat\/wel\/wp-json\/wp\/v2\/pages\/546\/revisions"}],"predecessor-version":[{"id":714,"href":"https:\/\/webs.uab.cat\/wel\/wp-json\/wp\/v2\/pages\/546\/revisions\/714"}],"wp:attachment":[{"href":"https:\/\/webs.uab.cat\/wel\/wp-json\/wp\/v2\/media?parent=546"}],"curies":[{"name":"wp","href":"https:\/\/api.w.org\/{rel}","templated":true}]}}