{"id":85,"date":"2023-11-22T14:04:48","date_gmt":"2023-11-22T12:04:48","guid":{"rendered":"https:\/\/webs.uab.cat\/wel\/?page_id=85"},"modified":"2024-04-03T10:51:44","modified_gmt":"2024-04-03T08:51:44","slug":"objectius","status":"publish","type":"page","link":"https:\/\/webs.uab.cat\/wel\/objectius\/","title":{"rendered":"Objectius"},"content":{"rendered":"\n<p>El projecte t\u00e9 cinc objectius principals:<\/p>\n\n\n\n<ol class=\"wp-block-list\">\n<li>estudiar les pr\u00e0ctiques de lectura f\u00e0cil oral en relaci\u00f3 amb els processos de creaci\u00f3, els usuaris i les caracter\u00edstiques principals;<\/li>\n\n\n\n<li>avaluar algunes caracter\u00edstiques seleccionades de la lectura f\u00e0cil oral perqu\u00e8 fa a la comprensi\u00f3, les prefer\u00e8ncies i l&#8217;acceptabilitat;<\/li>\n\n\n\n<li>investigar com es podrien desenvolupar \u00e0udios f\u00e0cils tenint en compte els serveis d&#8217;accessibilitat existents i fent servir els videojocs com a cas d&#8217;estudi;<\/li>\n\n\n\n<li>investigar com es podrien desenvolupar \u00e0udios f\u00e0cils tenint en compte els serveis d&#8217;accessibilitat existents i fent servir visites culturals com a cas d&#8217;estudi;<\/li>\n\n\n\n<li>conscienciar, comunicar, difondre i transferir els resultats de recerca a actors claus.<\/li>\n<\/ol>\n\n\n\n<p>La metodologia del projecte combinar\u00e0 la recerca descriptiva i proves experimentals amb usuaris per mitj\u00e0 de q\u00fcestionaris, entrevistes i\/o grups focals.<\/p>\n","protected":false},"excerpt":{"rendered":"<p>El projecte t\u00e9 cinc objectius principals: La metodologia del projecte combinar\u00e0 la recerca descriptiva i proves experimentals amb usuaris per mitj\u00e0 de q\u00fcestionaris, entrevistes i\/o grups focals.<\/p>\n","protected":false},"author":103,"featured_media":0,"parent":0,"menu_order":0,"comment_status":"closed","ping_status":"closed","template":"","meta":{"footnotes":""},"class_list":["post-85","page","type-page","status-publish","hentry"],"_links":{"self":[{"href":"https:\/\/webs.uab.cat\/wel\/wp-json\/wp\/v2\/pages\/85","targetHints":{"allow":["GET"]}}],"collection":[{"href":"https:\/\/webs.uab.cat\/wel\/wp-json\/wp\/v2\/pages"}],"about":[{"href":"https:\/\/webs.uab.cat\/wel\/wp-json\/wp\/v2\/types\/page"}],"author":[{"embeddable":true,"href":"https:\/\/webs.uab.cat\/wel\/wp-json\/wp\/v2\/users\/103"}],"replies":[{"embeddable":true,"href":"https:\/\/webs.uab.cat\/wel\/wp-json\/wp\/v2\/comments?post=85"}],"version-history":[{"count":3,"href":"https:\/\/webs.uab.cat\/wel\/wp-json\/wp\/v2\/pages\/85\/revisions"}],"predecessor-version":[{"id":244,"href":"https:\/\/webs.uab.cat\/wel\/wp-json\/wp\/v2\/pages\/85\/revisions\/244"}],"wp:attachment":[{"href":"https:\/\/webs.uab.cat\/wel\/wp-json\/wp\/v2\/media?parent=85"}],"curies":[{"name":"wp","href":"https:\/\/api.w.org\/{rel}","templated":true}]}}