{"id":96,"date":"2023-11-22T14:06:58","date_gmt":"2023-11-22T12:06:58","guid":{"rendered":"https:\/\/webs.uab.cat\/wel\/?page_id=96"},"modified":"2025-09-17T08:51:28","modified_gmt":"2025-09-17T06:51:28","slug":"videos","status":"publish","type":"page","link":"https:\/\/webs.uab.cat\/wel\/videos\/","title":{"rendered":"Recursos"},"content":{"rendered":"\n<p class=\"has-normal-font-size\"><strong>Tr\u00edptic del projecte WEL<\/strong><\/p>\n\n\n\n<div data-wp-interactive=\"core\/file\" class=\"wp-block-file\"><object data-wp-bind--hidden=\"!state.hasPdfPreview\" hidden class=\"wp-block-file__embed\" data=\"https:\/\/webs.uab.cat\/wel\/wp-content\/uploads\/sites\/514\/2025\/02\/WEL-project-triptic.pdf\" type=\"application\/pdf\" style=\"width:100%;height:600px\" aria-label=\"Incrustaci\u00f3 del fitxer Projecte WEL tr\u00edptic.\"><\/object><a id=\"wp-block-file--media-c0cf234d-e7f4-4814-b4cb-5091e67e57f3\" href=\"https:\/\/webs.uab.cat\/wel\/wp-content\/uploads\/sites\/514\/2025\/02\/WEL-project-triptic.pdf\">Projecte WEL tr\u00edptic<\/a><a href=\"https:\/\/webs.uab.cat\/wel\/wp-content\/uploads\/sites\/514\/2025\/02\/WEL-project-triptic.pdf\" class=\"wp-block-file__button wp-element-button\" download aria-describedby=\"wp-block-file--media-c0cf234d-e7f4-4814-b4cb-5091e67e57f3\">Baixa<\/a><\/div>\n\n\n\n<div style=\"height:30px\" aria-hidden=\"true\" class=\"wp-block-spacer\"><\/div>\n\n\n\n<p class=\"has-normal-font-size\"><strong>V\u00eddeo explicatiu <\/strong><\/p>\n\n\n\n<figure class=\"wp-block-embed is-type-video is-provider-youtube wp-block-embed-youtube wp-embed-aspect-16-9 wp-has-aspect-ratio\"><div class=\"wp-block-embed__wrapper\">\n<iframe loading=\"lazy\" title=\"WEL Vi\u0301deo Presentacio\u0301 Final\" width=\"580\" height=\"326\" src=\"https:\/\/www.youtube.com\/embed\/u1cXqLayAzM?feature=oembed\" frameborder=\"0\" allow=\"accelerometer; autoplay; clipboard-write; encrypted-media; gyroscope; picture-in-picture; web-share\" referrerpolicy=\"strict-origin-when-cross-origin\" allowfullscreen><\/iframe>\n<\/div><\/figure>\n\n\n\n<div style=\"height:30px\" aria-hidden=\"true\" class=\"wp-block-spacer\"><\/div>\n\n\n\n<p class=\"has-normal-font-size\"><strong>Resum de la jornada local del projecte WEL<\/strong><\/p>\n\n\n\n<div data-wp-interactive=\"core\/file\" class=\"wp-block-file\"><object data-wp-bind--hidden=\"!state.hasPdfPreview\" hidden class=\"wp-block-file__embed\" data=\"https:\/\/webs.uab.cat\/wel\/wp-content\/uploads\/sites\/514\/2025\/07\/WEL_CAT_Informe_JornadaLocal_LF.pdf\" type=\"application\/pdf\" style=\"width:100%;height:600px\" aria-label=\"Incrustaci\u00f3 del fitxer WEL_CAT_Informe_JornadaLocal_LF.\"><\/object><a id=\"wp-block-file--media-9f576265-5b8c-4706-8a7d-4528b6c5b542\" href=\"https:\/\/webs.uab.cat\/wel\/wp-content\/uploads\/sites\/514\/2025\/07\/WEL_CAT_Informe_JornadaLocal_LF.pdf\">WEL_CAT_Informe_JornadaLocal_LF<\/a><a href=\"https:\/\/webs.uab.cat\/wel\/wp-content\/uploads\/sites\/514\/2025\/07\/WEL_CAT_Informe_JornadaLocal_LF.pdf\" class=\"wp-block-file__button wp-element-button\" download aria-describedby=\"wp-block-file--media-9f576265-5b8c-4706-8a7d-4528b6c5b542\">Baixa<\/a><\/div>\n\n\n\n<div style=\"height:30px\" aria-hidden=\"true\" class=\"wp-block-spacer\"><\/div>\n\n\n\n<p class=\"has-normal-font-size\"><strong>Resultats en Lectura F\u00e0cil<\/strong><\/p>\n\n\n\n<p>Properament<\/p>\n","protected":false},"excerpt":{"rendered":"<p>Tr\u00edptic del projecte WEL V\u00eddeo explicatiu Resum de la jornada local del projecte WEL Resultats en Lectura F\u00e0cil Properament<\/p>\n","protected":false},"author":103,"featured_media":0,"parent":0,"menu_order":0,"comment_status":"closed","ping_status":"closed","template":"","meta":{"footnotes":""},"class_list":["post-96","page","type-page","status-publish","hentry"],"_links":{"self":[{"href":"https:\/\/webs.uab.cat\/wel\/wp-json\/wp\/v2\/pages\/96","targetHints":{"allow":["GET"]}}],"collection":[{"href":"https:\/\/webs.uab.cat\/wel\/wp-json\/wp\/v2\/pages"}],"about":[{"href":"https:\/\/webs.uab.cat\/wel\/wp-json\/wp\/v2\/types\/page"}],"author":[{"embeddable":true,"href":"https:\/\/webs.uab.cat\/wel\/wp-json\/wp\/v2\/users\/103"}],"replies":[{"embeddable":true,"href":"https:\/\/webs.uab.cat\/wel\/wp-json\/wp\/v2\/comments?post=96"}],"version-history":[{"count":11,"href":"https:\/\/webs.uab.cat\/wel\/wp-json\/wp\/v2\/pages\/96\/revisions"}],"predecessor-version":[{"id":846,"href":"https:\/\/webs.uab.cat\/wel\/wp-json\/wp\/v2\/pages\/96\/revisions\/846"}],"wp:attachment":[{"href":"https:\/\/webs.uab.cat\/wel\/wp-json\/wp\/v2\/media?parent=96"}],"curies":[{"name":"wp","href":"https:\/\/api.w.org\/{rel}","templated":true}]}}