{"id":98,"date":"2023-11-22T14:07:29","date_gmt":"2023-11-22T12:07:29","guid":{"rendered":"https:\/\/webs.uab.cat\/wel\/?page_id=98"},"modified":"2024-04-03T10:32:12","modified_gmt":"2024-04-03T08:32:12","slug":"contacte","status":"publish","type":"page","link":"https:\/\/webs.uab.cat\/wel\/contacte\/","title":{"rendered":"Contacte"},"content":{"rendered":"\n<p><br><strong>Carme Mangiron<br><\/strong>Investigadora principal<br><a href=\"mailto:carme.mangiron@uab.cat\">carme.mangiron@uab.cat<\/a><\/p>\n\n\n\n<p><strong>Universitat Aut\u00f2noma de Barcelona<\/strong><br><strong>Departament de Traducci\u00f3 i Interpretaci\u00f3 i Estudis de l\u2019\u00c0sia Oriental.<\/strong><br>Despatx K\/1002<br>08193 Bellaterra (Barcelona)<\/p>\n","protected":false},"excerpt":{"rendered":"<p>Carme MangironInvestigadora principalcarme.mangiron@uab.cat Universitat Aut\u00f2noma de BarcelonaDepartament de Traducci\u00f3 i Interpretaci\u00f3 i Estudis de l\u2019\u00c0sia Oriental.Despatx K\/100208193 Bellaterra (Barcelona)<\/p>\n","protected":false},"author":103,"featured_media":0,"parent":0,"menu_order":0,"comment_status":"closed","ping_status":"closed","template":"","meta":{"footnotes":""},"class_list":["post-98","page","type-page","status-publish","hentry"],"_links":{"self":[{"href":"https:\/\/webs.uab.cat\/wel\/wp-json\/wp\/v2\/pages\/98","targetHints":{"allow":["GET"]}}],"collection":[{"href":"https:\/\/webs.uab.cat\/wel\/wp-json\/wp\/v2\/pages"}],"about":[{"href":"https:\/\/webs.uab.cat\/wel\/wp-json\/wp\/v2\/types\/page"}],"author":[{"embeddable":true,"href":"https:\/\/webs.uab.cat\/wel\/wp-json\/wp\/v2\/users\/103"}],"replies":[{"embeddable":true,"href":"https:\/\/webs.uab.cat\/wel\/wp-json\/wp\/v2\/comments?post=98"}],"version-history":[{"count":3,"href":"https:\/\/webs.uab.cat\/wel\/wp-json\/wp\/v2\/pages\/98\/revisions"}],"predecessor-version":[{"id":235,"href":"https:\/\/webs.uab.cat\/wel\/wp-json\/wp\/v2\/pages\/98\/revisions\/235"}],"wp:attachment":[{"href":"https:\/\/webs.uab.cat\/wel\/wp-json\/wp\/v2\/media?parent=98"}],"curies":[{"name":"wp","href":"https:\/\/api.w.org\/{rel}","templated":true}]}}