{"id":3290,"date":"2023-01-18T08:48:27","date_gmt":"2023-01-18T07:48:27","guid":{"rendered":"https:\/\/webs.uab.cat\/workshopmrama\/contacto-2\/"},"modified":"2026-01-17T12:40:06","modified_gmt":"2026-01-17T11:40:06","slug":"organizers-contacts","status":"publish","type":"page","link":"https:\/\/webs.uab.cat\/workshopmrama\/en\/organizers-contacts\/","title":{"rendered":"Organizers and contacts"},"content":{"rendered":"\n<p><em>Universitat Aut\u00f2noma de Barcelona<\/em>, Veterinary School, Department of Animal and Food sciences. Phone: +34-93-5811446<\/p>\n\n\n\n<p><a href=\"mailto:josep.yuste@uab.cat\" target=\"_blank\" rel=\"noreferrer noopener\">Dr. Josep Yuste Puigvert<\/a><\/p>\n\n\n\n<p><a href=\"mailto:marta.capellas@uab.cat\" target=\"_blank\" rel=\"noreferrer noopener\">Dr. Marta Capellas Puig<\/a><\/p>\n\n\n\n<p><a href=\"mailto:carolina.ripolles@uab.cat\" target=\"_blank\" rel=\"noreferrer noopener\">Dr. Carol Ripoll\u00e9s \u00c1vila<\/a><\/p>\n\n\n\n<p>Dr. Maria Mart\u00ednez Garcia<\/p>\n\n\n\n<p>Dr. Bernat P\u00e9rez Play\u00e0<\/p>\n\n\n\n<p>Dr. Luc\u00eda Verdugo Gonz\u00e1lez<\/p>\n\n\n\n<p>Mr. Guillem Gervilla Cantero<\/p>\n\n\n\n<p>Dr. Idoia Codina Torrella<\/p>\n\n\n\n<p>Mr. Xavier Mar\u00edn Anglada<\/p>\n\n\n\n<p>Dr. Arturo Bl\u00e1zquez Soro<\/p>\n\n\n\n<p>Ms. Paula Cruz Vera<\/p>\n\n\n<figure class=\"wp-block-image is-resized\"><a href=\"https:\/\/www.linkedin.com\/in\/workshop-mrama-memorial-dycfung\" target=\"_blank\" rel=\"noreferrer noopener\"><img decoding=\"async\" style=\"width: 30px;height: 30px\" src=\"https:\/\/webs.uab.cat\/workshopmrama\/wp-content\/uploads\/sites\/312\/2023\/04\/linkedin.png\" alt=\"\" \/><\/a><\/figure>\n<figure class=\"wp-block-image size-full is-resized\"><a href=\"https:\/\/x.com\/MRAMA_UAB\" target=\"_blank\" rel=\"noreferrer noopener\"><img loading=\"lazy\" decoding=\"async\" class=\"alignnone wp-image-4097\" style=\"width: 32px;height: 30px\" src=\"https:\/\/webs.uab.cat\/workshopmrama\/wp-content\/uploads\/sites\/312\/2023\/07\/twitter.jpg\" alt=\"\" width=\"323\" height=\"296\" srcset=\"https:\/\/webs.uab.cat\/workshopmrama\/wp-content\/uploads\/sites\/312\/2023\/07\/twitter.jpg 323w, https:\/\/webs.uab.cat\/workshopmrama\/wp-content\/uploads\/sites\/312\/2023\/07\/twitter-300x275.jpg 300w\" sizes=\"auto, (max-width: 323px) 100vw, 323px\" \/><\/a><\/figure>","protected":false},"excerpt":{"rendered":"<p>Universitat Aut\u00f2noma de Barcelona, Veterinary School, Department of Animal and Food sciences. Phone: +34-93-5811446 Dr. Josep Yuste Puigvert Dr. Marta Capellas Puig Dr. Carol Ripoll\u00e9s \u00c1vila Dr. Maria Mart\u00ednez Garcia Dr. Bernat P\u00e9rez Play\u00e0 Dr. Luc\u00eda Verdugo Gonz\u00e1lez Mr. Guillem Gervilla Cantero Dr. Idoia Codina Torrella Mr. Xavier Mar\u00edn Anglada Dr. Arturo Bl\u00e1zquez Soro Ms. [&hellip;]<\/p>\n","protected":false},"author":20,"featured_media":0,"parent":0,"menu_order":0,"comment_status":"closed","ping_status":"closed","template":"","meta":{"footnotes":""},"class_list":["post-3290","page","type-page","status-publish","hentry"],"_links":{"self":[{"href":"https:\/\/webs.uab.cat\/workshopmrama\/en\/wp-json\/wp\/v2\/pages\/3290","targetHints":{"allow":["GET"]}}],"collection":[{"href":"https:\/\/webs.uab.cat\/workshopmrama\/en\/wp-json\/wp\/v2\/pages"}],"about":[{"href":"https:\/\/webs.uab.cat\/workshopmrama\/en\/wp-json\/wp\/v2\/types\/page"}],"author":[{"embeddable":true,"href":"https:\/\/webs.uab.cat\/workshopmrama\/en\/wp-json\/wp\/v2\/users\/20"}],"replies":[{"embeddable":true,"href":"https:\/\/webs.uab.cat\/workshopmrama\/en\/wp-json\/wp\/v2\/comments?post=3290"}],"version-history":[{"count":16,"href":"https:\/\/webs.uab.cat\/workshopmrama\/en\/wp-json\/wp\/v2\/pages\/3290\/revisions"}],"predecessor-version":[{"id":7681,"href":"https:\/\/webs.uab.cat\/workshopmrama\/en\/wp-json\/wp\/v2\/pages\/3290\/revisions\/7681"}],"wp:attachment":[{"href":"https:\/\/webs.uab.cat\/workshopmrama\/en\/wp-json\/wp\/v2\/media?parent=3290"}],"curies":[{"name":"wp","href":"https:\/\/api.w.org\/{rel}","templated":true}]}}