{"id":743,"date":"2011-06-10T09:33:00","date_gmt":"2011-06-10T07:33:00","guid":{"rendered":"https:\/\/webs.uab.cat\/workshopmrama\/tuesday\/"},"modified":"2026-03-10T14:44:08","modified_gmt":"2026-03-10T13:44:08","slug":"tuesday","status":"publish","type":"page","link":"https:\/\/webs.uab.cat\/workshopmrama\/en\/tuesday\/","title":{"rendered":"Tuesday 24th"},"content":{"rendered":"\n<p>9-9:35 a.m. Handout material delivery<\/p>\n\n\n\n<p>9:35-10:05&nbsp;p.m.&nbsp;Official opening of the workshop<\/p>\n\n\n\n<p>10:05-11:25 a.m.&nbsp;Opening lecture by&nbsp;<strong><a href=\"http:\/\/webs.uab.cat\/workshopmrama\/en\/profiles\" target=\"_blank\" rel=\"noreferrer noopener\">Dr. Jos\u00e9 Juan Rodr\u00edguez Jerez<\/a><\/strong>&nbsp;(<em>Universitat Aut\u00f2noma de Barcelona<\/em>, Bellaterra \u2013Cerdanyola del Vall\u00e8s\u2013, Barcelona):<\/p>\n\n\n\n<p><strong>\u2022<\/strong>&nbsp;<em>Overview on rapid methods, automation and miniaturization in microbiology<\/em> <\/p>\n\n\n\n<p><strong>&#8211; <\/strong><em>Sampling of solid and liquid foods, surfaces, and air<\/em><\/p>\n\n\n\n<p><strong>&#8211; <\/strong><em>Miniaturization: microtiter plate, most probable number (MPN), viable cell counts. Diagnostic kits<\/em><\/p>\n\n\n\n<p><strong>&#8211; <\/strong><em>Methods for viable cell counts: hydrophobic grid, spiral plating, flow cytometry, direct epifluorescence filter technique (DEFT), turbidity<\/em><\/p>\n\n\n\n<p><strong>&#8211; <\/strong><em>Methods for viable cell counts, based on electric impedance and conductance<\/em><\/p>\n\n\n\n<p><strong>&#8211; <\/strong><em>Methods for viable cell counts, based on ATP \u2013 bioluminiscence and colorimetry<\/em><\/p>\n\n\n\n<p><strong>&#8211; <\/strong><em>Immunological methods for microbial and toxin detection and identification: immunomagnetic separation, ELISA and ELFA, reversed passive latex agglutination, lateral immunomigration, immunoprecipitation<\/em><\/p>\n\n\n\n<p><strong>&#8211; <\/strong><em>Molecular biology methods for microbial detection and identification: polymerase chain reaction (PCR),&nbsp;whole genome sequencing (WGS) and massive genome sequencing (NGS), proteomics<\/em><\/p>\n\n\n\n<p>11:25-11:45 a.m. Breakfast<\/p>\n\n\n\n<p>11:45 a.m.-1:05 p.m.&nbsp;<strong><a href=\"http:\/\/webs.uab.cat\/workshopmrama\/en\/profiles\" target=\"_blank\" rel=\"noreferrer noopener\">Dr. Armand S\u00e1nchez Bonastre<\/a><\/strong> (<em>Universitat Aut\u00f2noma de Barcelona<\/em>, Bellaterra \u2013Cerdanyola del Vall\u00e8s\u2013, Barcelona):<\/p>\n\n\n\n<p><strong>\u2022<\/strong>&nbsp;<em>Polymerase chain reaction (PCR) and massive genome sequencing applied to food safety<\/em><\/p>\n\n\n\n<p>1:05-2:35 p.m. Lunch<\/p>\n\n\n\n<p>2:35-5:30 p.m. <a href=\"http:\/\/webs.uab.cat\/workshopmrama\/en\/exhibition\" target=\"_blank\" rel=\"noreferrer noopener\">Microbiology companies \u00b7 exhibition<\/a> (<em><a href=\"https:\/\/webs.uab.cat\/workshopmrama\/en\/dr-fung-corner\/\" target=\"_blank\" rel=\"noreferrer noopener\">Fung<\/a>&nbsp;<\/em>group):<\/p>\n\n\n\n<p><strong>\u2022<\/strong>\u00a0<em>From 24 hours to under 60 minutes: direct on-site\u00a0<\/em>Listeria\u00a0<em>detection with reliability equivalent to accredited methods<\/em> (<strong><a href=\"https:\/\/arquea.bio\/en\/\" target=\"_blank\" rel=\"noreferrer noopener\">Arquea Biological Innovations<\/a><\/strong>)<\/p>\n\n\n\n<p><strong>\u2022<\/strong>&nbsp;<em>BioDtex: UV-A inspection to avoid blind sampling and improve cleaning validation<\/em> (<strong><a href=\"https:\/\/www.bisdetection.com\/#tab2\" target=\"_blank\" rel=\"noreferrer noopener\">BisDetection<\/a><\/strong>)<\/p>\n\n\n\n<p><strong>\u2022<\/strong>&nbsp;<em>Food safety: molecular solutions for allergens, fraud and emerging pathogens<\/em> (<strong><a href=\"https:\/\/www.deltalabgroup.com\/en\" target=\"_blank\" rel=\"noreferrer noopener\">Deltalab member of SCGP<\/a><\/strong>)<\/p>\n\n\n\n<p><strong>\u2022<\/strong>&nbsp;<em>Automatic colony counters: accuracy, repeatability and data integrity guaranteed<\/em> (<a href=\"https:\/\/www.interscience.com\/en\" target=\"_blank\" rel=\"noreferrer noopener\"><strong>Interscience<\/strong><\/a>)<\/p>\n\n\n\n<p><strong>\u2022<\/strong>&nbsp;<em>Check &amp; Trace Salmonella 2.0: innovation in <\/em>Salmonella<em> control for animal protein production<\/em>&nbsp;(<a href=\"https:\/\/www.werfen.com\" target=\"_blank\" rel=\"noopener\"><strong>Werfen<\/strong><\/a>)<\/p>\n\n\n\n<p>5:30-5:45 p.m. Break<\/p>\n\n\n\n<p>5:45-6:30 p.m. <strong>Dr. M\u00aa Dolores P\u00e9rez Cabrejas<\/strong> (<em>Universidad de Zaragoza<\/em>, Zaragoza):<\/p>\n\n\n\n<p><strong>\u2022<\/strong>&nbsp;<em>Rapid response analytical tools for allergen risk management<\/em><\/p>\n\n\n\n<p>6:30 p.m. <em>Merienda<\/em><\/p>\n\n\n\n<p><a href=\"http:\/\/webs.uab.cat\/workshopmrama\/en\/wednesday\">Wednesday, 25<sup>th<\/sup>&nbsp;November<\/a><\/p>\n","protected":false},"excerpt":{"rendered":"<p>9-9:35 a.m. Handout material delivery 9:35-10:05&nbsp;p.m.&nbsp;Official opening of the workshop 10:05-11:25 a.m.&nbsp;Opening lecture by&nbsp;Dr. Jos\u00e9 Juan Rodr\u00edguez Jerez&nbsp;(Universitat Aut\u00f2noma de Barcelona, Bellaterra \u2013Cerdanyola del Vall\u00e8s\u2013, Barcelona): \u2022&nbsp;Overview on rapid methods, automation and miniaturization in microbiology &#8211; Sampling of solid and liquid foods, surfaces, and air &#8211; Miniaturization: microtiter plate, most probable number (MPN), viable cell [&hellip;]<\/p>\n","protected":false},"author":20,"featured_media":0,"parent":0,"menu_order":0,"comment_status":"closed","ping_status":"closed","template":"","meta":{"footnotes":""},"class_list":["post-743","page","type-page","status-publish","hentry"],"_links":{"self":[{"href":"https:\/\/webs.uab.cat\/workshopmrama\/en\/wp-json\/wp\/v2\/pages\/743","targetHints":{"allow":["GET"]}}],"collection":[{"href":"https:\/\/webs.uab.cat\/workshopmrama\/en\/wp-json\/wp\/v2\/pages"}],"about":[{"href":"https:\/\/webs.uab.cat\/workshopmrama\/en\/wp-json\/wp\/v2\/types\/page"}],"author":[{"embeddable":true,"href":"https:\/\/webs.uab.cat\/workshopmrama\/en\/wp-json\/wp\/v2\/users\/20"}],"replies":[{"embeddable":true,"href":"https:\/\/webs.uab.cat\/workshopmrama\/en\/wp-json\/wp\/v2\/comments?post=743"}],"version-history":[{"count":65,"href":"https:\/\/webs.uab.cat\/workshopmrama\/en\/wp-json\/wp\/v2\/pages\/743\/revisions"}],"predecessor-version":[{"id":8140,"href":"https:\/\/webs.uab.cat\/workshopmrama\/en\/wp-json\/wp\/v2\/pages\/743\/revisions\/8140"}],"wp:attachment":[{"href":"https:\/\/webs.uab.cat\/workshopmrama\/en\/wp-json\/wp\/v2\/media?parent=743"}],"curies":[{"name":"wp","href":"https:\/\/api.w.org\/{rel}","templated":true}]}}