{"id":744,"date":"2011-06-10T09:34:00","date_gmt":"2011-06-10T07:34:00","guid":{"rendered":"https:\/\/webs.uab.cat\/workshopmrama\/wednesday\/"},"modified":"2026-03-20T12:46:12","modified_gmt":"2026-03-20T11:46:12","slug":"wednesday","status":"publish","type":"page","link":"https:\/\/webs.uab.cat\/workshopmrama\/en\/wednesday\/","title":{"rendered":"Wednesday 25th"},"content":{"rendered":"\n<p>9-9:15 a.m. Breakfast<\/p>\n\n\n\n<p>9:15 a.m.-12:05 p.m.&nbsp;<a href=\"https:\/\/webs.uab.cat\/workshopmrama\/en\/laboratory-sessions\" target=\"_blank\" rel=\"noreferrer noopener\">1<sup>st<\/sup>&nbsp;laboratory session<\/a><\/p>\n\n\n\n<p>9:15 a.m.-12:05 p.m. <a href=\"https:\/\/webs.uab.cat\/workshopmrama\/en\/demonstrations\/\" target=\"_blank\" rel=\"noreferrer noopener\">Demonstrations<\/a>:<\/p>\n\n\n\n<p><strong>\u2022<\/strong>&nbsp;<em>Applications of predictive microbiology: practical use of available resources&nbsp;<\/em>(<strong><a href=\"https:\/\/webs.uab.cat\/workshopmrama\/en\/profiles\/\" target=\"_blank\" rel=\"noreferrer noopener\">Dr. Montse Vila Brugalla<\/a><\/strong>, <a href=\"https:\/\/www.aspb.cat\/es\" target=\"_blank\" rel=\"noreferrer noopener\"><strong>Barcelona Public Health Agency \u2013ASPB\u2013<\/strong><\/a>, Barcelona)<\/p>\n\n\n\n<p><strong>\u2022<\/strong>&nbsp;<em>Microbiological risks in HACCP systems? At last, identify them properly at your company!&nbsp;<\/em>(<strong><a href=\"https:\/\/webs.uab.cat\/workshopmrama\/en\/profiles\/\" target=\"_blank\" rel=\"noreferrer noopener\">Mr. Jon Basagoiti Azpitarte<\/a><\/strong>,&nbsp;<em><a href=\"https:\/\/www.elenemigoentucocina.com\/\" target=\"_blank\" rel=\"noreferrer noopener\"><strong>El Enemigo en tu Cocina<\/strong><\/a><\/em>, Ermua, Vizcaya)<\/p>\n\n\n\n<p>12:05-12:15 p.m. Break<\/p>\n\n\n\n<p>12:15-1&nbsp;p.m. <strong>Ms. Alexandra Roijals Sansano&nbsp;<\/strong>(Chemital, Sant Pere Molanta \u2013Ol\u00e8rdola\u2013, Barcelona):<\/p>\n\n\n\n<p><strong>\u2022<\/strong>&nbsp;<em>Effective microbiological control strategies: applications in meat and poultry industries<\/em><\/p>\n\n\n\n<p>1-2:10&nbsp;p.m. Lunch<\/p>\n\n\n\n<p>2:10-5:05 p.m. <a href=\"https:\/\/webs.uab.cat\/workshopmrama\/en\/exhibition\/\" target=\"_blank\" rel=\"noreferrer noopener\">Microbiology companies \u00b7 exhibition<\/a> (<em><a href=\"https:\/\/webs.uab.cat\/workshopmrama\/en\/dr-fung-corner\/\" target=\"_blank\" rel=\"noreferrer noopener\">Fung<\/a><\/em> group):<\/p>\n\n\n\n<p><strong>\u2022<\/strong>&nbsp;<em>Proficiency testing: driving quality and continuous improvement in food microbiology&nbsp;<\/em>(<strong><a href=\"https:\/\/www.lgcstandards.com\/ES\/en\" target=\"_blank\" rel=\"noopener\">LGC Standards<\/a><\/strong>)<\/p>\n\n\n\n<p><strong>\u2022<\/strong>&nbsp;<em>Show me your sampling method, and I&#8217;ll tell you who you are<\/em> (<strong><a href=\"https:\/\/www.microplanet-psl.com\/en\" target=\"_blank\" rel=\"noreferrer noopener\">MicroPlanet Laboratorios<\/a><\/strong>)<\/p>\n\n\n\n<p><strong>\u2022<\/strong>&nbsp;<em>Monitor today, avoid problems tomorrow. Clean surfaces, safe production<\/em>&nbsp;(<strong><a href=\"https:\/\/www.neogen.com\/\" target=\"_blank\" rel=\"noreferrer noopener\">Neogen<\/a> <\/strong>\/ <strong><a href=\"https:\/\/www.bioser.com\" target=\"_blank\" rel=\"noopener\">Bioser<\/a><\/strong>)<\/p>\n\n\n\n<p><strong>\u2022<\/strong>\u00a0<em>Mass spectrometry-driven multi-omics: maximize insight from your samples<\/em> (<strong><a href=\"https:\/\/www.olobion.ai\/\" target=\"_blank\" rel=\"noreferrer noopener\">oloBion<\/a><\/strong>)<\/p>\n\n\n\n<p><strong>\u2022<\/strong>&nbsp;<em>Room temperature preparation of sauces and gelatins by means of a high shear mixer: how to formulate with lower thickener content, reducing raw material cost and mixing time<\/em> (<strong><a href=\"https:\/\/www.quimivita.com\/\" target=\"_blank\" rel=\"noreferrer noopener\">Quimivita<\/a><\/strong>)<\/p>\n\n\n\n<p>5:05-5:15 p.m. Break<\/p>\n\n\n\n<p>5:15-6 p.m.&nbsp;<strong>Ms. Merc\u00e8 Freixes Graells <\/strong>and <strong>Ms. Paloma Freitas Marques <\/strong>(bon\u00c0rea Agrupa, Guissona, Lleida):<\/p>\n\n\n\n<p><strong>\u2022<\/strong>&nbsp;<em>From control to trust: integrated strategies in quality, food safety and occupational risks<\/em><\/p>\n\n\n\n<p>6-6:30 p.m. Open discussion about effective and integrated strategies for safety and trust. Participants:<\/p>\n\n\n\n<p><strong>\u2022<\/strong>&nbsp;Chairman:&nbsp;<strong><a href=\"https:\/\/webs.uab.cat\/workshopmrama\/en\/profiles\/\" target=\"_blank\" rel=\"noreferrer noopener\">Dr. Oscar J. Esteban Cabornero<\/a><\/strong>&nbsp;(Grupo Entrepinares, Valladolid)<\/p>\n\n\n\n<p><strong>\u2022<\/strong> <strong>Ms. Alexandra Roijals Sansano<\/strong><\/p>\n\n\n\n<p><strong>\u2022<\/strong> <strong><a href=\"https:\/\/webs.uab.cat\/workshopmrama\/en\/profiles\/\" target=\"_blank\" rel=\"noreferrer noopener\">Mr. Pascal Monz\u00f3 Martos<\/a> <\/strong>(Productos Florida, Vila-real, Castell\u00f3n)<\/p>\n\n\n\n<p><strong>\u2022<\/strong>&nbsp;<strong>Mr. Jon Basagoiti Azpitarte<\/strong><\/p>\n\n\n\n<p><strong>\u2022<\/strong> <strong>Dr. Ra\u00fal Jes\u00fas Mesa Gonz\u00e1lez<\/strong> (Coca-Cola Europacific Partners, Martorelles, Barcelona)<\/p>\n\n\n\n<p><strong>\u2022<\/strong> <strong>Ms. Alba Gonz\u00e1lez Orellana<\/strong> (C\u00edtricos y Refrescantes, Suntory Beverage &amp; Food Europe, Tordera, Barcelona)<\/p>\n\n\n\n<p>6:30 p.m. <em>Merienda<\/em><\/p>\n\n\n\n<p><a href=\"https:\/\/webs.uab.cat\/workshopmrama\/en\/tuesday\/\">Tuesday, 24<sup>th<\/sup>&nbsp;November<\/a> \/ <a href=\"https:\/\/webs.uab.cat\/workshopmrama\/en\/thursday\/\">Thursday, 26<sup>th<\/sup> November<\/a><\/p>\n","protected":false},"excerpt":{"rendered":"<p>9-9:15 a.m. Breakfast 9:15 a.m.-12:05 p.m.&nbsp;1st&nbsp;laboratory session 9:15 a.m.-12:05 p.m. Demonstrations: \u2022&nbsp;Applications of predictive microbiology: practical use of available resources&nbsp;(Dr. Montse Vila Brugalla, Barcelona Public Health Agency \u2013ASPB\u2013, Barcelona) \u2022&nbsp;Microbiological risks in HACCP systems? At last, identify them properly at your company!&nbsp;(Mr. Jon Basagoiti Azpitarte,&nbsp;El Enemigo en tu Cocina, Ermua, Vizcaya) 12:05-12:15 p.m. Break 12:15-1&nbsp;p.m. [&hellip;]<\/p>\n","protected":false},"author":20,"featured_media":0,"parent":0,"menu_order":0,"comment_status":"closed","ping_status":"closed","template":"","meta":{"footnotes":""},"class_list":["post-744","page","type-page","status-publish","hentry"],"_links":{"self":[{"href":"https:\/\/webs.uab.cat\/workshopmrama\/en\/wp-json\/wp\/v2\/pages\/744","targetHints":{"allow":["GET"]}}],"collection":[{"href":"https:\/\/webs.uab.cat\/workshopmrama\/en\/wp-json\/wp\/v2\/pages"}],"about":[{"href":"https:\/\/webs.uab.cat\/workshopmrama\/en\/wp-json\/wp\/v2\/types\/page"}],"author":[{"embeddable":true,"href":"https:\/\/webs.uab.cat\/workshopmrama\/en\/wp-json\/wp\/v2\/users\/20"}],"replies":[{"embeddable":true,"href":"https:\/\/webs.uab.cat\/workshopmrama\/en\/wp-json\/wp\/v2\/comments?post=744"}],"version-history":[{"count":99,"href":"https:\/\/webs.uab.cat\/workshopmrama\/en\/wp-json\/wp\/v2\/pages\/744\/revisions"}],"predecessor-version":[{"id":8193,"href":"https:\/\/webs.uab.cat\/workshopmrama\/en\/wp-json\/wp\/v2\/pages\/744\/revisions\/8193"}],"wp:attachment":[{"href":"https:\/\/webs.uab.cat\/workshopmrama\/en\/wp-json\/wp\/v2\/media?parent=744"}],"curies":[{"name":"wp","href":"https:\/\/api.w.org\/{rel}","templated":true}]}}