{"id":753,"date":"2011-06-10T17:15:34","date_gmt":"2011-06-10T15:15:34","guid":{"rendered":"https:\/\/webs.uab.cat\/workshopmrama\/profiles\/"},"modified":"2026-03-23T17:53:32","modified_gmt":"2026-03-23T16:53:32","slug":"profiles","status":"publish","type":"page","link":"https:\/\/webs.uab.cat\/workshopmrama\/en\/profiles\/","title":{"rendered":"Profiles"},"content":{"rendered":"<p><strong><a href=\"mailto:josejuan.rodriguez@uab.cat\" target=\"_blank\" rel=\"noopener\">Dr. Jos\u00e9 Juan Rodr\u00edguez Jerez<\/a><\/strong> is a professor in the Departament of Animal and Food Sciences at the UAB. Since 1996, he works on techniques based on immunology (ELFA), ATP analysis, microscopy (light, electron, fluorescence and confocal laser scanning microscopy, and image analysis) and molecular biology (real-time PCR, sequencing, and production of proteins with biological activity). There are eight scientists in his research group, which is specialised in development of rapid methods for foodborne disease prevention, by controlling cross-contamination between surfaces and foods, and has more than 350 publications, 112 of which are research papers, 12 of which are book chapters and more than 250 of which are popular science papers. From 2000 to 2008, he was in charge of the scientific coordination of the website <a href=\"http:\/\/www.consumer.es\/seguridad-alimentaria\" target=\"_blank\" rel=\"noopener\">www.consumaseguridad.com<\/a>, and currently, he carries out the same task at <a href=\"http:\/\/mapaperills.uab.cat\" target=\"_blank\" rel=\"noopener\">http:\/\/mapaperills.uab.cat<\/a>.<\/p>\n<p><strong><a href=\"mailto:armand.sanchez@uab.cat\" target=\"_blank\" rel=\"noopener\">Dr. Armand S\u00e1nchez Bonastre<\/a><\/strong>, head of the Molecular Genetics Veterinary Service (SVGM) of the UAB, is an emeritus professor in the Departament of Animal and Food Sciences at the UAB. Head of the research group &#8220;Molecular animal breeding in veterinary sciences&#8221;, whose activities focus on the application of molecular techniques to animal production. He has been in charge of many projects funded by Spanish or international public institutions, or private companies. Currently, he takes part in animal genomics projects on genetic characterization of characteristics interesting for animal production, and in the development of analytical methods for molecular diagnosis. He has published about 200 papers in international journals on molecular genetics applied to livestock production.<\/p>\n<p><strong><a href=\"mailto:mvila@aspb.cat\" target=\"_blank\" rel=\"noopener\">Dr. Montse Vila Brugalla<\/a><\/strong> works in the\u00a0Food Safety Management (DISAL) at the Barcelona Public Health Agency, by doing official inspections in food establishments of Barcelona city. She was a head, for 12 years, of the Quality control Department of a ready-to-eat meal industry. Her interest in thermobacteriology and the way of establishing food shelf-life leads her to the knowledge of microbial growth and inactivation models, and predictive microbiology. In 2002, she defended her research work entitled &#8220;Study on the application of Gompertz equation and Baranyi model for establishment of pasteurized sauce shelf-life&#8221;, in the Food nutrition, technology and hygiene postgraduate programme. In 2012, she participated in\u00a0writing the\u00a0\u201cGuideline on good hygiene practices specific for <em>sous-vide<\/em> cooking\u201d. Her Ph.D. thesis analysed\u00a0the inclusion, in primary models, of the experimental variability observed after <em>sous-vide<\/em> treatments of a food at mild temperatures. From 2013, she has been an assistant professor in the Departament of Animal and Food Sciences at the UAB for several periods of time.<\/p>\n<p><strong><a href=\"mailto:jonbasagoiti@yahoo.es\" target=\"_blank\" rel=\"noopener\">Mr. Jon Basagoiti Azpitarte<\/a><\/strong>, after doing microbiological control in a beer industry (from 1986 to 1992), works on different aspects of food quality and safety management systems. Regarding quality systems, he audits at several fields of industrial activity and services, with more than 1,500 audits, focused on food industries. He is involved in HACCP system since 1993, when he heard about it as an ISO 9001 quality system consultant and auditor. Since 1996, he teaches many courses on audits and HACCP to food industries and inspectors from different Spanish autonomous regions. From a practical application point of view, he tries to make sure the developed or evaluated HACCP systems recognize the behaviour of food hazards in industrial processes, so that they can be effectively controled. He is one of the promoters and the scientific editor of the <i>The Enemy in your Kitchen<\/i> project (<a href=\"https:\/\/elenemigoentucocina.com\" target=\"_blank\" rel=\"noopener\">https:\/\/elenemigoentucocina.com<\/a>).<\/p>\n<p><strong><a href=\"mailto:oscaresteban@entrepinares.es\" target=\"_blank\" rel=\"noopener\">Dr. Oscar J. Esteban Cabornero<\/a>\u00a0<\/strong>defines himself as \u201ca tireless knowledge seeker\u201d. After doing research in microbiology for several years, he worked on technical equipment development in food industries. With a 28-year professional career, he has worked in dairy sector; fruit juice and soft drink sector; and cheese sector for 17 years up to now, as a head of quality at Grupo Entrepinares, in Valladolid. In those years, his wide range of tasks includes: quality, environmental coordination, laboratory professionalisation, product development, establishment of corporate strategies for safety and management models in complex environments. Currently, he mainly focuses on responsible leadership and sustainability. He is a member of the <em>Sociedad Espa\u00f1ola de Microbiolog\u00eda<\/em>, collegiate member biologist, and juggles his professional activity with participation in more than 30 projects together with technological centres and several publications in scientific and sectorial journals. He collaborates in teaching and research activities with the <em>Universidades de Burgos<\/em>,<em> Valladolid<\/em>,<em>\u00a0Pontificia Comillas<\/em>,\u00a0<em>Aut\u00f2noma de Barcelona<\/em>\u00a0and<em>\u00a0Complutense de Madrid<\/em>. Further information: <a href=\"https:\/\/www.linkedin.com\/in\/oscarjesteban\" target=\"_blank\" rel=\"noopener\">https:\/\/www.linkedin.com\/in\/oscarjesteban<\/a>.<\/p>\n<p><strong><a href=\"mailto:pmonzo@productosflorida.es\" target=\"_blank\" rel=\"noopener\">Mr. Pascal Monz\u00f3 Martos<\/a><\/strong>\u00a0received his B.S. degree in Veterinary science from the\u00a0<em>Universidad de Zaragoza<\/em>. He started his professional practice at dairy industry and, in 1990, joined the poultry industry, at Productos Florida (DACSA Group), in Vila-real, Castell\u00f3n, where he founded and have led the microbiology laboratory from that year. His activities include all the microbiology-related areas, such as chick incubation room:\u00a0viability and risk\u00a0control\u00a0in hatching, and hygiene and disinfection criteria assessment; chick incubation and birth room: control and safety criteria establishment; feed plant: raw material control\u00a0and production process evaluation; field: support and control in pathologies (broilers); carcass production (slaughtering, plucking, evisceration, maturing, etc.): criteria establishment and process evaluation; dressing and packaging (processes which were started at the company in 2005): preservation optimization (modified atmosphere, plastic films, etc.), criteria establishment and expiry date assessment; processed poultry: control and criteria establishment. During all these years, he has gone through different stages in microbiology: from the conventional one, then, chromogenic culture media, and currently, automated equipment; and he has met different \u201ctrends\u201d regarding pathogenic bacteria: first,\u00a0<em>Salmonella<\/em>, then,\u00a0<em>Listeria monocytogenes<\/em>, and finally,\u00a0<em>Campylobacter jejuni<\/em>, which are of great importance at poultry industry, without forgetting antimicrobial resistances, which may turn out to be harmful. His large experience gives him a complete view of poultry industry risks; he concludes that microorganisms are constantly adapting to human challenges and surprising us, we will never have enough knowledge about the exciting microbial world, they will keep on causing many headaches.<\/p>\n<p><a href=\"mailto:nathalie.gnanou-besse@anses.fr\" target=\"_blank\" rel=\"noopener\"><strong>Dr. Nathalie Gnanou Besse<\/strong><\/a>, Doctor of Veterinary Medicine and Ph.D. in Microbiology, is, since 1997, a research scientist at the Food safety Laboratory of the French Agency for Food, Environmental and Occupational Health &amp; Safety (ANSES), in Maisons-Alfort, France, where she was responsible for the <em>Listeria<\/em>\/<em>Cronobacter<\/em> team-Ecophysiology and Bacterial detection Unit (until 2013), the National Reference Laboratory for <em>Listeria monocytogenes<\/em> (2014), and the National Reference Laboratory for Milk-<em>Staphylococcus<\/em>, <em>Bacillus<\/em>, <em>Clostridium<\/em> and Milk Unit (2015-2018). Her research activities focus on food microbiology, quantitative and predictive microbiology, microbiological analytical methods improvement, <em>Listeria monocytogenes<\/em>, <em>Cronobacter<\/em> spp., and microbiology of milk and dairy products. She participated in national and international research projects, in particular the co-direction of a doctoral thesis on <em>Cronobacter<\/em> spp. (2007-2010), in activities linked to the European Union Reference Laboratory for <em>Listeria monocytogenes<\/em> and in standardization activities, such as project manager for the Review and validation of <em>Listeria<\/em> standards: CEN mandate M381, TAG 17 <em>Listeria<\/em> spp., ISO TC34 SC9 WG32 <em>Listeria monocytogenes<\/em> and <em>Listeria<\/em> spp.; member of the Committee V08B and V45C of the French Standardization Association (AFNOR); CEN TAG <em>Cronobacter<\/em> spp. 14; CEN TAG 09 and CEN\/TC 463\/WG 5 Pre-enrichment; ISO TC34 SC9 AHG4 Validation of methods; and ISO WG 22-23 Enumeration and detection of sulfite-reducing bacteria and <em>Clostridium perfringens<\/em>. She is also a competent personality in the frame of the specialised experts committees of ANSES, and participated in internal working groups for risk evaluation tasks and the European Food Safety Authority (EFSA) working group on Analysis of the baseline survey on the prevalence of <em>Listeria monocytogenes<\/em> in certain ready-to-eat foods in the EU (2012-2013). She takes part in training of students, specifically the direction of two doctoral theses on veterinary practice, is referee for several international scientific journals, and participates in the Joint FAO\/WHO Expert meetings on Microbiological Risk Assessment (JEMRA) for <em>Listeria<\/em> risk analysis.<\/p>\n<p><strong><a href=\"mailto:david.tomas@biomerieux.com\" target=\"_blank\" rel=\"noopener\">Mr. David Tom\u00e1s Forn\u00e9s<\/a><\/strong> is the coordinator of the Working Group on Standardisation in food chain microbiology, at the Spanish Association for Standardisation (UNE), and an expert in International Organization for Standardization (ISO) and European Committee for Standardization (CEN) technical committees. He is a global scientific affairs associate director at bioM\u00e9rieux, and collaborates with the Research Institute of Food Engineering (FoodUPV) at the <em>Universitat Polit\u00e8cnica de Val\u00e8ncia<\/em>. He worked as a technical auditor in the Spanish Accreditation Body (ENAC), as a microbiological methods specialist at Merck Life Science, as a senior scientist at Nestl\u00e9 Research Center, in Lausanne (Switzerland), and as a head of the Microbiology and Molecular biology Laboratory at AINIA.<\/p>\n","protected":false},"excerpt":{"rendered":"<p>Dr. Jos\u00e9 Juan Rodr\u00edguez Jerez is a professor in the Departament of Animal and Food Sciences at the UAB. Since 1996, he works on techniques based on immunology (ELFA), ATP analysis, microscopy (light, electron, fluorescence and confocal laser scanning microscopy, and image analysis) and molecular biology (real-time PCR, sequencing, and production of proteins with biological [&hellip;]<\/p>\n","protected":false},"author":20,"featured_media":0,"parent":0,"menu_order":0,"comment_status":"closed","ping_status":"closed","template":"","meta":{"footnotes":""},"class_list":["post-753","page","type-page","status-publish","hentry"],"_links":{"self":[{"href":"https:\/\/webs.uab.cat\/workshopmrama\/en\/wp-json\/wp\/v2\/pages\/753","targetHints":{"allow":["GET"]}}],"collection":[{"href":"https:\/\/webs.uab.cat\/workshopmrama\/en\/wp-json\/wp\/v2\/pages"}],"about":[{"href":"https:\/\/webs.uab.cat\/workshopmrama\/en\/wp-json\/wp\/v2\/types\/page"}],"author":[{"embeddable":true,"href":"https:\/\/webs.uab.cat\/workshopmrama\/en\/wp-json\/wp\/v2\/users\/20"}],"replies":[{"embeddable":true,"href":"https:\/\/webs.uab.cat\/workshopmrama\/en\/wp-json\/wp\/v2\/comments?post=753"}],"version-history":[{"count":53,"href":"https:\/\/webs.uab.cat\/workshopmrama\/en\/wp-json\/wp\/v2\/pages\/753\/revisions"}],"predecessor-version":[{"id":8199,"href":"https:\/\/webs.uab.cat\/workshopmrama\/en\/wp-json\/wp\/v2\/pages\/753\/revisions\/8199"}],"wp:attachment":[{"href":"https:\/\/webs.uab.cat\/workshopmrama\/en\/wp-json\/wp\/v2\/media?parent=753"}],"curies":[{"name":"wp","href":"https:\/\/api.w.org\/{rel}","templated":true}]}}