{"id":848,"date":"2011-06-10T11:03:02","date_gmt":"2011-06-10T09:03:02","guid":{"rendered":"https:\/\/webs.uab.cat\/workshopmrama\/metrohm-2\/"},"modified":"2023-06-19T17:31:46","modified_gmt":"2023-06-19T15:31:46","slug":"metrohm","status":"publish","type":"page","link":"https:\/\/webs.uab.cat\/workshopmrama\/en\/metrohm\/","title":{"rendered":""},"content":{"rendered":"\n<p><a href=\"https:\/\/www.metrohm.com\/en-gb\" target=\"_blank\" rel=\"noopener\"><strong>Metrohm Hispania<\/strong><\/a><\/p>\n\n\n\n<ul class=\"wp-block-list\">\n<li><a href=\"https:\/\/webs.uab.cat\/workshopmrama\/wp-content\/uploads\/sites\/312\/2017\/01\/BacTrac.pdf\" data-type=\"attachment\" data-id=\"403\" target=\"_blank\" rel=\"noreferrer noopener\"><em>BacTrac<\/em><\/a><\/li>\n\n\n\n<li><a href=\"https:\/\/webs.uab.cat\/workshopmrama\/wp-content\/uploads\/sites\/312\/2017\/01\/BacTrac_4300_micro_Trac_4200.pdf\" data-type=\"attachment\" data-id=\"401\" target=\"_blank\" rel=\"noreferrer noopener\"><em>BacTrac 4300<\/em> and <em>\u03bc-Trac 4200<\/em><\/a><\/li>\n\n\n\n<li><a href=\"https:\/\/webs.uab.cat\/workshopmrama\/wp-content\/uploads\/sites\/312\/2017\/01\/RiboFlow.pdf\" data-type=\"attachment\" data-id=\"405\" target=\"_blank\" rel=\"noreferrer noopener\"><em>RiboFlow<\/em><\/a><\/li>\n\n\n\n<li><a href=\"https:\/\/webs.uab.cat\/workshopmrama\/wp-content\/uploads\/sites\/312\/2019\/09\/medida_de_la_impedancia_en_un_cultivo._una_herramienta_precisa_y_potente_como_tecnica_en_microbiologia_rapida.pdf\" data-type=\"attachment\" data-id=\"407\" target=\"_blank\" rel=\"noreferrer noopener\">Medida de la impedancia en un cultivo: una herramienta precisa y potente como t\u00e9cnica en microbiolog\u00eda r\u00e1pida (article)<\/a><\/li>\n\n\n\n<li><a href=\"https:\/\/webs.uab.cat\/workshopmrama\/wp-content\/uploads\/sites\/312\/2017\/01\/Gomensoro.pdf\" data-type=\"attachment\" data-id=\"238\" target=\"_blank\" rel=\"noreferrer noopener\">Real-time rapid microbiology: BacTrac system (multimedia)<\/a><\/li>\n<\/ul>\n","protected":false},"excerpt":{"rendered":"<p>Metrohm Hispania<\/p>\n","protected":false},"author":20,"featured_media":0,"parent":0,"menu_order":0,"comment_status":"closed","ping_status":"closed","template":"","meta":{"footnotes":""},"class_list":["post-848","page","type-page","status-publish","hentry"],"_links":{"self":[{"href":"https:\/\/webs.uab.cat\/workshopmrama\/en\/wp-json\/wp\/v2\/pages\/848","targetHints":{"allow":["GET"]}}],"collection":[{"href":"https:\/\/webs.uab.cat\/workshopmrama\/en\/wp-json\/wp\/v2\/pages"}],"about":[{"href":"https:\/\/webs.uab.cat\/workshopmrama\/en\/wp-json\/wp\/v2\/types\/page"}],"author":[{"embeddable":true,"href":"https:\/\/webs.uab.cat\/workshopmrama\/en\/wp-json\/wp\/v2\/users\/20"}],"replies":[{"embeddable":true,"href":"https:\/\/webs.uab.cat\/workshopmrama\/en\/wp-json\/wp\/v2\/comments?post=848"}],"version-history":[{"count":4,"href":"https:\/\/webs.uab.cat\/workshopmrama\/en\/wp-json\/wp\/v2\/pages\/848\/revisions"}],"predecessor-version":[{"id":3828,"href":"https:\/\/webs.uab.cat\/workshopmrama\/en\/wp-json\/wp\/v2\/pages\/848\/revisions\/3828"}],"wp:attachment":[{"href":"https:\/\/webs.uab.cat\/workshopmrama\/en\/wp-json\/wp\/v2\/media?parent=848"}],"curies":[{"name":"wp","href":"https:\/\/api.w.org\/{rel}","templated":true}]}}